{"id":106,"date":"2025-09-28T09:08:49","date_gmt":"2025-09-28T09:08:49","guid":{"rendered":"https:\/\/bangvapeofficial.com\/?post_type=product&#038;p=106"},"modified":"2025-10-05T07:06:41","modified_gmt":"2025-10-05T07:06:41","slug":"bang-30k-pro-disposable-vape-30000","status":"publish","type":"product","link":"https:\/\/bangvapeofficial.com\/fr\/produit\/bang-30k-pro-disposable-vape-30000\/","title":{"rendered":"Bang 30K Pro Vape jetable - 30 000 bouff\u00e9es | Puissance double ar\u00f4me"},"content":{"rendered":"<h2>Bang 30K Pro Vape jetable Deux ar\u00f4mes. Un seul appareil. Une satisfaction sans fin.<\/h2>\n<p>Voici le Bang 30K Pro, une vape jetable haute performance con\u00e7ue pour les vapoteurs qui veulent un nombre maximum de bouff\u00e9es, une vari\u00e9t\u00e9 d'ar\u00f4mes commutable, et un design \u00e9l\u00e9gant et de poche. Avec jusqu'\u00e0 30 000 bouff\u00e9es et un syst\u00e8me \u00e0 double saveur, cet appareil vous permet de changer de go\u00fbt \u00e0 la demande, ce qui rend chaque session fra\u00eeche, savoureuse et personnalis\u00e9e.<\/p>\n<h3>Caract\u00e9ristiques principales<\/h3>\n<ul>\n<li>Capacit\u00e9 de 30 000 bouff\u00e9es - Utilisation prolong\u00e9e sans remplacements fr\u00e9quents<\/li>\n<li>Syst\u00e8me \u00e0 double ar\u00f4me - Passez sans effort d'un ar\u00f4me \u00e0 l'autre dans un seul appareil.<\/li>\n<li>Batterie rechargeable 550mAh - Chargement rapide Type-C pour une puissance constante<\/li>\n<li>36mL E-Liquid Total - G\u00e9n\u00e9reusement rempli pour une satisfaction durable<\/li>\n<li>Options de nicotine : 0%, 2%, 3%, 5% - Adaptez votre hit \u00e0 vos besoins<\/li>\n<li>Design ergonomique et \u00e9l\u00e9gant - mince, vibrant et con\u00e7u pour une utilisation en d\u00e9placement<\/li>\n<\/ul>\n<p><img loading=\"lazy\" decoding=\"async\" class=\"alignnone size-full wp-image-3257\" src=\"https:\/\/bangvapeofficial.com\/wp-content\/uploads\/2025\/09\/Bang-30K-Pro-Disposable-Vape-4.webp\" width=\"1000\" height=\"2450\" alt=\"Bang-30K-Pro-Vape jetable-4\" title=\"Bang-30K-Pro-Vape jetable-4\" srcset=\"https:\/\/bangvapeofficial.com\/wp-content\/uploads\/2025\/09\/Bang-30K-Pro-Disposable-Vape-4.webp 1000w, https:\/\/bangvapeofficial.com\/wp-content\/uploads\/2025\/09\/Bang-30K-Pro-Disposable-Vape-4-122x300.webp 122w, https:\/\/bangvapeofficial.com\/wp-content\/uploads\/2025\/09\/Bang-30K-Pro-Disposable-Vape-4-418x1024.webp 418w, https:\/\/bangvapeofficial.com\/wp-content\/uploads\/2025\/09\/Bang-30K-Pro-Disposable-Vape-4-768x1882.webp 768w, https:\/\/bangvapeofficial.com\/wp-content\/uploads\/2025\/09\/Bang-30K-Pro-Disposable-Vape-4-627x1536.webp 627w, https:\/\/bangvapeofficial.com\/wp-content\/uploads\/2025\/09\/Bang-30K-Pro-Disposable-Vape-4-836x2048.webp 836w, https:\/\/bangvapeofficial.com\/wp-content\/uploads\/2025\/09\/Bang-30K-Pro-Disposable-Vape-4-600x1470.webp 600w\" sizes=\"auto, (max-width: 1000px) 100vw, 1000px\" \/><\/p>\n<h3>Pourquoi choisir Bang 30K Pro ?<\/h3>\n<p>Que vous soyez un utilisateur avanc\u00e9 ou que vous d\u00e9couvriez le vapotage, le Bang 30K Pro offre une valeur in\u00e9gal\u00e9e. La fonctionnalit\u00e9 double ar\u00f4me permet de changer d'ar\u00f4me en cours de session, tandis que la conception rechargeable et le grand volume de liquide vous permettent de tenir plus longtemps avec moins de temps d'arr\u00eat. Ses taux de nicotine personnalisables garantissent une configuration parfaite pour chaque vapoteur.<\/p>","protected":false},"excerpt":{"rendered":"<p class=\"\" data-start=\"1717\" data-end=\"1881\">Bang 30K Pro offre 30 000 bouff\u00e9es avec une double saveur, 36 ml d'e-liquide et une batterie rechargeable de 550 mAh. Profitez de deux saveurs dans une vape \u00e9l\u00e9gante et de grande capacit\u00e9.<\/p>","protected":false},"featured_media":2681,"comment_status":"open","ping_status":"closed","template":"","meta":{"_acf_changed":false,"bwfblock_default_font":""},"product_brand":[],"product_cat":[17],"product_tag":[274,24,22,268,20],"class_list":{"0":"post-106","1":"product","2":"type-product","3":"status-publish","4":"has-post-thumbnail","6":"product_cat-bang-vapes","7":"product_tag-2-in-1","8":"product_tag-30k-puffs","9":"product_tag-hot-selling","10":"product_tag-mouth-to-lung","11":"product_tag-smart-screen","13":"first","14":"instock","15":"sale","16":"shipping-taxable","17":"purchasable","18":"product-type-variable"},"acf":[],"_links":{"self":[{"href":"https:\/\/bangvapeofficial.com\/fr\/wp-json\/wp\/v2\/product\/106","targetHints":{"allow":["GET"]}}],"collection":[{"href":"https:\/\/bangvapeofficial.com\/fr\/wp-json\/wp\/v2\/product"}],"about":[{"href":"https:\/\/bangvapeofficial.com\/fr\/wp-json\/wp\/v2\/types\/product"}],"replies":[{"embeddable":true,"href":"https:\/\/bangvapeofficial.com\/fr\/wp-json\/wp\/v2\/comments?post=106"}],"wp:featuredmedia":[{"embeddable":true,"href":"https:\/\/bangvapeofficial.com\/fr\/wp-json\/wp\/v2\/media\/2681"}],"wp:attachment":[{"href":"https:\/\/bangvapeofficial.com\/fr\/wp-json\/wp\/v2\/media?parent=106"}],"wp:term":[{"taxonomy":"product_brand","embeddable":true,"href":"https:\/\/bangvapeofficial.com\/fr\/wp-json\/wp\/v2\/product_brand?post=106"},{"taxonomy":"product_cat","embeddable":true,"href":"https:\/\/bangvapeofficial.com\/fr\/wp-json\/wp\/v2\/product_cat?post=106"},{"taxonomy":"product_tag","embeddable":true,"href":"https:\/\/bangvapeofficial.com\/fr\/wp-json\/wp\/v2\/product_tag?post=106"}],"curies":[{"name":"wp","href":"https:\/\/api.w.org\/{rel}","templated":true}]}}