{"id":111,"date":"2025-09-28T09:08:54","date_gmt":"2025-09-28T09:08:54","guid":{"rendered":"https:\/\/bangvapeofficial.com\/?post_type=product&#038;p=111"},"modified":"2025-10-05T06:50:19","modified_gmt":"2025-10-05T06:50:19","slug":"bang-king-25000-disposable-vape","status":"publish","type":"product","link":"https:\/\/bangvapeofficial.com\/fr\/produit\/bang-king-25000-disposable-vape\/","title":{"rendered":"Bang King 25000 Vape jetable - Dual Pod, 25K Puff Power"},"content":{"rendered":"<h2>Bang King 25000 Vape jetable<\/h2>\n<h3>Saveur maximale. Commodit\u00e9 maximale.<\/h3>\n<p>Le Bang King 25000 est une vape jetable de nouvelle g\u00e9n\u00e9ration con\u00e7ue pour la performance, la portabilit\u00e9 et la satisfaction pure. Avec jusqu'\u00e0 25 000 bouff\u00e9es, une \u00e9norme capacit\u00e9 de e-liquide de 46mL et une puissante batterie rechargeable Type-C de 650mAh, il est con\u00e7u pour vous offrir une exp\u00e9rience sans faille o\u00f9 que vous alliez. Gr\u00e2ce au syst\u00e8me de double dosette, vous pouvez changer de saveur instantan\u00e9ment et prolonger vos sessions sans perdre de temps.<\/p>\n<h3>Caract\u00e9ristiques principales<\/h3>\n<ul>\n<li>Capacit\u00e9 de 25 000 bouff\u00e9es - Deux dosettes de 12 500 bouff\u00e9es pour une utilisation prolong\u00e9e<\/li>\n<li>46mL Total E-Liquid - Volume massif pour un vapotage non-stop<\/li>\n<li>Options de nicotine : 0%, 2%, 3%, 5% - Choisissez votre force pr\u00e9f\u00e9r\u00e9e<\/li>\n<li>Batterie rechargeable de 650mAh - La charge de type C assure une mise sous tension rapide.<\/li>\n<li>1.0\u03a9 Mesh Coil avec Airflow ajustable - Performance DTL \u00e9quilibr\u00e9e et contr\u00f4le de la saveur<\/li>\n<li>Conception \u00e0 deux dosettes - Changez instantan\u00e9ment d'ar\u00f4me gr\u00e2ce \u00e0 deux dosettes pr\u00e9-remplies.<\/li>\n<li>\u00c9l\u00e9gant et portable - Finition vibrante, forme ergonomique et profil de poche<\/li>\n<\/ul>\n<p><img loading=\"lazy\" decoding=\"async\" class=\"alignnone size-full wp-image-3237\" src=\"https:\/\/bangvapeofficial.com\/wp-content\/uploads\/2025\/09\/Bang-King-25000-Disposable-Vape.webp\" width=\"800\" height=\"800\" alt=\"Bang-King-25000-Disposable-Vape\" title=\"Bang-King-25000-Disposable-Vape\" srcset=\"https:\/\/bangvapeofficial.com\/wp-content\/uploads\/2025\/09\/Bang-King-25000-Disposable-Vape.webp 800w, https:\/\/bangvapeofficial.com\/wp-content\/uploads\/2025\/09\/Bang-King-25000-Disposable-Vape-300x300.webp 300w, https:\/\/bangvapeofficial.com\/wp-content\/uploads\/2025\/09\/Bang-King-25000-Disposable-Vape-150x150.webp 150w, https:\/\/bangvapeofficial.com\/wp-content\/uploads\/2025\/09\/Bang-King-25000-Disposable-Vape-768x768.webp 768w, https:\/\/bangvapeofficial.com\/wp-content\/uploads\/2025\/09\/Bang-King-25000-Disposable-Vape-600x600.webp 600w, https:\/\/bangvapeofficial.com\/wp-content\/uploads\/2025\/09\/Bang-King-25000-Disposable-Vape-100x100.webp 100w, https:\/\/bangvapeofficial.com\/wp-content\/uploads\/2025\/09\/Bang-King-25000-Disposable-Vape-50x50.webp 50w\" sizes=\"auto, (max-width: 800px) 100vw, 800px\" \/><\/p>\n<h3>Pourquoi choisir Bang King 25000 ?<\/h3>\n<p>Cet appareil est con\u00e7u pour les vapoteurs qui recherchent des performances de premier ordre sans compromis. Le double syst\u00e8me de pods am\u00e9liore la flexibilit\u00e9, le contr\u00f4le du flux d'air personnalise chaque tirage et la grande capacit\u00e9 de liquide vous permet de tenir plus longtemps. Que vous soyez \u00e0 la recherche de nuages ou que vous souhaitiez r\u00e9duire votre consommation de nicotine, le Bang King 25000 vous offre des options et une satisfaction constante.<\/p>","protected":false},"excerpt":{"rendered":"<p>La Bang King 25000 Disposable Vape comprend deux pods de 12 500 bouff\u00e9es, 46mL d'e-liquide, un coil mesh avec contr\u00f4le du flux d'air et une batterie de 650mAh. Rechargeable en Type-C. Disponible en nicotine 0%-5%.<\/p>","protected":false},"featured_media":261,"comment_status":"open","ping_status":"closed","template":"","meta":{"_acf_changed":false,"bwfblock_default_font":""},"product_brand":[],"product_cat":[17],"product_tag":[48,50,22,268],"class_list":{"0":"post-111","1":"product","2":"type-product","3":"status-publish","4":"has-post-thumbnail","6":"product_cat-bang-vapes","7":"product_tag-25k-puffs","8":"product_tag-dual-cups","9":"product_tag-hot-selling","10":"product_tag-mouth-to-lung","12":"first","13":"instock","14":"sale","15":"shipping-taxable","16":"purchasable","17":"product-type-variable"},"acf":[],"_links":{"self":[{"href":"https:\/\/bangvapeofficial.com\/fr\/wp-json\/wp\/v2\/product\/111","targetHints":{"allow":["GET"]}}],"collection":[{"href":"https:\/\/bangvapeofficial.com\/fr\/wp-json\/wp\/v2\/product"}],"about":[{"href":"https:\/\/bangvapeofficial.com\/fr\/wp-json\/wp\/v2\/types\/product"}],"replies":[{"embeddable":true,"href":"https:\/\/bangvapeofficial.com\/fr\/wp-json\/wp\/v2\/comments?post=111"}],"wp:featuredmedia":[{"embeddable":true,"href":"https:\/\/bangvapeofficial.com\/fr\/wp-json\/wp\/v2\/media\/261"}],"wp:attachment":[{"href":"https:\/\/bangvapeofficial.com\/fr\/wp-json\/wp\/v2\/media?parent=111"}],"wp:term":[{"taxonomy":"product_brand","embeddable":true,"href":"https:\/\/bangvapeofficial.com\/fr\/wp-json\/wp\/v2\/product_brand?post=111"},{"taxonomy":"product_cat","embeddable":true,"href":"https:\/\/bangvapeofficial.com\/fr\/wp-json\/wp\/v2\/product_cat?post=111"},{"taxonomy":"product_tag","embeddable":true,"href":"https:\/\/bangvapeofficial.com\/fr\/wp-json\/wp\/v2\/product_tag?post=111"}],"curies":[{"name":"wp","href":"https:\/\/api.w.org\/{rel}","templated":true}]}}