{"id":1164,"date":"2025-09-29T03:10:25","date_gmt":"2025-09-29T03:10:25","guid":{"rendered":"https:\/\/bangvapeofficial.com\/?post_type=product&#038;p=1164"},"modified":"2025-10-07T04:21:42","modified_gmt":"2025-10-07T04:21:42","slug":"bang-blaze-60000-puffs-4-in-1-flavors-disposable-vape","status":"publish","type":"product","link":"https:\/\/bangvapeofficial.com\/fr\/produit\/bang-blaze-60000-puffs-4-in-1-flavors-disposable-vape\/","title":{"rendered":"Bang Blaze 60000 Puffs 4 in 1 Flavors Vape Cigarette \u00e9lectronique jetable Puff Bang King 60K Vape"},"content":{"rendered":"<h2>Bang Blaze 60000 Puffs 4 en 1 Saveurs<\/h2>\n<p>Le stylo \u00e0 vapeur Vape Pen offre jusqu'\u00e0 60 000 bouff\u00e9es gr\u00e2ce \u00e0 un syst\u00e8me unique \u00e0 quatre r\u00e9servoirs, qui permet aux utilisateurs de passer facilement d'un ar\u00f4me \u00e0 l'autre. Avec un \u00e9cran LED \u00e9l\u00e9gant et 10 saveurs de fruits personnalisables (y compris des options OEM), il est id\u00e9al pour les nouveaux vapoteurs et les vapoteurs exp\u00e9riment\u00e9s. Disponible dans notre entrep\u00f4t Puff china pour une livraison rapide et fiable.<\/p>\n<p><img loading=\"lazy\" decoding=\"async\" class=\"alignnone size-full wp-image-3233\" title=\"Bang-Blaze-Vape jetable-60000-Puffs-scaled-1\" src=\"https:\/\/bangvapeofficial.com\/wp-content\/uploads\/2025\/09\/Bang-Blaze-Disposable-Vape-60000-Puffs-scaled-1.webp\" alt=\"Bang-Blaze-Vape jetable-60000-Puffs-scaled-1\" width=\"2560\" height=\"1280\" srcset=\"https:\/\/bangvapeofficial.com\/wp-content\/uploads\/2025\/09\/Bang-Blaze-Disposable-Vape-60000-Puffs-scaled-1.webp 2560w, https:\/\/bangvapeofficial.com\/wp-content\/uploads\/2025\/09\/Bang-Blaze-Disposable-Vape-60000-Puffs-scaled-1-300x150.webp 300w, https:\/\/bangvapeofficial.com\/wp-content\/uploads\/2025\/09\/Bang-Blaze-Disposable-Vape-60000-Puffs-scaled-1-1024x512.webp 1024w, https:\/\/bangvapeofficial.com\/wp-content\/uploads\/2025\/09\/Bang-Blaze-Disposable-Vape-60000-Puffs-scaled-1-768x384.webp 768w, https:\/\/bangvapeofficial.com\/wp-content\/uploads\/2025\/09\/Bang-Blaze-Disposable-Vape-60000-Puffs-scaled-1-1536x768.webp 1536w, https:\/\/bangvapeofficial.com\/wp-content\/uploads\/2025\/09\/Bang-Blaze-Disposable-Vape-60000-Puffs-scaled-1-2048x1024.webp 2048w, https:\/\/bangvapeofficial.com\/wp-content\/uploads\/2025\/09\/Bang-Blaze-Disposable-Vape-60000-Puffs-scaled-1-600x300.webp 600w\" sizes=\"auto, (max-width: 2560px) 100vw, 2560px\" \/><\/p>\n<h3>Caract\u00e9ristiques principales<\/h3>\n<ul>\n<li>Capacit\u00e9 de bouff\u00e9es : Jusqu'\u00e0 60 000 bouff\u00e9es pour une performance durable<\/li>\n<\/ul>\n<h3>S\u00e9lection d'ar\u00f4mes (12 options)<\/h3>\n<ol>\n<li>glace past\u00e8que\/myrtille menthe\/fuii glace\/romance citron vert<\/li>\n<li>past\u00e8que glac\u00e9e\/bleueberry cherry\/summer time\/mangue acide\/ananas<\/li>\n<li>glace \u00e0 la myrtille\/glace \u00e0 la p\u00eache\/ bonbons arc-en-ciel\/citron orange acidul\u00e9e<\/li>\n<li>myrtille glac\u00e9e\/p\u00eache mangue past\u00e8que\/passion kiss\/melon pomme<\/li>\n<li>myrtille framboise\/m\u00e9lange de baies\/cerise de Californie\/fruit de la passion mangue<\/li>\n<li>myrtille framboise\/glace raisin\/glace fraise\/aloe mangue melon<\/li>\n<li>boisson \u00e9nerg\u00e9tique\/fraise banane\/mangue p\u00eache abricot\/fruit de la passion kiwi citron vert<\/li>\n<li>boisson \u00e9nerg\u00e9tique myrtille\/melon d'eau\/pomme acide\/framboise\/gumny bear<\/li>\n<li>fraise mangue\/melon bubble gum\/mojito rouge\/love66<\/li>\n<li>fraise mangue\/fraise kiwi\/pomme raisin\/melon d'eau dragon frui<\/li>\n<li>fraise-melon d'eau\/glace noire\/melon treize\/raisin-cranberry<\/li>\n<li>fraise past\u00e8que\/kiwi fruit de la passion goyave\/mangue glace\/melon d'eau p\u00eache acide<\/li>\n<\/ol>\n<p><em>Remarque : 1 bouteille de recharge est incluse. Les recharges sont simples et sans d\u00e9g\u00e2ts.<\/em><\/p>\n<h3>Pourquoi choisir Bang 60000 ?<\/h3>\n<ul>\n<li>R\u00e9servoir rechargeable = moins de d\u00e9chets, plus de personnalisation<\/li>\n<li>Contr\u00f4le en temps r\u00e9el via l'\u00e9cran LED intelligent<\/li>\n<li>La s\u00e9curit\u00e9 d'abord avec les dispositifs de verrouillage pour enfants<\/li>\n<li>Choisissez entre une sortie MTL d\u00e9tendue ou une sortie DTL puissante<\/li>\n<li>Parfait pour les utilisateurs \u00e0 long terme et les vapoteurs \u00e0 haut volume<\/li>\n<\/ul>","protected":false},"excerpt":{"rendered":"<p>Le Bang Blaze 60000 4-en-1 combine innovation et performance dans un dispositif de vapotage jetable de grande capacit\u00e9. Il est dot\u00e9 de quatre r\u00e9servoirs ind\u00e9pendants, ce qui permet de passer instantan\u00e9ment d'un ar\u00f4me \u00e0 l'autre, ce qui est parfait pour les utilisateurs qui recherchent la vari\u00e9t\u00e9. Avec une capacit\u00e9 massive de 60 ml d'e-liquide et jusqu'\u00e0 60 000 bouff\u00e9es, cet appareil est con\u00e7u pour une utilisation durable.<\/p>","protected":false},"featured_media":1194,"comment_status":"open","ping_status":"closed","template":"","meta":{"_acf_changed":false,"bwfblock_default_font":""},"product_brand":[],"product_cat":[17],"product_tag":[272,332,268,20],"class_list":{"0":"post-1164","1":"product","2":"type-product","3":"status-publish","4":"has-post-thumbnail","6":"product_cat-bang-vapes","7":"product_tag-4-in-1","8":"product_tag-60k-puffs","9":"product_tag-mouth-to-lung","10":"product_tag-smart-screen","12":"first","13":"instock","14":"shipping-taxable","15":"purchasable","16":"product-type-variable"},"acf":[],"_links":{"self":[{"href":"https:\/\/bangvapeofficial.com\/fr\/wp-json\/wp\/v2\/product\/1164","targetHints":{"allow":["GET"]}}],"collection":[{"href":"https:\/\/bangvapeofficial.com\/fr\/wp-json\/wp\/v2\/product"}],"about":[{"href":"https:\/\/bangvapeofficial.com\/fr\/wp-json\/wp\/v2\/types\/product"}],"replies":[{"embeddable":true,"href":"https:\/\/bangvapeofficial.com\/fr\/wp-json\/wp\/v2\/comments?post=1164"}],"wp:featuredmedia":[{"embeddable":true,"href":"https:\/\/bangvapeofficial.com\/fr\/wp-json\/wp\/v2\/media\/1194"}],"wp:attachment":[{"href":"https:\/\/bangvapeofficial.com\/fr\/wp-json\/wp\/v2\/media?parent=1164"}],"wp:term":[{"taxonomy":"product_brand","embeddable":true,"href":"https:\/\/bangvapeofficial.com\/fr\/wp-json\/wp\/v2\/product_brand?post=1164"},{"taxonomy":"product_cat","embeddable":true,"href":"https:\/\/bangvapeofficial.com\/fr\/wp-json\/wp\/v2\/product_cat?post=1164"},{"taxonomy":"product_tag","embeddable":true,"href":"https:\/\/bangvapeofficial.com\/fr\/wp-json\/wp\/v2\/product_tag?post=1164"}],"curies":[{"name":"wp","href":"https:\/\/api.w.org\/{rel}","templated":true}]}}