{"id":1165,"date":"2025-09-29T03:10:25","date_gmt":"2025-09-29T03:10:25","guid":{"rendered":"https:\/\/bangvapeofficial.com\/?post_type=product&#038;p=1165"},"modified":"2025-10-07T04:21:30","modified_gmt":"2025-10-07T04:21:30","slug":"bang-75000-puffs-3in1-flavors-disposable-vape","status":"publish","type":"product","link":"https:\/\/bangvapeofficial.com\/fr\/produit\/bang-75000-puffs-3in1-flavors-disposable-vape\/","title":{"rendered":"Bang 75000 Puffs 3 in 1 Flavors Rechargeable Disposable E-Cig Bang King Balze 75K Vape Kit"},"content":{"rendered":"<h2>Bang 75000 Puffs 3in1 Flavors<\/h2>\n<p>Appr\u00e9ciez jusqu'\u00e0 75 000 bouff\u00e9es avec le syst\u00e8me de saveur 3in1 de Bang, combinant trois go\u00fbts dans un seul appareil. Dot\u00e9 d'une \u00e9norme capacit\u00e9 d'e-liquide de 63ml, d'une batterie rechargeable de 600mAh et de bobines \u00e0 triple maille (1,0\u03a9), il offre une saveur constante et une vapeur dense. \u00c9quip\u00e9 d'un port de charge Type-C rapide et prenant enti\u00e8rement en charge la personnalisation OEM\/ODM.<\/p>\n<h3>Caract\u00e9ristiques principales<\/h3>\n<ul>\n<li>75 000 bouff\u00e9es - Usage prolong\u00e9, parfait pour une utilisation \u00e0 long terme tout au long de la journ\u00e9e<\/li>\n<li>45ML Dual Flavor E-Liquid - Profitez de deux saveurs distinctes par appareil<\/li>\n<li>Teneur en nicotine : Disponible en 0%, 2%, 3%, et 5%<\/li>\n<li>Batterie rechargeable de 650mAh - Puissance constante avec charge rapide Type-C<\/li>\n<li>Port de charge de type C - Chargement rapide et efficace en d\u00e9placement<\/li>\n<li>Glyc\u00e9rine v\u00e9g\u00e9tale, Propyl\u00e8ne Glycol, Ar\u00f4mes naturels&amp;artificiels<\/li>\n<\/ul>\n<p><img loading=\"lazy\" decoding=\"async\" class=\"alignnone size-full wp-image-3232\" title=\"Bang-75000-Puffs-3in1-Flavors-1\" src=\"https:\/\/bangvapeofficial.com\/wp-content\/uploads\/2025\/09\/Bang-75000-Puffs-3in1-Flavors-1.webp\" alt=\"Bang-75000-Puffs-3in1-Flavors-1\" width=\"1536\" height=\"2560\" srcset=\"https:\/\/bangvapeofficial.com\/wp-content\/uploads\/2025\/09\/Bang-75000-Puffs-3in1-Flavors-1.webp 1536w, https:\/\/bangvapeofficial.com\/wp-content\/uploads\/2025\/09\/Bang-75000-Puffs-3in1-Flavors-1-180x300.webp 180w, https:\/\/bangvapeofficial.com\/wp-content\/uploads\/2025\/09\/Bang-75000-Puffs-3in1-Flavors-1-614x1024.webp 614w, https:\/\/bangvapeofficial.com\/wp-content\/uploads\/2025\/09\/Bang-75000-Puffs-3in1-Flavors-1-768x1280.webp 768w, https:\/\/bangvapeofficial.com\/wp-content\/uploads\/2025\/09\/Bang-75000-Puffs-3in1-Flavors-1-922x1536.webp 922w, https:\/\/bangvapeofficial.com\/wp-content\/uploads\/2025\/09\/Bang-75000-Puffs-3in1-Flavors-1-1229x2048.webp 1229w, https:\/\/bangvapeofficial.com\/wp-content\/uploads\/2025\/09\/Bang-75000-Puffs-3in1-Flavors-1-600x1000.webp 600w\" sizes=\"auto, (max-width: 1536px) 100vw, 1536px\" \/><\/p>\n<h3>Combinaisons d'ar\u00f4mes disponibles (12 options \u00e0 double ar\u00f4me)<\/h3>\n<p>1. past\u00e8que\/red bull\/ fraise kiwi<br \/>\n2. glace citron-citron vert\/fraise\/melon d'eau\/myrtille<br \/>\n3. fraise-banane\/framboise-melon d'eau\/citronnade rose<br \/>\n4.blue razz cerise\/menthe fra\u00eeche\/p\u00eache mangue<br \/>\n5. fruits tropicaux\/fraises\/melon d'eau\/citron\/p\u00eache<br \/>\n6.ananas coco\/fraise banane\/bleu razz<br \/>\n7. past\u00e8que \u00e0 la fraise\/triple melon\/glace \u00e0 la fraise<br \/>\n8. fruits m\u00e9lang\u00e9s\/mangue\/p\u00eache\/glace de raisin<br \/>\n9. coca vanille fraise\/glace p\u00eache\/glace dragon noir<br \/>\n10.lush ice\/kiwi fruit de la passion goyave\/mangue paille<br \/>\n11.fraise\/melon d'eau\/melon d'eau\/glace bleu razz<br \/>\n12.limonade aux baies\/ fraise des bois red bull\/fraise pomp\u00e9e<br \/>\n13.double pomme\/fruit\u00e9 fusion\/ananas glace<br \/>\n14.cola ice\/mr blue\/cherry cola<br \/>\n15. beignet \u00e0 la fraise\/glace \u00e0 la banane\/love66<br \/>\n16.ice tea lemon ice\/mango on ice\/lychee iceDual Flavor Design - Changez de parfum sans effort gr\u00e2ce \u00e0 un simple m\u00e9canisme \u00e0 glissi\u00e8re ou \u00e0 bascule (selon le mod\u00e8le).<\/p>\n<h3>Pourquoi choisir Bang King 35000 ?<\/h3>\n<ul>\n<li>Trois ar\u00f4mes, un seul appareil - Plus besoin de transporter plusieurs vapes.<\/li>\n<li>Grande capacit\u00e9 de jus - 45 ml pour une utilisation sans souci<\/li>\n<li>Nicotine personnalisable - Choisissez la force qui vous convient<\/li>\n<li>Recharge pratique - Type-C pour une mise en marche plus rapide<\/li>\n<li>Pr\u00eat pour la vente en gros - Bo\u00eete pr\u00e9sentoir de 10, parfait pour la revente<\/li>\n<\/ul>","protected":false},"excerpt":{"rendered":"<p>Bang 75000 Puffs 3in1 Flavors offre une exp\u00e9rience r\u00e9volutionnaire \u00e0 trois saveurs avec 63ml d'e-liquide, une batterie rechargeable de 600mAh et des coils triple mesh.<\/p>","protected":false},"featured_media":1195,"comment_status":"open","ping_status":"closed","template":"","meta":{"_acf_changed":false,"bwfblock_default_font":""},"product_brand":[],"product_cat":[17],"product_tag":[273,337,268,20],"class_list":{"0":"post-1165","1":"product","2":"type-product","3":"status-publish","4":"has-post-thumbnail","6":"product_cat-bang-vapes","7":"product_tag-3-in-1","8":"product_tag-75k-puffs","9":"product_tag-mouth-to-lung","10":"product_tag-smart-screen","12":"first","13":"instock","14":"sale","15":"featured","16":"shipping-taxable","17":"purchasable","18":"product-type-variable"},"acf":[],"_links":{"self":[{"href":"https:\/\/bangvapeofficial.com\/fr\/wp-json\/wp\/v2\/product\/1165","targetHints":{"allow":["GET"]}}],"collection":[{"href":"https:\/\/bangvapeofficial.com\/fr\/wp-json\/wp\/v2\/product"}],"about":[{"href":"https:\/\/bangvapeofficial.com\/fr\/wp-json\/wp\/v2\/types\/product"}],"replies":[{"embeddable":true,"href":"https:\/\/bangvapeofficial.com\/fr\/wp-json\/wp\/v2\/comments?post=1165"}],"wp:featuredmedia":[{"embeddable":true,"href":"https:\/\/bangvapeofficial.com\/fr\/wp-json\/wp\/v2\/media\/1195"}],"wp:attachment":[{"href":"https:\/\/bangvapeofficial.com\/fr\/wp-json\/wp\/v2\/media?parent=1165"}],"wp:term":[{"taxonomy":"product_brand","embeddable":true,"href":"https:\/\/bangvapeofficial.com\/fr\/wp-json\/wp\/v2\/product_brand?post=1165"},{"taxonomy":"product_cat","embeddable":true,"href":"https:\/\/bangvapeofficial.com\/fr\/wp-json\/wp\/v2\/product_cat?post=1165"},{"taxonomy":"product_tag","embeddable":true,"href":"https:\/\/bangvapeofficial.com\/fr\/wp-json\/wp\/v2\/product_tag?post=1165"}],"curies":[{"name":"wp","href":"https:\/\/api.w.org\/{rel}","templated":true}]}}