{"id":2483,"date":"2025-10-05T06:13:24","date_gmt":"2025-10-05T06:13:24","guid":{"rendered":"https:\/\/bangvapeofficial.com\/?post_type=product&#038;p=2483"},"modified":"2025-10-07T04:20:59","modified_gmt":"2025-10-07T04:20:59","slug":"bang-blaze-50k-disposable-vape","status":"publish","type":"product","link":"https:\/\/bangvapeofficial.com\/fr\/produit\/bang-blaze-50k-disposable-vape\/","title":{"rendered":"Bang Blaze 50K Vape\uff5c50,000 Puffs | Starry Twist"},"content":{"rendered":"<p>Pr\u00e9parez-vous \u00e0 faire monter la temp\u00e9rature avec la Bang Blaze 50K, une vape jetable audacieuse et tr\u00e8s performante con\u00e7ue pour ceux qui ont envie de nuages massifs, de saveurs superpos\u00e9es et d'une exp\u00e9rience durable. Avec jusqu'\u00e0 50 000 bouff\u00e9es, un puissant DE Mesh Coil et une batterie rechargeable de type C, le Blaze est con\u00e7u pour tenir la distance - pas de recharge, pas de temps mort.<\/p>\n<p>Con\u00e7ue pour les trendsetters et les cloud chasers, la Blaze 50K est dot\u00e9e d'un anneau lumineux LED, d'un flux d'air r\u00e9glable et d'une gamme de 12 m\u00e9langes d'ar\u00f4mes qui sont tout sauf ordinaires. Que vous soyez en train de vibrer sur le pouce ou d'illuminer la nuit, la Bang Blaze vous permet d'avoir un jeu de saveurs puissant.<\/p>\n<h3>Caract\u00e9ristiques principales de Bang Blaze 50K<\/h3>\n<ul>\n<li>PUFFS : 50000<\/li>\n<li>Batterie : 550mah<\/li>\n<li>R\u00e9sistance : 1,0 ohm<\/li>\n<li>Service OEM\/ODL<\/li>\n<\/ul>\n<h3>12 saveurs de Bang Blaze 50K<\/h3>\n<ul>\n<li>Past\u00e8que<br \/>\nClassique et juteux, cet ar\u00f4me sucr\u00e9 de past\u00e8que est doux et reste rafra\u00eechissant de la premi\u00e8re \u00e0 la derni\u00e8re bouff\u00e9e.<\/li>\n<li>Past\u00e8que \u00e0 la fraise<br \/>\nUne fusion s\u00e9duisante de fraises sucr\u00e9es et de past\u00e8ques app\u00e9tissantes pour une exp\u00e9rience de vibrations estivales \u00e0 chaque coup.<\/li>\n<li>Glace aux myrtilles<br \/>\nFrais, croustillant et l\u00e9g\u00e8rement sucr\u00e9 - myrtille avec un coup de menthol frais qui maintient les choses fra\u00eeches et glac\u00e9es.<\/li>\n<li>Myrtille Framboise<br \/>\nUn \u00e9quilibre parfait entre les baies - la framboise acidul\u00e9e rencontre la myrtille m\u00fbre pour une explosion audacieuse et fruit\u00e9e.<\/li>\n<li>Amour66<br \/>\nLe m\u00e9lange embl\u00e9matique de past\u00e8que sucr\u00e9e, de baies m\u00e9lang\u00e9es et de fra\u00eecheur glac\u00e9e - myst\u00e9rieux, fruit\u00e9 et d'une douceur addictive.<\/li>\n<li>Glace \u00e0 la canneberge et au raisin<br \/>\nUne acidit\u00e9 de canneberge audacieuse m\u00e9lang\u00e9e \u00e0 un raisin juteux et \u00e0 une finale glac\u00e9e nette - tranchante, douce et rafra\u00eechissante.<\/li>\n<li>Glace \u00e0 la p\u00eache<br \/>\nAr\u00f4me de p\u00eache m\u00fbrie au soleil avec une exhalaison fra\u00eeche - douce, moelleuse et glac\u00e9e.<\/li>\n<li>Fraise Mangue<br \/>\nLa fraise luxuriante rencontre la mangue tropicale dans cette saveur juteuse et exotique con\u00e7ue pour \u00eatre vaporis\u00e9e tout au long de la journ\u00e9e.<\/li>\n<li>Triple baie<br \/>\nUne triple menace de fraise, de myrtille et de framboise - riche, \u00e9tag\u00e9e et charg\u00e9e de baies.<\/li>\n<li>Mangue P\u00eache<br \/>\nLa mangue sucr\u00e9e et la p\u00eache soyeuse tourbillonnent ensemble dans une fusion de fruits tropicaux qui est douce et juteuse.<\/li>\n<li>Heure d'\u00e9t\u00e9<br \/>\nUn m\u00e9lange estival myst\u00e9rieux - pensez \u00e0 des fruits brillants, \u00e0 une touche de fra\u00eecheur et \u00e0 du soleil dans chaque nuage.<\/li>\n<li>Ananas noix de coco<br \/>\nLa noix de coco cr\u00e9meuse et l'ananas acidul\u00e9 s'unissent pour cr\u00e9er une bouff\u00e9e de pi\u00f1a colada pr\u00eate pour la plage.<\/li>\n<\/ul>\n<h3>FAQs \u00e0 propos de Bang Blaze 50K Vape jetable<\/h3>\n<p>Q1 : Combien de bouff\u00e9es le Bang Blaze 50K fournit-il ?<br \/>\nR : Le Bang Blaze 50K offre jusqu'\u00e0 50 000 bouff\u00e9es, ce qui vous permet de b\u00e9n\u00e9ficier d'une tr\u00e8s longue dur\u00e9e d'utilisation sans avoir besoin de recharges ou de remplacements fr\u00e9quents.<\/p>\n<p>Q2 : Bang Blaze 50K est-il rechargeable ?<br \/>\nR : Oui. Il est dot\u00e9 d'une batterie rechargeable de type C, ce qui vous permet de recharger facilement l'appareil et de l'utiliser jusqu'au bout.<\/p>\n<p>Q3 : Quel type de bobine utilise-t-il ?<br \/>\nR : La Blaze 50K est aliment\u00e9e par une bobine DE Mesh Coil, offrant une chaleur constante, une saveur forte et une production de vapeur dense.<\/p>\n<p>Q4 : Puis-je r\u00e9gler le d\u00e9bit d'air ?<br \/>\nR : Oui ! Le Bang Blaze 50K est dot\u00e9 d'un flux d'air r\u00e9glable, ce qui vous permet de passer d'un tirage serr\u00e9 \u00e0 un tirage plus ouvert, \u00e0 la recherche de nuages.<\/p>\n<p>Q5 : Est-il rechargeable ?<br \/>\nLe Bang Blaze 50K est un vaporisateur jetable pr\u00e9-rempli et non rechargeable, con\u00e7u pour une commodit\u00e9 sans tracas et une facilit\u00e9 d'utilisation maximale.<\/p>\n<p>Q6 : Combien de saveurs sont disponibles ?<br \/>\nR : Il existe 12 parfums uniques, allant du fruit\u00e9 au glac\u00e9 en passant par le tropical, dont les pr\u00e9f\u00e9r\u00e9s comme Love66, Peach Ice et Pineapple Coconut.<\/p>\n<p>Q7 : Cet appareil convient-il aux d\u00e9butants ?<br \/>\nR : Absolument. Le Bang Blaze 50K est pr\u00eat \u00e0 l'emploi d\u00e8s sa sortie de la bo\u00eete, sans bouton ni configuration - il suffit d'inhaler et de profiter.<\/p>\n<p>Q8 : Qu'est-ce qui distingue le Bang Blaze 50K ?<br \/>\nA :<\/p>\n<ul>\n<li>Capacit\u00e9 de 50 000 bouff\u00e9es de longue dur\u00e9e<\/li>\n<li>Type-C rechargeable<\/li>\n<li>Vapeur douce et riche gr\u00e2ce \u00e0 la bobine DE Mesh Coil<\/li>\n<li>Anneau LED \u00e9l\u00e9gant et design moderne<\/li>\n<li>Large gamme de saveurs tendance<\/li>\n<\/ul>","protected":false},"excerpt":{"rendered":"<p>Pr\u00e9parez-vous \u00e0 faire monter la temp\u00e9rature avec le Bang Blaze 50K, une vape jetable audacieuse et performante con\u00e7ue pour ceux qui ont envie de nuages massifs, de saveurs superpos\u00e9es et d'une exp\u00e9rience de longue dur\u00e9e.<\/p>","protected":false},"featured_media":2573,"comment_status":"open","ping_status":"closed","template":"","meta":{"_acf_changed":false,"bwfblock_default_font":""},"product_brand":[],"product_cat":[17],"product_tag":[18,268,20],"class_list":{"0":"post-2483","1":"product","2":"type-product","3":"status-publish","4":"has-post-thumbnail","6":"product_cat-bang-vapes","7":"product_tag-50k-puffs","8":"product_tag-mouth-to-lung","9":"product_tag-smart-screen","11":"first","12":"instock","13":"sale","14":"shipping-taxable","15":"purchasable","16":"product-type-variable"},"acf":[],"_links":{"self":[{"href":"https:\/\/bangvapeofficial.com\/fr\/wp-json\/wp\/v2\/product\/2483","targetHints":{"allow":["GET"]}}],"collection":[{"href":"https:\/\/bangvapeofficial.com\/fr\/wp-json\/wp\/v2\/product"}],"about":[{"href":"https:\/\/bangvapeofficial.com\/fr\/wp-json\/wp\/v2\/types\/product"}],"replies":[{"embeddable":true,"href":"https:\/\/bangvapeofficial.com\/fr\/wp-json\/wp\/v2\/comments?post=2483"}],"wp:featuredmedia":[{"embeddable":true,"href":"https:\/\/bangvapeofficial.com\/fr\/wp-json\/wp\/v2\/media\/2573"}],"wp:attachment":[{"href":"https:\/\/bangvapeofficial.com\/fr\/wp-json\/wp\/v2\/media?parent=2483"}],"wp:term":[{"taxonomy":"product_brand","embeddable":true,"href":"https:\/\/bangvapeofficial.com\/fr\/wp-json\/wp\/v2\/product_brand?post=2483"},{"taxonomy":"product_cat","embeddable":true,"href":"https:\/\/bangvapeofficial.com\/fr\/wp-json\/wp\/v2\/product_cat?post=2483"},{"taxonomy":"product_tag","embeddable":true,"href":"https:\/\/bangvapeofficial.com\/fr\/wp-json\/wp\/v2\/product_tag?post=2483"}],"curies":[{"name":"wp","href":"https:\/\/api.w.org\/{rel}","templated":true}]}}