{"id":2699,"date":"2025-10-05T08:08:15","date_gmt":"2025-10-05T08:08:15","guid":{"rendered":"https:\/\/bangvapeofficial.com\/?post_type=product&#038;p=2699"},"modified":"2025-10-07T04:20:35","modified_gmt":"2025-10-07T04:20:35","slug":"bang-king-crystal-30k-disposable-vape","status":"publish","type":"product","link":"https:\/\/bangvapeofficial.com\/fr\/produit\/bang-king-crystal-30k-disposable-vape\/","title":{"rendered":"Bang King Crystal 30K Vape\uff5c30,000 Puffs | Transparent Crystal Shell &amp; Animal Edition"},"content":{"rendered":"<p>Brillez de mille feux et vapotez avec audace gr\u00e2ce \u00e0 la Bang King Crystal 30K, une vape jetable \u00e9l\u00e9gante et cristalline qui offre \u00e0 la fois style et performance. Con\u00e7ue pour les vapoteurs qui recherchent la clart\u00e9, la saveur et l'endurance, elle offre jusqu'\u00e0 30 000 bouff\u00e9es aliment\u00e9es par un DE Mesh Coil pour des bouff\u00e9es nettes et r\u00e9guli\u00e8res \u00e0 chaque fois.<\/p>\n<p>Avec une g\u00e9n\u00e9reuse capacit\u00e9 d'e-liquide pr\u00e9-rempli de 15mL, une batterie rechargeable Type-C et un airflow r\u00e9glable, cette beaut\u00e9 transparente ne se contente pas d'\u00eatre belle - elle procure une satisfaction s\u00e9rieuse. Disponible en 12 saveurs de qualit\u00e9 sup\u00e9rieure, la Crystal 30K est votre choix pour vaper toute la journ\u00e9e, sans souci, avec une finition de luxe.<\/p>\n<h2>Caract\u00e9ristiques principales<\/h2>\n<p>Design de la coque cristalline - Propre, haut de gamme et \u00e9l\u00e9gant<\/p>\n<p>Jusqu'\u00e0 30 000 bouff\u00e9es - Construit pour durer<\/p>\n<p>Batterie rechargeable de type C<\/p>\n<p>DE Mesh Coil - Saveur intense, nuages denses<\/p>\n<p>Contr\u00f4le r\u00e9glable du flux d'air<\/p>\n<p>12 saveurs s\u00e9lectionn\u00e9es<\/p>\n<h2>12 Descriptions d'ar\u00f4mes - Bang King Crystal 30K<\/h2>\n<ol>\n<li>Past\u00e8que \u00e0 la fraise<br \/>\nUn classique juteux - un m\u00e9lange de fraises sucr\u00e9es et de past\u00e8ques m\u00fbres pour une vape fruit\u00e9e et rafra\u00eechissante qui ne se d\u00e9mode jamais.<\/li>\n<li>Glace Blue Razz<br \/>\nUne explosion audacieuse de framboise bleue aigre-douce avec une finale menthol\u00e9e fra\u00eeche - tranchante, sucr\u00e9e et glac\u00e9e.<\/li>\n<li>Glace aux trois baies<br \/>\nUne fusion rafra\u00eechissante de fraises, de myrtilles et de framboises - \u00e9pic\u00e9e, vibrante et pleine de saveurs de baies superpos\u00e9es.<\/li>\n<li>Glace \u00e0 la p\u00eache<br \/>\nP\u00eache douce et moelleuse avec une touche glac\u00e9e croustillante - l\u00e9g\u00e8re, sucr\u00e9e et facile \u00e0 vaper toute la journ\u00e9e.<\/li>\n<li>P\u00eache Mangue<br \/>\nLa perfection tropicale - la p\u00eache m\u00fbrie au soleil et la mangue luxuriante s'associent pour une \u00e9vasion sucr\u00e9e et juteuse.<\/li>\n<li>Double pomme<br \/>\nUn m\u00e9lange audacieux de pommes vertes et rouges - croustillant, l\u00e9g\u00e8rement acidul\u00e9 et rafra\u00eechissant \u00e0 chaque bouff\u00e9e.<\/li>\n<li>Fraise Kiwi<br \/>\nUne combinaison de fruits brillants - la fraise sucr\u00e9e et le kiwi acidul\u00e9 s'associent pour donner une saveur punch\u00e9e et \u00e9quilibr\u00e9e.<\/li>\n<li>Alo\u00e8s raisin<br \/>\nL'aloe vera rafra\u00eechissant rencontre le raisin violet juteux - propre, doux et subtilement sucr\u00e9 avec une touche d'herbes fra\u00eeches.<\/li>\n<li>Fruits tropicaux<br \/>\nUn cocktail de fruits exotiques - ananas, fruit de la passion, mangue et autres - dans une explosion tropicale.<\/li>\n<li>Fraise et banane<br \/>\nUne vape cr\u00e9meuse et sucr\u00e9e inspir\u00e9e des smoothies - des fraises fra\u00eeches m\u00e9lang\u00e9es \u00e0 une banane moelleuse pour un hit riche et doux.<\/li>\n<li>Kiwi Fruit de la passion Goyave<br \/>\nLe kiwi acidul\u00e9, le fruit de la passion audacieux et la goyave sucr\u00e9e se rencontrent dans ce trio tropical, vibrant et exotique.<\/li>\n<li>Glace du dragon noir<br \/>\nUn m\u00e9lange de baies sombre et myst\u00e9rieux avec des nuances glac\u00e9es - audacieux, frais et plein d'attitude.<\/li>\n<\/ol>\n<h2>FAQ sur le cristal Bang King 30K<\/h2>\n<p>Q1 : Combien de bouff\u00e9es le Bang King Crystal 30K offre-t-il ?<br \/>\nR : Le Crystal 30K fournit jusqu'\u00e0 30 000 bouff\u00e9es, con\u00e7ues pour une utilisation de longue dur\u00e9e sans avoir besoin de recharges ou de remplacements.<\/p>\n<p>Q2 : Le Bang King Crystal 30K est-il rechargeable ?<br \/>\nR : Oui ! Il comprend un port de charge de type C, ce qui vous permet de recharger l'appareil et de profiter pleinement de chaque bouff\u00e9e.<\/p>\n<p>Q3 : Qu'est-ce qui diff\u00e9rencie la Crystal 30K des autres vapes ?<br \/>\nR : Sa coque transparente, la technologie DE Mesh Coil et le contr\u00f4le de l'\u00e9coulement de l'air lui conf\u00e8rent un look \u00e9l\u00e9gant et des performances gustatives sup\u00e9rieures.<\/p>\n<p>Q4 : Puis-je recharger le dispositif ?<br \/>\nLe Crystal 30K est pr\u00e9-rempli et non rechargeable - con\u00e7u pour la commodit\u00e9 et l'absence d'entretien.<\/p>\n<p>Q5 : Quel type de bobine utilise-t-il ?<br \/>\nR : Il utilise une bobine DE Mesh Coil, connue pour sa rapidit\u00e9 de chauffe, la richesse de ses ar\u00f4mes et la densit\u00e9 de ses nuages de vapeur.<\/p>\n<p>Q6 : Quelle est la quantit\u00e9 d'e-liquide contenue dans l'appareil ?<br \/>\nR : L'appareil contient environ 15 ml d'e-liquide pr\u00e9-rempli, associ\u00e9 \u00e0 un taux de nicotine de 0%, 2%, 3%, 5%.<\/p>\n<p>Q7 : Convient-il aux d\u00e9butants ?<br \/>\nR : Absolument. La Crystal 30K est activ\u00e9e par tirage, sans boutons ni r\u00e9glages compliqu\u00e9s - il suffit d'inhaler et de profiter.<\/p>\n<p>Q8 : Quels sont les ar\u00f4mes disponibles ?<br \/>\nR : Il existe 12 parfums uniques, dont des m\u00e9langes fruit\u00e9s, glac\u00e9s et tropicaux tels que fraise-melon d'eau, p\u00eache-mangue et Black Dragon Ice.<\/p>","protected":false},"excerpt":{"rendered":"<p>Brillez de mille feux et vapotez avec audace gr\u00e2ce \u00e0 la Bang King Crystal 30K, une vape jetable \u00e9l\u00e9gante et cristalline qui offre \u00e0 la fois style et performance. Con\u00e7ue pour les vapoteurs qui recherchent la clart\u00e9, la saveur et l'endurance, elle offre jusqu'\u00e0 30 000 bouff\u00e9es aliment\u00e9es par un DE Mesh Coil pour des bouff\u00e9es nettes et r\u00e9guli\u00e8res \u00e0 chaque fois.<\/p>","protected":false},"featured_media":2750,"comment_status":"open","ping_status":"closed","template":"","meta":{"_acf_changed":false,"bwfblock_default_font":""},"product_brand":[],"product_cat":[17],"product_tag":[24,268],"class_list":{"0":"post-2699","1":"product","2":"type-product","3":"status-publish","4":"has-post-thumbnail","6":"product_cat-bang-vapes","7":"product_tag-30k-puffs","8":"product_tag-mouth-to-lung","10":"first","11":"instock","12":"sale","13":"shipping-taxable","14":"purchasable","15":"product-type-variable"},"acf":[],"_links":{"self":[{"href":"https:\/\/bangvapeofficial.com\/fr\/wp-json\/wp\/v2\/product\/2699","targetHints":{"allow":["GET"]}}],"collection":[{"href":"https:\/\/bangvapeofficial.com\/fr\/wp-json\/wp\/v2\/product"}],"about":[{"href":"https:\/\/bangvapeofficial.com\/fr\/wp-json\/wp\/v2\/types\/product"}],"replies":[{"embeddable":true,"href":"https:\/\/bangvapeofficial.com\/fr\/wp-json\/wp\/v2\/comments?post=2699"}],"wp:featuredmedia":[{"embeddable":true,"href":"https:\/\/bangvapeofficial.com\/fr\/wp-json\/wp\/v2\/media\/2750"}],"wp:attachment":[{"href":"https:\/\/bangvapeofficial.com\/fr\/wp-json\/wp\/v2\/media?parent=2699"}],"wp:term":[{"taxonomy":"product_brand","embeddable":true,"href":"https:\/\/bangvapeofficial.com\/fr\/wp-json\/wp\/v2\/product_brand?post=2699"},{"taxonomy":"product_cat","embeddable":true,"href":"https:\/\/bangvapeofficial.com\/fr\/wp-json\/wp\/v2\/product_cat?post=2699"},{"taxonomy":"product_tag","embeddable":true,"href":"https:\/\/bangvapeofficial.com\/fr\/wp-json\/wp\/v2\/product_tag?post=2699"}],"curies":[{"name":"wp","href":"https:\/\/api.w.org\/{rel}","templated":true}]}}