{"id":98,"date":"2025-09-28T09:08:40","date_gmt":"2025-09-28T09:08:40","guid":{"rendered":"https:\/\/bangvapeofficial.com\/?post_type=product&#038;p=98"},"modified":"2025-10-05T07:05:50","modified_gmt":"2025-10-05T07:05:50","slug":"bang-28k-disposable-vape","status":"publish","type":"product","link":"https:\/\/bangvapeofficial.com\/fr\/produit\/bang-28k-disposable-vape\/","title":{"rendered":"Bang 28K Puffs - Vape jetable personnalisable avec contr\u00f4le de la glace"},"content":{"rendered":"<h2>Bang 28k Puffs - Vape jetable personnalisable avec contr\u00f4le de la glace<\/h2>\n<h3>Jusqu'\u00e0 28 000 bouff\u00e9es | S\u00e9lecteur de niveau de glace | 30ML E-Liquid | Batterie 650mAh<\/h3>\n<p>Go\u00fbt. Refroidissement. Contr\u00f4le. La Bang 28K Puffs Vape jetable apporte un niveau de personnalisation sup\u00e9rieur dans le monde des produits jetables. Avec trois niveaux de glace r\u00e9glables, jusqu'\u00e0 28 000 bouff\u00e9es et une grande vari\u00e9t\u00e9 d'ar\u00f4mes de premi\u00e8re qualit\u00e9, elle est con\u00e7ue pour les vapoteurs qui veulent contr\u00f4ler enti\u00e8rement leur exp\u00e9rience, de l'intensit\u00e9 \u00e0 la fra\u00eecheur.<\/p>\n<p><img loading=\"lazy\" decoding=\"async\" class=\"alignnone size-full wp-image-3247\" src=\"https:\/\/bangvapeofficial.com\/wp-content\/uploads\/2025\/09\/Bang-28K-Puffs.webp\" width=\"800\" height=\"2250\" alt=\"Bang-28K-Puffs\" title=\"Bang-28K-Puffs\" srcset=\"https:\/\/bangvapeofficial.com\/wp-content\/uploads\/2025\/09\/Bang-28K-Puffs.webp 800w, https:\/\/bangvapeofficial.com\/wp-content\/uploads\/2025\/09\/Bang-28K-Puffs-107x300.webp 107w, https:\/\/bangvapeofficial.com\/wp-content\/uploads\/2025\/09\/Bang-28K-Puffs-364x1024.webp 364w, https:\/\/bangvapeofficial.com\/wp-content\/uploads\/2025\/09\/Bang-28K-Puffs-768x2160.webp 768w, https:\/\/bangvapeofficial.com\/wp-content\/uploads\/2025\/09\/Bang-28K-Puffs-546x1536.webp 546w, https:\/\/bangvapeofficial.com\/wp-content\/uploads\/2025\/09\/Bang-28K-Puffs-728x2048.webp 728w, https:\/\/bangvapeofficial.com\/wp-content\/uploads\/2025\/09\/Bang-28K-Puffs-600x1688.webp 600w\" sizes=\"auto, (max-width: 800px) 100vw, 800px\" \/><\/p>\n<h3>Caract\u00e9ristiques principales<\/h3>\n<p>Capacit\u00e9 de 28 000 bouff\u00e9es - Performance durable<br \/>\nR\u00e9servoir d'e-liquide 30ML - Z\u00e9ro recharge, toute satisfaction<br \/>\nBouton de contr\u00f4le de la glace - Permet de basculer entre 3 niveaux de refroidissement :<\/p>\n<ul>\n<li>Vert - Glace maximale<\/li>\n<li>Bleu - Glace l\u00e9g\u00e8re<\/li>\n<li>Jaune - Pas de glace<\/li>\n<\/ul>\n<p>Batterie rechargeable de 650mAh - Chargement rapide Type-C<br \/>\nFlexibilit\u00e9 de la nicotine - Choisissez entre 0%, 2%, 3%, ou 5%<br \/>\nMise \u00e0 feu activ\u00e9e par tirage au sort - Pas de bouton pour vaper, il suffit d'inhaler<br \/>\nIndicateur LED de niveau de glace - Connaissez instantan\u00e9ment votre r\u00e9glage<\/p>\n<h3>Gamme d'ar\u00f4mes<\/h3>\n<ol>\n<li>Glace \u00e0 la fraise et \u00e0 la past\u00e8que<\/li>\n<li>Glace aux myrtilles<\/li>\n<li>Le sang et le sable<\/li>\n<li>Ananas noix de coco<\/li>\n<li>Fraise et banane<\/li>\n<li>M\u00e9lange de fruits<\/li>\n<li>Myrtilles Framboises<\/li>\n<li>Glace \u00e0 la p\u00eache<\/li>\n<li>Mangue P\u00eache<\/li>\n<li>Past\u00e8que<\/li>\n<li>Glace de raisin<\/li>\n<li>Fraise Kiwi<\/li>\n<\/ol>\n<h3>Pourquoi choisir Bang 28K ?<\/h3>\n<ul>\n<li>Contr\u00f4lez votre refroidissement - R\u00e9glez l'intensit\u00e9 de votre refroidissement \u00e0 tout moment<\/li>\n<li>Un go\u00fbt qui dure - 30ML de liquide offre un go\u00fbt audacieux jusqu'\u00e0 la derni\u00e8re bouff\u00e9e<\/li>\n<li>Pas de stress, juste de la vapeur - Rechargeable et jetable pour une facilit\u00e9 totale<\/li>\n<li>Un taux de nicotine flexible - Des options pour tous les niveaux d'utilisation<\/li>\n<\/ul>","protected":false},"excerpt":{"rendered":"<p>Bang 28K offre jusqu'\u00e0 28 000 bouff\u00e9es avec 30ML d'e-liquide, une batterie rechargeable de 650mAh, et un interrupteur de contr\u00f4le de la glace \u00e0 3 niveaux. Disponible en 0%-5% nicotine et 12 saveurs.<\/p>","protected":false},"featured_media":2680,"comment_status":"open","ping_status":"closed","template":"","meta":{"_acf_changed":false,"bwfblock_default_font":""},"product_brand":[],"product_cat":[17],"product_tag":[38,39,267,268],"class_list":{"0":"post-98","1":"product","2":"type-product","3":"status-publish","4":"has-post-thumbnail","6":"product_cat-bang-vapes","7":"product_tag-28k-puffs","8":"product_tag-airflow-dtl","9":"product_tag-ice-level-adjustment","10":"product_tag-mouth-to-lung","12":"first","13":"instock","14":"sale","15":"shipping-taxable","16":"purchasable","17":"product-type-variable"},"acf":[],"_links":{"self":[{"href":"https:\/\/bangvapeofficial.com\/fr\/wp-json\/wp\/v2\/product\/98","targetHints":{"allow":["GET"]}}],"collection":[{"href":"https:\/\/bangvapeofficial.com\/fr\/wp-json\/wp\/v2\/product"}],"about":[{"href":"https:\/\/bangvapeofficial.com\/fr\/wp-json\/wp\/v2\/types\/product"}],"replies":[{"embeddable":true,"href":"https:\/\/bangvapeofficial.com\/fr\/wp-json\/wp\/v2\/comments?post=98"}],"wp:featuredmedia":[{"embeddable":true,"href":"https:\/\/bangvapeofficial.com\/fr\/wp-json\/wp\/v2\/media\/2680"}],"wp:attachment":[{"href":"https:\/\/bangvapeofficial.com\/fr\/wp-json\/wp\/v2\/media?parent=98"}],"wp:term":[{"taxonomy":"product_brand","embeddable":true,"href":"https:\/\/bangvapeofficial.com\/fr\/wp-json\/wp\/v2\/product_brand?post=98"},{"taxonomy":"product_cat","embeddable":true,"href":"https:\/\/bangvapeofficial.com\/fr\/wp-json\/wp\/v2\/product_cat?post=98"},{"taxonomy":"product_tag","embeddable":true,"href":"https:\/\/bangvapeofficial.com\/fr\/wp-json\/wp\/v2\/product_tag?post=98"}],"curies":[{"name":"wp","href":"https:\/\/api.w.org\/{rel}","templated":true}]}}