{"id":1036,"date":"2025-09-28T09:46:58","date_gmt":"2025-09-28T09:46:58","guid":{"rendered":"https:\/\/bangvapeofficial.com\/?page_id=1036"},"modified":"2025-09-29T03:41:10","modified_gmt":"2025-09-29T03:41:10","slug":"wholesale","status":"publish","type":"page","link":"https:\/\/bangvapeofficial.com\/it\/wholesale\/","title":{"rendered":"GROSSISTA"},"content":{"rendered":"<p>Ci dedichiamo a fornire sigarette elettroniche e accessori di alta qualit\u00e0 a rivenditori e distributori di tutto il mondo. In qualit\u00e0 di fornitore leader del settore, offriamo un'ampia gamma di prodotti e prezzi all'ingrosso competitivi per soddisfare le diverse esigenze della vostra attivit\u00e0.<\/p>\n\n\n\n<h4 class=\"wp-block-heading\" id=\"why-choose-us\">Perch\u00e9 scegliere noi?<\/h4>\n\n\n\n<ul class=\"wp-block-list\">\n<li>Ampia selezione di prodotti: Dai pi\u00f9 recenti dispositivi per sigarette elettroniche a una variet\u00e0 di aromi per e-liquid, abbiamo tutto ci\u00f2 che vi serve.<\/li>\n\n\n\n<li>Qualit\u00e0 Premium: Tutti i nostri prodotti sono sottoposti a rigorosi test di qualit\u00e0 per garantire sicurezza e affidabilit\u00e0.<\/li>\n\n\n\n<li>Quantit\u00e0 d'ordine flessibili: Che siate un piccolo rivenditore o un grande distributore, possiamo soddisfare le vostre esigenze di ordinazione.<\/li>\n\n\n\n<li>Servizi di spedizione rapida: Grazie alla collaborazione con diverse societ\u00e0 di logistica globale, assicuriamo che i vostri ordini vengano consegnati in modo rapido e sicuro, con tracciabilit\u00e0 online in tempo reale.<\/li>\n\n\n\n<li>Eccellente assistenza clienti: Il nostro team dedicato \u00e8 qui per assistervi in caso di domande o problemi.<\/li>\n<\/ul>\n\n\n\n<p>Contattate il nostro team di vendita all'ingrosso oggi stesso per saperne di pi\u00f9 sulle nostre offerte e sugli sconti all'ingrosso.<\/p>\n\n\n\n<p>Non vediamo l'ora di collaborare con voi e di raggiungere insieme un grande successo!<\/p>","protected":false},"excerpt":{"rendered":"<p>We are dedicated to providing high-quality e-cigarettes and accessories to retailers and distributors worldwide. As a leading supplier in the industry, we offer a wide range of products and competitive wholesale prices to meet the diverse needs of your business. Why Choose Us? Contact our wholesale team today to learn more about our offerings and [&#8230;]","protected":false},"author":1,"featured_media":0,"parent":0,"menu_order":0,"comment_status":"closed","ping_status":"closed","template":"","meta":{"_acf_changed":false,"bwfblock_default_font":"","footnotes":""},"class_list":["post-1036","page","type-page","status-publish","hentry"],"acf":[],"_links":{"self":[{"href":"https:\/\/bangvapeofficial.com\/it\/wp-json\/wp\/v2\/pages\/1036","targetHints":{"allow":["GET"]}}],"collection":[{"href":"https:\/\/bangvapeofficial.com\/it\/wp-json\/wp\/v2\/pages"}],"about":[{"href":"https:\/\/bangvapeofficial.com\/it\/wp-json\/wp\/v2\/types\/page"}],"author":[{"embeddable":true,"href":"https:\/\/bangvapeofficial.com\/it\/wp-json\/wp\/v2\/users\/1"}],"replies":[{"embeddable":true,"href":"https:\/\/bangvapeofficial.com\/it\/wp-json\/wp\/v2\/comments?post=1036"}],"version-history":[{"count":2,"href":"https:\/\/bangvapeofficial.com\/it\/wp-json\/wp\/v2\/pages\/1036\/revisions"}],"predecessor-version":[{"id":1842,"href":"https:\/\/bangvapeofficial.com\/it\/wp-json\/wp\/v2\/pages\/1036\/revisions\/1842"}],"wp:attachment":[{"href":"https:\/\/bangvapeofficial.com\/it\/wp-json\/wp\/v2\/media?parent=1036"}],"curies":[{"name":"wp","href":"https:\/\/api.w.org\/{rel}","templated":true}]}}