{"id":3342,"date":"2025-10-06T10:36:53","date_gmt":"2025-10-06T10:36:53","guid":{"rendered":"https:\/\/bangvapeofficial.com\/?page_id=3342"},"modified":"2025-10-06T10:55:20","modified_gmt":"2025-10-06T10:55:20","slug":"faqs","status":"publish","type":"page","link":"https:\/\/bangvapeofficial.com\/it\/faqs\/","title":{"rendered":"Domande frequenti"},"content":{"rendered":"<section class=\"section\" id=\"section_635523788\">\n\t\t<div class=\"section-bg fill\" >\n\t\t\t\t\t\t\t\t\t\n\t\t\t\n\n\t\t<\/div>\n\n\t\t\n\n\t\t<div class=\"section-content relative\">\n\t\t\t\n\n<div class=\"row\"  id=\"row-835887794\">\n\n\n\t<div id=\"col-732490785\" class=\"col medium-6 small-12 large-6\"  >\n\t\t\t\t<div class=\"col-inner\"  >\n\t\t\t\n\t\t\t\n\n<h2>Pagamento<\/h2>\n\n<div class=\"accordion\">\n\n\t<div id=\"accordion-1927717833\" class=\"accordion-item\">\n\t\t<a id=\"accordion-1927717833-label\" class=\"accordion-title plain\" href=\"#accordion-item-which-payment-methods-do-you-accept?\" aria-expanded=\"false\" aria-controls=\"accordion-1927717833-content\">\n\t\t\t<button class=\"toggle\" aria-label=\"Attiva\/Disattiva\"><i class=\"icon-angle-down\" aria-hidden=\"true\"><\/i><\/button>\n\t\t\t<span>Quali metodi di pagamento accettate?<\/span>\n\t\t<\/a>\n\t\t<div id=\"accordion-1927717833-content\" class=\"accordion-inner\" aria-labelledby=\"accordion-1927717833-label\">\n\t\t\t\n\n<p>Accettiamo diversi metodi di pagamento, tra cui carte di credito, carte di debito, criptovalute e altro ancora. \u00c8 possibile visualizzare le opzioni di pagamento disponibili nella pagina di checkout.<\/p>\n\n\n\t\t<\/div>\n\t<\/div>\n\t\n\t<div id=\"accordion-118887265\" class=\"accordion-item\">\n\t\t<a id=\"accordion-118887265-label\" class=\"accordion-title plain\" href=\"#accordion-item-why-was-my-payment-declined?\" aria-expanded=\"false\" aria-controls=\"accordion-118887265-content\">\n\t\t\t<button class=\"toggle\" aria-label=\"Attiva\/Disattiva\"><i class=\"icon-angle-down\" aria-hidden=\"true\"><\/i><\/button>\n\t\t\t<span>Perch\u00e9 il mio pagamento \u00e8 stato rifiutato?<\/span>\n\t\t<\/a>\n\t\t<div id=\"accordion-118887265-content\" class=\"accordion-inner\" aria-labelledby=\"accordion-118887265-label\">\n\t\t\t\n\n<p>I pagamenti possono essere rifiutati per vari motivi, quali informazioni errate sulla carta di credito, fondi insufficienti o problemi con il provider di pagamento. Assicuratevi che le informazioni di pagamento fornite siano accurate o contattate il vostro fornitore di pagamenti per risolvere il problema.<\/p>\n\n\n\t\t<\/div>\n\t<\/div>\n\t\n\t<div id=\"accordion-3593345991\" class=\"accordion-item\">\n\t\t<a id=\"accordion-3593345991-label\" class=\"accordion-title plain\" href=\"#accordion-item-how-can-i-obtain-an-invoice?\" aria-expanded=\"false\" aria-controls=\"accordion-3593345991-content\">\n\t\t\t<button class=\"toggle\" aria-label=\"Attiva\/Disattiva\"><i class=\"icon-angle-down\" aria-hidden=\"true\"><\/i><\/button>\n\t\t\t<span>Come posso ottenere una fattura?<\/span>\n\t\t<\/a>\n\t\t<div id=\"accordion-3593345991-content\" class=\"accordion-inner\" aria-labelledby=\"accordion-3593345991-label\">\n\t\t\t\n\n<p>\u00c8 possibile richiedere una fattura durante il checkout, che verr\u00e0 inviata via e-mail.<\/p>\n\n\n\t\t<\/div>\n\t<\/div>\n\t\n\n<\/div>\n<div class=\"accordion\">\n\n\t<div id=\"accordion-1716505745\" class=\"accordion-item\">\n\t\t<a id=\"accordion-1716505745-label\" class=\"accordion-title plain\" href=\"#accordion-item-do-you-offer-cash-on-delivery-(cod)-payment-option?\" aria-expanded=\"false\" aria-controls=\"accordion-1716505745-content\">\n\t\t\t<button class=\"toggle\" aria-label=\"Attiva\/Disattiva\"><i class=\"icon-angle-down\" aria-hidden=\"true\"><\/i><\/button>\n\t\t\t<span>Offrite l'opzione di pagamento in contrassegno?<\/span>\n\t\t<\/a>\n\t\t<div id=\"accordion-1716505745-content\" class=\"accordion-inner\" aria-labelledby=\"accordion-1716505745-label\">\n\t\t\t\n\n<p>Non offriamo il pagamento in contrassegno. Per effettuare un ordine \u00e8 necessario utilizzare i metodi di pagamento online.<\/p>\n\n\n\t\t<\/div>\n\t<\/div>\n\t\n\t<div id=\"accordion-81041009\" class=\"accordion-item\">\n\t\t<a id=\"accordion-81041009-label\" class=\"accordion-title plain\" href=\"#accordion-item-is-there-an-option-to-enter-a-discount-code-or-gift-card?\" aria-expanded=\"false\" aria-controls=\"accordion-81041009-content\">\n\t\t\t<button class=\"toggle\" aria-label=\"Attiva\/Disattiva\"><i class=\"icon-angle-down\" aria-hidden=\"true\"><\/i><\/button>\n\t\t\t<span>\u00c8 possibile inserire un codice sconto o una carta regalo?<\/span>\n\t\t<\/a>\n\t\t<div id=\"accordion-81041009-content\" class=\"accordion-inner\" aria-labelledby=\"accordion-81041009-label\">\n\t\t\t\n\n<p>S\u00ec, se si dispone di un codice sconto o di una carta regalo, \u00e8 possibile inserire le relative informazioni nella pagina di checkout per usufruire degli sconti.<\/p>\n\n\n\t\t<\/div>\n\t<\/div>\n\t\n\t<div id=\"accordion-1183649078\" class=\"accordion-item\">\n\t\t<a id=\"accordion-1183649078-label\" class=\"accordion-title plain\" href=\"#accordion-item-is-payment-secure?\" aria-expanded=\"false\" aria-controls=\"accordion-1183649078-content\">\n\t\t\t<button class=\"toggle\" aria-label=\"Attiva\/Disattiva\"><i class=\"icon-angle-down\" aria-hidden=\"true\"><\/i><\/button>\n\t\t\t<span>Il pagamento \u00e8 sicuro?<\/span>\n\t\t<\/a>\n\t\t<div id=\"accordion-1183649078-content\" class=\"accordion-inner\" aria-labelledby=\"accordion-1183649078-label\">\n\t\t\t\n\n<p>Adottiamo diverse misure per garantire la sicurezza dei pagamenti, tra cui la tecnologia di crittografia e l'elaborazione dei pagamenti conforme agli standard PCI.<\/p>\n\n\n\t\t<\/div>\n\t<\/div>\n\t\n\n<\/div>\n<div class=\"accordion\">\n\n\t<div id=\"accordion-2292955640\" class=\"accordion-item\">\n\t\t<a id=\"accordion-2292955640-label\" class=\"accordion-title plain\" href=\"#accordion-item-how-can-i-receive-an-order-confirmation-after-making-a-payment?\" aria-expanded=\"false\" aria-controls=\"accordion-2292955640-content\">\n\t\t\t<button class=\"toggle\" aria-label=\"Attiva\/Disattiva\"><i class=\"icon-angle-down\" aria-hidden=\"true\"><\/i><\/button>\n\t\t\t<span>Come posso ricevere una conferma d'ordine dopo aver effettuato un pagamento?<\/span>\n\t\t<\/a>\n\t\t<div id=\"accordion-2292955640-content\" class=\"accordion-inner\" aria-labelledby=\"accordion-2292955640-label\">\n\t\t\t\n\n<p>Riceverete un'e-mail di conferma dell'ordine subito dopo l'avvenuto pagamento, contenente informazioni dettagliate sull'ordine.<\/p>\n\n\n\t\t<\/div>\n\t<\/div>\n\t\n\t<div id=\"accordion-124828694\" class=\"accordion-item\">\n\t\t<a id=\"accordion-124828694-label\" class=\"accordion-title plain\" href=\"#accordion-item-how-can-i-request-a-refund?\" aria-expanded=\"false\" aria-controls=\"accordion-124828694-content\">\n\t\t\t<button class=\"toggle\" aria-label=\"Attiva\/Disattiva\"><i class=\"icon-angle-down\" aria-hidden=\"true\"><\/i><\/button>\n\t\t\t<span>Come posso richiedere un rimborso?<\/span>\n\t\t<\/a>\n\t\t<div id=\"accordion-124828694-content\" class=\"accordion-inner\" aria-labelledby=\"accordion-124828694-label\">\n\t\t\t\n\n<p>Se avete bisogno di un rimborso, contattate il nostro team di assistenza clienti, fornendo i dettagli dell'ordine. Vi assisteremo nell'elaborazione delle richieste di rimborso in conformit\u00e0 con la nostra politica di rimborso.<\/p>\n\n\n\t\t<\/div>\n\t<\/div>\n\t\n\t<div id=\"accordion-1601309503\" class=\"accordion-item\">\n\t\t<a id=\"accordion-1601309503-label\" class=\"accordion-title plain\" href=\"#accordion-item-how-can-i-view-my-order-history-after-making-a-payment?\" aria-expanded=\"false\" aria-controls=\"accordion-1601309503-content\">\n\t\t\t<button class=\"toggle\" aria-label=\"Attiva\/Disattiva\"><i class=\"icon-angle-down\" aria-hidden=\"true\"><\/i><\/button>\n\t\t\t<span>Come posso visualizzare lo storico degli ordini dopo aver effettuato un pagamento?<\/span>\n\t\t<\/a>\n\t\t<div id=\"accordion-1601309503-content\" class=\"accordion-inner\" aria-labelledby=\"accordion-1601309503-label\">\n\t\t\t\n\n<p>Accedere al proprio account e andare alla pagina \"Il mio account\". Nella sezione della cronologia degli ordini, \u00e8 possibile visualizzare le informazioni di pagamento e lo stato degli ordini precedenti.<\/p>\n\n\n\t\t<\/div>\n\t<\/div>\n\t\n\n<\/div>\n\n\t\t<\/div>\n\t\t\t\t\t<\/div>\n\n\t\n\n\t<div id=\"col-1134896005\" class=\"col medium-6 small-12 large-6\"  >\n\t\t\t\t<div class=\"col-inner\"  >\n\t\t\t\n\t\t\t\n\n<h2>Sicurezza<\/h2>\n\n<div class=\"accordion\">\n\n\t<div id=\"accordion-400709846\" class=\"accordion-item\">\n\t\t<a id=\"accordion-400709846-label\" class=\"accordion-title plain\" href=\"#accordion-item-how-is-website-security-ensured?\" aria-expanded=\"false\" aria-controls=\"accordion-400709846-content\">\n\t\t\t<button class=\"toggle\" aria-label=\"Attiva\/Disattiva\"><i class=\"icon-angle-down\" aria-hidden=\"true\"><\/i><\/button>\n\t\t\t<span>Come viene garantita la sicurezza del sito web?<\/span>\n\t\t<\/a>\n\t\t<div id=\"accordion-400709846-content\" class=\"accordion-inner\" aria-labelledby=\"accordion-400709846-label\">\n\t\t\t\n\n<p>Impieghiamo diversi livelli di misure di sicurezza per proteggere i vostri dati e le vostre transazioni, tra cui la crittografia dei dati, i firewall e regolari controlli di sicurezza.<\/p>\n\n\n\t\t<\/div>\n\t<\/div>\n\t\n\t<div id=\"accordion-2375733083\" class=\"accordion-item\">\n\t\t<a id=\"accordion-2375733083-label\" class=\"accordion-title plain\" href=\"#accordion-item-how-is-my-personal-information-safeguarded?\" aria-expanded=\"false\" aria-controls=\"accordion-2375733083-content\">\n\t\t\t<button class=\"toggle\" aria-label=\"Attiva\/Disattiva\"><i class=\"icon-angle-down\" aria-hidden=\"true\"><\/i><\/button>\n\t\t\t<span>Come vengono salvaguardate le mie informazioni personali?<\/span>\n\t\t<\/a>\n\t\t<div id=\"accordion-2375733083-content\" class=\"accordion-inner\" aria-labelledby=\"accordion-2375733083-label\">\n\t\t\t\n\n<p>Rispettiamo rigorosamente la nostra politica sulla privacy e non vendiamo n\u00e9 condividiamo le vostre informazioni personali. I vostri dati vengono utilizzati esclusivamente per l'elaborazione degli ordini e per fornire assistenza ai clienti.<\/p>\n\n\n\t\t<\/div>\n\t<\/div>\n\t\n\t<div id=\"accordion-3169829086\" class=\"accordion-item\">\n\t\t<a id=\"accordion-3169829086-label\" class=\"accordion-title plain\" href=\"#accordion-item-is-payment-information-secure?\" aria-expanded=\"false\" aria-controls=\"accordion-3169829086-content\">\n\t\t\t<button class=\"toggle\" aria-label=\"Attiva\/Disattiva\"><i class=\"icon-angle-down\" aria-hidden=\"true\"><\/i><\/button>\n\t\t\t<span>Le informazioni di pagamento sono sicure?<\/span>\n\t\t<\/a>\n\t\t<div id=\"accordion-3169829086-content\" class=\"accordion-inner\" aria-labelledby=\"accordion-3169829086-label\">\n\t\t\t\n\n<p>Utilizziamo un sistema di elaborazione dei pagamenti sicuro, conforme agli standard PCI, per garantire la sicurezza dei vostri dati di pagamento.<\/p>\n\n\n\t\t<\/div>\n\t<\/div>\n\t\n\n<\/div>\n<div class=\"accordion\">\n\n\t<div id=\"accordion-2428278133\" class=\"accordion-item\">\n\t\t<a id=\"accordion-2428278133-label\" class=\"accordion-title plain\" href=\"#accordion-item-how-can-i-create-a-strong-password?\" aria-expanded=\"false\" aria-controls=\"accordion-2428278133-content\">\n\t\t\t<button class=\"toggle\" aria-label=\"Attiva\/Disattiva\"><i class=\"icon-angle-down\" aria-hidden=\"true\"><\/i><\/button>\n\t\t\t<span>Come posso creare una password forte?<\/span>\n\t\t<\/a>\n\t\t<div id=\"accordion-2428278133-content\" class=\"accordion-inner\" aria-labelledby=\"accordion-2428278133-label\">\n\t\t\t\n\n<p>Per creare una password forte \u00e8 necessario utilizzare una combinazione di lettere, numeri e caratteri speciali, evitando informazioni facilmente intuibili come la data di nascita. Anche cambiare regolarmente la password \u00e8 un modo per aumentare la sicurezza.<\/p>\n\n\n\t\t<\/div>\n\t<\/div>\n\t\n\t<div id=\"accordion-2515652471\" class=\"accordion-item\">\n\t\t<a id=\"accordion-2515652471-label\" class=\"accordion-title plain\" href=\"#accordion-item-how-can-i-verify-the-authenticity-of-the-website?\" aria-expanded=\"false\" aria-controls=\"accordion-2515652471-content\">\n\t\t\t<button class=\"toggle\" aria-label=\"Attiva\/Disattiva\"><i class=\"icon-angle-down\" aria-hidden=\"true\"><\/i><\/button>\n\t\t\t<span>Come posso verificare l'autenticit\u00e0 del sito web?<\/span>\n\t\t<\/a>\n\t\t<div id=\"accordion-2515652471-content\" class=\"accordion-inner\" aria-labelledby=\"accordion-2515652471-label\">\n\t\t\t\n\n<p>Controllate l'URL del sito per verificare che corrisponda a quello del sito ufficiale. Inoltre, cercate il certificato SSL, che dovrebbe indicare che il sito \u00e8 sicuro.<\/p>\n\n\n\t\t<\/div>\n\t<\/div>\n\t\n\t<div id=\"accordion-3088874546\" class=\"accordion-item\">\n\t\t<a id=\"accordion-3088874546-label\" class=\"accordion-title plain\" href=\"#accordion-item-how-do-i-report-suspicious-activity?\" aria-expanded=\"false\" aria-controls=\"accordion-3088874546-content\">\n\t\t\t<button class=\"toggle\" aria-label=\"Attiva\/Disattiva\"><i class=\"icon-angle-down\" aria-hidden=\"true\"><\/i><\/button>\n\t\t\t<span>Come posso segnalare un'attivit\u00e0 sospetta?<\/span>\n\t\t<\/a>\n\t\t<div id=\"accordion-3088874546-content\" class=\"accordion-inner\" aria-labelledby=\"accordion-3088874546-label\">\n\t\t\t\n\n<p>Se si riscontrano attivit\u00e0 sospette o problemi di sicurezza, si prega di contattare immediatamente il nostro servizio clienti. Indagheremo e adotteremo le misure necessarie.<\/p>\n\n\n\t\t<\/div>\n\t<\/div>\n\t\n\n<\/div>\n<div class=\"accordion\">\n\n\t<div id=\"accordion-2502980358\" class=\"accordion-item\">\n\t\t<a id=\"accordion-2502980358-label\" class=\"accordion-title plain\" href=\"#accordion-item-are-there-anti-phishing-measures-in-place?\" aria-expanded=\"false\" aria-controls=\"accordion-2502980358-content\">\n\t\t\t<button class=\"toggle\" aria-label=\"Attiva\/Disattiva\"><i class=\"icon-angle-down\" aria-hidden=\"true\"><\/i><\/button>\n\t\t\t<span>Sono state adottate misure anti-phishing?<\/span>\n\t\t<\/a>\n\t\t<div id=\"accordion-2502980358-content\" class=\"accordion-inner\" aria-labelledby=\"accordion-2502980358-label\">\n\t\t\t\n\n<p>S\u00ec, abbiamo implementato misure anti-phishing per aiutare a prevenire attivit\u00e0 fraudolente su siti web ed e-mail dannose.<\/p>\n\n\n\t\t<\/div>\n\t<\/div>\n\t\n\n<\/div>\n\n\t\t<\/div>\n\t\t\t\t\t<\/div>\n\n\t\n\n\t<div id=\"col-369658536\" class=\"col medium-6 small-12 large-6\"  >\n\t\t\t\t<div class=\"col-inner\"  >\n\t\t\t\n\t\t\t\n\n<h2>Spedizione<\/h2>\n\n<div class=\"accordion\">\n\n\t<div id=\"accordion-37111791\" class=\"accordion-item\">\n\t\t<a id=\"accordion-37111791-label\" class=\"accordion-title plain\" href=\"#accordion-item-what&#039;s-the-shipping-policy?\" aria-expanded=\"false\" aria-controls=\"accordion-37111791-content\">\n\t\t\t<button class=\"toggle\" aria-label=\"Attiva\/Disattiva\"><i class=\"icon-angle-down\" aria-hidden=\"true\"><\/i><\/button>\n\t\t\t<span>Qual \u00e8 la politica di spedizione?<\/span>\n\t\t<\/a>\n\t\t<div id=\"accordion-37111791-content\" class=\"accordion-inner\" aria-labelledby=\"accordion-37111791-label\">\n\t\t\t\n\n<p>Spedizione gratuita negli Stati Uniti e in Australia.<br \/>\nI paesi in cui possiamo spedire con il metodo DDP (Delivery duty paid) non richiedono lo sdoganamento e non ci sono dazi per voi.<\/p>\n<p>USA - UPS Express (tranne Alaska e Hawaii)<br \/>\nRegno Unito - Locale DPD Express<br \/>\nEuropa - UPS Express\/ DPD Express\/ DHL Express<br \/>\nElenchi di Paesi del Metodo DDP Europa: Germania, Belgio, Lussemburgo, Paesi Bassi, Repubblica Ceca, Polonia, Croazia, Slovacchia, Slovenia, Finlandia, Danimarca, Svezia, Austria, Francia, Italia, Ungheria, Bulgaria, Lituania, Estonia, Lettonia, Grecia, Irlanda, Portogallo, Spagna.<\/p>\n<p>Le spedizioni verso i paesi europei, ad eccezione del Regno Unito, saranno sdoganate in Germania e spedite in altri paesi europei dalla Germania.<\/p>\n<p>Emirati Arabi Uniti (solo Dubai)<br \/>\nSudafrica<br \/>\nVietnam<br \/>\nMalesia occidentale (isola di Kalimantan)<\/p>\n<table>\n<thead>\n<tr>\n<th>Paese<\/th>\n<th>Metodo di spedizione<\/th>\n<th>Tempo di spedizione<\/th>\n<\/tr>\n<\/thead>\n<tbody>\n<tr>\n<td>STATI UNITI D'AMERICA<\/td>\n<td>Locale UPS Ground<\/td>\n<td>10~15 giorni<\/td>\n<\/tr>\n<tr>\n<td>REGNO UNITO<\/td>\n<td>DPD Express locale<\/td>\n<td>7~12 giorni<\/td>\n<\/tr>\n<tr>\n<td>Germania<\/td>\n<td>UPS\/DPD\/DHL Germania<\/td>\n<td>8~15 giorni<\/td>\n<\/tr>\n<tr>\n<td>Francia<\/td>\n<td>UPS\/DPD\/DHL Germania<\/td>\n<td>10~15 giorni<\/td>\n<\/tr>\n<tr>\n<td>Belgio<\/td>\n<td>UPS\/DPD\/DHL Germania<\/td>\n<td>10~15 giorni<\/td>\n<\/tr>\n<tr>\n<td>Lussemburgo<\/td>\n<td>UPS\/DPD\/DHL Germania<\/td>\n<td>10~15 giorni<\/td>\n<\/tr>\n<tr>\n<td>Paesi Bassi<\/td>\n<td>UPS\/DPD\/DHL Germania<\/td>\n<td>10~15 giorni<\/td>\n<\/tr>\n<tr>\n<td>Repubblica Ceca<\/td>\n<td>UPS\/DPD\/DHL Germania<\/td>\n<td>10~15 giorni<\/td>\n<\/tr>\n<tr>\n<td>Polonia<\/td>\n<td>UPS\/DPD\/DHL Germania<\/td>\n<td>10~15 giorni<\/td>\n<\/tr>\n<tr>\n<td>Croazia<\/td>\n<td>UPS\/DPD\/DHL Germania<\/td>\n<td>10~15 giorni<\/td>\n<\/tr>\n<tr>\n<td>Slovacchia<\/td>\n<td>UPS\/DPD\/DHL Germania<\/td>\n<td>10~15 giorni<\/td>\n<\/tr>\n<tr>\n<td>Slovenia<\/td>\n<td>UPS\/DPD\/DHL Germania<\/td>\n<td>10~15 giorni<\/td>\n<\/tr>\n<tr>\n<td>Finlandia<\/td>\n<td>UPS\/DPD\/DHL Germania<\/td>\n<td>10~15 giorni<\/td>\n<\/tr>\n<tr>\n<td>Danimarca<\/td>\n<td>UPS\/DPD\/DHL Germania<\/td>\n<td>10~15 giorni<\/td>\n<\/tr>\n<tr>\n<td>Svezia<\/td>\n<td>UPS\/DPD\/DHL Germania<\/td>\n<td>10~15 giorni<\/td>\n<\/tr>\n<tr>\n<td>Austria<\/td>\n<td>UPS\/DPD\/DHL Germania<\/td>\n<td>10~15 giorni<\/td>\n<\/tr>\n<tr>\n<td>Italia<\/td>\n<td>UPS\/DPD\/DHL Germania<\/td>\n<td>10~15 giorni<\/td>\n<\/tr>\n<tr>\n<td>Ungheria<\/td>\n<td>UPS\/DPD\/DHL Germania<\/td>\n<td>10~15 giorni<\/td>\n<\/tr>\n<tr>\n<td>Lituania<\/td>\n<td>UPS\/DPD\/DHL Germania<\/td>\n<td>10~15 giorni<\/td>\n<\/tr>\n<tr>\n<td>Estonia<\/td>\n<td>UPS\/DPD\/DHL Germania<\/td>\n<td>10~15 giorni<\/td>\n<\/tr>\n<tr>\n<td>Lettonia<\/td>\n<td>UPS\/DPD\/DHL Germania<\/td>\n<td>10~15 giorni<\/td>\n<\/tr>\n<tr>\n<td>Grecia<\/td>\n<td>UPS\/DPD\/DHL Germania<\/td>\n<td>10~15 giorni<\/td>\n<\/tr>\n<tr>\n<td>Irlanda<\/td>\n<td>UPS\/DPD\/DHL Germania<\/td>\n<td>10~15 giorni<\/td>\n<\/tr>\n<tr>\n<td>Portogallo<\/td>\n<td>UPS\/DPD\/DHL Germania<\/td>\n<td>10~15 giorni<\/td>\n<\/tr>\n<tr>\n<td>Spagna<\/td>\n<td>UPS\/DPD\/DHL Germania<\/td>\n<td>10~15 giorni<\/td>\n<\/tr>\n<tr>\n<td>Emirati Arabi Uniti (solo Dubai)<\/td>\n<td>Linea dedicata a Dubai<\/td>\n<td>12~18 giorni<\/td>\n<\/tr>\n<tr>\n<td>Sudafrica<\/td>\n<td>Linea dedicata al Sudafrica<\/td>\n<td>15~25 giorni<\/td>\n<\/tr>\n<tr>\n<td>Vietnam<\/td>\n<td>Linea dedicata al Vietnam<\/td>\n<td>3~5 giorni<\/td>\n<\/tr>\n<tr>\n<td>Malesia occidentale<\/td>\n<td>Linea dedicata alla Malesia<\/td>\n<td>4~8 giorni<\/td>\n<\/tr>\n<\/tbody>\n<\/table>\n<p>Altri paesi<br \/>\nAd eccezione di questi paesi elencati sopra, \u00e8 necessario fare lo sdoganamento e pagare i dazi quando il pacchetto \u00e8 arrivato alla vostra dogana, per quanto riguarda quanta tassa \u00e8 necessario pagare, si prega di indagine doganale locale per i dettagli.<\/p>\n<p>La dogana potrebbe richiedere anche la licenza commerciale. (se presente)<\/p>\n\n\n\t\t<\/div>\n\t<\/div>\n\t\n\t<div id=\"accordion-556909832\" class=\"accordion-item\">\n\t\t<a id=\"accordion-556909832-label\" class=\"accordion-title plain\" href=\"#accordion-item-how-are-shipping-costs-calculated?\" aria-expanded=\"false\" aria-controls=\"accordion-556909832-content\">\n\t\t\t<button class=\"toggle\" aria-label=\"Attiva\/Disattiva\"><i class=\"icon-angle-down\" aria-hidden=\"true\"><\/i><\/button>\n\t\t\t<span>Come vengono calcolate le spese di spedizione?<\/span>\n\t\t<\/a>\n\t\t<div id=\"accordion-556909832-content\" class=\"accordion-inner\" aria-labelledby=\"accordion-556909832-label\">\n\t\t\t\n\n<p>Le spese di spedizione sono in genere calcolate in base al peso degli articoli, alla destinazione della spedizione e al metodo di spedizione selezionato. \u00c8 possibile visualizzare il costo della spedizione durante il checkout.<\/p>\n\n\n\t\t<\/div>\n\t<\/div>\n\t\n\t<div id=\"accordion-2233984597\" class=\"accordion-item\">\n\t\t<a id=\"accordion-2233984597-label\" class=\"accordion-title plain\" href=\"#accordion-item-what-should-i-do-if-my-package-is-lost-or-delayed?\" aria-expanded=\"false\" aria-controls=\"accordion-2233984597-content\">\n\t\t\t<button class=\"toggle\" aria-label=\"Attiva\/Disattiva\"><i class=\"icon-angle-down\" aria-hidden=\"true\"><\/i><\/button>\n\t\t\t<span>Cosa devo fare se il mio pacco viene smarrito o ritardato?<\/span>\n\t\t<\/a>\n\t\t<div id=\"accordion-2233984597-content\" class=\"accordion-inner\" aria-labelledby=\"accordion-2233984597-label\">\n\t\t\t\n\n<p>Accordion Se il pacco viene smarrito o subisce un ritardo significativo, si prega di contattare il nostro team di assistenza clienti. Indagheremo e vi aiuteremo a risolvere il problema.Contenuto<\/p>\n\n\n\t\t<\/div>\n\t<\/div>\n\t\n\n<\/div>\n<div class=\"accordion\">\n\n\t<div id=\"accordion-2442729204\" class=\"accordion-item\">\n\t\t<a id=\"accordion-2442729204-label\" class=\"accordion-title plain\" href=\"#accordion-item-how-can-i-track-my-order?\" aria-expanded=\"false\" aria-controls=\"accordion-2442729204-content\">\n\t\t\t<button class=\"toggle\" aria-label=\"Attiva\/Disattiva\"><i class=\"icon-angle-down\" aria-hidden=\"true\"><\/i><\/button>\n\t\t\t<span>Come posso seguire il mio ordine?<\/span>\n\t\t<\/a>\n\t\t<div id=\"accordion-2442729204-content\" class=\"accordion-inner\" aria-labelledby=\"accordion-2442729204-label\">\n\t\t\t\n\n<p>\u00c8 possibile seguire il proprio ordine accedendo al proprio account e alla sezione \"Cronologia ordini\". Le informazioni sulla tracciabilit\u00e0 dell'ordine vengono inviate anche via e-mail.<\/p>\n\n\n\t\t<\/div>\n\t<\/div>\n\t\n\t<div id=\"accordion-3199727300\" class=\"accordion-item\">\n\t\t<a id=\"accordion-3199727300-label\" class=\"accordion-title plain\" href=\"#accordion-item-do-i-need-to-pay-customs-duties?\" aria-expanded=\"false\" aria-controls=\"accordion-3199727300-content\">\n\t\t\t<button class=\"toggle\" aria-label=\"Attiva\/Disattiva\"><i class=\"icon-angle-down\" aria-hidden=\"true\"><\/i><\/button>\n\t\t\t<span>Devo pagare i dazi doganali?<\/span>\n\t\t<\/a>\n\t\t<div id=\"accordion-3199727300-content\" class=\"accordion-inner\" aria-labelledby=\"accordion-3199727300-label\">\n\t\t\t\n\n<p>Attualmente non \u00e8 richiesto, tranne che in Canada, Danimarca e Svizzera.<\/p>\n\n\n\t\t<\/div>\n\t<\/div>\n\t\n\t<div id=\"accordion-1602896051\" class=\"accordion-item\">\n\t\t<a id=\"accordion-1602896051-label\" class=\"accordion-title plain\" href=\"#accordion-item-what-is-the-estimated-shipping-time?\" aria-expanded=\"false\" aria-controls=\"accordion-1602896051-content\">\n\t\t\t<button class=\"toggle\" aria-label=\"Attiva\/Disattiva\"><i class=\"icon-angle-down\" aria-hidden=\"true\"><\/i><\/button>\n\t\t\t<span>Qual \u00e8 il tempo di spedizione previsto?<\/span>\n\t\t<\/a>\n\t\t<div id=\"accordion-1602896051-content\" class=\"accordion-inner\" aria-labelledby=\"accordion-1602896051-label\">\n\t\t\t\n\n<p>A seconda del prodotto, i tempi di stoccaggio sono di 1-5 giorni e i tempi di spedizione di 7-15 giorni.<\/p>\n\n\n\t\t<\/div>\n\t<\/div>\n\t\n\n<\/div>\n<div class=\"accordion\">\n\n\n<\/div>\n\n\t\t<\/div>\n\t\t\t\t\t<\/div>\n\n\t\n\n\t<div id=\"col-1917952756\" class=\"col medium-6 small-12 large-6\"  >\n\t\t\t\t<div class=\"col-inner\"  >\n\t\t\t\n\t\t\t\n\n<h2>Restituzioni<\/h2>\n\n<div class=\"accordion\">\n\n\t<div id=\"accordion-3717427520\" class=\"accordion-item\">\n\t\t<a id=\"accordion-3717427520-label\" class=\"accordion-title plain\" href=\"#accordion-item-i-would-like-to-change-my-ordered-items.-what-should-i-do?\" aria-expanded=\"false\" aria-controls=\"accordion-3717427520-content\">\n\t\t\t<button class=\"toggle\" aria-label=\"Attiva\/Disattiva\"><i class=\"icon-angle-down\" aria-hidden=\"true\"><\/i><\/button>\n\t\t\t<span>Desidero modificare gli articoli ordinati. Cosa devo fare?<\/span>\n\t\t<\/a>\n\t\t<div id=\"accordion-3717427520-content\" class=\"accordion-inner\" aria-labelledby=\"accordion-3717427520-label\">\n\t\t\t\n\n<p>\u00c8 possibile modificare l'ordine entro le 23:00 (PDT -7 GMT) dello stesso giorno in cui \u00e8 stato effettuato. Contattateci all'indirizzo hi@bangvapeofficial.com per richiedere modifiche.<\/p>\n\n\n\t\t<\/div>\n\t<\/div>\n\t\n\t<div id=\"accordion-1469190626\" class=\"accordion-item\">\n\t\t<a id=\"accordion-1469190626-label\" class=\"accordion-title plain\" href=\"#accordion-item-how-do-i-return-a-product?\" aria-expanded=\"false\" aria-controls=\"accordion-1469190626-content\">\n\t\t\t<button class=\"toggle\" aria-label=\"Attiva\/Disattiva\"><i class=\"icon-angle-down\" aria-hidden=\"true\"><\/i><\/button>\n\t\t\t<span>Come si restituisce un prodotto?<\/span>\n\t\t<\/a>\n\t\t<div id=\"accordion-1469190626-content\" class=\"accordion-inner\" aria-labelledby=\"accordion-1469190626-label\">\n\t\t\t\n\n<p>Abbiamo una politica di restituzione di 15 giorni, che consente di richiedere una restituzione entro 15 giorni dalla ricezione dell'articolo.<\/p>\n<p>Per poter effettuare un reso, l'articolo deve essere nelle stesse condizioni in cui \u00e8 stato ricevuto, non indossato o non utilizzato, con i cartellini e nella confezione originale. \u00c8 inoltre necessaria la ricevuta o la prova d'acquisto.<\/p>\n<p>Per avviare un reso, contattateci all'indirizzo hi@bangvapeofficial.com. Se il reso viene accettato, vi forniremo un'etichetta per la spedizione del reso e le istruzioni su come e dove inviare il pacco. Gli articoli rispediti a noi senza una preventiva richiesta di reso non saranno accettati.<\/p>\n<p>Non esitate a contattarci all'indirizzo hi@bangvapeofficial.com per qualsiasi domanda relativa ai resi.<\/p>\n\n\n\t\t<\/div>\n\t<\/div>\n\t\n\n<\/div>\n<div class=\"accordion\">\n\n\n<\/div>\n<div class=\"accordion\">\n\n\n<\/div>\n\n\t\t<\/div>\n\t\t\t\t\t<\/div>\n\n\t\n\n<\/div>\n\n\t\t<\/div>\n\n\t\t\n<style>\n#section_635523788 {\n  padding-top: 30px;\n  padding-bottom: 30px;\n}\n<\/style>\n\t<\/section>","protected":false},"excerpt":{"rendered":"","protected":false},"author":1,"featured_media":0,"parent":0,"menu_order":0,"comment_status":"closed","ping_status":"closed","template":"","meta":{"_acf_changed":false,"bwfblock_default_font":"","footnotes":""},"class_list":["post-3342","page","type-page","status-publish","hentry"],"acf":[],"_links":{"self":[{"href":"https:\/\/bangvapeofficial.com\/it\/wp-json\/wp\/v2\/pages\/3342","targetHints":{"allow":["GET"]}}],"collection":[{"href":"https:\/\/bangvapeofficial.com\/it\/wp-json\/wp\/v2\/pages"}],"about":[{"href":"https:\/\/bangvapeofficial.com\/it\/wp-json\/wp\/v2\/types\/page"}],"author":[{"embeddable":true,"href":"https:\/\/bangvapeofficial.com\/it\/wp-json\/wp\/v2\/users\/1"}],"replies":[{"embeddable":true,"href":"https:\/\/bangvapeofficial.com\/it\/wp-json\/wp\/v2\/comments?post=3342"}],"version-history":[{"count":4,"href":"https:\/\/bangvapeofficial.com\/it\/wp-json\/wp\/v2\/pages\/3342\/revisions"}],"predecessor-version":[{"id":3347,"href":"https:\/\/bangvapeofficial.com\/it\/wp-json\/wp\/v2\/pages\/3342\/revisions\/3347"}],"wp:attachment":[{"href":"https:\/\/bangvapeofficial.com\/it\/wp-json\/wp\/v2\/media?parent=3342"}],"curies":[{"name":"wp","href":"https:\/\/api.w.org\/{rel}","templated":true}]}}