{"id":100,"date":"2025-09-28T09:08:42","date_gmt":"2025-09-28T09:08:42","guid":{"rendered":"https:\/\/bangvapeofficial.com\/?post_type=product&#038;p=100"},"modified":"2025-10-05T07:16:45","modified_gmt":"2025-10-05T07:16:45","slug":"bang-blaze-shisha-40000","status":"publish","type":"product","link":"https:\/\/bangvapeofficial.com\/it\/prodotto\/bang-blaze-shisha-40000\/","title":{"rendered":"Bang Blaze Shisha 40000 - Ricaricabile, ricaricabile, pronto per la vendita all'ingrosso"},"content":{"rendered":"<h2>Bang Blaze Shisha 40000<\/h2>\n<h3>40K boccate | 40ML di capacit\u00e0 | Batteria da 1000mAh | Olio ricaricabile | Ricarica Type-C<\/h3>\n<p>Bang Blaze Shisha 40000 Disposable Vape \u00e8 una sigaretta elettronica ricaricabile di alto livello, progettata per ottenere il massimo delle prestazioni e della convenienza. Con un'enorme capacit\u00e0 di 40.000 puff, un serbatoio ricaricabile da 40ML, una bobina da 0,6\u03a9 e una batteria ricaricabile Type-C da 1000mAh, questo dispositivo offre un'esperienza di svapo ricca e costante, ideale per gli utenti occasionali, i rivenditori e le sale da narghil\u00e8.Offerto da OKOvape, questo dispositivo \u00e8 uno dei preferiti all'ingrosso, perfetto per i rivenditori che cercano dispositivi shisha di qualit\u00e0 superiore con un'usabilit\u00e0 a lungo termine e un'ampia clientela.<\/p>\n<p><img loading=\"lazy\" decoding=\"async\" class=\"alignnone size-full wp-image-3246\" src=\"https:\/\/bangvapeofficial.com\/wp-content\/uploads\/2025\/09\/Bang-Blaze-Shisha-40000-6-scaled-1.webp\" width=\"1045\" height=\"2560\" alt=\"Bang-Blaze-Shisha-40000-6-scaled-1\" title=\"Bang-Blaze-Shisha-40000-6-scaled-1\" srcset=\"https:\/\/bangvapeofficial.com\/wp-content\/uploads\/2025\/09\/Bang-Blaze-Shisha-40000-6-scaled-1.webp 1045w, https:\/\/bangvapeofficial.com\/wp-content\/uploads\/2025\/09\/Bang-Blaze-Shisha-40000-6-scaled-1-122x300.webp 122w, https:\/\/bangvapeofficial.com\/wp-content\/uploads\/2025\/09\/Bang-Blaze-Shisha-40000-6-scaled-1-418x1024.webp 418w, https:\/\/bangvapeofficial.com\/wp-content\/uploads\/2025\/09\/Bang-Blaze-Shisha-40000-6-scaled-1-768x1881.webp 768w, https:\/\/bangvapeofficial.com\/wp-content\/uploads\/2025\/09\/Bang-Blaze-Shisha-40000-6-scaled-1-627x1536.webp 627w, https:\/\/bangvapeofficial.com\/wp-content\/uploads\/2025\/09\/Bang-Blaze-Shisha-40000-6-scaled-1-836x2048.webp 836w, https:\/\/bangvapeofficial.com\/wp-content\/uploads\/2025\/09\/Bang-Blaze-Shisha-40000-6-scaled-1-600x1470.webp 600w\" sizes=\"auto, (max-width: 1045px) 100vw, 1045px\" \/><\/p>\n<h3>Caratteristiche principali<\/h3>\n<ul>\n<li>Capacit\u00e0 di 40.000 soffi - Progettato per prestazioni di lunga durata<\/li>\n<li>Serbatoio ricaricabile da 40ML - Facile da riempire, riduce gli sprechi e i costi nel tempo.<\/li>\n<li>Opzioni di nicotina - Disponibili in 0%, 2%, 3% e 5%.<\/li>\n<li>Bobina a rete da 0,6 \u03a9 - Offre un sapore migliore e una produzione di vapore omogenea<\/li>\n<li>Batteria da 1000 mAh - Ricaricabile tramite Type-C per un'alimentazione veloce e affidabile<\/li>\n<li>Elegante ed ergonomico - Design compatto perfetto per l'uso personale o al dettaglio<\/li>\n<li>Pronto all'ingrosso - Confezionato in 10 unit\u00e0\/scatola, 200 unit\u00e0\/cartone<\/li>\n<\/ul>\n<h3>Opzioni di gusto (12 disponibili)<\/h3>\n<ol>\n<li>Anguria<\/li>\n<li>Anguria Fragola<\/li>\n<li>Pina Colada<\/li>\n<li>Ghiaccio alla fragola<\/li>\n<li>Red Bull<\/li>\n<li>Ghiaccio alla pesca<\/li>\n<li>Ghiaccio al mirtillo<\/li>\n<li>Mirtillo Lampone<\/li>\n<li>Uva in fiore di ciliegio<\/li>\n<li>Mele doppie<\/li>\n<li>Frutta mista<\/li>\n<li>Mango e pesca<\/li>\n<\/ol>\n<h3>Perch\u00e9 scegliere Bang Blaze Shisha 40000?<\/h3>\n<ul>\n<li>Serbatoio ricaricabile - Per ottenere di pi\u00f9 da ogni unit\u00e0<\/li>\n<li>Lunga durata della batteria - cella da 1000 mAh costruita per durare nel tempo<\/li>\n<li>Livelli di nicotina personalizzati - Da 0% nicotina a 5% opzioni<\/li>\n<li>Sapore superiore - Bobina a rete per nuvole saporite e colpi di gola morbidi<\/li>\n<li>Confezioni all'ingrosso - Soluzione conveniente per la vendita all'ingrosso B2B o al dettaglio<\/li>\n<\/ul>","protected":false},"excerpt":{"rendered":"<p>Bang Blaze Shisha 40000 offre 40K boccate, un serbatoio ricaricabile da 40ML, bobina a rete, batteria da 1000mAh e 12 aromi. Ricaricabile di tipo C. Disponibile con nicotina 0%-5%.<\/p>","protected":false},"featured_media":2688,"comment_status":"open","ping_status":"closed","template":"","meta":{"_acf_changed":false,"bwfblock_default_font":""},"product_brand":[],"product_cat":[17],"product_tag":[23,36,266,265,27],"class_list":{"0":"post-100","1":"product","2":"type-product","3":"status-publish","4":"has-post-thumbnail","6":"product_cat-bang-vapes","7":"product_tag-40k-puffs","8":"product_tag-hugo-vapor-shisha","9":"product_tag-refillable","10":"product_tag-shisha","11":"product_tag-with-liquild","13":"first","14":"instock","15":"sale","16":"shipping-taxable","17":"purchasable","18":"product-type-variable"},"acf":[],"_links":{"self":[{"href":"https:\/\/bangvapeofficial.com\/it\/wp-json\/wp\/v2\/product\/100","targetHints":{"allow":["GET"]}}],"collection":[{"href":"https:\/\/bangvapeofficial.com\/it\/wp-json\/wp\/v2\/product"}],"about":[{"href":"https:\/\/bangvapeofficial.com\/it\/wp-json\/wp\/v2\/types\/product"}],"replies":[{"embeddable":true,"href":"https:\/\/bangvapeofficial.com\/it\/wp-json\/wp\/v2\/comments?post=100"}],"wp:featuredmedia":[{"embeddable":true,"href":"https:\/\/bangvapeofficial.com\/it\/wp-json\/wp\/v2\/media\/2688"}],"wp:attachment":[{"href":"https:\/\/bangvapeofficial.com\/it\/wp-json\/wp\/v2\/media?parent=100"}],"wp:term":[{"taxonomy":"product_brand","embeddable":true,"href":"https:\/\/bangvapeofficial.com\/it\/wp-json\/wp\/v2\/product_brand?post=100"},{"taxonomy":"product_cat","embeddable":true,"href":"https:\/\/bangvapeofficial.com\/it\/wp-json\/wp\/v2\/product_cat?post=100"},{"taxonomy":"product_tag","embeddable":true,"href":"https:\/\/bangvapeofficial.com\/it\/wp-json\/wp\/v2\/product_tag?post=100"}],"curies":[{"name":"wp","href":"https:\/\/api.w.org\/{rel}","templated":true}]}}