{"id":102,"date":"2025-09-28T09:08:45","date_gmt":"2025-09-28T09:08:45","guid":{"rendered":"https:\/\/bangvapeofficial.com\/?post_type=product&#038;p=102"},"modified":"2025-10-05T06:51:27","modified_gmt":"2025-10-05T06:51:27","slug":"bang-king-12000","status":"publish","type":"product","link":"https:\/\/bangvapeofficial.com\/it\/prodotto\/bang-king-12000\/","title":{"rendered":"Bang King 12000 Porsche - 12.000 soffi di potenza e stile"},"content":{"rendered":"<h2>Bang King 12000 Porsche<\/h2>\n<h3>Design a forma di proiettile | 18 ml di liquido elettronico | Batteria da 550 mAh | Bobina a rete | Ricarica di tipo C<\/h3>\n<p>Combinando un design elegante con prestazioni di lunga durata, Bang King 12000 Porsche Disposable Vape offre 12.000 boccate di vapore morbido e saporito alimentato da una batteria ricaricabile da 550 mAh. Con 18 ml di e-liquid, riscaldamento della bobina a rete e ricarica rapida Type-C, questo dispositivo offre un'esperienza di svapo di alta qualit\u00e0 e senza problemi in un corpo audace a forma di proiettile.<\/p>\n<h3>Caratteristiche principali<\/h3>\n<ul>\n<li>12.000 soffi - Costruito per un utilizzo prolungato<\/li>\n<li>Capacit\u00e0 di 18 ml di liquido elettronico - Meno ricariche, pi\u00f9 soddisfazione<\/li>\n<li>Batteria da 550 mAh - Potenza costante con ricarica rapida USB Type-C<\/li>\n<li>Bobina a rete da 1,2\u03a9 - Riscaldamento avanzato per un sapore ricco e omogeneo<\/li>\n<li>Opzioni di nicotina - Disponibile nelle gradazioni 0%, 2%, 3% e 5%.<\/li>\n<li>Design ispirato ai proiettili: unico, elegante ed ergonomico<\/li>\n<li>12 gusti disponibili: qualcosa per ogni palato<\/li>\n<li>Confezione sfusa - 10 pezzi\/scatola per la vendita al dettaglio o la rivendita<\/li>\n<\/ul>\n<h3>Gusti disponibili<\/h3>\n<ul>\n<li>Anguria<\/li>\n<li>Anguria alla fragola<\/li>\n<li>Ghiaccio al mirtillo<\/li>\n<li>Mirtillo Lampone<\/li>\n<li>Mango alla fragola<\/li>\n<li>Drago Nero di Ghiaccio<\/li>\n<li>Ciliegia Cola<\/li>\n<li>Mirtillo Uva<\/li>\n<li>Tripla bacca<\/li>\n<li>Fragola Kiwi<\/li>\n<li>Ghiaccio alla pesca<\/li>\n<li>Anguria Bubblegum<\/li>\n<\/ul>\n<h3>Perch\u00e9 scegliere il Bang King 12000 Porsche?<\/h3>\n<p>Per i vapers che desiderano un mix di prestazioni, portabilit\u00e0 e personalit\u00e0, Bang King Porsche 12K \u00e8 la soluzione perfetta. Il numero di boccate di lunga durata, il design moderno e il sistema di bobine a maglia liscia lo rendono ideale per l'uso quotidiano, sia per i nuovi utenti che per gli appassionati pi\u00f9 esperti.<\/p>\n<p><img loading=\"lazy\" decoding=\"async\" class=\"alignnone size-full wp-image-3244\" src=\"https:\/\/bangvapeofficial.com\/wp-content\/uploads\/2025\/09\/Vaper12K-Bang-E-Cig-Wholesale-Vaporizer-Price-12000-Puff-Disposable-Smoking-12000-12K-Vape-Bang-King.webp\" width=\"1060\" height=\"1855\" alt=\"Vaper12K-Bang-E-Cig-Wholesale-Vaporizer-Price-12000-Puff-Disposable-Smoking-12000-12K-Vape-Bang-King\" title=\"Vaper12K-Bang-E-Cig-Wholesale-Vaporizer-Price-12000-Puff-Disposable-Smoking-12000-12K-Vape-Bang-King\" srcset=\"https:\/\/bangvapeofficial.com\/wp-content\/uploads\/2025\/09\/Vaper12K-Bang-E-Cig-Wholesale-Vaporizer-Price-12000-Puff-Disposable-Smoking-12000-12K-Vape-Bang-King.webp 1060w, https:\/\/bangvapeofficial.com\/wp-content\/uploads\/2025\/09\/Vaper12K-Bang-E-Cig-Wholesale-Vaporizer-Price-12000-Puff-Disposable-Smoking-12000-12K-Vape-Bang-King-171x300.webp 171w, https:\/\/bangvapeofficial.com\/wp-content\/uploads\/2025\/09\/Vaper12K-Bang-E-Cig-Wholesale-Vaporizer-Price-12000-Puff-Disposable-Smoking-12000-12K-Vape-Bang-King-585x1024.webp 585w, https:\/\/bangvapeofficial.com\/wp-content\/uploads\/2025\/09\/Vaper12K-Bang-E-Cig-Wholesale-Vaporizer-Price-12000-Puff-Disposable-Smoking-12000-12K-Vape-Bang-King-768x1344.webp 768w, https:\/\/bangvapeofficial.com\/wp-content\/uploads\/2025\/09\/Vaper12K-Bang-E-Cig-Wholesale-Vaporizer-Price-12000-Puff-Disposable-Smoking-12000-12K-Vape-Bang-King-878x1536.webp 878w, https:\/\/bangvapeofficial.com\/wp-content\/uploads\/2025\/09\/Vaper12K-Bang-E-Cig-Wholesale-Vaporizer-Price-12000-Puff-Disposable-Smoking-12000-12K-Vape-Bang-King-600x1050.webp 600w\" sizes=\"auto, (max-width: 1060px) 100vw, 1060px\" \/><\/p>","protected":false},"excerpt":{"rendered":"<p class=\"\" data-start=\"2058\" data-end=\"2214\">Bang King 12000 Porsche offre 12.000 boccate, un e-liquid da 18 ml, una bobina a rete, una batteria da 550 mAh e una ricarica Type-C, il tutto racchiuso in un design elegante e ispirato ai proiettili.<\/p>","protected":false},"featured_media":208,"comment_status":"open","ping_status":"closed","template":"","meta":{"_acf_changed":false,"bwfblock_default_font":""},"product_brand":[],"product_cat":[17],"product_tag":[40,268],"class_list":{"0":"post-102","1":"product","2":"type-product","3":"status-publish","4":"has-post-thumbnail","6":"product_cat-bang-vapes","7":"product_tag-12k-puffs","8":"product_tag-mouth-to-lung","10":"first","11":"instock","12":"sale","13":"shipping-taxable","14":"purchasable","15":"product-type-variable"},"acf":[],"_links":{"self":[{"href":"https:\/\/bangvapeofficial.com\/it\/wp-json\/wp\/v2\/product\/102","targetHints":{"allow":["GET"]}}],"collection":[{"href":"https:\/\/bangvapeofficial.com\/it\/wp-json\/wp\/v2\/product"}],"about":[{"href":"https:\/\/bangvapeofficial.com\/it\/wp-json\/wp\/v2\/types\/product"}],"replies":[{"embeddable":true,"href":"https:\/\/bangvapeofficial.com\/it\/wp-json\/wp\/v2\/comments?post=102"}],"wp:featuredmedia":[{"embeddable":true,"href":"https:\/\/bangvapeofficial.com\/it\/wp-json\/wp\/v2\/media\/208"}],"wp:attachment":[{"href":"https:\/\/bangvapeofficial.com\/it\/wp-json\/wp\/v2\/media?parent=102"}],"wp:term":[{"taxonomy":"product_brand","embeddable":true,"href":"https:\/\/bangvapeofficial.com\/it\/wp-json\/wp\/v2\/product_brand?post=102"},{"taxonomy":"product_cat","embeddable":true,"href":"https:\/\/bangvapeofficial.com\/it\/wp-json\/wp\/v2\/product_cat?post=102"},{"taxonomy":"product_tag","embeddable":true,"href":"https:\/\/bangvapeofficial.com\/it\/wp-json\/wp\/v2\/product_tag?post=102"}],"curies":[{"name":"wp","href":"https:\/\/api.w.org\/{rel}","templated":true}]}}