{"id":103,"date":"2025-09-28T09:08:46","date_gmt":"2025-09-28T09:08:46","guid":{"rendered":"https:\/\/bangvapeofficial.com\/?post_type=product&#038;p=103"},"modified":"2025-10-05T06:51:19","modified_gmt":"2025-10-05T06:51:19","slug":"bang-32000-puffs-vape","status":"publish","type":"product","link":"https:\/\/bangvapeofficial.com\/it\/prodotto\/bang-32000-puffs-vape\/","title":{"rendered":"Bang 32000 Puffs Vape - Potenza, sapore e controllo in un unico dispositivo intelligente"},"content":{"rendered":"<h2>Bang 32000 soffi Vape<\/h2>\n<p>Portate la vostra esperienza di svapo a un livello superiore con Bang 32000 Puffs Vape, una sigaretta elettronica monouso ad alta capacit\u00e0 progettata per garantire prestazioni, sapore e convenienza. Dotato di due bobine a rete da 0,5\u03a9, una capacit\u00e0 di 32ML di e-liquid e un display reattivo per l'olio e la potenza, questo dispositivo offre nuvole uniformi e tiri consistenti, il tutto in un design elegante e moderno.<\/p>\n<p><img loading=\"lazy\" decoding=\"async\" class=\"alignnone size-full wp-image-3258\" src=\"https:\/\/bangvapeofficial.com\/wp-content\/uploads\/2025\/09\/Bang-32000-Puffs-Vape.webp\" width=\"1339\" height=\"2560\" alt=\"Bang-32000-Puffs-Vape\" title=\"Bang-32000-Puffs-Vape\" srcset=\"https:\/\/bangvapeofficial.com\/wp-content\/uploads\/2025\/09\/Bang-32000-Puffs-Vape.webp 1339w, https:\/\/bangvapeofficial.com\/wp-content\/uploads\/2025\/09\/Bang-32000-Puffs-Vape-157x300.webp 157w, https:\/\/bangvapeofficial.com\/wp-content\/uploads\/2025\/09\/Bang-32000-Puffs-Vape-536x1024.webp 536w, https:\/\/bangvapeofficial.com\/wp-content\/uploads\/2025\/09\/Bang-32000-Puffs-Vape-768x1468.webp 768w, https:\/\/bangvapeofficial.com\/wp-content\/uploads\/2025\/09\/Bang-32000-Puffs-Vape-803x1536.webp 803w, https:\/\/bangvapeofficial.com\/wp-content\/uploads\/2025\/09\/Bang-32000-Puffs-Vape-1071x2048.webp 1071w, https:\/\/bangvapeofficial.com\/wp-content\/uploads\/2025\/09\/Bang-32000-Puffs-Vape-600x1147.webp 600w\" sizes=\"auto, (max-width: 1339px) 100vw, 1339px\" \/><\/p>\n<h3>Caratteristiche principali<\/h3>\n<ul>\n<li>Circa 32.000 boccate - Costruito per resistere, ideale per un uso intensivo o prolungato.<\/li>\n<li>32ML di liquido elettronico pre-riempito - Nessun problema di ricarica, solo un piacere ininterrotto.<\/li>\n<li>Doppie bobine a rete da 0,5 \u03a9 - Vapore e aroma migliorati dalla prima all'ultima boccata.<\/li>\n<li>Opzioni di nicotina: 0%, 2%, 3% e 5% per soddisfare tutti i tipi di utenti.<\/li>\n<li>Potenza regolabile - Personalizza l'uscita per ottenere colpi pi\u00f9 forti o un sapore pi\u00f9 morbido.<\/li>\n<li>Batteria ricaricabile da 650 mAh - Ricarica rapida tramite USB Type-C per tempi rapidi<\/li>\n<li>Display dell'olio e dell'alimentazione - Monitoraggio dei livelli di liquido e della batteria in tempo reale<\/li>\n<\/ul>\n<h3>Le opzioni di gusto includono<\/h3>\n<ul>\n<li>Mirtillo Lampone<\/li>\n<li>Anguria Ciliegia<\/li>\n<li>Ghiaccio al mirtillo<\/li>\n<li>Ghiaccio all'anguria<\/li>\n<li>Anguria alla fragola<\/li>\n<li>Fragola Kiwi<\/li>\n<li>Red Bull<\/li>\n<li>Anguria Bubblegum<\/li>\n<li>Ghiaccio d'uva<\/li>\n<li>Pesca e mango<\/li>\n<li>Ghiaccio alla pesca<\/li>\n<li>Frutta mista<\/li>\n<\/ul>\n<h3>Perch\u00e9 scegliere Bang 32000?<\/h3>\n<p>Non si tratta di un semplice usa e getta, ma di un'esperienza di svapo di alto livello. La potenza regolabile offre il controllo. Il display della potenza e dell'olio offre una visione d'insieme. E l'elevata capacit\u00e0 di svapo significa meno sostituzioni e pi\u00f9 valore. Che si tratti di aroma, flessibilit\u00e0 o prestazioni pure, Bang 32000 ha tutto.<\/p>","protected":false},"excerpt":{"rendered":"<p>Bang 32000 Puffs Vape con 32ML di e-liquid, doppia bobina da 0,5\u03a9, potenza regolabile e display completo di olio e batteria. Ricaricabile. 12 gusti disponibili.<\/p>","protected":false},"featured_media":219,"comment_status":"open","ping_status":"closed","template":"","meta":{"_acf_changed":false,"bwfblock_default_font":""},"product_brand":[],"product_cat":[17],"product_tag":[41,268,20],"class_list":{"0":"post-103","1":"product","2":"type-product","3":"status-publish","4":"has-post-thumbnail","6":"product_cat-bang-vapes","7":"product_tag-32k-puffs","8":"product_tag-mouth-to-lung","9":"product_tag-smart-screen","11":"first","12":"instock","13":"sale","14":"shipping-taxable","15":"purchasable","16":"product-type-variable"},"acf":[],"_links":{"self":[{"href":"https:\/\/bangvapeofficial.com\/it\/wp-json\/wp\/v2\/product\/103","targetHints":{"allow":["GET"]}}],"collection":[{"href":"https:\/\/bangvapeofficial.com\/it\/wp-json\/wp\/v2\/product"}],"about":[{"href":"https:\/\/bangvapeofficial.com\/it\/wp-json\/wp\/v2\/types\/product"}],"replies":[{"embeddable":true,"href":"https:\/\/bangvapeofficial.com\/it\/wp-json\/wp\/v2\/comments?post=103"}],"wp:featuredmedia":[{"embeddable":true,"href":"https:\/\/bangvapeofficial.com\/it\/wp-json\/wp\/v2\/media\/219"}],"wp:attachment":[{"href":"https:\/\/bangvapeofficial.com\/it\/wp-json\/wp\/v2\/media?parent=103"}],"wp:term":[{"taxonomy":"product_brand","embeddable":true,"href":"https:\/\/bangvapeofficial.com\/it\/wp-json\/wp\/v2\/product_brand?post=103"},{"taxonomy":"product_cat","embeddable":true,"href":"https:\/\/bangvapeofficial.com\/it\/wp-json\/wp\/v2\/product_cat?post=103"},{"taxonomy":"product_tag","embeddable":true,"href":"https:\/\/bangvapeofficial.com\/it\/wp-json\/wp\/v2\/product_tag?post=103"}],"curies":[{"name":"wp","href":"https:\/\/api.w.org\/{rel}","templated":true}]}}