{"id":104,"date":"2025-09-28T09:08:47","date_gmt":"2025-09-28T09:08:47","guid":{"rendered":"https:\/\/bangvapeofficial.com\/?post_type=product&#038;p=104"},"modified":"2025-10-05T09:23:49","modified_gmt":"2025-10-05T09:23:49","slug":"bang-36000-power","status":"publish","type":"product","link":"https:\/\/bangvapeofficial.com\/it\/prodotto\/bang-36000-power\/","title":{"rendered":"Bang 36000 Power - Lo svapo ad alta capacit\u00e0 pi\u00f9 intelligente di sempre"},"content":{"rendered":"<h2>Bang 36000 Potenza<\/h2>\n<h3>36.000 boccate | 36ML di liquido elettronico | Controllo a sfioramento | Display a schermo intero | Modalit\u00e0 di alimentazione regolabile<\/h3>\n<p>Stanchi di vapers usa e getta che si esauriscono troppo in fretta, producono hit deboli o non tengono il passo con i vostri ritmi? Vi presentiamo Bang 36000 Power. Progettato per i vapers pi\u00f9 seri, questo dispositivo combina una tecnologia di alto livello, un'enorme capacit\u00e0 di svapo e prestazioni personalizzabili in un corpo elegante e controllato dal tocco. Che siate in modalit\u00e0 \"chill\" o a caccia di sapori forti, questa svapata si adatta al vostro ritmo, senza compromessi.<\/p>\n<p><img loading=\"lazy\" decoding=\"async\" class=\"alignnone size-full wp-image-3243\" src=\"https:\/\/bangvapeofficial.com\/wp-content\/uploads\/2025\/09\/Bang-36000-Power.webp\" width=\"1180\" height=\"1950\" alt=\"Bang-36000-Power\" title=\"Bang-36000-Power\" srcset=\"https:\/\/bangvapeofficial.com\/wp-content\/uploads\/2025\/09\/Bang-36000-Power.webp 1180w, https:\/\/bangvapeofficial.com\/wp-content\/uploads\/2025\/09\/Bang-36000-Power-182x300.webp 182w, https:\/\/bangvapeofficial.com\/wp-content\/uploads\/2025\/09\/Bang-36000-Power-620x1024.webp 620w, https:\/\/bangvapeofficial.com\/wp-content\/uploads\/2025\/09\/Bang-36000-Power-768x1269.webp 768w, https:\/\/bangvapeofficial.com\/wp-content\/uploads\/2025\/09\/Bang-36000-Power-929x1536.webp 929w, https:\/\/bangvapeofficial.com\/wp-content\/uploads\/2025\/09\/Bang-36000-Power-600x992.webp 600w\" sizes=\"auto, (max-width: 1180px) 100vw, 1180px\" \/><\/p>\n<h3>Caratteristiche principali<\/h3>\n<ul>\n<li>36.000 boccate - Costruita per durare. Svapate pi\u00f9 a lungo, ricaricate meno.<\/li>\n<li>36mL E-Liquid pre-riempito - Non sono necessarie ricariche. Godetevi il viaggio.<\/li>\n<li>Pannello di controllo tattile - Toccate le impostazioni con facilit\u00e0.<\/li>\n<li>Modalit\u00e0 di alimentazione personalizzabili - P1 (bassa), P2 (media), P3 (alta) per un'intensit\u00e0 personalizzata<\/li>\n<li>Display a tutto schermo: visualizza in tempo reale il conteggio dei soffi, il livello di potenza, la batteria e il livello dell'olio.<\/li>\n<li>Batteria ricaricabile da 650 mAh - Ricarica rapida di tipo C per tempi rapidi<\/li>\n<li>Funzioni di sicurezza intelligenti - Include protezione da sovraccarico, cortocircuito e bassa tensione.<\/li>\n<li>Sistema ad estrazione - Basta inspirare e via, nessun pulsante, nessuna impostazione.<\/li>\n<\/ul>\n<h3>I gusti pi\u00f9 diffusi includono<\/h3>\n<ul>\n<li>Pesca, mango e anguria<\/li>\n<li>Ghiaccio d'uva<\/li>\n<li>Fragola e banana<\/li>\n<li>Ghiaccio all'anguria<\/li>\n<li>Tripla bacca<\/li>\n<li>Drago Nero di Ghiaccio<em>(...e altro ancora!)<\/em><\/li>\n<\/ul>\n<h3>Perch\u00e9 scegliere il Bang 36000 Power?<\/h3>\n<p>Se siete forti fumatori o semplicemente odiate essere interrotti da batterie scariche e sapori deboli, Bang 36000 Power vi d\u00e0 il pieno controllo. Con statistiche in tempo reale, output personalizzabile e una longevit\u00e0 senza pari, \u00e8 il sistema di svapo intelligente per eccellenza, il tutto racchiuso in un dispositivo elegante e reattivo.<\/p>\n<h2><\/h2>","protected":false},"excerpt":{"rendered":"<p class=\"\" data-start=\"2151\" data-end=\"2316\">Bang 36000 Power offre 36K boccate, 36mL di e-liquid, potenza regolabile (P1\/P2\/P3), display a schermo intero e funzioni di sicurezza intelligenti. Ricarica Type-C. Svapo con controllo touch.<\/p>","protected":false},"featured_media":2686,"comment_status":"open","ping_status":"closed","template":"","meta":{"_acf_changed":false,"bwfblock_default_font":""},"product_brand":[],"product_cat":[17],"product_tag":[30,42,268,20],"class_list":{"0":"post-104","1":"product","2":"type-product","3":"status-publish","4":"has-post-thumbnail","6":"product_cat-bang-vapes","7":"product_tag-36k-puffs","8":"product_tag-hugo-vapor","9":"product_tag-mouth-to-lung","10":"product_tag-smart-screen","12":"first","13":"instock","14":"sale","15":"shipping-taxable","16":"purchasable","17":"product-type-variable"},"acf":[],"_links":{"self":[{"href":"https:\/\/bangvapeofficial.com\/it\/wp-json\/wp\/v2\/product\/104","targetHints":{"allow":["GET"]}}],"collection":[{"href":"https:\/\/bangvapeofficial.com\/it\/wp-json\/wp\/v2\/product"}],"about":[{"href":"https:\/\/bangvapeofficial.com\/it\/wp-json\/wp\/v2\/types\/product"}],"replies":[{"embeddable":true,"href":"https:\/\/bangvapeofficial.com\/it\/wp-json\/wp\/v2\/comments?post=104"}],"wp:featuredmedia":[{"embeddable":true,"href":"https:\/\/bangvapeofficial.com\/it\/wp-json\/wp\/v2\/media\/2686"}],"wp:attachment":[{"href":"https:\/\/bangvapeofficial.com\/it\/wp-json\/wp\/v2\/media?parent=104"}],"wp:term":[{"taxonomy":"product_brand","embeddable":true,"href":"https:\/\/bangvapeofficial.com\/it\/wp-json\/wp\/v2\/product_brand?post=104"},{"taxonomy":"product_cat","embeddable":true,"href":"https:\/\/bangvapeofficial.com\/it\/wp-json\/wp\/v2\/product_cat?post=104"},{"taxonomy":"product_tag","embeddable":true,"href":"https:\/\/bangvapeofficial.com\/it\/wp-json\/wp\/v2\/product_tag?post=104"}],"curies":[{"name":"wp","href":"https:\/\/api.w.org\/{rel}","templated":true}]}}