{"id":106,"date":"2025-09-28T09:08:49","date_gmt":"2025-09-28T09:08:49","guid":{"rendered":"https:\/\/bangvapeofficial.com\/?post_type=product&#038;p=106"},"modified":"2025-10-05T07:06:41","modified_gmt":"2025-10-05T07:06:41","slug":"bang-30k-pro-disposable-vape-30000","status":"publish","type":"product","link":"https:\/\/bangvapeofficial.com\/it\/prodotto\/bang-30k-pro-disposable-vape-30000\/","title":{"rendered":"Bang 30K Pro Vape usa e getta - 30.000 boccate | Potenza a doppio gusto"},"content":{"rendered":"<h2>Bang 30K Pro Vape monouso Due gusti. Un dispositivo. Soddisfazione infinita.<\/h2>\n<p>Vi presentiamo Bang 30K Pro, una svapata monouso ad alte prestazioni costruita per i vapers che desiderano il massimo numero di puff, una variet\u00e0 di sapori commutabili e un design elegante e tascabile. Con un numero massimo di 30.000 boccate e un sistema a doppio gusto, questo dispositivo consente di cambiare gusto su richiesta, rendendo ogni sessione fresca, saporita e personalizzata.<\/p>\n<h3>Caratteristiche principali<\/h3>\n<ul>\n<li>Capacit\u00e0 di 30.000 soffi - Uso prolungato senza frequenti sostituzioni<\/li>\n<li>Sistema a doppio aroma: consente di passare senza problemi da un aroma all'altro in un unico dispositivo.<\/li>\n<li>Batteria ricaricabile da 550 mAh - Ricarica rapida Type-C per un'alimentazione costante<\/li>\n<li>36mL di liquido elettronico in totale - Riempimento generoso per una soddisfazione di lunga durata<\/li>\n<li>Opzioni di nicotina: 0%, 2%, 3%, 5% - Per adattare l'hit alle vostre esigenze.<\/li>\n<li>Design ergonomico ed elegante - Sottile, vivace e adatto all'uso in movimento.<\/li>\n<\/ul>\n<p><img loading=\"lazy\" decoding=\"async\" class=\"alignnone size-full wp-image-3257\" src=\"https:\/\/bangvapeofficial.com\/wp-content\/uploads\/2025\/09\/Bang-30K-Pro-Disposable-Vape-4.webp\" width=\"1000\" height=\"2450\" alt=\"Bang-30K-Pro-Vape monouso-4\" title=\"Bang-30K-Pro-Vape monouso-4\" srcset=\"https:\/\/bangvapeofficial.com\/wp-content\/uploads\/2025\/09\/Bang-30K-Pro-Disposable-Vape-4.webp 1000w, https:\/\/bangvapeofficial.com\/wp-content\/uploads\/2025\/09\/Bang-30K-Pro-Disposable-Vape-4-122x300.webp 122w, https:\/\/bangvapeofficial.com\/wp-content\/uploads\/2025\/09\/Bang-30K-Pro-Disposable-Vape-4-418x1024.webp 418w, https:\/\/bangvapeofficial.com\/wp-content\/uploads\/2025\/09\/Bang-30K-Pro-Disposable-Vape-4-768x1882.webp 768w, https:\/\/bangvapeofficial.com\/wp-content\/uploads\/2025\/09\/Bang-30K-Pro-Disposable-Vape-4-627x1536.webp 627w, https:\/\/bangvapeofficial.com\/wp-content\/uploads\/2025\/09\/Bang-30K-Pro-Disposable-Vape-4-836x2048.webp 836w, https:\/\/bangvapeofficial.com\/wp-content\/uploads\/2025\/09\/Bang-30K-Pro-Disposable-Vape-4-600x1470.webp 600w\" sizes=\"auto, (max-width: 1000px) 100vw, 1000px\" \/><\/p>\n<h3>Perch\u00e9 scegliere Bang 30K Pro?<\/h3>\n<p>Sia che siate utenti avanzati o che vi stiate avvicinando al vaping, Bang 30K Pro offre un valore ineguagliabile. La funzionalit\u00e0 dual-flavor consente la rotazione del gusto a met\u00e0 sessione, mentre il design ricaricabile e l'ampio volume di liquido consentono di continuare a svapare pi\u00f9 a lungo con meno tempi di inattivit\u00e0. Le intensit\u00e0 di nicotina personalizzabili garantiscono una configurazione perfetta per ogni vaper.<\/p>","protected":false},"excerpt":{"rendered":"<p class=\"\" data-start=\"1717\" data-end=\"1881\">Bang 30K Pro offre 30.000 boccate con commutazione a doppio gusto, 36 ml di e-liquid e una batteria ricaricabile da 550 mAh. Godetevi due sapori in un'elegante svapata ad alta capacit\u00e0.<\/p>","protected":false},"featured_media":2681,"comment_status":"open","ping_status":"closed","template":"","meta":{"_acf_changed":false,"bwfblock_default_font":""},"product_brand":[],"product_cat":[17],"product_tag":[274,24,22,268,20],"class_list":{"0":"post-106","1":"product","2":"type-product","3":"status-publish","4":"has-post-thumbnail","6":"product_cat-bang-vapes","7":"product_tag-2-in-1","8":"product_tag-30k-puffs","9":"product_tag-hot-selling","10":"product_tag-mouth-to-lung","11":"product_tag-smart-screen","13":"first","14":"instock","15":"sale","16":"shipping-taxable","17":"purchasable","18":"product-type-variable"},"acf":[],"_links":{"self":[{"href":"https:\/\/bangvapeofficial.com\/it\/wp-json\/wp\/v2\/product\/106","targetHints":{"allow":["GET"]}}],"collection":[{"href":"https:\/\/bangvapeofficial.com\/it\/wp-json\/wp\/v2\/product"}],"about":[{"href":"https:\/\/bangvapeofficial.com\/it\/wp-json\/wp\/v2\/types\/product"}],"replies":[{"embeddable":true,"href":"https:\/\/bangvapeofficial.com\/it\/wp-json\/wp\/v2\/comments?post=106"}],"wp:featuredmedia":[{"embeddable":true,"href":"https:\/\/bangvapeofficial.com\/it\/wp-json\/wp\/v2\/media\/2681"}],"wp:attachment":[{"href":"https:\/\/bangvapeofficial.com\/it\/wp-json\/wp\/v2\/media?parent=106"}],"wp:term":[{"taxonomy":"product_brand","embeddable":true,"href":"https:\/\/bangvapeofficial.com\/it\/wp-json\/wp\/v2\/product_brand?post=106"},{"taxonomy":"product_cat","embeddable":true,"href":"https:\/\/bangvapeofficial.com\/it\/wp-json\/wp\/v2\/product_cat?post=106"},{"taxonomy":"product_tag","embeddable":true,"href":"https:\/\/bangvapeofficial.com\/it\/wp-json\/wp\/v2\/product_tag?post=106"}],"curies":[{"name":"wp","href":"https:\/\/api.w.org\/{rel}","templated":true}]}}