{"id":111,"date":"2025-09-28T09:08:54","date_gmt":"2025-09-28T09:08:54","guid":{"rendered":"https:\/\/bangvapeofficial.com\/?post_type=product&#038;p=111"},"modified":"2025-10-05T06:50:19","modified_gmt":"2025-10-05T06:50:19","slug":"bang-king-25000-disposable-vape","status":"publish","type":"product","link":"https:\/\/bangvapeofficial.com\/it\/prodotto\/bang-king-25000-disposable-vape\/","title":{"rendered":"Bang King 25000 Vape usa e getta - Doppia capsula, 25K potenza di soffio"},"content":{"rendered":"<h2>Bang King 25000 Vape usa e getta<\/h2>\n<h3>Massimo sapore. Massima convenienza.<\/h3>\n<p>Bang King 25000 \u00e8 una svapata monouso di nuova generazione progettata per garantire prestazioni, portabilit\u00e0 e pura soddisfazione. Con un massimo di 25.000 boccate, un'enorme capacit\u00e0 di 46 ml di e-liquid e una potente batteria ricaricabile Type-C da 650 mAh, \u00e8 progettata per offrire un'esperienza senza interruzioni ovunque si vada. Grazie al sistema a doppia capsula, \u00e8 possibile cambiare aroma all'istante e prolungare le sessioni senza perdere un colpo.<\/p>\n<h3>Caratteristiche principali<\/h3>\n<ul>\n<li>Capacit\u00e0 di 25.000 puff - Due cialde da 12.500 puff per un utilizzo prolungato<\/li>\n<li>46 ml di E-Liquid totali: un volume enorme per una svapata senza interruzioni.<\/li>\n<li>Opzioni di nicotina: 0%, 2%, 3%, 5% - Scegliete la vostra gradazione preferita<\/li>\n<li>Batteria ricaricabile da 650 mAh - La ricarica di tipo C garantisce un'alimentazione rapida<\/li>\n<li>Bobina a rete da 1,0\u03a9 con flusso d'aria regolabile - Prestazioni DTL bilanciate e controllo dell'aroma<\/li>\n<li>Design a doppia capsula - Scambio istantaneo di aromi con due capsule pre-riempite<\/li>\n<li>Elegante e portatile - Finitura vibrante, vestibilit\u00e0 ergonomica e profilo tascabile<\/li>\n<\/ul>\n<p><img loading=\"lazy\" decoding=\"async\" class=\"alignnone size-full wp-image-3237\" src=\"https:\/\/bangvapeofficial.com\/wp-content\/uploads\/2025\/09\/Bang-King-25000-Disposable-Vape.webp\" width=\"800\" height=\"800\" alt=\"Bang-King-25000-Disposable-Vape\" title=\"Bang-King-25000-Disposable-Vape\" srcset=\"https:\/\/bangvapeofficial.com\/wp-content\/uploads\/2025\/09\/Bang-King-25000-Disposable-Vape.webp 800w, https:\/\/bangvapeofficial.com\/wp-content\/uploads\/2025\/09\/Bang-King-25000-Disposable-Vape-300x300.webp 300w, https:\/\/bangvapeofficial.com\/wp-content\/uploads\/2025\/09\/Bang-King-25000-Disposable-Vape-150x150.webp 150w, https:\/\/bangvapeofficial.com\/wp-content\/uploads\/2025\/09\/Bang-King-25000-Disposable-Vape-768x768.webp 768w, https:\/\/bangvapeofficial.com\/wp-content\/uploads\/2025\/09\/Bang-King-25000-Disposable-Vape-600x600.webp 600w, https:\/\/bangvapeofficial.com\/wp-content\/uploads\/2025\/09\/Bang-King-25000-Disposable-Vape-100x100.webp 100w, https:\/\/bangvapeofficial.com\/wp-content\/uploads\/2025\/09\/Bang-King-25000-Disposable-Vape-50x50.webp 50w\" sizes=\"auto, (max-width: 800px) 100vw, 800px\" \/><\/p>\n<h3>Perch\u00e9 scegliere Bang King 25000?<\/h3>\n<p>Questo dispositivo \u00e8 costruito per i vapers che desiderano prestazioni di alto livello senza compromessi. Il sistema a doppia capsula aumenta la flessibilit\u00e0, il controllo del flusso d'aria personalizza ogni svapata e la grande capacit\u00e0 di liquido consente di continuare a svapare pi\u00f9 a lungo. Che siate a caccia di nuvole o vogliate ridurre la nicotina, Bang King 25000 vi offre opzioni e soddisfazioni costanti.<\/p>","protected":false},"excerpt":{"rendered":"<p>Bang King 25000 Disposable Vape \u00e8 dotato di due pod da 12.500 puff, 46mL di e-liquid, una bobina a rete con controllo del flusso d'aria e una batteria da 650mAh. Ricaricabile di tipo C. Disponibile con nicotina 0%-5%.<\/p>","protected":false},"featured_media":261,"comment_status":"open","ping_status":"closed","template":"","meta":{"_acf_changed":false,"bwfblock_default_font":""},"product_brand":[],"product_cat":[17],"product_tag":[48,50,22,268],"class_list":{"0":"post-111","1":"product","2":"type-product","3":"status-publish","4":"has-post-thumbnail","6":"product_cat-bang-vapes","7":"product_tag-25k-puffs","8":"product_tag-dual-cups","9":"product_tag-hot-selling","10":"product_tag-mouth-to-lung","12":"first","13":"instock","14":"sale","15":"shipping-taxable","16":"purchasable","17":"product-type-variable"},"acf":[],"_links":{"self":[{"href":"https:\/\/bangvapeofficial.com\/it\/wp-json\/wp\/v2\/product\/111","targetHints":{"allow":["GET"]}}],"collection":[{"href":"https:\/\/bangvapeofficial.com\/it\/wp-json\/wp\/v2\/product"}],"about":[{"href":"https:\/\/bangvapeofficial.com\/it\/wp-json\/wp\/v2\/types\/product"}],"replies":[{"embeddable":true,"href":"https:\/\/bangvapeofficial.com\/it\/wp-json\/wp\/v2\/comments?post=111"}],"wp:featuredmedia":[{"embeddable":true,"href":"https:\/\/bangvapeofficial.com\/it\/wp-json\/wp\/v2\/media\/261"}],"wp:attachment":[{"href":"https:\/\/bangvapeofficial.com\/it\/wp-json\/wp\/v2\/media?parent=111"}],"wp:term":[{"taxonomy":"product_brand","embeddable":true,"href":"https:\/\/bangvapeofficial.com\/it\/wp-json\/wp\/v2\/product_brand?post=111"},{"taxonomy":"product_cat","embeddable":true,"href":"https:\/\/bangvapeofficial.com\/it\/wp-json\/wp\/v2\/product_cat?post=111"},{"taxonomy":"product_tag","embeddable":true,"href":"https:\/\/bangvapeofficial.com\/it\/wp-json\/wp\/v2\/product_tag?post=111"}],"curies":[{"name":"wp","href":"https:\/\/api.w.org\/{rel}","templated":true}]}}