{"id":1164,"date":"2025-09-29T03:10:25","date_gmt":"2025-09-29T03:10:25","guid":{"rendered":"https:\/\/bangvapeofficial.com\/?post_type=product&#038;p=1164"},"modified":"2025-10-07T04:21:42","modified_gmt":"2025-10-07T04:21:42","slug":"bang-blaze-60000-puffs-4-in-1-flavors-disposable-vape","status":"publish","type":"product","link":"https:\/\/bangvapeofficial.com\/it\/prodotto\/bang-blaze-60000-puffs-4-in-1-flavors-disposable-vape\/","title":{"rendered":"Bang Blaze 60000 soffi 4 in 1 sapori Vape sigaretta elettronica usa e getta Bang King 60K Vape"},"content":{"rendered":"<h2>Bang Blaze 60000 bign\u00e8 4 in 1 gusti<\/h2>\n<p>La Vape Pen eroga fino a 60.000 boccate con un esclusivo sistema a quattro serbatoi, che consente agli utenti di passare facilmente da un aroma all'altro. Con un elegante schermo a LED e 10 gusti di frutta personalizzabili (comprese le opzioni OEM), \u00e8 ideale sia per i nuovi vapers che per quelli pi\u00f9 esperti. Disponibile presso il nostro magazzino Puff china per una spedizione rapida e affidabile.<\/p>\n<p><img loading=\"lazy\" decoding=\"async\" class=\"alignnone size-full wp-image-3233\" title=\"Bang-Blaze-Vape monouso-60000-puffe-scala-1\" src=\"https:\/\/bangvapeofficial.com\/wp-content\/uploads\/2025\/09\/Bang-Blaze-Disposable-Vape-60000-Puffs-scaled-1.webp\" alt=\"Bang-Blaze-Vape monouso-60000-puffe-scala-1\" width=\"2560\" height=\"1280\" srcset=\"https:\/\/bangvapeofficial.com\/wp-content\/uploads\/2025\/09\/Bang-Blaze-Disposable-Vape-60000-Puffs-scaled-1.webp 2560w, https:\/\/bangvapeofficial.com\/wp-content\/uploads\/2025\/09\/Bang-Blaze-Disposable-Vape-60000-Puffs-scaled-1-300x150.webp 300w, https:\/\/bangvapeofficial.com\/wp-content\/uploads\/2025\/09\/Bang-Blaze-Disposable-Vape-60000-Puffs-scaled-1-1024x512.webp 1024w, https:\/\/bangvapeofficial.com\/wp-content\/uploads\/2025\/09\/Bang-Blaze-Disposable-Vape-60000-Puffs-scaled-1-768x384.webp 768w, https:\/\/bangvapeofficial.com\/wp-content\/uploads\/2025\/09\/Bang-Blaze-Disposable-Vape-60000-Puffs-scaled-1-1536x768.webp 1536w, https:\/\/bangvapeofficial.com\/wp-content\/uploads\/2025\/09\/Bang-Blaze-Disposable-Vape-60000-Puffs-scaled-1-2048x1024.webp 2048w, https:\/\/bangvapeofficial.com\/wp-content\/uploads\/2025\/09\/Bang-Blaze-Disposable-Vape-60000-Puffs-scaled-1-600x300.webp 600w\" sizes=\"auto, (max-width: 2560px) 100vw, 2560px\" \/><\/p>\n<h3>Caratteristiche principali<\/h3>\n<ul>\n<li>Capacit\u00e0 di soffio: Fino a 60.000 soffi per prestazioni di lunga durata<\/li>\n<\/ul>\n<h3>Selezione di sapori (12 opzioni)<\/h3>\n<ol>\n<li>Ghiaccio all'anguria\/mirtillo alla menta\/fuii ice\/romanzo al lime<\/li>\n<li>anguria ghiacciata\/mirtillo ciliegia\/tempo estivo\/ananas mango aspro<\/li>\n<li>Ghiaccio al mirtillo\/gelato alla pesca\/caramelle arcobaleno\/arancia acida al limone<\/li>\n<li>Mirtillo ghiacciato\/pesca mango cocomero\/passion kiss\/melone mela<\/li>\n<li>mirtillo lampone\/bacche miste\/ciliegia california\/frutto della passione mango<\/li>\n<li>Mirtillo, lampone, uva, ghiaccio, mirtillo, melone, mango, aloe...<\/li>\n<li>bevanda energetica\/fragola banana\/mango pesca albicocca\/passione kiwi lime<\/li>\n<li>bevanda energetica anguria mirtillo\/ lampone mela acida\/ orsetto<\/li>\n<li>fragola mango\/watermelon bubble gum\/red mojito\/love66<\/li>\n<li>mango alla fragola\/ kiwi alla fragola\/ uva alla mela\/ cocomero dragon frui<\/li>\n<li>anguria fragola\/ghiaccio nero\/melone tredici\/uva mirtillo<\/li>\n<li>anguria fragola\/kiwi frutto della passione guava\/mango ghiaccio\/aceto pesca acida<\/li>\n<\/ol>\n<p><em>Nota: include 1 flacone di ricarica. Le ricariche sono semplici e non creano problemi.<\/em><\/p>\n<h3>Perch\u00e9 scegliere Bang 60000?<\/h3>\n<ul>\n<li>Serbatoio ricaricabile = meno rifiuti, pi\u00f9 personalizzazione<\/li>\n<li>Monitoraggio in tempo reale tramite display intelligente a LED<\/li>\n<li>Sicurezza in primo piano con le funzioni di blocco dei bambini<\/li>\n<li>Scegliete tra l'uscita MTL rilassata o DTL potente<\/li>\n<li>Perfetto per gli utilizzatori di lunga data e per i vapers ad alto volume<\/li>\n<\/ul>","protected":false},"excerpt":{"rendered":"<p>Bang Blaze 60000 4-in-1 combina innovazione e prestazioni in un dispositivo di svapo monouso ad alta capacit\u00e0. \u00c8 dotato di quattro serbatoi indipendenti, che consentono di passare istantaneamente da un aroma all'altro, perfetti per gli utenti che desiderano la variet\u00e0. Con un'enorme capacit\u00e0 di 60 ml di e-liquid e fino a 60.000 boccate, questo dispositivo \u00e8 progettato per un uso duraturo.<\/p>","protected":false},"featured_media":1194,"comment_status":"open","ping_status":"closed","template":"","meta":{"_acf_changed":false,"bwfblock_default_font":""},"product_brand":[],"product_cat":[17],"product_tag":[272,332,268,20],"class_list":{"0":"post-1164","1":"product","2":"type-product","3":"status-publish","4":"has-post-thumbnail","6":"product_cat-bang-vapes","7":"product_tag-4-in-1","8":"product_tag-60k-puffs","9":"product_tag-mouth-to-lung","10":"product_tag-smart-screen","12":"first","13":"instock","14":"shipping-taxable","15":"purchasable","16":"product-type-variable"},"acf":[],"_links":{"self":[{"href":"https:\/\/bangvapeofficial.com\/it\/wp-json\/wp\/v2\/product\/1164","targetHints":{"allow":["GET"]}}],"collection":[{"href":"https:\/\/bangvapeofficial.com\/it\/wp-json\/wp\/v2\/product"}],"about":[{"href":"https:\/\/bangvapeofficial.com\/it\/wp-json\/wp\/v2\/types\/product"}],"replies":[{"embeddable":true,"href":"https:\/\/bangvapeofficial.com\/it\/wp-json\/wp\/v2\/comments?post=1164"}],"wp:featuredmedia":[{"embeddable":true,"href":"https:\/\/bangvapeofficial.com\/it\/wp-json\/wp\/v2\/media\/1194"}],"wp:attachment":[{"href":"https:\/\/bangvapeofficial.com\/it\/wp-json\/wp\/v2\/media?parent=1164"}],"wp:term":[{"taxonomy":"product_brand","embeddable":true,"href":"https:\/\/bangvapeofficial.com\/it\/wp-json\/wp\/v2\/product_brand?post=1164"},{"taxonomy":"product_cat","embeddable":true,"href":"https:\/\/bangvapeofficial.com\/it\/wp-json\/wp\/v2\/product_cat?post=1164"},{"taxonomy":"product_tag","embeddable":true,"href":"https:\/\/bangvapeofficial.com\/it\/wp-json\/wp\/v2\/product_tag?post=1164"}],"curies":[{"name":"wp","href":"https:\/\/api.w.org\/{rel}","templated":true}]}}