{"id":1165,"date":"2025-09-29T03:10:25","date_gmt":"2025-09-29T03:10:25","guid":{"rendered":"https:\/\/bangvapeofficial.com\/?post_type=product&#038;p=1165"},"modified":"2025-10-07T04:21:30","modified_gmt":"2025-10-07T04:21:30","slug":"bang-75000-puffs-3in1-flavors-disposable-vape","status":"publish","type":"product","link":"https:\/\/bangvapeofficial.com\/it\/prodotto\/bang-75000-puffs-3in1-flavors-disposable-vape\/","title":{"rendered":"Bang 75000 Puffs 3 in 1 gusti Ricaricabile E-Cig usa e getta Bang King Balze 75K Vape Kit"},"content":{"rendered":"<h2>Bang 75000 Puffs 3in1 Sapori<\/h2>\n<p>Godetevi fino a 75.000 boccate con il sistema di aromi 3in1 di Bang, che combina un triplo gusto in un unico dispositivo. Dotato di un'enorme capacit\u00e0 di 63 ml di e-liquid, di una batteria ricaricabile da 600 mAh e di bobine a tripla maglia (1.0\u03a9), offre un sapore costante e un vapore denso. Dotato di una porta di ricarica rapida Type-C e supporta pienamente la personalizzazione OEM\/ODM.<\/p>\n<h3>Caratteristiche principali<\/h3>\n<ul>\n<li>75.000 boccate - Utilizzo prolungato, perfetto per un uso prolungato per tutto il giorno<\/li>\n<li>45ML di E-Liquid a doppio sapore - Godetevi due sapori distinti per ogni dispositivo.<\/li>\n<li>Potenzialit\u00e0 della nicotina: disponibile in 0%, 2%, 3% e 5%.<\/li>\n<li>Batteria ricaricabile da 650 mAh - Potenza costante con la ricarica rapida Type-C<\/li>\n<li>Porta di ricarica Type-C - Ricarica rapida ed efficiente in viaggio<\/li>\n<li>Glicerina vegetale, glicole propilenico, aromi naturali e artificiali<\/li>\n<\/ul>\n<p><img loading=\"lazy\" decoding=\"async\" class=\"alignnone size-full wp-image-3232\" title=\"Bang-75000-Puffs-3in1-Flavors-1\" src=\"https:\/\/bangvapeofficial.com\/wp-content\/uploads\/2025\/09\/Bang-75000-Puffs-3in1-Flavors-1.webp\" alt=\"Bang-75000-Puffs-3in1-Flavors-1\" width=\"1536\" height=\"2560\" srcset=\"https:\/\/bangvapeofficial.com\/wp-content\/uploads\/2025\/09\/Bang-75000-Puffs-3in1-Flavors-1.webp 1536w, https:\/\/bangvapeofficial.com\/wp-content\/uploads\/2025\/09\/Bang-75000-Puffs-3in1-Flavors-1-180x300.webp 180w, https:\/\/bangvapeofficial.com\/wp-content\/uploads\/2025\/09\/Bang-75000-Puffs-3in1-Flavors-1-614x1024.webp 614w, https:\/\/bangvapeofficial.com\/wp-content\/uploads\/2025\/09\/Bang-75000-Puffs-3in1-Flavors-1-768x1280.webp 768w, https:\/\/bangvapeofficial.com\/wp-content\/uploads\/2025\/09\/Bang-75000-Puffs-3in1-Flavors-1-922x1536.webp 922w, https:\/\/bangvapeofficial.com\/wp-content\/uploads\/2025\/09\/Bang-75000-Puffs-3in1-Flavors-1-1229x2048.webp 1229w, https:\/\/bangvapeofficial.com\/wp-content\/uploads\/2025\/09\/Bang-75000-Puffs-3in1-Flavors-1-600x1000.webp 600w\" sizes=\"auto, (max-width: 1536px) 100vw, 1536px\" \/><\/p>\n<h3>Combinazioni di sapori disponibili (12 opzioni a doppio sapore)<\/h3>\n<p>1.anguria\/rosso toro\/wirkwi alla fragola<br \/>\n2.limone lime\/fragola anguria\/mirtillo ghiaccio<br \/>\n3.banana alla fragola\/anguria al lampone\/limonata rosa<br \/>\n4.blue razz ciliegia\/menta fredda\/pesca mango<br \/>\n5.frutta tropicale\/fragola anguria\/pesca limone<br \/>\n6.ananas cocco\/fragola banana\/blu razz<br \/>\n7.anguria alla fragola\/triplo melone\/ghiaccio alla fragola<br \/>\n8.frutta mista\/pesca mango\/ghiaccio d'uva<br \/>\n9.Coca alla fragola e vaniglia\/ghiaccio alla pesca\/ghiaccio al drago nero<br \/>\n10.lush ghiaccio\/kiwi frutto della passione guava\/mango di paglia<br \/>\n11.anguria alla fragola\/anguria\/ghiaccio blu razz<br \/>\n12.limonata ai frutti di bosco\/starawberry red bull\/strawberry pomp<br \/>\n13.doppia fusione mela\/frutta\/ananas ghiaccio<br \/>\n14.cola ice\/mr blue\/ciliegia cola<br \/>\n15.ciambella alla fragola\/banana ghiacciata\/amore66<br \/>\n16.ice tea lemon ice\/mango on ice\/lychee iceDual Flavor Design - Cambia gusto senza sforzo con un semplice meccanismo a scorrimento o a levetta (in base al design del modello).<\/p>\n<h3>Perch\u00e9 scegliere Bang King 35000?<\/h3>\n<ul>\n<li>Tripli sapori, un solo dispositivo - Non \u00e8 pi\u00f9 necessario portare con s\u00e9 pi\u00f9 vapers<\/li>\n<li>Enorme capacit\u00e0 di succo - 45 ml per un utilizzo senza preoccupazioni<\/li>\n<li>Nicotina personalizzabile - Scegliete la gradazione che pi\u00f9 vi aggrada<\/li>\n<li>Comodit\u00e0 di ricarica - La tecnologia Type-C garantisce un'accensione pi\u00f9 rapida.<\/li>\n<li>Pronti all'ingrosso - Scatola da 10 espositori, perfetti per la rivendita<\/li>\n<\/ul>","protected":false},"excerpt":{"rendered":"<p>Bang 75000 Puffs 3in1 Flavors offre una rivoluzionaria esperienza a triplo gusto con 63ml di e-liquid, batteria ricaricabile da 600mAh e bobine a tripla maglia.<\/p>","protected":false},"featured_media":1195,"comment_status":"open","ping_status":"closed","template":"","meta":{"_acf_changed":false,"bwfblock_default_font":""},"product_brand":[],"product_cat":[17],"product_tag":[273,337,268,20],"class_list":{"0":"post-1165","1":"product","2":"type-product","3":"status-publish","4":"has-post-thumbnail","6":"product_cat-bang-vapes","7":"product_tag-3-in-1","8":"product_tag-75k-puffs","9":"product_tag-mouth-to-lung","10":"product_tag-smart-screen","12":"first","13":"instock","14":"sale","15":"featured","16":"shipping-taxable","17":"purchasable","18":"product-type-variable"},"acf":[],"_links":{"self":[{"href":"https:\/\/bangvapeofficial.com\/it\/wp-json\/wp\/v2\/product\/1165","targetHints":{"allow":["GET"]}}],"collection":[{"href":"https:\/\/bangvapeofficial.com\/it\/wp-json\/wp\/v2\/product"}],"about":[{"href":"https:\/\/bangvapeofficial.com\/it\/wp-json\/wp\/v2\/types\/product"}],"replies":[{"embeddable":true,"href":"https:\/\/bangvapeofficial.com\/it\/wp-json\/wp\/v2\/comments?post=1165"}],"wp:featuredmedia":[{"embeddable":true,"href":"https:\/\/bangvapeofficial.com\/it\/wp-json\/wp\/v2\/media\/1195"}],"wp:attachment":[{"href":"https:\/\/bangvapeofficial.com\/it\/wp-json\/wp\/v2\/media?parent=1165"}],"wp:term":[{"taxonomy":"product_brand","embeddable":true,"href":"https:\/\/bangvapeofficial.com\/it\/wp-json\/wp\/v2\/product_brand?post=1165"},{"taxonomy":"product_cat","embeddable":true,"href":"https:\/\/bangvapeofficial.com\/it\/wp-json\/wp\/v2\/product_cat?post=1165"},{"taxonomy":"product_tag","embeddable":true,"href":"https:\/\/bangvapeofficial.com\/it\/wp-json\/wp\/v2\/product_tag?post=1165"}],"curies":[{"name":"wp","href":"https:\/\/api.w.org\/{rel}","templated":true}]}}