{"id":2483,"date":"2025-10-05T06:13:24","date_gmt":"2025-10-05T06:13:24","guid":{"rendered":"https:\/\/bangvapeofficial.com\/?post_type=product&#038;p=2483"},"modified":"2025-10-07T04:20:59","modified_gmt":"2025-10-07T04:20:59","slug":"bang-blaze-50k-disposable-vape","status":"publish","type":"product","link":"https:\/\/bangvapeofficial.com\/it\/prodotto\/bang-blaze-50k-disposable-vape\/","title":{"rendered":"Bang Blaze 50K Vape usa e getta\uff5c50.000 boccate | Starry Twist"},"content":{"rendered":"<p>Preparatevi ad aumentare il calore con Bang Blaze 50K, una svapata monouso audace e ad alte prestazioni, progettata per chi desidera nuvole enormi, sapori stratificati e un'esperienza di lunga durata. Con un massimo di 50.000 boccate, una potente bobina DE Mesh e una batteria ricaricabile Type-C, Blaze \u00e8 costruito per andare lontano: niente ricariche, niente tempi morti.<\/p>\n<p>Realizzato per i trend setter e gli amanti delle nuvole, il Blaze 50K vanta un anello luminoso a LED, un flusso d'aria regolabile e una serie di 12 miscele di aromi che sono tutt'altro che ordinarie. Che si tratti di vibrare in movimento o di illuminare la notte, la Bang Blaze mantiene il vostro gioco di sapori forte.<\/p>\n<h3>Caratteristiche principali di Bang Blaze 50K<\/h3>\n<ul>\n<li>PUFFS: 50000<\/li>\n<li>Batteria: 550mah<\/li>\n<li>Resistenza: 1,0ohm<\/li>\n<li>Servizio OEM\/ODL<\/li>\n<\/ul>\n<h3>12 gusti di Bang Blaze 50K<\/h3>\n<ul>\n<li>Anguria<br \/>\nClassico e succoso, questo dolce sapore di anguria colpisce dolcemente e rimane rinfrescante dalla prima all'ultima boccata.<\/li>\n<li>Anguria alla fragola<br \/>\nUna fusione civettuola di fragole dolci e anguria appetitosa, per un'esperienza che sa di estate in tutti i sensi.<\/li>\n<li>Ghiaccio al mirtillo<br \/>\nFresco, croccante e leggermente dolce al mirtillo, con un tocco di mentolo fresco che mantiene le cose fresche e gelate.<\/li>\n<li>Mirtillo Lampone<br \/>\nUn perfetto equilibrio di bacche: il lampone aspro incontra il mirtillo maturo per un'esplosione audace e fruttata.<\/li>\n<li>Amore66<br \/>\nL'iconica miscela di anguria dolce, frutti di bosco misti e freschezza ghiacciata: misteriosa, fruttata e coinvolgente.<\/li>\n<li>Ghiaccio al mirtillo rosso d'uva<br \/>\nL'audace asprezza del mirtillo rosso si fonde con la succosit\u00e0 dell'uva e con un finale netto e ghiacciato: tagliente, dolce e rinfrescante.<\/li>\n<li>Ghiaccio alla pesca<br \/>\nAroma di pesca maturata al sole con un'esalazione fresca, morbida e suadente.<\/li>\n<li>Mango alla fragola<br \/>\nLa fragola lussureggiante incontra il mango tropicale in questo gusto succoso ed esotico fatto per essere svapato tutto il giorno.<\/li>\n<li>Tripla bacca<br \/>\nUna tripla minaccia di fragole, mirtilli e lamponi, ricca, stratificata e piena di frutti di bosco.<\/li>\n<li>Mango e pesca<br \/>\nIl mango dolce e la pesca setosa si uniscono in una fusione di frutta tropicale liscia e succosa.<\/li>\n<li>Ora legale<br \/>\nUn mix estivo misterioso: pensate a frutti brillanti, una spruzzata di freschezza e il sole in ogni nuvola.<\/li>\n<li>Ananas e cocco<br \/>\nIl cocco cremoso e le vibrazioni dell'ananas si uniscono per un soffio di pi\u00f1a colada pronto per la spiaggia.<\/li>\n<\/ul>\n<h3>Domande frequenti su Bang Blaze 50K Vape usa e getta<\/h3>\n<p>D1: Quante boccate fornisce Bang Blaze 50K?<br \/>\nR: Bang Blaze 50K offre fino a 50.000 boccate, garantendo un utilizzo ultra-lungo senza bisogno di ricariche o sostituzioni frequenti.<\/p>\n<p>D2: Bang Blaze 50K \u00e8 ricaricabile?<br \/>\nR: S\u00ec. \u00c8 dotato di una batteria ricaricabile Type-C che consente di ricaricare facilmente il dispositivo e di utilizzarlo fino in fondo.<\/p>\n<p>D3: Che tipo di bobina utilizza?<br \/>\nR: Il Blaze 50K \u00e8 alimentato da una bobina DE Mesh, che offre un calore costante, un sapore forte e una produzione di vapore densa.<\/p>\n<p>D4: Posso regolare il flusso d'aria?<br \/>\nR: S\u00ec! Bang Blaze 50K include un flusso d'aria regolabile, che consente di passare da un'estrazione stretta a un tiro pi\u00f9 aperto a caccia di nuvole.<\/p>\n<p>D5: \u00c8 ricaricabile?<br \/>\nR: No. Bang Blaze 50K \u00e8 una sigaretta monouso pre-riempita e non ricaricabile, progettata per una praticit\u00e0 senza problemi e la massima facilit\u00e0 d'uso.<\/p>\n<p>D6: Quanti gusti sono disponibili?<br \/>\nR: Ci sono 12 gusti unici, che vanno dal fruttato al ghiacciato al tropicale, tra cui i preferiti come Love66, Peach Ice e Pineapple Coconut.<\/p>\n<p>D7: Questo dispositivo \u00e8 adatto ai principianti?<br \/>\nR: Assolutamente s\u00ec. Bang Blaze 50K \u00e8 pronto per l'uso subito dopo la confezione, senza pulsanti o impostazioni: basta inalare e godersi il piacere.<\/p>\n<p>D8: Cosa distingue il Bang Blaze 50K?<br \/>\nA:<\/p>\n<ul>\n<li>Capacit\u00e0 di 50.000 soffi di lunga durata<\/li>\n<li>Ricaricabile di tipo C<\/li>\n<li>Vapore fluido e ricco dalla bobina a rete DE<\/li>\n<li>Anello LED elegante e design moderno<\/li>\n<li>Ampia gamma di sapori di tendenza<\/li>\n<\/ul>","protected":false},"excerpt":{"rendered":"<p>Preparatevi ad aumentare il calore con Bang Blaze 50K, una svapata monouso audace e ad alte prestazioni, progettata per coloro che desiderano nuvole enormi, sapori stratificati e un'esperienza di lunga durata.<\/p>","protected":false},"featured_media":2573,"comment_status":"open","ping_status":"closed","template":"","meta":{"_acf_changed":false,"bwfblock_default_font":""},"product_brand":[],"product_cat":[17],"product_tag":[18,268,20],"class_list":{"0":"post-2483","1":"product","2":"type-product","3":"status-publish","4":"has-post-thumbnail","6":"product_cat-bang-vapes","7":"product_tag-50k-puffs","8":"product_tag-mouth-to-lung","9":"product_tag-smart-screen","11":"first","12":"instock","13":"sale","14":"shipping-taxable","15":"purchasable","16":"product-type-variable"},"acf":[],"_links":{"self":[{"href":"https:\/\/bangvapeofficial.com\/it\/wp-json\/wp\/v2\/product\/2483","targetHints":{"allow":["GET"]}}],"collection":[{"href":"https:\/\/bangvapeofficial.com\/it\/wp-json\/wp\/v2\/product"}],"about":[{"href":"https:\/\/bangvapeofficial.com\/it\/wp-json\/wp\/v2\/types\/product"}],"replies":[{"embeddable":true,"href":"https:\/\/bangvapeofficial.com\/it\/wp-json\/wp\/v2\/comments?post=2483"}],"wp:featuredmedia":[{"embeddable":true,"href":"https:\/\/bangvapeofficial.com\/it\/wp-json\/wp\/v2\/media\/2573"}],"wp:attachment":[{"href":"https:\/\/bangvapeofficial.com\/it\/wp-json\/wp\/v2\/media?parent=2483"}],"wp:term":[{"taxonomy":"product_brand","embeddable":true,"href":"https:\/\/bangvapeofficial.com\/it\/wp-json\/wp\/v2\/product_brand?post=2483"},{"taxonomy":"product_cat","embeddable":true,"href":"https:\/\/bangvapeofficial.com\/it\/wp-json\/wp\/v2\/product_cat?post=2483"},{"taxonomy":"product_tag","embeddable":true,"href":"https:\/\/bangvapeofficial.com\/it\/wp-json\/wp\/v2\/product_tag?post=2483"}],"curies":[{"name":"wp","href":"https:\/\/api.w.org\/{rel}","templated":true}]}}