{"id":2574,"date":"2025-10-05T06:32:40","date_gmt":"2025-10-05T06:32:40","guid":{"rendered":"https:\/\/bangvapeofficial.com\/?post_type=product&#038;p=2574"},"modified":"2025-10-07T04:20:48","modified_gmt":"2025-10-07T04:20:48","slug":"bang-leader-85k-disposable-vape-3-in-1","status":"publish","type":"product","link":"https:\/\/bangvapeofficial.com\/it\/prodotto\/bang-leader-85k-disposable-vape-3-in-1\/","title":{"rendered":"Bang Leader 85K Vape usa e getta\uff5c85.000 boccate | Sistema di commutazione a triplo gusto"},"content":{"rendered":"<p><em>Bang Leader 85K<\/em>\u00a0non \u00e8 solo un dispositivo per fumare, ma \u00e8 la porta d'accesso a un'esperienza di fumo straordinaria. La sua caratteristica unica \u00e8 l'incredibile numero di boccate: Bang Leader 85K vanta un'impressionante capacit\u00e0 di 85.000 boccate, assicurandovi il piacere di fumare per lunghi periodi. Sistema di cialde aromatizzate 3 in 1: Questo dispositivo \u00e8 dotato di un esclusivo sistema di cialde 3-in-1 con tre aromi indipendenti.<em>\u00a0Cialde da 15 ml<\/em>per un totale di<em>\u00a045ml<\/em>\u00a0di e-liquid. Potente batteria ricaricabile: Bang Leader 85K \u00e8 dotato di una batteria ricaricabile da 850 mAh, che fornisce un'alimentazione stabile e continua. Tecnologia avanzata della bobina a rete: La bobina integrata da 1,0\u03a9 (alcuni modelli sono dotati di una bobina quadrupla) \u00e8 progettata specificamente per un riscaldamento rapido. Ci\u00f2 si traduce in una vaporizzazione efficiente dell'e-liquid, offrendo un sapore intenso e un vapore liscio e denso a ogni boccata.<\/p>\n<h2>Caratteristiche principali<\/h2>\n<ul>\n<li>\u00a0Fino a 85.000 soffi<\/li>\n<li>Caratteristiche principali: Sistema di cialde 3 in 1, con tre cialde separate da 15 ml, per un totale di 45 ml di liquido elettronico.<\/li>\n<li>Potente batteria ricaricabile: Dotato di una batteria ricaricabile da 850 mAh<\/li>\n<li>Tecnologia avanzata della bobina a rete: bobina a rete da 1,0\u03a9<\/li>\n<li>15 - ml di baccelli, per un totale di 45 ml di e - liquido<\/li>\n<li>\n<div>\n<div>15 gusti appetitosi<\/div>\n<\/div>\n<\/li>\n<li>Forza della nicotina:0%\uff0c2%\uff0c3%\uff0c5%<\/li>\n<\/ul>\n<h2>15 combinazioni di sapori - Bang Leader 85K<\/h2>\n<h2>Ghiaccio alla banana, anguria alla fragola e orso gommoso<\/h2>\n<p>Cremoso ghiaccio alla banana, succosa anguria alla fragola e gommosa gommosa all'orso per una svapata dolce, fruttata e caramellosa.<\/p>\n<p>Drago Nero Ghiaccio &amp; Marshmallow &amp; Sogno d'Estate<br \/>\nL'audace e misterioso Black Dragon Ice, il soffice Marshmallow e il fruttato tropicale Summer Dream per un mix morbido ed esotico.<\/p>\n<p>Ghiaccio al mirtillo &amp; Razz blu &amp; Pera profumata<\/p>\n<p>Il ghiaccio al mirtillo, l'acidulo Blue Razz e la croccante Pera Fragrante creano un trio fresco, dolce e leggermente aspro.<\/p>\n<p>Mirtillo rosso e pesca Mango e ananas<br \/>\nCiliegia croccante, mirtillo, pesca e mango e ananas per un'esplosione di frutta tropicale dolce e piccante.<\/p>\n<p>Coca-Cola ghiacciata, pesca alla mela e limonata rosa<br \/>\nLa classica Coca Cola Ice, la morbida Pesca alla Mela e la frizzante Limonata Rosa: una rinfrescante fusione di soda e frutta.<\/p>\n<p>Red Bull e gelato al mirtillo, anguria e fragola<br \/>\nRed Bull energica, anguria succosa e gelato alla fragola cremoso per una spinta di sapore e dolcezza.<\/p>\n<p>Ghiaccio all'uva e fragola Kiwi e frutto della passione Guava<br \/>\nL'uva dolce, la rinfrescante fragola e il kiwi e l'esotico frutto della passione e della guaiava portano un brivido tropicale-fruttato a strati.<\/p>\n<p>Amore 666 &amp; Lampone Mirtillo &amp; Vimto<br \/>\nRomantic Love 666, l'acidulo Blueberry Raspberry e il gusto ricco e fruttato di Vimto, simile a quello della soda, per un mix vivace e giocoso.<\/p>\n<p>Mix di frutta e Mojito Pesca e mirtillo Lampone<br \/>\nUn colorato mix di frutta, il fresco Mojito alla pesca e l'acidulo Lampone al mirtillo: rinfrescante e succoso.<\/p>\n<p>Ghiaccio all'ananas e Red Bull alla fragola e bacche miste<\/p>\n<p>Ghiaccio all'ananas, Red Bull alla fragola, energizzante, e dolci bacche miste per una spinta tropicale.<\/p>\n<p>Mela rossa e lampone Anguria e uva aloe<br \/>\nMela rossa ghiacciata, lampone anguria e uva aloe, per una combinazione di sapori pulita e rinfrescante.<\/p>\n<p>Gomme da masticare alla fragola e al limone, arancia e anguria<br \/>\nGhiaccio alla fragola, arancia al limone e nostalgica gomma da masticare all'anguria per una miscela fruttata e giocosa.<\/p>\n<p>Fragola, lampone e ribes nero e fragola e banana<br \/>\nLampone fragola brillante, ribes nero ricco e fragola banana cremosa: il sogno degli amanti dei frutti di bosco.<\/p>\n<p>Cocomero alla fragola, Coca Cola alla ciliegia e Crema alla fragola<br \/>\nSuccosa anguria alla fragola, frizzante Cherry Coke e morbida crema alla fragola per una svapata in stile soda-shop.<\/p>\n<p>Ghiaccio all'anguria e soda all'arancia e pesca al mango<br \/>\nGhiaccio all'anguria, pesca tropicale al mango e soda all'arancia per un rinfresco frizzante e fruttato.<\/p>\n<h2>Domande frequenti su Bang Leader 85K<\/h2>\n<p>D1: Quante boccate fornisce Bang Leader 85K?<br \/>\nR: Ogni dispositivo eroga fino a 85.000 boccate, offrendo prestazioni di lunghissima durata senza bisogno di frequenti sostituzioni.<\/p>\n<p>D2: Bang Leader 85K contiene nicotina?<br \/>\nR: \u00c8 disponibile sia con nicotina che senza nicotina, in modo da poter scegliere in base alle proprie preferenze.<\/p>\n<p>D3: Il dispositivo \u00e8 ricaricabile?<br \/>\nR: S\u00ec, \u00e8 dotato di una batteria ricaricabile con una porta di ricarica USB-C per una ricarica rapida e comoda.<\/p>\n<p>D4: Quanti gusti sono disponibili?<br \/>\nR: Ci sono 15 combinazioni di sapori premium, ognuna realizzata con profili di gusto multistrato per un'esperienza di vaping pi\u00f9 ricca.<\/p>\n<p>D5: Posso regolare il flusso d'aria o la produzione di vapore?<br \/>\nR: S\u00ec, Bang Leader 85K \u00e8 dotato di controllo del flusso d'aria regolabile, che consente di personalizzare l'estrazione e la produzione di vapore.<\/p>\n<p>D6: Come faccio a sapere quando l'e-liquid si sta esaurendo?<br \/>\nR: Il dispositivo include uno schermo intelligente che mostra i livelli di e-liquid e batteria in tempo reale.<\/p>\n<p>D7: Devo ricaricare l'e-liquid?<br \/>\nR: Non \u00e8 necessaria alcuna ricarica: Bang Leader 85K \u00e8 pre-riempito e pronto per l'uso appena tolto dalla scatola.<\/p>\n<p>D8: Il sapore \u00e8 costante fino all'ultima boccata?<br \/>\nR: S\u00ec, grazie alla tecnologia avanzata delle bobine, potrete godere di un sapore e di una produzione di vapore stabili fino alla fine.<\/p>\n<p>D9: Come devo conservare il mio Bang Leader 85K?<br \/>\nR: Per ottenere prestazioni ottimali, conservarlo in un luogo fresco e asciutto, lontano dalla luce solare diretta e dal calore estremo.<\/p>\n<p>D10: \u00c8 adatto ai principianti?<br \/>\nR: Assolutamente, il Bang Leader 85K \u00e8 attivato a tiraggio, il che lo rende facile da usare sia per i principianti che per i vapers esperti.<\/p>","protected":false},"excerpt":{"rendered":"<p><em>Bang Leader 85K<\/em>\u00a0non \u00e8 solo un dispositivo per fumare, ma \u00e8 la porta d'accesso a un'esperienza di fumo straordinaria. La sua caratteristica unica \u00e8 l'incredibile numero di boccate: Bang Leader 85K vanta un'impressionante capacit\u00e0 fino a 85.000 boccate, garantendo il piacere di fumare per lunghi periodi.<\/p>","protected":false},"featured_media":2623,"comment_status":"open","ping_status":"closed","template":"","meta":{"_acf_changed":false,"bwfblock_default_font":""},"product_brand":[],"product_cat":[17],"product_tag":[273,334,268,20],"class_list":{"0":"post-2574","1":"product","2":"type-product","3":"status-publish","4":"has-post-thumbnail","6":"product_cat-bang-vapes","7":"product_tag-3-in-1","8":"product_tag-85k-puffs","9":"product_tag-mouth-to-lung","10":"product_tag-smart-screen","12":"first","13":"instock","14":"sale","15":"shipping-taxable","16":"purchasable","17":"product-type-variable"},"acf":[],"_links":{"self":[{"href":"https:\/\/bangvapeofficial.com\/it\/wp-json\/wp\/v2\/product\/2574","targetHints":{"allow":["GET"]}}],"collection":[{"href":"https:\/\/bangvapeofficial.com\/it\/wp-json\/wp\/v2\/product"}],"about":[{"href":"https:\/\/bangvapeofficial.com\/it\/wp-json\/wp\/v2\/types\/product"}],"replies":[{"embeddable":true,"href":"https:\/\/bangvapeofficial.com\/it\/wp-json\/wp\/v2\/comments?post=2574"}],"wp:featuredmedia":[{"embeddable":true,"href":"https:\/\/bangvapeofficial.com\/it\/wp-json\/wp\/v2\/media\/2623"}],"wp:attachment":[{"href":"https:\/\/bangvapeofficial.com\/it\/wp-json\/wp\/v2\/media?parent=2574"}],"wp:term":[{"taxonomy":"product_brand","embeddable":true,"href":"https:\/\/bangvapeofficial.com\/it\/wp-json\/wp\/v2\/product_brand?post=2574"},{"taxonomy":"product_cat","embeddable":true,"href":"https:\/\/bangvapeofficial.com\/it\/wp-json\/wp\/v2\/product_cat?post=2574"},{"taxonomy":"product_tag","embeddable":true,"href":"https:\/\/bangvapeofficial.com\/it\/wp-json\/wp\/v2\/product_tag?post=2574"}],"curies":[{"name":"wp","href":"https:\/\/api.w.org\/{rel}","templated":true}]}}