{"id":89,"date":"2025-09-28T09:08:31","date_gmt":"2025-09-28T09:08:31","guid":{"rendered":"https:\/\/bangvapeofficial.com\/?post_type=product&#038;p=89"},"modified":"2025-10-05T09:24:02","modified_gmt":"2025-10-05T09:24:02","slug":"bang-king-50k-disposable-vape","status":"publish","type":"product","link":"https:\/\/bangvapeofficial.com\/it\/prodotto\/bang-king-50k-disposable-vape\/","title":{"rendered":"BANG KING 50K - 50.000 boccate di maestria a doppio gusto"},"content":{"rendered":"<h2>BANG KING 50K<\/h2>\n<h3>50ML di liquido elettronico | Batteria da 850mAh | Ricarica Type-C | Flusso d'aria regolabile<\/h3>\n<p>Siete stanchi dei vapers che si esauriscono troppo in fretta o che vi bloccano in un solo aroma? Il BANG KING 50K \u00e8 qui per offrire ci\u00f2 che gli altri non riescono a fare: un'esperienza di svapo ultra-premium con un'enorme capacit\u00e0 di 50.000 puff e una flessibilit\u00e0 a doppio sapore. Costruito con un serbatoio da 50 ml ad alto volume, una batteria 17350 (850 mAh) e un controllo del flusso d'aria dal basso, questo \u00e8 il vaping ad alte prestazioni reso semplice.Dimenticate le trovate. Questa svapata \u00e8 stata progettata per garantire affidabilit\u00e0, cambio di aroma e divertimento a lungo termine in un dispositivo elegante e adatto ai viaggi.<\/p>\n<p><img loading=\"lazy\" decoding=\"async\" class=\"alignnone size-full wp-image-3254\" src=\"https:\/\/bangvapeofficial.com\/wp-content\/uploads\/2025\/09\/BANG-KING-50K-6.webp\" width=\"2560\" height=\"1440\" alt=\"BANG-KING-50K-6\" title=\"BANG-KING-50K-6\" srcset=\"https:\/\/bangvapeofficial.com\/wp-content\/uploads\/2025\/09\/BANG-KING-50K-6.webp 2560w, https:\/\/bangvapeofficial.com\/wp-content\/uploads\/2025\/09\/BANG-KING-50K-6-300x169.webp 300w, https:\/\/bangvapeofficial.com\/wp-content\/uploads\/2025\/09\/BANG-KING-50K-6-1024x576.webp 1024w, https:\/\/bangvapeofficial.com\/wp-content\/uploads\/2025\/09\/BANG-KING-50K-6-768x432.webp 768w, https:\/\/bangvapeofficial.com\/wp-content\/uploads\/2025\/09\/BANG-KING-50K-6-1536x864.webp 1536w, https:\/\/bangvapeofficial.com\/wp-content\/uploads\/2025\/09\/BANG-KING-50K-6-2048x1152.webp 2048w, https:\/\/bangvapeofficial.com\/wp-content\/uploads\/2025\/09\/BANG-KING-50K-6-600x338.webp 600w\" sizes=\"auto, (max-width: 2560px) 100vw, 2560px\" \/><\/p>\n<h3>Caratteristiche principali<\/h3>\n<ul>\n<li>50.000 Puff - Costruito per durare pi\u00f9 a lungo di tutto il resto dello scaffale<\/li>\n<li>Capacit\u00e0 di 50ML di liquido elettronico - Serbatoio pi\u00f9 grande, meno sostituzioni<\/li>\n<li>Funzionalit\u00e0 Dual Flavor - Due gusti distinti in un unico dispositivo<\/li>\n<li>Batteria ricaricabile da 850 mAh (17350 celle) - Potenza e consistenza a lunga durata<\/li>\n<li>Bobina a rete da 1,0\u03a9 - Riscaldamento uniforme e senza intoppi per il massimo dell'aroma.<\/li>\n<li>Porta di ricarica Type-C - Ricarica pi\u00f9 rapida e moderna<\/li>\n<li>Flusso d'aria inferiore regolabile: per personalizzare l'inspirazione esattamente come piace a voi.<\/li>\n<li>Leggero e resistente - 131 g per dispositivo; costruito per la portabilit\u00e0<\/li>\n<\/ul>\n<h3>Combinazioni di sapori (doppio gusto in ogni dispositivo)<\/h3>\n<ol>\n<li>Ghiaccio all'anguria \/ Menta al mirtillo<\/li>\n<li>Anguria \/ Mirtillo Ciliegia<\/li>\n<li>Ghiaccio al mirtillo \/ Pesca, mango e anguria<\/li>\n<li>Ghiaccio al mirtillo \/ Ghiaccio alla pesca<\/li>\n<li>Mirtillo, lampone e frutti di bosco<\/li>\n<li>Mirtillo, lampone e uva<\/li>\n<li>Red Bull \/ Fragola e banana<\/li>\n<li>Red Bull \/ Mirtillo anguria<\/li>\n<li>Gomma da masticare alla fragola e al mango \/ anguria<\/li>\n<li>Mango alla fragola \/ Kiwi alla fragola<\/li>\n<li>Anguria alla fragola \/ Ghiaccio del Drago Nero<\/li>\n<li>Fragola Anguria \/ Kiwi Frutto della passione Guava<\/li>\n<\/ol>\n<h3>Perch\u00e9 scegliere BANG KING 50K?<\/h3>\n<ul>\n<li>Cambiate gusto senza cambiare dispositivo<\/li>\n<li>50000 boccate = settimane di utilizzo<\/li>\n<li>Ricarica rapida e alimentazione affidabile<\/li>\n<li>Flusso d'aria che si adatta a voi<\/li>\n<li>Opzioni di gusto fresche, fruttate e audaci<\/li>\n<li>Pronto per l'uso ovunque e in qualsiasi momento<\/li>\n<\/ul>\n<p>Perfetto per i vapers seri, gli appassionati di aromi e gli acquirenti all'ingrosso che hanno bisogno di quantit\u00e0 e qualit\u00e0.<\/p>","protected":false},"excerpt":{"rendered":"<p class=\"\" data-start=\"2575\" data-end=\"2747\">BANG KING 50K offre 50.000 boccate con doppio aroma, serbatoio da 50 ml, batteria da 850 mAh, coil a rete, controllo del flusso d'aria e ricarica rapida Type-C. Compatto, potente e di lunga durata.<\/p>","protected":false},"featured_media":124,"comment_status":"open","ping_status":"closed","template":"","meta":{"_acf_changed":false,"bwfblock_default_font":""},"product_brand":[],"product_cat":[17],"product_tag":[274,18,21,22,20],"class_list":{"0":"post-89","1":"product","2":"type-product","3":"status-publish","4":"has-post-thumbnail","6":"product_cat-bang-vapes","7":"product_tag-2-in-1","8":"product_tag-50k-puffs","9":"product_tag-double-flavors","10":"product_tag-hot-selling","11":"product_tag-smart-screen","13":"first","14":"instock","15":"sale","16":"featured","17":"shipping-taxable","18":"purchasable","19":"product-type-variable"},"acf":[],"_links":{"self":[{"href":"https:\/\/bangvapeofficial.com\/it\/wp-json\/wp\/v2\/product\/89","targetHints":{"allow":["GET"]}}],"collection":[{"href":"https:\/\/bangvapeofficial.com\/it\/wp-json\/wp\/v2\/product"}],"about":[{"href":"https:\/\/bangvapeofficial.com\/it\/wp-json\/wp\/v2\/types\/product"}],"replies":[{"embeddable":true,"href":"https:\/\/bangvapeofficial.com\/it\/wp-json\/wp\/v2\/comments?post=89"}],"wp:featuredmedia":[{"embeddable":true,"href":"https:\/\/bangvapeofficial.com\/it\/wp-json\/wp\/v2\/media\/124"}],"wp:attachment":[{"href":"https:\/\/bangvapeofficial.com\/it\/wp-json\/wp\/v2\/media?parent=89"}],"wp:term":[{"taxonomy":"product_brand","embeddable":true,"href":"https:\/\/bangvapeofficial.com\/it\/wp-json\/wp\/v2\/product_brand?post=89"},{"taxonomy":"product_cat","embeddable":true,"href":"https:\/\/bangvapeofficial.com\/it\/wp-json\/wp\/v2\/product_cat?post=89"},{"taxonomy":"product_tag","embeddable":true,"href":"https:\/\/bangvapeofficial.com\/it\/wp-json\/wp\/v2\/product_tag?post=89"}],"curies":[{"name":"wp","href":"https:\/\/api.w.org\/{rel}","templated":true}]}}