{"id":92,"date":"2025-09-28T09:08:34","date_gmt":"2025-09-28T09:08:34","guid":{"rendered":"https:\/\/bangvapeofficial.com\/?post_type=product&#038;p=92"},"modified":"2025-10-05T08:33:11","modified_gmt":"2025-10-05T08:33:11","slug":"bang-king-35000","status":"publish","type":"product","link":"https:\/\/bangvapeofficial.com\/it\/prodotto\/bang-king-35000\/","title":{"rendered":"Bang King 35000 - Doppio sapore. Doppia soddisfazione. 35K boccate."},"content":{"rendered":"<h2>Bang King 35000 - Doppio sapore. Doppia soddisfazione. 35K boccate.<\/h2>\n<h3>35.000 boccate | 36ML di liquido elettronico | Doppio sapore in un unico dispositivo | Ricaricabile di tipo C<\/h3>\n<p>Il Bang King 35000 Dual Flavors Disposable Vape \u00e8 stato progettato per gli amanti dei sapori che desiderano un uso duraturo e la libert\u00e0 di passare tra due profili di sapori premium, senza cambiare dispositivo. Con un'enorme capacit\u00e0 di 36 ml di e-liquid, una potenza di 35.000 puff e una batteria ricaricabile da 650 mAh, questo dispositivo combina resistenza e versatilit\u00e0 come nessun altro. Sia che siate alla ricerca di zero nicotina o di un audace hit da 5%, Bang King 35000 offre un'esperienza di svapo personalizzata e soddisfacente per ogni tipo di utente.<\/p>\n<p><img loading=\"lazy\" decoding=\"async\" class=\"alignnone size-full wp-image-3252\" src=\"https:\/\/bangvapeofficial.com\/wp-content\/uploads\/2025\/09\/Bang-King-35000-5-1.webp\" width=\"853\" height=\"2560\" alt=\"Bang-King-35000-5-1\" title=\"Bang-King-35000-5-1\" srcset=\"https:\/\/bangvapeofficial.com\/wp-content\/uploads\/2025\/09\/Bang-King-35000-5-1.webp 853w, https:\/\/bangvapeofficial.com\/wp-content\/uploads\/2025\/09\/Bang-King-35000-5-1-100x300.webp 100w, https:\/\/bangvapeofficial.com\/wp-content\/uploads\/2025\/09\/Bang-King-35000-5-1-341x1024.webp 341w, https:\/\/bangvapeofficial.com\/wp-content\/uploads\/2025\/09\/Bang-King-35000-5-1-768x2305.webp 768w, https:\/\/bangvapeofficial.com\/wp-content\/uploads\/2025\/09\/Bang-King-35000-5-1-512x1536.webp 512w, https:\/\/bangvapeofficial.com\/wp-content\/uploads\/2025\/09\/Bang-King-35000-5-1-682x2048.webp 682w, https:\/\/bangvapeofficial.com\/wp-content\/uploads\/2025\/09\/Bang-King-35000-5-1-600x1801.webp 600w\" sizes=\"auto, (max-width: 853px) 100vw, 853px\" \/><\/p>\n<h3>Caratteristiche principali<\/h3>\n<ul>\n<li>35.000 boccate - Utilizzo prolungato, perfetto per un uso prolungato per tutto il giorno<\/li>\n<li>36ML di E-Liquid a doppio sapore - Godetevi due sapori distinti per dispositivo<\/li>\n<li>Potenzialit\u00e0 della nicotina: disponibile in 0%, 2%, 3% e 5%.<\/li>\n<li>Batteria ricaricabile da 650 mAh - Potenza costante con la ricarica rapida Type-C<\/li>\n<li>Porta di ricarica Type-C - Ricarica rapida ed efficiente in viaggio<\/li>\n<li>Scatola espositiva: 10 unit\u00e0 per scatola di vendita al dettaglio, ideale per la vendita all'ingrosso o per la rivendita.<\/li>\n<\/ul>\n<h3>Combinazioni di sapori disponibili (12 opzioni a doppio sapore)<\/h3>\n<ol>\n<li>Ghiaccio blu Razz e ghiaccio alla pesca succosa<\/li>\n<li>Anguria alla fragola e ghiaccio all'anguria<\/li>\n<li>Fragola, banana e doppia mela<\/li>\n<li>Triplo ghiaccio ai frutti di bosco e frutta tropicale<\/li>\n<li>Bomba alla ciliegia e ghiaccio all'uva<\/li>\n<li>Mango alla pesca e Mango alla fragola<\/li>\n<li>Mango su lime e menta fresca<\/li>\n<li>Cherry Pop e Mr Blue<\/li>\n<li>Ghiaccio Black Dragon e Kiwi alla fragola<\/li>\n<li>Red Bull e pesca ai frutti di bosco<\/li>\n<li>Rosa limone e Mr. Blue<\/li>\n<li>Kiwi Frutto della Passione Guava e Ciliegia Blu Limone<\/li>\n<\/ol>\n<p>Design a doppio aroma - Cambia aroma senza sforzo con un semplice meccanismo a scorrimento o a levetta (in base al design del modello).<\/p>\n<h3>Perch\u00e9 scegliere Bang King 35000?<\/h3>\n<ul>\n<li>Due aromi, un solo dispositivo - Non \u00e8 pi\u00f9 necessario portare con s\u00e9 pi\u00f9 vapers<\/li>\n<li>Enorme capacit\u00e0 di succo - 36 ml per un utilizzo senza preoccupazioni<\/li>\n<li>Nicotina personalizzabile - Scegliete la gradazione che pi\u00f9 vi aggrada<\/li>\n<li>Comodit\u00e0 di ricarica - La tecnologia Type-C garantisce un'accensione pi\u00f9 rapida.<\/li>\n<li>Pronti all'ingrosso - Scatola da 10 espositori, perfetti per la rivendita<\/li>\n<\/ul>","protected":false},"excerpt":{"rendered":"<p>Bang King 35000 eroga 35.000 boccate con e-liquido da 36 ml a doppio gusto, batteria da 650 mAh e ricarica Type-C. Disponibile con nicotina 0%-5%. Vendute in scatole da 10 pezzi.<\/p>","protected":false},"featured_media":2996,"comment_status":"open","ping_status":"closed","template":"","meta":{"_acf_changed":false,"bwfblock_default_font":""},"product_brand":[],"product_cat":[17],"product_tag":[274,25,21,22,268],"class_list":{"0":"post-92","1":"product","2":"type-product","3":"status-publish","4":"has-post-thumbnail","6":"product_cat-bang-vapes","7":"product_tag-2-in-1","8":"product_tag-35k-puffs","9":"product_tag-double-flavors","10":"product_tag-hot-selling","11":"product_tag-mouth-to-lung","13":"first","14":"instock","15":"sale","16":"shipping-taxable","17":"purchasable","18":"product-type-variable"},"acf":[],"_links":{"self":[{"href":"https:\/\/bangvapeofficial.com\/it\/wp-json\/wp\/v2\/product\/92","targetHints":{"allow":["GET"]}}],"collection":[{"href":"https:\/\/bangvapeofficial.com\/it\/wp-json\/wp\/v2\/product"}],"about":[{"href":"https:\/\/bangvapeofficial.com\/it\/wp-json\/wp\/v2\/types\/product"}],"replies":[{"embeddable":true,"href":"https:\/\/bangvapeofficial.com\/it\/wp-json\/wp\/v2\/comments?post=92"}],"wp:featuredmedia":[{"embeddable":true,"href":"https:\/\/bangvapeofficial.com\/it\/wp-json\/wp\/v2\/media\/2996"}],"wp:attachment":[{"href":"https:\/\/bangvapeofficial.com\/it\/wp-json\/wp\/v2\/media?parent=92"}],"wp:term":[{"taxonomy":"product_brand","embeddable":true,"href":"https:\/\/bangvapeofficial.com\/it\/wp-json\/wp\/v2\/product_brand?post=92"},{"taxonomy":"product_cat","embeddable":true,"href":"https:\/\/bangvapeofficial.com\/it\/wp-json\/wp\/v2\/product_cat?post=92"},{"taxonomy":"product_tag","embeddable":true,"href":"https:\/\/bangvapeofficial.com\/it\/wp-json\/wp\/v2\/product_tag?post=92"}],"curies":[{"name":"wp","href":"https:\/\/api.w.org\/{rel}","templated":true}]}}