{"id":97,"date":"2025-09-28T09:08:39","date_gmt":"2025-09-28T09:08:39","guid":{"rendered":"https:\/\/bangvapeofficial.com\/?post_type=product&#038;p=97"},"modified":"2025-10-05T09:23:41","modified_gmt":"2025-10-05T09:23:41","slug":"bang-king-35k-35000","status":"publish","type":"product","link":"https:\/\/bangvapeofficial.com\/it\/prodotto\/bang-king-35k-35000\/","title":{"rendered":"Bang King 35K - 35.000 boccate di potenza, sapore e stile LED"},"content":{"rendered":"<h2>Bangking 35K<\/h2>\n<h3>35K boccate | 23ML di E-Liquid | Batteria da 1000mAh | Luci LED | Bobina a rete<\/h3>\n<p>Siete alla ricerca di una svapata che duri pi\u00f9 a lungo, che sia pi\u00f9 fluida e che faccia girare la testa? Vi presentiamo Bangking 35K, una potenza da 35.000 puff con 23ML di e-liquid, una bobina a rete da 0,6\u03a9 e una vivace illuminazione a LED per un tocco in pi\u00f9. Che siate alla ricerca di una sessione senza nicotina o di un tiro pi\u00f9 forte, la Bangking 35K vi copre con diverse opzioni di intensit\u00e0 di nicotina e un'erogazione costante del sapore dall'inizio alla fine.<\/p>\n<p><img loading=\"lazy\" decoding=\"async\" class=\"alignnone size-full wp-image-3248\" src=\"https:\/\/bangvapeofficial.com\/wp-content\/uploads\/2025\/09\/Bang-King-35K.webp\" width=\"1200\" height=\"800\" alt=\"Bang-King-35K\" title=\"Bang-King-35K\" srcset=\"https:\/\/bangvapeofficial.com\/wp-content\/uploads\/2025\/09\/Bang-King-35K.webp 1200w, https:\/\/bangvapeofficial.com\/wp-content\/uploads\/2025\/09\/Bang-King-35K-300x200.webp 300w, https:\/\/bangvapeofficial.com\/wp-content\/uploads\/2025\/09\/Bang-King-35K-1024x683.webp 1024w, https:\/\/bangvapeofficial.com\/wp-content\/uploads\/2025\/09\/Bang-King-35K-768x512.webp 768w, https:\/\/bangvapeofficial.com\/wp-content\/uploads\/2025\/09\/Bang-King-35K-600x400.webp 600w\" sizes=\"auto, (max-width: 1200px) 100vw, 1200px\" \/><\/p>\n<h3>Caratteristiche principali<\/h3>\n<ul>\n<li>Capacit\u00e0 di 35.000 soffi - Costruito per resistere, progettato per l'uso quotidiano e intensivo.<\/li>\n<li>23ML E-Liquid pre-riempito - Succo di lunga durata con zero stress da ricarica<\/li>\n<li>Batteria ricaricabile da 1000 mAh - Ricarica rapida di tipo C per mantenere l'energia.<\/li>\n<li>Bobina a rete da 0,6 \u03a9 - sapore pi\u00f9 morbido e ricco ad ogni estrazione<\/li>\n<li>Spettacolo di luci a LED - Luci che cambiano colore per creare un'atmosfera visiva<\/li>\n<li>Opzioni di nicotina - Scegliere tra le intensit\u00e0 0%, 2%, 3% o 5%.<\/li>\n<li>Design portatile - Tascabile ma ricco di potenza<\/li>\n<\/ul>\n<h3>Perch\u00e9 scegliere Bangking 35K?<\/h3>\n<p>Non si tratta di un normale usa e getta. Il Bangking 35K offre un'esperienza di svapo di alto livello con sapore, tecnologia e flessibilit\u00e0 in primo piano. Che siate alla ricerca di una svapata a lungo termine, di prestazioni in movimento o di un accessorio elegante per le serate, questo prodotto soddisfa tutte le esigenze.<\/p>\n<h3><strong>Domande frequenti<\/strong><\/h3>\n<p><strong>D: Quanto durer\u00e0?<\/strong><br \/>\nR: Aspettatevi settimane di utilizzo con una capacit\u00e0 di 35.000 puff, perfetta per i fumatori abituali.<\/p>\n<p><strong>D: Quali sono le opzioni di nicotina?<\/strong><br \/>\nR: Disponibile in 0%, 2%, 3% e 5%: scegliete quello che pi\u00f9 si adatta alle vostre esigenze.<\/p>\n<p><strong>D: Posso ricaricarlo?<\/strong><br \/>\nR: Assolutamente s\u00ec. La ricarica rapida USB-C riduce al minimo i tempi di inattivit\u00e0.<\/p>\n<p><strong>D: Cosa sono le luci a LED?<\/strong><br \/>\nR: Le luci integrate che cambiano colore offrono un tocco visivo fresco, ideale per le serate fuori casa.<\/p>","protected":false},"excerpt":{"rendered":"<p>Bang king 35K eroga 35.000 boccate con 23ML di e-liquid, batteria ricaricabile Type-C da 1000mAh, coil a rete e illuminazione a LED. Scegliere tra 0%-5% di nicotina.<\/p>","protected":false},"featured_media":2696,"comment_status":"open","ping_status":"closed","template":"","meta":{"_acf_changed":false,"bwfblock_default_font":""},"product_brand":[],"product_cat":[17],"product_tag":[25,34,268,269,20],"class_list":{"0":"post-97","1":"product","2":"type-product","3":"status-publish","4":"has-post-thumbnail","6":"product_cat-bang-vapes","7":"product_tag-35k-puffs","8":"product_tag-direct-to-lung-dtl","9":"product_tag-mouth-to-lung","10":"product_tag-pen-design","11":"product_tag-smart-screen","13":"first","14":"instock","15":"sale","16":"shipping-taxable","17":"purchasable","18":"product-type-variable"},"acf":[],"_links":{"self":[{"href":"https:\/\/bangvapeofficial.com\/it\/wp-json\/wp\/v2\/product\/97","targetHints":{"allow":["GET"]}}],"collection":[{"href":"https:\/\/bangvapeofficial.com\/it\/wp-json\/wp\/v2\/product"}],"about":[{"href":"https:\/\/bangvapeofficial.com\/it\/wp-json\/wp\/v2\/types\/product"}],"replies":[{"embeddable":true,"href":"https:\/\/bangvapeofficial.com\/it\/wp-json\/wp\/v2\/comments?post=97"}],"wp:featuredmedia":[{"embeddable":true,"href":"https:\/\/bangvapeofficial.com\/it\/wp-json\/wp\/v2\/media\/2696"}],"wp:attachment":[{"href":"https:\/\/bangvapeofficial.com\/it\/wp-json\/wp\/v2\/media?parent=97"}],"wp:term":[{"taxonomy":"product_brand","embeddable":true,"href":"https:\/\/bangvapeofficial.com\/it\/wp-json\/wp\/v2\/product_brand?post=97"},{"taxonomy":"product_cat","embeddable":true,"href":"https:\/\/bangvapeofficial.com\/it\/wp-json\/wp\/v2\/product_cat?post=97"},{"taxonomy":"product_tag","embeddable":true,"href":"https:\/\/bangvapeofficial.com\/it\/wp-json\/wp\/v2\/product_tag?post=97"}],"curies":[{"name":"wp","href":"https:\/\/api.w.org\/{rel}","templated":true}]}}