{"id":98,"date":"2025-09-28T09:08:40","date_gmt":"2025-09-28T09:08:40","guid":{"rendered":"https:\/\/bangvapeofficial.com\/?post_type=product&#038;p=98"},"modified":"2025-10-05T07:05:50","modified_gmt":"2025-10-05T07:05:50","slug":"bang-28k-disposable-vape","status":"publish","type":"product","link":"https:\/\/bangvapeofficial.com\/it\/prodotto\/bang-28k-disposable-vape\/","title":{"rendered":"Bang 28K Puffs - Vape usa e getta con controllo del ghiaccio personalizzabile"},"content":{"rendered":"<h2>Bang 28k Puffs - Vape usa e getta con controllo del ghiaccio personalizzabile<\/h2>\n<h3>Fino a 28.000 boccate | Selettore del livello di ghiaccio | 30ML di liquido elettronico | Batteria da 650mAh<\/h3>\n<p>Sapore. Freddo. Controllo. Bang 28K Puffs Disposable Vape porta una personalizzazione di livello superiore nel mondo degli usa e getta. Con tre livelli di ghiaccio regolabili, fino a 28.000 boccate e un'ampia variet\u00e0 di sapori pregiati, \u00e8 stato progettato per i vapers che desiderano avere il pieno controllo della loro esperienza, dall'intensit\u00e0 alla freschezza.<\/p>\n<p><img loading=\"lazy\" decoding=\"async\" class=\"alignnone size-full wp-image-3247\" src=\"https:\/\/bangvapeofficial.com\/wp-content\/uploads\/2025\/09\/Bang-28K-Puffs.webp\" width=\"800\" height=\"2250\" alt=\"Bang-28K-Puffs\" title=\"Bang-28K-Puffs\" srcset=\"https:\/\/bangvapeofficial.com\/wp-content\/uploads\/2025\/09\/Bang-28K-Puffs.webp 800w, https:\/\/bangvapeofficial.com\/wp-content\/uploads\/2025\/09\/Bang-28K-Puffs-107x300.webp 107w, https:\/\/bangvapeofficial.com\/wp-content\/uploads\/2025\/09\/Bang-28K-Puffs-364x1024.webp 364w, https:\/\/bangvapeofficial.com\/wp-content\/uploads\/2025\/09\/Bang-28K-Puffs-768x2160.webp 768w, https:\/\/bangvapeofficial.com\/wp-content\/uploads\/2025\/09\/Bang-28K-Puffs-546x1536.webp 546w, https:\/\/bangvapeofficial.com\/wp-content\/uploads\/2025\/09\/Bang-28K-Puffs-728x2048.webp 728w, https:\/\/bangvapeofficial.com\/wp-content\/uploads\/2025\/09\/Bang-28K-Puffs-600x1688.webp 600w\" sizes=\"auto, (max-width: 800px) 100vw, 800px\" \/><\/p>\n<h3>Caratteristiche principali<\/h3>\n<p>Capacit\u00e0 di 28.000 soffi - Prestazioni di lunga durata<br \/>\nSerbatoio per liquidi elettronici da 30ML - Zero ricariche, tutta soddisfazione<br \/>\nPulsante di controllo del ghiaccio - Consente di passare da un livello di raffreddamento all'altro:<\/p>\n<ul>\n<li>Verde - Ghiaccio massimo<\/li>\n<li>Blu - Ghiaccio chiaro<\/li>\n<li>Giallo - Senza ghiaccio<\/li>\n<\/ul>\n<p>Batteria ricaricabile da 650 mAh - Ricarica rapida di tipo C<br \/>\nFlessibilit\u00e0 della nicotina: scegliere tra 0%, 2%, 3% o 5%.<br \/>\nFuoco attivato dal disegno - Nessun pulsante per il vaping; basta inalare<br \/>\nIndicatore a LED del livello del ghiaccio - Per conoscere immediatamente la propria impostazione<\/p>\n<h3>Linea di sapori<\/h3>\n<ol>\n<li>Ghiaccio alla fragola e anguria<\/li>\n<li>Ghiaccio al mirtillo<\/li>\n<li>Sangue e sabbia<\/li>\n<li>Ananas e cocco<\/li>\n<li>Fragola e banana<\/li>\n<li>Frutta mista<\/li>\n<li>Mirtilli Lamponi<\/li>\n<li>Ghiaccio alla pesca<\/li>\n<li>Mango e pesca<\/li>\n<li>Anguria<\/li>\n<li>Ghiaccio d'uva<\/li>\n<li>Fragola Kiwi<\/li>\n<\/ol>\n<h3>Perch\u00e9 scegliere Bang 28K?<\/h3>\n<ul>\n<li>Controllare il freddo - Regolare l'intensit\u00e0 del raffreddamento in qualsiasi momento<\/li>\n<li>Sapore che dura - 30ML di liquido offrono un gusto deciso fino all'ultima boccata<\/li>\n<li>Niente stress, basta svapare - Ricaricabile e monouso per una facilit\u00e0 totale<\/li>\n<li>Forza di nicotina flessibile - Opzioni per ogni livello di utente<\/li>\n<\/ul>","protected":false},"excerpt":{"rendered":"<p>Bang 28K offre fino a 28.000 boccate con 30ML di e-liquid, una batteria ricaricabile da 650mAh e un interruttore di controllo del ghiaccio a 3 livelli. Disponibile con nicotina 0%-5% e 12 aromi.<\/p>","protected":false},"featured_media":2680,"comment_status":"open","ping_status":"closed","template":"","meta":{"_acf_changed":false,"bwfblock_default_font":""},"product_brand":[],"product_cat":[17],"product_tag":[38,39,267,268],"class_list":{"0":"post-98","1":"product","2":"type-product","3":"status-publish","4":"has-post-thumbnail","6":"product_cat-bang-vapes","7":"product_tag-28k-puffs","8":"product_tag-airflow-dtl","9":"product_tag-ice-level-adjustment","10":"product_tag-mouth-to-lung","12":"first","13":"instock","14":"sale","15":"shipping-taxable","16":"purchasable","17":"product-type-variable"},"acf":[],"_links":{"self":[{"href":"https:\/\/bangvapeofficial.com\/it\/wp-json\/wp\/v2\/product\/98","targetHints":{"allow":["GET"]}}],"collection":[{"href":"https:\/\/bangvapeofficial.com\/it\/wp-json\/wp\/v2\/product"}],"about":[{"href":"https:\/\/bangvapeofficial.com\/it\/wp-json\/wp\/v2\/types\/product"}],"replies":[{"embeddable":true,"href":"https:\/\/bangvapeofficial.com\/it\/wp-json\/wp\/v2\/comments?post=98"}],"wp:featuredmedia":[{"embeddable":true,"href":"https:\/\/bangvapeofficial.com\/it\/wp-json\/wp\/v2\/media\/2680"}],"wp:attachment":[{"href":"https:\/\/bangvapeofficial.com\/it\/wp-json\/wp\/v2\/media?parent=98"}],"wp:term":[{"taxonomy":"product_brand","embeddable":true,"href":"https:\/\/bangvapeofficial.com\/it\/wp-json\/wp\/v2\/product_brand?post=98"},{"taxonomy":"product_cat","embeddable":true,"href":"https:\/\/bangvapeofficial.com\/it\/wp-json\/wp\/v2\/product_cat?post=98"},{"taxonomy":"product_tag","embeddable":true,"href":"https:\/\/bangvapeofficial.com\/it\/wp-json\/wp\/v2\/product_tag?post=98"}],"curies":[{"name":"wp","href":"https:\/\/api.w.org\/{rel}","templated":true}]}}