{"id":99,"date":"2025-09-28T09:08:41","date_gmt":"2025-09-28T09:08:41","guid":{"rendered":"https:\/\/bangvapeofficial.com\/?post_type=product&#038;p=99"},"modified":"2025-10-05T07:23:52","modified_gmt":"2025-10-05T07:23:52","slug":"bang-king-30000-pro-30k","status":"publish","type":"product","link":"https:\/\/bangvapeofficial.com\/it\/prodotto\/bang-king-30000-pro-30k\/","title":{"rendered":"Bang King 30000 Pro - 30K boccate di prestazioni raffinate"},"content":{"rendered":"<h2>Bang King 30000 Pro<\/h2>\n<h3>Gusto doppio | 36 ml di liquido elettronico | Batteria da 850 mAh | Ricaricabile USB-C<\/h3>\n<p>Sperimentate una comodit\u00e0 di svapo e una resistenza al gusto senza pari con Bang King 30000 Pro. Questo dispositivo monouso ad alte prestazioni eroga fino a 30.000 boccate, alimentato da un serbatoio di e-liquid da 36 ml e da un'affidabile batteria ricaricabile da 850 mAh. Progettato con un corpo ovale ed ergonomico, il Pro offre comfort e stile per il trasporto quotidiano e le sessioni prolungate.<\/p>\n<p><img loading=\"lazy\" decoding=\"async\" class=\"alignnone size-full wp-image-3259\" src=\"https:\/\/bangvapeofficial.com\/wp-content\/uploads\/2025\/09\/Bang-King-30000-Pro-7.webp\" width=\"556\" height=\"964\" alt=\"Bang-King-30000-Pro-7\" title=\"Bang-King-30000-Pro-7\" srcset=\"https:\/\/bangvapeofficial.com\/wp-content\/uploads\/2025\/09\/Bang-King-30000-Pro-7.webp 556w, https:\/\/bangvapeofficial.com\/wp-content\/uploads\/2025\/09\/Bang-King-30000-Pro-7-173x300.webp 173w\" sizes=\"auto, (max-width: 556px) 100vw, 556px\" \/><\/p>\n<h3>Caratteristiche principali<\/h3>\n<ul>\n<li>Capacit\u00e0 di 30.000 puff - Vaping prolungato per una soddisfazione duratura<\/li>\n<li>Volume di 36 ml di liquido elettronico: un enorme serbatoio interno per un uso ininterrotto.<\/li>\n<li>Batteria ricaricabile da 850 mAh - Ricarica rapida USB-C per zero tempi di inattivit\u00e0<\/li>\n<li>Design ovale ergonomico - Compatto, elegante e comodo da impugnare<\/li>\n<li>Opzioni di intensit\u00e0 di nicotina: disponibili in 0%, 2%, 3% e 5%.<\/li>\n<li>Variet\u00e0 di sapori - Scegliete tra pi\u00f9 combinazioni di sapori audaci e rinfrescanti<\/li>\n<li>Sistema Draw-Activated - Nessun pulsante, solo vaping fluido e istantaneo<\/li>\n<\/ul>\n<h3>Un design che funziona<\/h3>\n<p>Bang King 30000 Pro non \u00e8 solo ad alta capacit\u00e0, ma \u00e8 anche realizzato in modo intelligente. La sua forma ovale e affusolata si adatta naturalmente alla mano, mentre l'esterno audace riflette le vivaci combinazioni di sapori all'interno. Portatile, moderno e facile da ricaricare, offre prestazioni per tutto il giorno in un pacchetto elegante.<\/p>\n<h3>Perch\u00e9 scegliere Bang King 30000 Pro?<\/h3>\n<ul>\n<li>Perfetto per gli utenti che desiderano la massima durata del puff con un design elegante<\/li>\n<li>Ergonomico, facile da trasportare e costruito per un uso discreto e quotidiano.<\/li>\n<li>Ricaricabile, per risparmiare sui costi e sugli sprechi in pi\u00f9 sedute<\/li>\n<li>Offre due modalit\u00e0 di aromatizzazione per una variet\u00e0 senza dover portare con s\u00e9 pi\u00f9 dispositivi<\/li>\n<\/ul>","protected":false},"excerpt":{"rendered":"<p>Bang King 30000 Pro eroga fino a 30.000 boccate con una capacit\u00e0 di 36 ml di e-liquido, opzioni di doppio aroma, batteria da 850 mAh e un elegante design ovale. Ricaricabile tramite USB-C.<\/p>","protected":false},"featured_media":2691,"comment_status":"open","ping_status":"closed","template":"","meta":{"_acf_changed":false,"bwfblock_default_font":""},"product_brand":[],"product_cat":[17],"product_tag":[24,22,268],"class_list":{"0":"post-99","1":"product","2":"type-product","3":"status-publish","4":"has-post-thumbnail","6":"product_cat-bang-vapes","7":"product_tag-30k-puffs","8":"product_tag-hot-selling","9":"product_tag-mouth-to-lung","11":"first","12":"instock","13":"sale","14":"featured","15":"shipping-taxable","16":"purchasable","17":"product-type-variable"},"acf":[],"_links":{"self":[{"href":"https:\/\/bangvapeofficial.com\/it\/wp-json\/wp\/v2\/product\/99","targetHints":{"allow":["GET"]}}],"collection":[{"href":"https:\/\/bangvapeofficial.com\/it\/wp-json\/wp\/v2\/product"}],"about":[{"href":"https:\/\/bangvapeofficial.com\/it\/wp-json\/wp\/v2\/types\/product"}],"replies":[{"embeddable":true,"href":"https:\/\/bangvapeofficial.com\/it\/wp-json\/wp\/v2\/comments?post=99"}],"wp:featuredmedia":[{"embeddable":true,"href":"https:\/\/bangvapeofficial.com\/it\/wp-json\/wp\/v2\/media\/2691"}],"wp:attachment":[{"href":"https:\/\/bangvapeofficial.com\/it\/wp-json\/wp\/v2\/media?parent=99"}],"wp:term":[{"taxonomy":"product_brand","embeddable":true,"href":"https:\/\/bangvapeofficial.com\/it\/wp-json\/wp\/v2\/product_brand?post=99"},{"taxonomy":"product_cat","embeddable":true,"href":"https:\/\/bangvapeofficial.com\/it\/wp-json\/wp\/v2\/product_cat?post=99"},{"taxonomy":"product_tag","embeddable":true,"href":"https:\/\/bangvapeofficial.com\/it\/wp-json\/wp\/v2\/product_tag?post=99"}],"curies":[{"name":"wp","href":"https:\/\/api.w.org\/{rel}","templated":true}]}}