{"id":3342,"date":"2025-10-06T10:36:53","date_gmt":"2025-10-06T10:36:53","guid":{"rendered":"https:\/\/bangvapeofficial.com\/?page_id=3342"},"modified":"2025-10-06T10:55:20","modified_gmt":"2025-10-06T10:55:20","slug":"faqs","status":"publish","type":"page","link":"https:\/\/bangvapeofficial.com\/nl\/faqs\/","title":{"rendered":"FAQs"},"content":{"rendered":"<section class=\"section\" id=\"section_194580785\">\n\t\t<div class=\"section-bg fill\" >\n\t\t\t\t\t\t\t\t\t\n\t\t\t\n\n\t\t<\/div>\n\n\t\t\n\n\t\t<div class=\"section-content relative\">\n\t\t\t\n\n<div class=\"row\"  id=\"row-2035896345\">\n\n\n\t<div id=\"col-1976311191\" class=\"col medium-6 small-12 large-6\"  >\n\t\t\t\t<div class=\"col-inner\"  >\n\t\t\t\n\t\t\t\n\n<h2>Betaling<\/h2>\n\n<div class=\"accordion\">\n\n\t<div id=\"accordion-1747459049\" class=\"accordion-item\">\n\t\t<a id=\"accordion-1747459049-label\" class=\"accordion-title plain\" href=\"#accordion-item-which-payment-methods-do-you-accept?\" aria-expanded=\"false\" aria-controls=\"accordion-1747459049-content\">\n\t\t\t<button class=\"toggle\" aria-label=\"Schakel\"><i class=\"icon-angle-down\" aria-hidden=\"true\"><\/i><\/button>\n\t\t\t<span>Welke betaalmethoden accepteert u?<\/span>\n\t\t<\/a>\n\t\t<div id=\"accordion-1747459049-content\" class=\"accordion-inner\" aria-labelledby=\"accordion-1747459049-label\">\n\t\t\t\n\n<p>We accepteren verschillende betaalmethoden, waaronder creditcards, bankpassen, cryptocurrency en meer. Je kunt de beschikbare betaalopties bekijken op de afrekenpagina.<\/p>\n\n\n\t\t<\/div>\n\t<\/div>\n\t\n\t<div id=\"accordion-1580947598\" class=\"accordion-item\">\n\t\t<a id=\"accordion-1580947598-label\" class=\"accordion-title plain\" href=\"#accordion-item-why-was-my-payment-declined?\" aria-expanded=\"false\" aria-controls=\"accordion-1580947598-content\">\n\t\t\t<button class=\"toggle\" aria-label=\"Schakel\"><i class=\"icon-angle-down\" aria-hidden=\"true\"><\/i><\/button>\n\t\t\t<span>Waarom is mijn betaling geweigerd?<\/span>\n\t\t<\/a>\n\t\t<div id=\"accordion-1580947598-content\" class=\"accordion-inner\" aria-labelledby=\"accordion-1580947598-label\">\n\t\t\t\n\n<p>Betalingen kunnen om verschillende redenen worden geweigerd, zoals onjuiste creditcardgegevens, onvoldoende saldo of problemen met de betalingsprovider. Zorg ervoor dat de betalingsgegevens die je verstrekt juist zijn of neem contact op met je betalingsprovider om het probleem op te lossen.<\/p>\n\n\n\t\t<\/div>\n\t<\/div>\n\t\n\t<div id=\"accordion-458218116\" class=\"accordion-item\">\n\t\t<a id=\"accordion-458218116-label\" class=\"accordion-title plain\" href=\"#accordion-item-how-can-i-obtain-an-invoice?\" aria-expanded=\"false\" aria-controls=\"accordion-458218116-content\">\n\t\t\t<button class=\"toggle\" aria-label=\"Schakel\"><i class=\"icon-angle-down\" aria-hidden=\"true\"><\/i><\/button>\n\t\t\t<span>Hoe kan ik een factuur krijgen?<\/span>\n\t\t<\/a>\n\t\t<div id=\"accordion-458218116-content\" class=\"accordion-inner\" aria-labelledby=\"accordion-458218116-label\">\n\t\t\t\n\n<p>Je kunt tijdens het afrekenen een factuur aanvragen, die we je dan per e-mail zullen toesturen.<\/p>\n\n\n\t\t<\/div>\n\t<\/div>\n\t\n\n<\/div>\n<div class=\"accordion\">\n\n\t<div id=\"accordion-406995238\" class=\"accordion-item\">\n\t\t<a id=\"accordion-406995238-label\" class=\"accordion-title plain\" href=\"#accordion-item-do-you-offer-cash-on-delivery-(cod)-payment-option?\" aria-expanded=\"false\" aria-controls=\"accordion-406995238-content\">\n\t\t\t<button class=\"toggle\" aria-label=\"Schakel\"><i class=\"icon-angle-down\" aria-hidden=\"true\"><\/i><\/button>\n\t\t\t<span>Bieden jullie de mogelijkheid om onder rembours te betalen?<\/span>\n\t\t<\/a>\n\t\t<div id=\"accordion-406995238-content\" class=\"accordion-inner\" aria-labelledby=\"accordion-406995238-label\">\n\t\t\t\n\n<p>We bieden geen rembours aan. Je moet online betaalmethoden gebruiken wanneer je een bestelling plaatst.<\/p>\n\n\n\t\t<\/div>\n\t<\/div>\n\t\n\t<div id=\"accordion-3239952979\" class=\"accordion-item\">\n\t\t<a id=\"accordion-3239952979-label\" class=\"accordion-title plain\" href=\"#accordion-item-is-there-an-option-to-enter-a-discount-code-or-gift-card?\" aria-expanded=\"false\" aria-controls=\"accordion-3239952979-content\">\n\t\t\t<button class=\"toggle\" aria-label=\"Schakel\"><i class=\"icon-angle-down\" aria-hidden=\"true\"><\/i><\/button>\n\t\t\t<span>Is er een optie om een kortingscode of cadeaubon in te voeren?<\/span>\n\t\t<\/a>\n\t\t<div id=\"accordion-3239952979-content\" class=\"accordion-inner\" aria-labelledby=\"accordion-3239952979-label\">\n\t\t\t\n\n<p>Ja, als je een kortingscode of cadeaubon hebt, kun je de relevante informatie invoeren op de afrekenpagina om te profiteren van kortingen.<\/p>\n\n\n\t\t<\/div>\n\t<\/div>\n\t\n\t<div id=\"accordion-3850178768\" class=\"accordion-item\">\n\t\t<a id=\"accordion-3850178768-label\" class=\"accordion-title plain\" href=\"#accordion-item-is-payment-secure?\" aria-expanded=\"false\" aria-controls=\"accordion-3850178768-content\">\n\t\t\t<button class=\"toggle\" aria-label=\"Schakel\"><i class=\"icon-angle-down\" aria-hidden=\"true\"><\/i><\/button>\n\t\t\t<span>Is de betaling veilig?<\/span>\n\t\t<\/a>\n\t\t<div id=\"accordion-3850178768-content\" class=\"accordion-inner\" aria-labelledby=\"accordion-3850178768-label\">\n\t\t\t\n\n<p>We nemen meerdere maatregelen om de veiligheid van betalingen te garanderen, waaronder encryptietechnologie en betalingsverwerking die voldoet aan de PCI-standaarden.<\/p>\n\n\n\t\t<\/div>\n\t<\/div>\n\t\n\n<\/div>\n<div class=\"accordion\">\n\n\t<div id=\"accordion-1330375904\" class=\"accordion-item\">\n\t\t<a id=\"accordion-1330375904-label\" class=\"accordion-title plain\" href=\"#accordion-item-how-can-i-receive-an-order-confirmation-after-making-a-payment?\" aria-expanded=\"false\" aria-controls=\"accordion-1330375904-content\">\n\t\t\t<button class=\"toggle\" aria-label=\"Schakel\"><i class=\"icon-angle-down\" aria-hidden=\"true\"><\/i><\/button>\n\t\t\t<span>Hoe kan ik een orderbevestiging ontvangen nadat ik een betaling heb gedaan?<\/span>\n\t\t<\/a>\n\t\t<div id=\"accordion-1330375904-content\" class=\"accordion-inner\" aria-labelledby=\"accordion-1330375904-label\">\n\t\t\t\n\n<p>Onmiddellijk na een succesvolle betaling ontvang je een e-mail ter bevestiging van je bestelling met gedetailleerde bestelinformatie.<\/p>\n\n\n\t\t<\/div>\n\t<\/div>\n\t\n\t<div id=\"accordion-2898202590\" class=\"accordion-item\">\n\t\t<a id=\"accordion-2898202590-label\" class=\"accordion-title plain\" href=\"#accordion-item-how-can-i-request-a-refund?\" aria-expanded=\"false\" aria-controls=\"accordion-2898202590-content\">\n\t\t\t<button class=\"toggle\" aria-label=\"Schakel\"><i class=\"icon-angle-down\" aria-hidden=\"true\"><\/i><\/button>\n\t\t\t<span>Hoe kan ik mijn geld terugvragen?<\/span>\n\t\t<\/a>\n\t\t<div id=\"accordion-2898202590-content\" class=\"accordion-inner\" aria-labelledby=\"accordion-2898202590-label\">\n\t\t\t\n\n<p>Als je een restitutie wilt, neem dan contact op met onze klantenservice en verstrek de gegevens van je bestelling. Wij zullen u helpen bij het verwerken van verzoeken om restitutie in overeenstemming met ons restitutiebeleid.<\/p>\n\n\n\t\t<\/div>\n\t<\/div>\n\t\n\t<div id=\"accordion-2555613447\" class=\"accordion-item\">\n\t\t<a id=\"accordion-2555613447-label\" class=\"accordion-title plain\" href=\"#accordion-item-how-can-i-view-my-order-history-after-making-a-payment?\" aria-expanded=\"false\" aria-controls=\"accordion-2555613447-content\">\n\t\t\t<button class=\"toggle\" aria-label=\"Schakel\"><i class=\"icon-angle-down\" aria-hidden=\"true\"><\/i><\/button>\n\t\t\t<span>Hoe kan ik mijn bestelgeschiedenis bekijken nadat ik een betaling heb gedaan?<\/span>\n\t\t<\/a>\n\t\t<div id=\"accordion-2555613447-content\" class=\"accordion-inner\" aria-labelledby=\"accordion-2555613447-label\">\n\t\t\t\n\n<p>Log in op je account en ga naar de pagina \"Mijn account\". In het gedeelte Bestelgeschiedenis kun je de betalingsgegevens en de bestelstatus van eerdere bestellingen bekijken.<\/p>\n\n\n\t\t<\/div>\n\t<\/div>\n\t\n\n<\/div>\n\n\t\t<\/div>\n\t\t\t\t\t<\/div>\n\n\t\n\n\t<div id=\"col-139130793\" class=\"col medium-6 small-12 large-6\"  >\n\t\t\t\t<div class=\"col-inner\"  >\n\t\t\t\n\t\t\t\n\n<h2>Beveiliging<\/h2>\n\n<div class=\"accordion\">\n\n\t<div id=\"accordion-1410730127\" class=\"accordion-item\">\n\t\t<a id=\"accordion-1410730127-label\" class=\"accordion-title plain\" href=\"#accordion-item-how-is-website-security-ensured?\" aria-expanded=\"false\" aria-controls=\"accordion-1410730127-content\">\n\t\t\t<button class=\"toggle\" aria-label=\"Schakel\"><i class=\"icon-angle-down\" aria-hidden=\"true\"><\/i><\/button>\n\t\t\t<span>Hoe wordt de veiligheid van websites gegarandeerd?<\/span>\n\t\t<\/a>\n\t\t<div id=\"accordion-1410730127-content\" class=\"accordion-inner\" aria-labelledby=\"accordion-1410730127-label\">\n\t\t\t\n\n<p>We maken gebruik van meerdere lagen beveiligingsmaatregelen om je gegevens en transacties te beschermen, waaronder gegevensversleuteling, firewalls en regelmatige beveiligingsaudits.<\/p>\n\n\n\t\t<\/div>\n\t<\/div>\n\t\n\t<div id=\"accordion-1555055780\" class=\"accordion-item\">\n\t\t<a id=\"accordion-1555055780-label\" class=\"accordion-title plain\" href=\"#accordion-item-how-is-my-personal-information-safeguarded?\" aria-expanded=\"false\" aria-controls=\"accordion-1555055780-content\">\n\t\t\t<button class=\"toggle\" aria-label=\"Schakel\"><i class=\"icon-angle-down\" aria-hidden=\"true\"><\/i><\/button>\n\t\t\t<span>Hoe worden mijn persoonlijke gegevens beschermd?<\/span>\n\t\t<\/a>\n\t\t<div id=\"accordion-1555055780-content\" class=\"accordion-inner\" aria-labelledby=\"accordion-1555055780-label\">\n\t\t\t\n\n<p>Wij houden ons strikt aan ons privacybeleid en verkopen of delen uw persoonlijke gegevens niet. Uw informatie wordt uitsluitend gebruikt voor het verwerken van bestellingen en het bieden van klantenondersteuning.<\/p>\n\n\n\t\t<\/div>\n\t<\/div>\n\t\n\t<div id=\"accordion-1840758387\" class=\"accordion-item\">\n\t\t<a id=\"accordion-1840758387-label\" class=\"accordion-title plain\" href=\"#accordion-item-is-payment-information-secure?\" aria-expanded=\"false\" aria-controls=\"accordion-1840758387-content\">\n\t\t\t<button class=\"toggle\" aria-label=\"Schakel\"><i class=\"icon-angle-down\" aria-hidden=\"true\"><\/i><\/button>\n\t\t\t<span>Is de betalingsinformatie veilig?<\/span>\n\t\t<\/a>\n\t\t<div id=\"accordion-1840758387-content\" class=\"accordion-inner\" aria-labelledby=\"accordion-1840758387-label\">\n\t\t\t\n\n<p>We gebruiken een beveiligd betalingsverwerkingssysteem dat voldoet aan de PCI-normen om de veiligheid van je betalingsgegevens te garanderen.<\/p>\n\n\n\t\t<\/div>\n\t<\/div>\n\t\n\n<\/div>\n<div class=\"accordion\">\n\n\t<div id=\"accordion-824803123\" class=\"accordion-item\">\n\t\t<a id=\"accordion-824803123-label\" class=\"accordion-title plain\" href=\"#accordion-item-how-can-i-create-a-strong-password?\" aria-expanded=\"false\" aria-controls=\"accordion-824803123-content\">\n\t\t\t<button class=\"toggle\" aria-label=\"Schakel\"><i class=\"icon-angle-down\" aria-hidden=\"true\"><\/i><\/button>\n\t\t\t<span>Hoe maak ik een sterk wachtwoord?<\/span>\n\t\t<\/a>\n\t\t<div id=\"accordion-824803123-content\" class=\"accordion-inner\" aria-labelledby=\"accordion-824803123-label\">\n\t\t\t\n\n<p>Om een sterk wachtwoord te maken, gebruik je een combinatie van letters, cijfers en speciale tekens en vermijd je makkelijk te raden informatie zoals verjaardagen. Je wachtwoord regelmatig veranderen is ook een manier om de beveiliging te verbeteren.<\/p>\n\n\n\t\t<\/div>\n\t<\/div>\n\t\n\t<div id=\"accordion-3735317461\" class=\"accordion-item\">\n\t\t<a id=\"accordion-3735317461-label\" class=\"accordion-title plain\" href=\"#accordion-item-how-can-i-verify-the-authenticity-of-the-website?\" aria-expanded=\"false\" aria-controls=\"accordion-3735317461-content\">\n\t\t\t<button class=\"toggle\" aria-label=\"Schakel\"><i class=\"icon-angle-down\" aria-hidden=\"true\"><\/i><\/button>\n\t\t\t<span>Hoe kan ik de authenticiteit van de website controleren?<\/span>\n\t\t<\/a>\n\t\t<div id=\"accordion-3735317461-content\" class=\"accordion-inner\" aria-labelledby=\"accordion-3735317461-label\">\n\t\t\t\n\n<p>Controleer of de URL van de website overeenkomt met de offici\u00eble website. Kijk ook naar het SSL-certificaat, dat zou moeten aangeven dat de site veilig is.<\/p>\n\n\n\t\t<\/div>\n\t<\/div>\n\t\n\t<div id=\"accordion-1210205835\" class=\"accordion-item\">\n\t\t<a id=\"accordion-1210205835-label\" class=\"accordion-title plain\" href=\"#accordion-item-how-do-i-report-suspicious-activity?\" aria-expanded=\"false\" aria-controls=\"accordion-1210205835-content\">\n\t\t\t<button class=\"toggle\" aria-label=\"Schakel\"><i class=\"icon-angle-down\" aria-hidden=\"true\"><\/i><\/button>\n\t\t\t<span>Hoe meld ik verdachte activiteiten?<\/span>\n\t\t<\/a>\n\t\t<div id=\"accordion-1210205835-content\" class=\"accordion-inner\" aria-labelledby=\"accordion-1210205835-label\">\n\t\t\t\n\n<p>Als je verdachte activiteiten of beveiligingsproblemen tegenkomt, neem dan onmiddellijk contact op met onze klantenservice. We zullen dit onderzoeken en de nodige acties ondernemen.<\/p>\n\n\n\t\t<\/div>\n\t<\/div>\n\t\n\n<\/div>\n<div class=\"accordion\">\n\n\t<div id=\"accordion-3939018033\" class=\"accordion-item\">\n\t\t<a id=\"accordion-3939018033-label\" class=\"accordion-title plain\" href=\"#accordion-item-are-there-anti-phishing-measures-in-place?\" aria-expanded=\"false\" aria-controls=\"accordion-3939018033-content\">\n\t\t\t<button class=\"toggle\" aria-label=\"Schakel\"><i class=\"icon-angle-down\" aria-hidden=\"true\"><\/i><\/button>\n\t\t\t<span>Zijn er anti-phishingmaatregelen genomen?<\/span>\n\t\t<\/a>\n\t\t<div id=\"accordion-3939018033-content\" class=\"accordion-inner\" aria-labelledby=\"accordion-3939018033-label\">\n\t\t\t\n\n<p>Ja, we hebben anti-phishingmaatregelen ge\u00efmplementeerd om frauduleuze activiteiten op kwaadaardige websites en e-mails te helpen voorkomen.<\/p>\n\n\n\t\t<\/div>\n\t<\/div>\n\t\n\n<\/div>\n\n\t\t<\/div>\n\t\t\t\t\t<\/div>\n\n\t\n\n\t<div id=\"col-785559635\" class=\"col medium-6 small-12 large-6\"  >\n\t\t\t\t<div class=\"col-inner\"  >\n\t\t\t\n\t\t\t\n\n<h2>Verzending<\/h2>\n\n<div class=\"accordion\">\n\n\t<div id=\"accordion-3268402136\" class=\"accordion-item\">\n\t\t<a id=\"accordion-3268402136-label\" class=\"accordion-title plain\" href=\"#accordion-item-what&#039;s-the-shipping-policy?\" aria-expanded=\"false\" aria-controls=\"accordion-3268402136-content\">\n\t\t\t<button class=\"toggle\" aria-label=\"Schakel\"><i class=\"icon-angle-down\" aria-hidden=\"true\"><\/i><\/button>\n\t\t\t<span>Wat is het verzendbeleid?<\/span>\n\t\t<\/a>\n\t\t<div id=\"accordion-3268402136-content\" class=\"accordion-inner\" aria-labelledby=\"accordion-3268402136-label\">\n\t\t\t\n\n<p>Gratis verzending in de VS en Australi\u00eb.<br \/>\nLanden die we kunnen verzenden met de DDP (Delivery duty paid)-methode, hoeven niet ingeklaard te worden en betalen geen invoerrechten.<\/p>\n<p>USA - UPS Express (behalve Alaska en Hawaii)<br \/>\nUK - Plaatselijk DPD Express<br \/>\nEuropa - UPS Express\/ DPD Express\/ DHL Express<br \/>\nLandenlijsten van Europa DDP-methode: Duitsland, Belgi\u00eb, Luxemburg, Nederland, Tsjechi\u00eb, Polen, Kroati\u00eb, Slowakije, Sloveni\u00eb, Finland, Denemarken, Zweden, Oostenrijk, Frankrijk, Itali\u00eb, Hongarije, Bulgarije, Litouwen, Estland, Letland, Griekenland, Ierland, Portugal, Spanje.<\/p>\n<p>Zendingen naar Europese landen behalve Groot-Brittanni\u00eb worden in Duitsland ingeklaard en vanuit Duitsland naar andere Europese landen verzonden.<\/p>\n<p>VAE (alleen Dubai)<br \/>\nZuid-Afrika<br \/>\nVietnam<br \/>\nWest-Maleisi\u00eb (het eiland Kalimantan)<\/p>\n<table>\n<thead>\n<tr>\n<th>Land<\/th>\n<th>Verzendmethode<\/th>\n<th>Verzendtijd<\/th>\n<\/tr>\n<\/thead>\n<tbody>\n<tr>\n<td>VS<\/td>\n<td>Lokale UPS Grond<\/td>\n<td>10~15 Dagen<\/td>\n<\/tr>\n<tr>\n<td>UK<\/td>\n<td>Lokaal DPD Express<\/td>\n<td>7~12 Dagen<\/td>\n<\/tr>\n<tr>\n<td>Duitsland<\/td>\n<td>UPS\/DPD\/DHL Duitsland<\/td>\n<td>8~15 Dagen<\/td>\n<\/tr>\n<tr>\n<td>Frankrijk<\/td>\n<td>UPS\/DPD\/DHL Duitsland<\/td>\n<td>10~15 Dagen<\/td>\n<\/tr>\n<tr>\n<td>Belgi\u00eb<\/td>\n<td>UPS\/DPD\/DHL Duitsland<\/td>\n<td>10~15 Dagen<\/td>\n<\/tr>\n<tr>\n<td>Luxemburg<\/td>\n<td>UPS\/DPD\/DHL Duitsland<\/td>\n<td>10~15 Dagen<\/td>\n<\/tr>\n<tr>\n<td>Nederland<\/td>\n<td>UPS\/DPD\/DHL Duitsland<\/td>\n<td>10~15 Dagen<\/td>\n<\/tr>\n<tr>\n<td>Tsjechi\u00eb<\/td>\n<td>UPS\/DPD\/DHL Duitsland<\/td>\n<td>10~15 Dagen<\/td>\n<\/tr>\n<tr>\n<td>Polen<\/td>\n<td>UPS\/DPD\/DHL Duitsland<\/td>\n<td>10~15 Dagen<\/td>\n<\/tr>\n<tr>\n<td>Kroati\u00eb<\/td>\n<td>UPS\/DPD\/DHL Duitsland<\/td>\n<td>10~15 Dagen<\/td>\n<\/tr>\n<tr>\n<td>Slowakije<\/td>\n<td>UPS\/DPD\/DHL Duitsland<\/td>\n<td>10~15 Dagen<\/td>\n<\/tr>\n<tr>\n<td>Sloveni\u00eb<\/td>\n<td>UPS\/DPD\/DHL Duitsland<\/td>\n<td>10~15 Dagen<\/td>\n<\/tr>\n<tr>\n<td>Finland<\/td>\n<td>UPS\/DPD\/DHL Duitsland<\/td>\n<td>10~15 Dagen<\/td>\n<\/tr>\n<tr>\n<td>Denemarken<\/td>\n<td>UPS\/DPD\/DHL Duitsland<\/td>\n<td>10~15 Dagen<\/td>\n<\/tr>\n<tr>\n<td>Zweden<\/td>\n<td>UPS\/DPD\/DHL Duitsland<\/td>\n<td>10~15 Dagen<\/td>\n<\/tr>\n<tr>\n<td>Oostenrijk<\/td>\n<td>UPS\/DPD\/DHL Duitsland<\/td>\n<td>10~15 Dagen<\/td>\n<\/tr>\n<tr>\n<td>Itali\u00eb<\/td>\n<td>UPS\/DPD\/DHL Duitsland<\/td>\n<td>10~15 Dagen<\/td>\n<\/tr>\n<tr>\n<td>Hongarije<\/td>\n<td>UPS\/DPD\/DHL Duitsland<\/td>\n<td>10~15 Dagen<\/td>\n<\/tr>\n<tr>\n<td>Litouwen<\/td>\n<td>UPS\/DPD\/DHL Duitsland<\/td>\n<td>10~15 Dagen<\/td>\n<\/tr>\n<tr>\n<td>Estland<\/td>\n<td>UPS\/DPD\/DHL Duitsland<\/td>\n<td>10~15 Dagen<\/td>\n<\/tr>\n<tr>\n<td>Letland<\/td>\n<td>UPS\/DPD\/DHL Duitsland<\/td>\n<td>10~15 Dagen<\/td>\n<\/tr>\n<tr>\n<td>Griekenland<\/td>\n<td>UPS\/DPD\/DHL Duitsland<\/td>\n<td>10~15 Dagen<\/td>\n<\/tr>\n<tr>\n<td>Ierland<\/td>\n<td>UPS\/DPD\/DHL Duitsland<\/td>\n<td>10~15 Dagen<\/td>\n<\/tr>\n<tr>\n<td>Portugal<\/td>\n<td>UPS\/DPD\/DHL Duitsland<\/td>\n<td>10~15 Dagen<\/td>\n<\/tr>\n<tr>\n<td>Spanje<\/td>\n<td>UPS\/DPD\/DHL Duitsland<\/td>\n<td>10~15 Dagen<\/td>\n<\/tr>\n<tr>\n<td>VAE (alleen Dubai)<\/td>\n<td>Speciale lijn Dubai<\/td>\n<td>12~18 dagen<\/td>\n<\/tr>\n<tr>\n<td>Zuid-Afrika<\/td>\n<td>Speciale lijn voor Zuid-Afrika<\/td>\n<td>15~25 Dagen<\/td>\n<\/tr>\n<tr>\n<td>Vietnam<\/td>\n<td>Speciale lijn Vietnam<\/td>\n<td>3~5 Dagen<\/td>\n<\/tr>\n<tr>\n<td>West-Maleisi\u00eb<\/td>\n<td>Speciale lijn Maleisi\u00eb<\/td>\n<td>4~8 Dagen<\/td>\n<\/tr>\n<\/tbody>\n<\/table>\n<p>Andere landen<br \/>\nMet uitzondering van deze landen lijst hierboven, moet u inklaring te doen en rechten te betalen wanneer pakket aangekomen bij uw douane, met betrekking tot hoeveel belasting die u moet betalen, vraag dan de lokale douane voor meer informatie.<\/p>\n<p>Je douane kan ook vragen om een bedrijfsvergunning. (indien van toepassing)<\/p>\n\n\n\t\t<\/div>\n\t<\/div>\n\t\n\t<div id=\"accordion-2568439930\" class=\"accordion-item\">\n\t\t<a id=\"accordion-2568439930-label\" class=\"accordion-title plain\" href=\"#accordion-item-how-are-shipping-costs-calculated?\" aria-expanded=\"false\" aria-controls=\"accordion-2568439930-content\">\n\t\t\t<button class=\"toggle\" aria-label=\"Schakel\"><i class=\"icon-angle-down\" aria-hidden=\"true\"><\/i><\/button>\n\t\t\t<span>Hoe worden de verzendkosten berekend?<\/span>\n\t\t<\/a>\n\t\t<div id=\"accordion-2568439930-content\" class=\"accordion-inner\" aria-labelledby=\"accordion-2568439930-label\">\n\t\t\t\n\n<p>De verzendkosten worden meestal berekend op basis van het gewicht van de artikelen, de verzendbestemming en de geselecteerde verzendmethode. Je kunt de verzendkosten zien tijdens het afrekenen.<\/p>\n\n\n\t\t<\/div>\n\t<\/div>\n\t\n\t<div id=\"accordion-2514218689\" class=\"accordion-item\">\n\t\t<a id=\"accordion-2514218689-label\" class=\"accordion-title plain\" href=\"#accordion-item-what-should-i-do-if-my-package-is-lost-or-delayed?\" aria-expanded=\"false\" aria-controls=\"accordion-2514218689-content\">\n\t\t\t<button class=\"toggle\" aria-label=\"Schakel\"><i class=\"icon-angle-down\" aria-hidden=\"true\"><\/i><\/button>\n\t\t\t<span>Wat moet ik doen als mijn pakket zoekraakt of vertraagd is?<\/span>\n\t\t<\/a>\n\t\t<div id=\"accordion-2514218689-content\" class=\"accordion-inner\" aria-labelledby=\"accordion-2514218689-label\">\n\t\t\t\n\n<p>Accordion Als je pakket zoek is geraakt of aanzienlijke vertraging heeft opgelopen, neem dan contact op met onze klantenservice. Wij zullen het probleem onderzoeken en helpen oplossen.Inhoud<\/p>\n\n\n\t\t<\/div>\n\t<\/div>\n\t\n\n<\/div>\n<div class=\"accordion\">\n\n\t<div id=\"accordion-119409858\" class=\"accordion-item\">\n\t\t<a id=\"accordion-119409858-label\" class=\"accordion-title plain\" href=\"#accordion-item-how-can-i-track-my-order?\" aria-expanded=\"false\" aria-controls=\"accordion-119409858-content\">\n\t\t\t<button class=\"toggle\" aria-label=\"Schakel\"><i class=\"icon-angle-down\" aria-hidden=\"true\"><\/i><\/button>\n\t\t\t<span>Hoe kan ik mijn bestelling volgen?<\/span>\n\t\t<\/a>\n\t\t<div id=\"accordion-119409858-content\" class=\"accordion-inner\" aria-labelledby=\"accordion-119409858-label\">\n\t\t\t\n\n<p>Je kunt je bestelling volgen door in te loggen op je account en naar het gedeelte \"Bestelgeschiedenis\" te gaan. We sturen ook informatie over het volgen van bestellingen via e-mail.<\/p>\n\n\n\t\t<\/div>\n\t<\/div>\n\t\n\t<div id=\"accordion-2053993380\" class=\"accordion-item\">\n\t\t<a id=\"accordion-2053993380-label\" class=\"accordion-title plain\" href=\"#accordion-item-do-i-need-to-pay-customs-duties?\" aria-expanded=\"false\" aria-controls=\"accordion-2053993380-content\">\n\t\t\t<button class=\"toggle\" aria-label=\"Schakel\"><i class=\"icon-angle-down\" aria-hidden=\"true\"><\/i><\/button>\n\t\t\t<span>Moet ik douanerechten betalen?<\/span>\n\t\t<\/a>\n\t\t<div id=\"accordion-2053993380-content\" class=\"accordion-inner\" aria-labelledby=\"accordion-2053993380-label\">\n\t\t\t\n\n<p>Momenteel niet verplicht, behalve in Canada, Denemarken en Zwitserland.<\/p>\n\n\n\t\t<\/div>\n\t<\/div>\n\t\n\t<div id=\"accordion-2028248659\" class=\"accordion-item\">\n\t\t<a id=\"accordion-2028248659-label\" class=\"accordion-title plain\" href=\"#accordion-item-what-is-the-estimated-shipping-time?\" aria-expanded=\"false\" aria-controls=\"accordion-2028248659-content\">\n\t\t\t<button class=\"toggle\" aria-label=\"Schakel\"><i class=\"icon-angle-down\" aria-hidden=\"true\"><\/i><\/button>\n\t\t\t<span>Wat is de geschatte verzendtijd?<\/span>\n\t\t<\/a>\n\t\t<div id=\"accordion-2028248659-content\" class=\"accordion-inner\" aria-labelledby=\"accordion-2028248659-label\">\n\t\t\t\n\n<p>Afhankelijk van het product is de levertijd 1-5 dagen en de verzendtijd 7-15 dagen.<\/p>\n\n\n\t\t<\/div>\n\t<\/div>\n\t\n\n<\/div>\n<div class=\"accordion\">\n\n\n<\/div>\n\n\t\t<\/div>\n\t\t\t\t\t<\/div>\n\n\t\n\n\t<div id=\"col-2096949245\" class=\"col medium-6 small-12 large-6\"  >\n\t\t\t\t<div class=\"col-inner\"  >\n\t\t\t\n\t\t\t\n\n<h2>Geeft<\/h2>\n\n<div class=\"accordion\">\n\n\t<div id=\"accordion-2519005337\" class=\"accordion-item\">\n\t\t<a id=\"accordion-2519005337-label\" class=\"accordion-title plain\" href=\"#accordion-item-i-would-like-to-change-my-ordered-items.-what-should-i-do?\" aria-expanded=\"false\" aria-controls=\"accordion-2519005337-content\">\n\t\t\t<button class=\"toggle\" aria-label=\"Schakel\"><i class=\"icon-angle-down\" aria-hidden=\"true\"><\/i><\/button>\n\t\t\t<span>Ik wil mijn bestelde artikelen wijzigen. Wat moet ik doen?<\/span>\n\t\t<\/a>\n\t\t<div id=\"accordion-2519005337-content\" class=\"accordion-inner\" aria-labelledby=\"accordion-2519005337-label\">\n\t\t\t\n\n<p>Je kunt je bestelling wijzigen op of voor 23:00 uur (PDT -7 GMT) op dezelfde dag dat de bestelling is geplaatst. Neem contact met ons op via hi@bangvapeofficial.com om wijzigingen aan te vragen.<\/p>\n\n\n\t\t<\/div>\n\t<\/div>\n\t\n\t<div id=\"accordion-1660973362\" class=\"accordion-item\">\n\t\t<a id=\"accordion-1660973362-label\" class=\"accordion-title plain\" href=\"#accordion-item-how-do-i-return-a-product?\" aria-expanded=\"false\" aria-controls=\"accordion-1660973362-content\">\n\t\t\t<button class=\"toggle\" aria-label=\"Schakel\"><i class=\"icon-angle-down\" aria-hidden=\"true\"><\/i><\/button>\n\t\t\t<span>Hoe retourneer ik een product?<\/span>\n\t\t<\/a>\n\t\t<div id=\"accordion-1660973362-content\" class=\"accordion-inner\" aria-labelledby=\"accordion-1660973362-label\">\n\t\t\t\n\n<p>We hebben een 15-dagen retourbeleid, waardoor je binnen 15 dagen na ontvangst van je artikel een retourverzoek kunt indienen.<\/p>\n<p>Om in aanmerking te komen voor een retourzending moet het artikel in dezelfde staat verkeren als toen je het ontving, ongedragen of ongebruikt, met labels en in de originele verpakking. Je hebt ook de kassabon of het aankoopbewijs nodig.<\/p>\n<p>Om een retourzending te initi\u00ebren, neem je contact met ons op via hi@bangvapeofficial.com. Als je retourzending wordt geaccepteerd, krijg je van ons een retourlabel en instructies over hoe en waar je het pakket naartoe moet sturen. Artikelen die zonder voorafgaand verzoek om retourzending naar ons worden teruggestuurd, worden niet geaccepteerd.<\/p>\n<p>Neem gerust contact met ons op via hi@bangvapeofficial.com voor vragen over retourneren.<\/p>\n\n\n\t\t<\/div>\n\t<\/div>\n\t\n\n<\/div>\n<div class=\"accordion\">\n\n\n<\/div>\n<div class=\"accordion\">\n\n\n<\/div>\n\n\t\t<\/div>\n\t\t\t\t\t<\/div>\n\n\t\n\n<\/div>\n\n\t\t<\/div>\n\n\t\t\n<style>\n#section_194580785 {\n  padding-top: 30px;\n  padding-bottom: 30px;\n}\n<\/style>\n\t<\/section>","protected":false},"excerpt":{"rendered":"","protected":false},"author":1,"featured_media":0,"parent":0,"menu_order":0,"comment_status":"closed","ping_status":"closed","template":"","meta":{"_acf_changed":false,"bwfblock_default_font":"","footnotes":""},"class_list":["post-3342","page","type-page","status-publish","hentry"],"acf":[],"_links":{"self":[{"href":"https:\/\/bangvapeofficial.com\/nl\/wp-json\/wp\/v2\/pages\/3342","targetHints":{"allow":["GET"]}}],"collection":[{"href":"https:\/\/bangvapeofficial.com\/nl\/wp-json\/wp\/v2\/pages"}],"about":[{"href":"https:\/\/bangvapeofficial.com\/nl\/wp-json\/wp\/v2\/types\/page"}],"author":[{"embeddable":true,"href":"https:\/\/bangvapeofficial.com\/nl\/wp-json\/wp\/v2\/users\/1"}],"replies":[{"embeddable":true,"href":"https:\/\/bangvapeofficial.com\/nl\/wp-json\/wp\/v2\/comments?post=3342"}],"version-history":[{"count":4,"href":"https:\/\/bangvapeofficial.com\/nl\/wp-json\/wp\/v2\/pages\/3342\/revisions"}],"predecessor-version":[{"id":3347,"href":"https:\/\/bangvapeofficial.com\/nl\/wp-json\/wp\/v2\/pages\/3342\/revisions\/3347"}],"wp:attachment":[{"href":"https:\/\/bangvapeofficial.com\/nl\/wp-json\/wp\/v2\/media?parent=3342"}],"curies":[{"name":"wp","href":"https:\/\/api.w.org\/{rel}","templated":true}]}}