{"id":1036,"date":"2025-09-28T09:46:58","date_gmt":"2025-09-28T09:46:58","guid":{"rendered":"https:\/\/bangvapeofficial.com\/?page_id=1036"},"modified":"2025-09-29T03:41:10","modified_gmt":"2025-09-29T03:41:10","slug":"wholesale","status":"publish","type":"page","link":"https:\/\/bangvapeofficial.com\/pl\/wholesale\/","title":{"rendered":"SPRZEDA\u017b HURTOWA"},"content":{"rendered":"<p>Naszym celem jest dostarczanie wysokiej jako\u015bci e-papieros\u00f3w i akcesori\u00f3w sprzedawcom detalicznym i dystrybutorom na ca\u0142ym \u015bwiecie. Jako wiod\u0105cy dostawca w bran\u017cy, oferujemy szerok\u0105 gam\u0119 produkt\u00f3w i konkurencyjne ceny hurtowe, aby zaspokoi\u0107 r\u00f3\u017cnorodne potrzeby Twojej firmy.<\/p>\n\n\n\n<h4 class=\"wp-block-heading\" id=\"why-choose-us\">Dlaczego warto wybra\u0107 nas?<\/h4>\n\n\n\n<ul class=\"wp-block-list\">\n<li>Szeroki wyb\u00f3r produkt\u00f3w: Od najnowszych urz\u0105dze\u0144 do e-papieros\u00f3w po r\u00f3\u017cnorodne smaki e-liquid\u00f3w - mamy wszystko, czego potrzebujesz.<\/li>\n\n\n\n<li>Najwy\u017csza jako\u015b\u0107: Wszystkie nasze produkty przechodz\u0105 rygorystyczne testy jako\u015bci, aby zapewni\u0107 bezpiecze\u0144stwo i niezawodno\u015b\u0107.<\/li>\n\n\n\n<li>Elastyczne ilo\u015bci zam\u00f3wie\u0144: Niezale\u017cnie od tego, czy jeste\u015b ma\u0142ym sprzedawc\u0105 detalicznym, czy du\u017cym dystrybutorem, mo\u017cemy zaspokoi\u0107 Twoje potrzeby w zakresie zam\u00f3wie\u0144.<\/li>\n\n\n\n<li>Us\u0142ugi szybkiej wysy\u0142ki: Wsp\u00f3\u0142pracuj\u0105c z wieloma globalnymi firmami logistycznymi, zapewniamy szybk\u0105 i bezpieczn\u0105 dostaw\u0119 zam\u00f3wie\u0144, ze \u015bledzeniem online w czasie rzeczywistym.<\/li>\n\n\n\n<li>Doskona\u0142a obs\u0142uga klienta: Nasz oddany zesp\u00f3\u0142 jest tutaj, aby pom\u00f3c Ci w przypadku jakichkolwiek pyta\u0144 lub problem\u00f3w.<\/li>\n<\/ul>\n\n\n\n<p>Skontaktuj si\u0119 z naszym zespo\u0142em ds. sprzeda\u017cy hurtowej ju\u017c dzi\u015b, aby dowiedzie\u0107 si\u0119 wi\u0119cej o naszej ofercie i rabatach hurtowych.<\/p>\n\n\n\n<p>Z niecierpliwo\u015bci\u0105 czekamy na wsp\u00f3\u0142prac\u0119 z Tob\u0105 i wsp\u00f3lne osi\u0105gni\u0119cie wielkiego sukcesu!<\/p>","protected":false},"excerpt":{"rendered":"<p>We are dedicated to providing high-quality e-cigarettes and accessories to retailers and distributors worldwide. As a leading supplier in the industry, we offer a wide range of products and competitive wholesale prices to meet the diverse needs of your business. Why Choose Us? Contact our wholesale team today to learn more about our offerings and [&#8230;]","protected":false},"author":1,"featured_media":0,"parent":0,"menu_order":0,"comment_status":"closed","ping_status":"closed","template":"","meta":{"_acf_changed":false,"bwfblock_default_font":"","footnotes":""},"class_list":["post-1036","page","type-page","status-publish","hentry"],"acf":[],"_links":{"self":[{"href":"https:\/\/bangvapeofficial.com\/pl\/wp-json\/wp\/v2\/pages\/1036","targetHints":{"allow":["GET"]}}],"collection":[{"href":"https:\/\/bangvapeofficial.com\/pl\/wp-json\/wp\/v2\/pages"}],"about":[{"href":"https:\/\/bangvapeofficial.com\/pl\/wp-json\/wp\/v2\/types\/page"}],"author":[{"embeddable":true,"href":"https:\/\/bangvapeofficial.com\/pl\/wp-json\/wp\/v2\/users\/1"}],"replies":[{"embeddable":true,"href":"https:\/\/bangvapeofficial.com\/pl\/wp-json\/wp\/v2\/comments?post=1036"}],"version-history":[{"count":2,"href":"https:\/\/bangvapeofficial.com\/pl\/wp-json\/wp\/v2\/pages\/1036\/revisions"}],"predecessor-version":[{"id":1842,"href":"https:\/\/bangvapeofficial.com\/pl\/wp-json\/wp\/v2\/pages\/1036\/revisions\/1842"}],"wp:attachment":[{"href":"https:\/\/bangvapeofficial.com\/pl\/wp-json\/wp\/v2\/media?parent=1036"}],"curies":[{"name":"wp","href":"https:\/\/api.w.org\/{rel}","templated":true}]}}