{"id":1038,"date":"2025-09-28T09:47:12","date_gmt":"2025-09-28T09:47:12","guid":{"rendered":"https:\/\/bangvapeofficial.com\/?page_id=1038"},"modified":"2025-10-08T03:21:11","modified_gmt":"2025-10-08T03:21:11","slug":"about-us","status":"publish","type":"page","link":"https:\/\/bangvapeofficial.com\/pl\/about-us\/","title":{"rendered":"O NAS"},"content":{"rendered":"<p>Witamy w Bang Vape Official, miejscu docelowym dla najwy\u017cszej jako\u015bci jednorazowych e-papieros\u00f3w i produkt\u00f3w vape. Nasz\u0105 misj\u0105 jest dostarczanie najwy\u017cszej jako\u015bci, innowacyjnych rozwi\u0105za\u0144 vapingowych dostosowanych do Twoich potrzeb.<\/p>\n<h2>Nasze produkty<\/h2>\n<p>Oferujemy wysokiej jako\u015bci jednorazowe e-papierosy i \u015bwiadczymy us\u0142ugi OEM dla niestandardowych produkt\u00f3w vape. Wszystkie nasze produkty przechodz\u0105 rygorystyczne testy, aby zapewni\u0107, \u017ce spe\u0142niaj\u0105 najwy\u017csze standardy.<\/p>\n<h2>Us\u0142ugi hurtowe i OEM<\/h2>\n<p>Oferujemy wysokiej jako\u015bci jednorazowe e-papierosy i \u015bwiadczymy us\u0142ugi OEM dla niestandardowych produkt\u00f3w vape. Wszystkie nasze produkty przechodz\u0105 rygorystyczne testy, aby zapewni\u0107, \u017ce spe\u0142niaj\u0105 najwy\u017csze standardy.<\/p>\n<h2>Szybka i bezpieczna wysy\u0142ka<\/h2>\n<p>Realizujemy zam\u00f3wienia w ci\u0105gu 1-3 dni roboczych i wysy\u0142amy je za po\u015brednictwem niezawodnych przewo\u017anik\u00f3w, takich jak DHL, DPD, UPS i lokalnych us\u0142ug pocztowych. Nasza sprawna wysy\u0142ka zapewnia szybk\u0105 i bezpieczn\u0105 dostaw\u0119.<\/p>\n<h3>Bezpieczne p\u0142atno\u015bci<\/h3>\n<p>Obs\u0142ugujemy paypal, karty kredytowe, przelewy bankowe, u\u017cywaj\u0105c szyfrowania SSL do transmisji danych.<\/p>\n<h3>Obs\u0142uga klienta<\/h3>\n<p>Nasz dedykowany zesp\u00f3\u0142 obs\u0142ugi klienta jest tutaj, aby pom\u00f3c. Skontaktuj si\u0119 z nami za po\u015brednictwem poczty elektronicznej pod adresem hi@bangvapeofficial.com lub WhatsApp +86 190 4254 0825. Jeste\u015bmy dost\u0119pni od poniedzia\u0142ku do pi\u0105tku w godzinach od 9:00 do 20:00 czasu chi\u0144skiego.<\/p>","protected":false},"excerpt":{"rendered":"","protected":false},"author":1,"featured_media":0,"parent":0,"menu_order":0,"comment_status":"closed","ping_status":"closed","template":"","meta":{"_acf_changed":false,"bwfblock_default_font":"","footnotes":""},"class_list":["post-1038","page","type-page","status-publish","hentry"],"acf":[],"_links":{"self":[{"href":"https:\/\/bangvapeofficial.com\/pl\/wp-json\/wp\/v2\/pages\/1038","targetHints":{"allow":["GET"]}}],"collection":[{"href":"https:\/\/bangvapeofficial.com\/pl\/wp-json\/wp\/v2\/pages"}],"about":[{"href":"https:\/\/bangvapeofficial.com\/pl\/wp-json\/wp\/v2\/types\/page"}],"author":[{"embeddable":true,"href":"https:\/\/bangvapeofficial.com\/pl\/wp-json\/wp\/v2\/users\/1"}],"replies":[{"embeddable":true,"href":"https:\/\/bangvapeofficial.com\/pl\/wp-json\/wp\/v2\/comments?post=1038"}],"version-history":[{"count":8,"href":"https:\/\/bangvapeofficial.com\/pl\/wp-json\/wp\/v2\/pages\/1038\/revisions"}],"predecessor-version":[{"id":3469,"href":"https:\/\/bangvapeofficial.com\/pl\/wp-json\/wp\/v2\/pages\/1038\/revisions\/3469"}],"wp:attachment":[{"href":"https:\/\/bangvapeofficial.com\/pl\/wp-json\/wp\/v2\/media?parent=1038"}],"curies":[{"name":"wp","href":"https:\/\/api.w.org\/{rel}","templated":true}]}}