{"id":2323,"date":"2025-10-05T04:22:21","date_gmt":"2025-10-05T04:22:21","guid":{"rendered":"https:\/\/bangvapeofficial.com\/?page_id=2323"},"modified":"2025-10-05T04:23:01","modified_gmt":"2025-10-05T04:23:01","slug":"shipping-policy","status":"publish","type":"page","link":"https:\/\/bangvapeofficial.com\/pl\/shipping-policy\/","title":{"rendered":"Zasady wysy\u0142ki"},"content":{"rendered":"<h3 class=\"wp-block-heading\" id=\"gspb_heading-id-gsbp-d625368\">Wa\u017cne<\/h3>\n\n\n\n<p>Nasz zesp\u00f3\u0142 przetworzy i wy\u015ble zam\u00f3wienie w ci\u0105gu 1-3 dni roboczych od otrzymania p\u0142atno\u015bci, a my nadamy numer \u015bledzenia.<\/p>\n\n\n\n<h4 class=\"wp-block-heading\" id=\"shipping-time\">Czas wysy\u0142ki<\/h4>\n\n\n\n<ul class=\"wp-block-list\">\n<li>Wysy\u0142ka trwa zwykle od 7 do 14 dni roboczych, w zale\u017cno\u015bci od lokalizacji.<\/li>\n\n\n\n<li>Czas dostawy mo\u017ce si\u0119 r\u00f3\u017cni\u0107 w zale\u017cno\u015bci od przewo\u017anika i konkretnej lokalizacji.<\/li>\n<\/ul>\n\n\n\n<h4 class=\"wp-block-heading\" id=\"shipping-carriers\">Przewo\u017anicy<\/h4>\n\n\n\n<p>Korzystamy z us\u0142ug niezawodnych przewo\u017anik\u00f3w, aby zapewni\u0107 bezpieczn\u0105 i terminow\u0105 dostaw\u0119 zam\u00f3wie\u0144. Nasi partnerzy wysy\u0142kowi obejmuj\u0105:<\/p>\n\n\n\n<ul class=\"wp-block-list\">\n<li>DHL<\/li>\n\n\n\n<li>DPD<\/li>\n\n\n\n<li>UPS<\/li>\n\n\n\n<li>Lokalne us\u0142ugi pocztowe<\/li>\n<\/ul>\n\n\n\n<h4 class=\"wp-block-heading\" id=\"order-tracking\">\u015aledzenie zam\u00f3wie\u0144<\/h4>\n\n\n\n<ul class=\"wp-block-list\">\n<li>Po wys\u0142aniu zam\u00f3wienia otrzymasz numer przesy\u0142ki poczt\u0105 elektroniczn\u0105.<\/li>\n\n\n\n<li>Mo\u017cesz u\u017cy\u0107 tego numeru \u015bledzenia, aby monitorowa\u0107 status przesy\u0142ki na naszej stronie internetowej lub na stronie przewo\u017anika.<\/li>\n<\/ul>\n\n\n\n<h4 class=\"wp-block-heading\" id=\"shipping-costs\">Koszty wysy\u0142ki<\/h4>\n\n\n\n<ul class=\"wp-block-list\">\n<li>Koszty wysy\u0142ki s\u0105 obliczane przy kasie na podstawie wagi i miejsca docelowego zam\u00f3wienia.<\/li>\n\n\n\n<li>Wszelkie dodatkowe op\u0142aty celne, podatki lub c\u0142a b\u0119d\u0105 ponoszone przez nas, z wyj\u0105tkiem Kanady.<\/li>\n<\/ul>\n\n\n\n<h4 class=\"wp-block-heading\" id=\"delivery-issues\">Problemy z dostaw\u0105<\/h4>\n\n\n\n<ul class=\"wp-block-list\">\n<li>Je\u015bli zam\u00f3wienie zostanie op\u00f3\u017anione, zagubione lub uszkodzone podczas wysy\u0142ki, prosimy o natychmiastowy kontakt z naszym zespo\u0142em obs\u0142ugi klienta.<\/li>\n\n\n\n<li>B\u0119dziemy wsp\u00f3\u0142pracowa\u0107 z przewo\u017anikiem w celu rozwi\u0105zania wszelkich problem\u00f3w i zapewnienia otrzymania zam\u00f3wienia.<\/li>\n<\/ul>\n\n\n\n<p><strong>Uwaga:<\/strong><\/p>\n\n\n\n<p>Obowi\u0105zkiem klienta jest upewnienie si\u0119, \u017ce podane dane adresowe s\u0105 dok\u0142adne, w tym miasto, stan i kod pocztowy, aby zapobiec b\u0142\u0119dom lub dalszym op\u00f3\u017anieniom w wysy\u0142ce.<\/p>\n\n\n\n<p>Nie znalaz\u0142e\u015b tego, czego szukasz?\u00a0<a href=\"https:\/\/bangvapeofficial.com\/pl\/contact-us\/\"><strong>Skontaktuj si\u0119 z nami<\/strong><\/a><\/p>","protected":false},"excerpt":{"rendered":"<p>Important Our team will process and dispatch your order within 1-3 business day of receiving payment and we will issue you a tracking number. Shipping Time Shipping Carriers We use reliable shipping carriers to ensure your orders are delivered safely and on time. Our shipping partners include: Order Tracking Shipping Costs Delivery Issues Please Note: [&#8230;]","protected":false},"author":1,"featured_media":0,"parent":0,"menu_order":0,"comment_status":"closed","ping_status":"closed","template":"","meta":{"_acf_changed":false,"bwfblock_default_font":"","footnotes":""},"class_list":["post-2323","page","type-page","status-publish","hentry"],"acf":[],"_links":{"self":[{"href":"https:\/\/bangvapeofficial.com\/pl\/wp-json\/wp\/v2\/pages\/2323","targetHints":{"allow":["GET"]}}],"collection":[{"href":"https:\/\/bangvapeofficial.com\/pl\/wp-json\/wp\/v2\/pages"}],"about":[{"href":"https:\/\/bangvapeofficial.com\/pl\/wp-json\/wp\/v2\/types\/page"}],"author":[{"embeddable":true,"href":"https:\/\/bangvapeofficial.com\/pl\/wp-json\/wp\/v2\/users\/1"}],"replies":[{"embeddable":true,"href":"https:\/\/bangvapeofficial.com\/pl\/wp-json\/wp\/v2\/comments?post=2323"}],"version-history":[{"count":2,"href":"https:\/\/bangvapeofficial.com\/pl\/wp-json\/wp\/v2\/pages\/2323\/revisions"}],"predecessor-version":[{"id":2325,"href":"https:\/\/bangvapeofficial.com\/pl\/wp-json\/wp\/v2\/pages\/2323\/revisions\/2325"}],"wp:attachment":[{"href":"https:\/\/bangvapeofficial.com\/pl\/wp-json\/wp\/v2\/media?parent=2323"}],"curies":[{"name":"wp","href":"https:\/\/api.w.org\/{rel}","templated":true}]}}