{"id":100,"date":"2025-09-28T09:08:42","date_gmt":"2025-09-28T09:08:42","guid":{"rendered":"https:\/\/bangvapeofficial.com\/?post_type=product&#038;p=100"},"modified":"2025-10-05T07:16:45","modified_gmt":"2025-10-05T07:16:45","slug":"bang-blaze-shisha-40000","status":"publish","type":"product","link":"https:\/\/bangvapeofficial.com\/pl\/product\/bang-blaze-shisha-40000\/","title":{"rendered":"Bang Blaze Shisha 40000 - do wielokrotnego nape\u0142niania i \u0142adowania, gotowa do sprzeda\u017cy hurtowej"},"content":{"rendered":"<h2>Bang Blaze Shisha 40000<\/h2>\n<h3>40K Puff\u00f3w | Pojemno\u015b\u0107 40ML | Bateria 1000mAh | Olej do wielokrotnego nape\u0142niania | \u0141adowanie Type-C<\/h3>\n<p>Bang Blaze Shisha 40000 Disposable Vape to najwy\u017cszej klasy e-papieros wielokrotnego nape\u0142niania zaprojektowany z my\u015bl\u0105 o maksymalnej wydajno\u015bci i wygodzie. Dzi\u0119ki ogromnej pojemno\u015bci 40 000 zaci\u0105gni\u0119\u0107, zbiornikowi wielokrotnego nape\u0142niania 40 ml, cewce siatkowej 0,6 \u03a9 i akumulatorowi typu C o pojemno\u015bci 1000 mAh, urz\u0105dzenie to zapewnia bogate, sp\u00f3jne doznania vape idealne dla zwyk\u0142ych u\u017cytkownik\u00f3w, sprzedawc\u00f3w detalicznych i salon\u00f3w sziszy. Oferowane przez OKOvape urz\u0105dzenie jest ulubionym produktem hurtowym - idealnym dla sprzedawc\u00f3w poszukuj\u0105cych wysokiej jako\u015bci urz\u0105dze\u0144 do shishy o d\u0142ugotrwa\u0142ej u\u017cyteczno\u015bci i zr\u00f3\u017cnicowanej atrakcyjno\u015bci dla klient\u00f3w.<\/p>\n<p><img loading=\"lazy\" decoding=\"async\" class=\"alignnone size-full wp-image-3246\" src=\"https:\/\/bangvapeofficial.com\/wp-content\/uploads\/2025\/09\/Bang-Blaze-Shisha-40000-6-scaled-1.webp\" width=\"1045\" height=\"2560\" alt=\"Bang-Blaze-Shisha-40000-6-scaled-1\" title=\"Bang-Blaze-Shisha-40000-6-scaled-1\" srcset=\"https:\/\/bangvapeofficial.com\/wp-content\/uploads\/2025\/09\/Bang-Blaze-Shisha-40000-6-scaled-1.webp 1045w, https:\/\/bangvapeofficial.com\/wp-content\/uploads\/2025\/09\/Bang-Blaze-Shisha-40000-6-scaled-1-122x300.webp 122w, https:\/\/bangvapeofficial.com\/wp-content\/uploads\/2025\/09\/Bang-Blaze-Shisha-40000-6-scaled-1-418x1024.webp 418w, https:\/\/bangvapeofficial.com\/wp-content\/uploads\/2025\/09\/Bang-Blaze-Shisha-40000-6-scaled-1-768x1881.webp 768w, https:\/\/bangvapeofficial.com\/wp-content\/uploads\/2025\/09\/Bang-Blaze-Shisha-40000-6-scaled-1-627x1536.webp 627w, https:\/\/bangvapeofficial.com\/wp-content\/uploads\/2025\/09\/Bang-Blaze-Shisha-40000-6-scaled-1-836x2048.webp 836w, https:\/\/bangvapeofficial.com\/wp-content\/uploads\/2025\/09\/Bang-Blaze-Shisha-40000-6-scaled-1-600x1470.webp 600w\" sizes=\"auto, (max-width: 1045px) 100vw, 1045px\" \/><\/p>\n<h3>Kluczowe cechy<\/h3>\n<ul>\n<li>Pojemno\u015b\u0107 40 000 dmuchaw - Zaprojektowany z my\u015bl\u0105 o d\u0142ugotrwa\u0142ej wydajno\u015bci<\/li>\n<li>Zbiornik 40 ml do wielokrotnego nape\u0142niania - \u0142atwy do ponownego nape\u0142nienia, zmniejszaj\u0105cy ilo\u015b\u0107 odpad\u00f3w i koszty w czasie.<\/li>\n<li>Opcje nikotyny - dost\u0119pne w wersjach 0%, 2%, 3% i 5%.<\/li>\n<li>Siatkowa cewka 0,6\u03a9 - zapewnia lepszy smak i p\u0142ynn\u0105 produkcj\u0119 pary.<\/li>\n<li>Bateria 1000 mAh - mo\u017cliwo\u015b\u0107 \u0142adowania przez Type-C dla szybkiego i niezawodnego zasilania<\/li>\n<li>Stylowa i ergonomiczna - kompaktowa konstrukcja idealna do u\u017cytku osobistego lub detalicznego<\/li>\n<li>Gotowe do sprzeda\u017cy hurtowej - pakowane po 10 sztuk\/pude\u0142ko, 200 sztuk\/karton<\/li>\n<\/ul>\n<h3>Opcje smakowe (dost\u0119pnych 12)<\/h3>\n<ol>\n<li>Arbuz<\/li>\n<li>Arbuz Truskawka<\/li>\n<li>Pina Colada<\/li>\n<li>L\u00f3d truskawkowy<\/li>\n<li>Red Bull<\/li>\n<li>L\u00f3d brzoskwiniowy<\/li>\n<li>L\u00f3d jagodowy<\/li>\n<li>Bor\u00f3wka Malina<\/li>\n<li>Winogrona kwitn\u0105cej wi\u015bni<\/li>\n<li>Podw\u00f3jne jab\u0142ka<\/li>\n<li>Owoce mieszane<\/li>\n<li>Mango Brzoskwinia<\/li>\n<\/ol>\n<h3>Dlaczego warto wybra\u0107 Bang Blaze Shisha 40000?<\/h3>\n<ul>\n<li>Zbiornik wielokrotnego nape\u0142niania - wi\u0119cej korzy\u015bci z ka\u017cdego urz\u0105dzenia<\/li>\n<li>D\u0142uga \u017cywotno\u015b\u0107 baterii - ogniwo 1000 mAh zbudowane z my\u015bl\u0105 o wytrzyma\u0142o\u015bci<\/li>\n<li>Niestandardowe poziomy nikotyny - od 0% nikotyny do opcji 5%<\/li>\n<li>Doskona\u0142y smak - cewka siatkowa zapewniaj\u0105ca aromatyczne chmury i g\u0142adkie uderzenia w gard\u0142o<\/li>\n<li>Opakowania hurtowe - op\u0142acalne rozwi\u0105zanie hurtowe dla B2B lub handlu detalicznego<\/li>\n<\/ul>","protected":false},"excerpt":{"rendered":"<p>Bang Blaze Shisha 40000 oferuje 40 tys. zaci\u0105gni\u0119\u0107, zbiornik wielokrotnego nape\u0142niania 40 ml, cewk\u0119 siatkow\u0105, bateri\u0119 1000 mAh i 12 smak\u00f3w. Akumulator typu C. Dost\u0119pny w wersjach 0%-5%.<\/p>","protected":false},"featured_media":2688,"comment_status":"open","ping_status":"closed","template":"","meta":{"_acf_changed":false,"bwfblock_default_font":""},"product_brand":[],"product_cat":[17],"product_tag":[23,36,266,265,27],"class_list":{"0":"post-100","1":"product","2":"type-product","3":"status-publish","4":"has-post-thumbnail","6":"product_cat-bang-vapes","7":"product_tag-40k-puffs","8":"product_tag-hugo-vapor-shisha","9":"product_tag-refillable","10":"product_tag-shisha","11":"product_tag-with-liquild","13":"first","14":"instock","15":"sale","16":"shipping-taxable","17":"purchasable","18":"product-type-variable"},"acf":[],"_links":{"self":[{"href":"https:\/\/bangvapeofficial.com\/pl\/wp-json\/wp\/v2\/product\/100","targetHints":{"allow":["GET"]}}],"collection":[{"href":"https:\/\/bangvapeofficial.com\/pl\/wp-json\/wp\/v2\/product"}],"about":[{"href":"https:\/\/bangvapeofficial.com\/pl\/wp-json\/wp\/v2\/types\/product"}],"replies":[{"embeddable":true,"href":"https:\/\/bangvapeofficial.com\/pl\/wp-json\/wp\/v2\/comments?post=100"}],"wp:featuredmedia":[{"embeddable":true,"href":"https:\/\/bangvapeofficial.com\/pl\/wp-json\/wp\/v2\/media\/2688"}],"wp:attachment":[{"href":"https:\/\/bangvapeofficial.com\/pl\/wp-json\/wp\/v2\/media?parent=100"}],"wp:term":[{"taxonomy":"product_brand","embeddable":true,"href":"https:\/\/bangvapeofficial.com\/pl\/wp-json\/wp\/v2\/product_brand?post=100"},{"taxonomy":"product_cat","embeddable":true,"href":"https:\/\/bangvapeofficial.com\/pl\/wp-json\/wp\/v2\/product_cat?post=100"},{"taxonomy":"product_tag","embeddable":true,"href":"https:\/\/bangvapeofficial.com\/pl\/wp-json\/wp\/v2\/product_tag?post=100"}],"curies":[{"name":"wp","href":"https:\/\/api.w.org\/{rel}","templated":true}]}}