{"id":101,"date":"2025-09-28T09:08:44","date_gmt":"2025-09-28T09:08:44","guid":{"rendered":"https:\/\/bangvapeofficial.com\/?post_type=product&#038;p=101"},"modified":"2025-10-05T09:23:43","modified_gmt":"2025-10-05T09:23:43","slug":"bang-tornado-40000","status":"publish","type":"product","link":"https:\/\/bangvapeofficial.com\/pl\/product\/bang-tornado-40000\/","title":{"rendered":"Bang Tornado 40000 - zbudowany, by trwa\u0107, zaprojektowany, by dzia\u0142a\u0107"},"content":{"rendered":"<h2>Bang Tornado 40000<\/h2>\n<h3>40 000 zaci\u0105gni\u0119\u0107 | 40 ml e-p\u0142ynu | bateria 850 mAh | opcje nikotyny 0-5%<\/h3>\n<p>Po\u017cegnaj si\u0119 z cz\u0119stymi uzupe\u0142nieniami, roz\u0142adowanymi bateriami i rozczarowuj\u0105cym smakiem. Bang Tornado 40000 zosta\u0142 zaprojektowany z my\u015bl\u0105 o d\u0142ugich dystansach - z 40 000 zaci\u0105gni\u0119\u0107, 40 ml e-cieczy i akumulatorem 850 mAh zapewnia d\u0142ugotrwa\u0142\u0105 satysfakcj\u0119 podczas ka\u017cdej sesji. Jest to jednorazowy waporyzator, kt\u00f3ry nie jest jednorazowy.<\/p>\n<p><img loading=\"lazy\" decoding=\"async\" class=\"alignnone size-full wp-image-3245\" src=\"https:\/\/bangvapeofficial.com\/wp-content\/uploads\/2025\/09\/Bang-Tornado-40000.webp\" width=\"1080\" height=\"1784\" alt=\"Bang-Tornado-40000\" title=\"Bang-Tornado-40000\" srcset=\"https:\/\/bangvapeofficial.com\/wp-content\/uploads\/2025\/09\/Bang-Tornado-40000.webp 1080w, https:\/\/bangvapeofficial.com\/wp-content\/uploads\/2025\/09\/Bang-Tornado-40000-182x300.webp 182w, https:\/\/bangvapeofficial.com\/wp-content\/uploads\/2025\/09\/Bang-Tornado-40000-620x1024.webp 620w, https:\/\/bangvapeofficial.com\/wp-content\/uploads\/2025\/09\/Bang-Tornado-40000-768x1269.webp 768w, https:\/\/bangvapeofficial.com\/wp-content\/uploads\/2025\/09\/Bang-Tornado-40000-930x1536.webp 930w, https:\/\/bangvapeofficial.com\/wp-content\/uploads\/2025\/09\/Bang-Tornado-40000-600x991.webp 600w\" sizes=\"auto, (max-width: 1080px) 100vw, 1080px\" \/><\/p>\n<h3>Kluczowe cechy<\/h3>\n<ul>\n<li>Wydajno\u015b\u0107 40 000 zaci\u0105gni\u0119\u0107 - najlepsza w bran\u017cy \u017cywotno\u015b\u0107 w jednym urz\u0105dzeniu<\/li>\n<li>40 ml wst\u0119pnie nape\u0142nionego p\u0142ynu E-Liquid - ogromna obj\u0119to\u015b\u0107 soku na tygodnie u\u017cytkowania<\/li>\n<li>Akumulator 850 mAh - mniej \u0142adowa\u0144, wi\u0119cej zaci\u0105gni\u0119\u0107<\/li>\n<li>Moc nikotyny - Wybierz spo\u015br\u00f3d 0%, 2%, 3% lub 5% w zale\u017cno\u015bci od potrzeb.<\/li>\n<li>R\u00f3\u017cnorodno\u015b\u0107 smak\u00f3w - dost\u0119pne w odwa\u017cnych, najlepiej sprzedaj\u0105cych si\u0119 mieszankach, aby zaspokoi\u0107 wszystkie gusta<\/li>\n<li>System Draw-Activated - bez przycisk\u00f3w, bez k\u0142opot\u00f3w, po prostu p\u0142ynna waporyzacja<\/li>\n<\/ul>\n<h3>Najlepsze smaki, kt\u00f3re pokochasz<\/h3>\n<ul>\n<li>Peach Ice - s\u0142odka brzoskwinia z mro\u017anym wydechem<\/li>\n<li>Love 66 - Egzotyczne mieszanki owoc\u00f3w dla tropikalnych wibracji<\/li>\n<li>Triple Berry - trio dojrza\u0142ych, soczystych jag\u00f3d<\/li>\n<li>Blueberry Lemon - pikantne cytrusy w po\u0142\u0105czeniu ze s\u0142odkimi jagodami<\/li>\n<li>Nap\u00f3j energetyczny - \u017cywy smak z odwa\u017cnym kopni\u0119ciem<\/li>\n<\/ul>","protected":false},"excerpt":{"rendered":"<p>Bang Tornado 40000 zapewnia do 40 000 zaci\u0105gni\u0119\u0107 z 40 ml e-liquidu, bateri\u0105 850 mAh i poziomami nikotyny od 0% do 5%. D\u0142ugotrwa\u0142y, bogaty w smak i mocny.<\/p>","protected":false},"featured_media":202,"comment_status":"open","ping_status":"closed","template":"","meta":{"_acf_changed":false,"bwfblock_default_font":""},"product_brand":[],"product_cat":[17],"product_tag":[23,34,36,268,20],"class_list":{"0":"post-101","1":"product","2":"type-product","3":"status-publish","4":"has-post-thumbnail","6":"product_cat-bang-vapes","7":"product_tag-40k-puffs","8":"product_tag-direct-to-lung-dtl","9":"product_tag-hugo-vapor-shisha","10":"product_tag-mouth-to-lung","11":"product_tag-smart-screen","13":"first","14":"instock","15":"sale","16":"shipping-taxable","17":"purchasable","18":"product-type-variable"},"acf":[],"_links":{"self":[{"href":"https:\/\/bangvapeofficial.com\/pl\/wp-json\/wp\/v2\/product\/101","targetHints":{"allow":["GET"]}}],"collection":[{"href":"https:\/\/bangvapeofficial.com\/pl\/wp-json\/wp\/v2\/product"}],"about":[{"href":"https:\/\/bangvapeofficial.com\/pl\/wp-json\/wp\/v2\/types\/product"}],"replies":[{"embeddable":true,"href":"https:\/\/bangvapeofficial.com\/pl\/wp-json\/wp\/v2\/comments?post=101"}],"wp:featuredmedia":[{"embeddable":true,"href":"https:\/\/bangvapeofficial.com\/pl\/wp-json\/wp\/v2\/media\/202"}],"wp:attachment":[{"href":"https:\/\/bangvapeofficial.com\/pl\/wp-json\/wp\/v2\/media?parent=101"}],"wp:term":[{"taxonomy":"product_brand","embeddable":true,"href":"https:\/\/bangvapeofficial.com\/pl\/wp-json\/wp\/v2\/product_brand?post=101"},{"taxonomy":"product_cat","embeddable":true,"href":"https:\/\/bangvapeofficial.com\/pl\/wp-json\/wp\/v2\/product_cat?post=101"},{"taxonomy":"product_tag","embeddable":true,"href":"https:\/\/bangvapeofficial.com\/pl\/wp-json\/wp\/v2\/product_tag?post=101"}],"curies":[{"name":"wp","href":"https:\/\/api.w.org\/{rel}","templated":true}]}}