{"id":102,"date":"2025-09-28T09:08:45","date_gmt":"2025-09-28T09:08:45","guid":{"rendered":"https:\/\/bangvapeofficial.com\/?post_type=product&#038;p=102"},"modified":"2025-10-05T06:51:27","modified_gmt":"2025-10-05T06:51:27","slug":"bang-king-12000","status":"publish","type":"product","link":"https:\/\/bangvapeofficial.com\/pl\/product\/bang-king-12000\/","title":{"rendered":"Bang King 12000 Porsche - 12 000 puff\u00f3w mocy i stylu"},"content":{"rendered":"<h2>Bang King 12000 Porsche<\/h2>\n<h3>Konstrukcja w kszta\u0142cie kuli | 18 ml E-Liquid | Bateria 550 mAh | Siatkowa cewka | \u0141adowanie typu C<\/h3>\n<p>\u0141\u0105cz\u0105c elegancki wygl\u0105d z d\u0142ugotrwa\u0142\u0105 wydajno\u015bci\u0105, jednorazowy waporyzator Bang King 12000 Porsche oferuje 12 000 zaci\u0105gni\u0119\u0107 g\u0142adkiej, aromatycznej pary zasilanej akumulatorem o pojemno\u015bci 550 mAh. Dzi\u0119ki 18 ml e-liquidu, ogrzewaniu cewki siatkowej i szybkiemu \u0142adowaniu typu C, urz\u0105dzenie to zapewnia wysokiej jako\u015bci, bezproblemowe doznania vape w odwa\u017cnej obudowie w kszta\u0142cie kuli.<\/p>\n<h3>Kluczowe cechy<\/h3>\n<ul>\n<li>12 000 zaci\u0105gni\u0119\u0107 - stworzony do d\u0142ugotrwa\u0142ego u\u017cytkowania<\/li>\n<li>Pojemno\u015b\u0107 18 ml p\u0142ynu E-Liquid - mniej dolewek, wi\u0119cej satysfakcji<\/li>\n<li>Bateria 550 mAh - Sta\u0142a moc dzi\u0119ki szybkiemu \u0142adowaniu przez USB typu C<\/li>\n<li>Siatkowa cewka 1,2\u03a9 - zaawansowane ogrzewanie dla bogatego, g\u0142adkiego smaku<\/li>\n<li>Opcje nikotynowe - dost\u0119pne w mocach 0%, 2%, 3% i 5%.<\/li>\n<li>Design inspirowany pociskami - wyj\u0105tkowy, stylowy i ergonomiczny<\/li>\n<li>12 dost\u0119pnych smak\u00f3w - co\u015b dla ka\u017cdego podniebienia<\/li>\n<li>Opakowanie zbiorcze - 10 sztuk\/pude\u0142ko do sprzeda\u017cy detalicznej lub odsprzeda\u017cy<\/li>\n<\/ul>\n<h3>Dost\u0119pne smaki<\/h3>\n<ul>\n<li>Arbuz<\/li>\n<li>Arbuz truskawkowy<\/li>\n<li>L\u00f3d jagodowy<\/li>\n<li>Bor\u00f3wka Malina<\/li>\n<li>Mango truskawkowe<\/li>\n<li>Black Dragon Ice<\/li>\n<li>Cherry Cola<\/li>\n<li>Blueberry Grape<\/li>\n<li>Triple Berry<\/li>\n<li>Truskawka Kiwi<\/li>\n<li>L\u00f3d brzoskwiniowy<\/li>\n<li>Arbuz Bubblegum<\/li>\n<\/ul>\n<h3>Dlaczego warto wybra\u0107 Bang King 12000 Porsche?<\/h3>\n<p>Dla waper\u00f3w, kt\u00f3rzy chc\u0105 po\u0142\u0105czenia wydajno\u015bci, przeno\u015bno\u015bci i osobowo\u015bci, Bang King Porsche 12K jest idealnym rozwi\u0105zaniem. Jego d\u0142ugotrwa\u0142a liczba zaci\u0105gni\u0119\u0107, nowoczesny design i g\u0142adki system cewek siatkowych sprawiaj\u0105, \u017ce jest idealny do codziennego u\u017cytku - niezale\u017cnie od tego, czy jeste\u015b nowym u\u017cytkownikiem, czy do\u015bwiadczonym entuzjast\u0105.<\/p>\n<p><img loading=\"lazy\" decoding=\"async\" class=\"alignnone size-full wp-image-3244\" src=\"https:\/\/bangvapeofficial.com\/wp-content\/uploads\/2025\/09\/Vaper12K-Bang-E-Cig-Wholesale-Vaporizer-Price-12000-Puff-Disposable-Smoking-12000-12K-Vape-Bang-King.webp\" width=\"1060\" height=\"1855\" alt=\"Vaper12K-Bang-E-Cig-Wholesale-Vaporizer-Price-12000-Puff-Disposable-Smoking-12000-12K-Vape-Bang-King\" title=\"Vaper12K-Bang-E-Cig-Wholesale-Vaporizer-Price-12000-Puff-Disposable-Smoking-12000-12K-Vape-Bang-King\" srcset=\"https:\/\/bangvapeofficial.com\/wp-content\/uploads\/2025\/09\/Vaper12K-Bang-E-Cig-Wholesale-Vaporizer-Price-12000-Puff-Disposable-Smoking-12000-12K-Vape-Bang-King.webp 1060w, https:\/\/bangvapeofficial.com\/wp-content\/uploads\/2025\/09\/Vaper12K-Bang-E-Cig-Wholesale-Vaporizer-Price-12000-Puff-Disposable-Smoking-12000-12K-Vape-Bang-King-171x300.webp 171w, https:\/\/bangvapeofficial.com\/wp-content\/uploads\/2025\/09\/Vaper12K-Bang-E-Cig-Wholesale-Vaporizer-Price-12000-Puff-Disposable-Smoking-12000-12K-Vape-Bang-King-585x1024.webp 585w, https:\/\/bangvapeofficial.com\/wp-content\/uploads\/2025\/09\/Vaper12K-Bang-E-Cig-Wholesale-Vaporizer-Price-12000-Puff-Disposable-Smoking-12000-12K-Vape-Bang-King-768x1344.webp 768w, https:\/\/bangvapeofficial.com\/wp-content\/uploads\/2025\/09\/Vaper12K-Bang-E-Cig-Wholesale-Vaporizer-Price-12000-Puff-Disposable-Smoking-12000-12K-Vape-Bang-King-878x1536.webp 878w, https:\/\/bangvapeofficial.com\/wp-content\/uploads\/2025\/09\/Vaper12K-Bang-E-Cig-Wholesale-Vaporizer-Price-12000-Puff-Disposable-Smoking-12000-12K-Vape-Bang-King-600x1050.webp 600w\" sizes=\"auto, (max-width: 1060px) 100vw, 1060px\" \/><\/p>","protected":false},"excerpt":{"rendered":"<p class=\"\" data-start=\"2058\" data-end=\"2214\">Bang King 12000 Porsche oferuje 12 000 zaci\u0105gni\u0119\u0107, 18 ml e-liquidu, cewk\u0119 siatkow\u0105, bateri\u0119 550 mAh i \u0142adowanie typu C - a wszystko to w eleganckim, inspirowanym pociskami designie.<\/p>","protected":false},"featured_media":208,"comment_status":"open","ping_status":"closed","template":"","meta":{"_acf_changed":false,"bwfblock_default_font":""},"product_brand":[],"product_cat":[17],"product_tag":[40,268],"class_list":{"0":"post-102","1":"product","2":"type-product","3":"status-publish","4":"has-post-thumbnail","6":"product_cat-bang-vapes","7":"product_tag-12k-puffs","8":"product_tag-mouth-to-lung","10":"first","11":"instock","12":"sale","13":"shipping-taxable","14":"purchasable","15":"product-type-variable"},"acf":[],"_links":{"self":[{"href":"https:\/\/bangvapeofficial.com\/pl\/wp-json\/wp\/v2\/product\/102","targetHints":{"allow":["GET"]}}],"collection":[{"href":"https:\/\/bangvapeofficial.com\/pl\/wp-json\/wp\/v2\/product"}],"about":[{"href":"https:\/\/bangvapeofficial.com\/pl\/wp-json\/wp\/v2\/types\/product"}],"replies":[{"embeddable":true,"href":"https:\/\/bangvapeofficial.com\/pl\/wp-json\/wp\/v2\/comments?post=102"}],"wp:featuredmedia":[{"embeddable":true,"href":"https:\/\/bangvapeofficial.com\/pl\/wp-json\/wp\/v2\/media\/208"}],"wp:attachment":[{"href":"https:\/\/bangvapeofficial.com\/pl\/wp-json\/wp\/v2\/media?parent=102"}],"wp:term":[{"taxonomy":"product_brand","embeddable":true,"href":"https:\/\/bangvapeofficial.com\/pl\/wp-json\/wp\/v2\/product_brand?post=102"},{"taxonomy":"product_cat","embeddable":true,"href":"https:\/\/bangvapeofficial.com\/pl\/wp-json\/wp\/v2\/product_cat?post=102"},{"taxonomy":"product_tag","embeddable":true,"href":"https:\/\/bangvapeofficial.com\/pl\/wp-json\/wp\/v2\/product_tag?post=102"}],"curies":[{"name":"wp","href":"https:\/\/api.w.org\/{rel}","templated":true}]}}