{"id":103,"date":"2025-09-28T09:08:46","date_gmt":"2025-09-28T09:08:46","guid":{"rendered":"https:\/\/bangvapeofficial.com\/?post_type=product&#038;p=103"},"modified":"2025-10-05T06:51:19","modified_gmt":"2025-10-05T06:51:19","slug":"bang-32000-puffs-vape","status":"publish","type":"product","link":"https:\/\/bangvapeofficial.com\/pl\/product\/bang-32000-puffs-vape\/","title":{"rendered":"Bang 32000 Puffs Vape - moc, smak i kontrola w jednym inteligentnym urz\u0105dzeniu"},"content":{"rendered":"<h2>Bang 32000 Puffs Vape<\/h2>\n<p>Przenie\u015b swoje doznania z waporyzacji na wy\u017cszy poziom dzi\u0119ki Bang 32000 Puffs Vape, jednorazowemu e-papierosowi o du\u017cej pojemno\u015bci, zaprojektowanemu z my\u015bl\u0105 o wydajno\u015bci, smaku i wygodzie. Wyposa\u017cony w podw\u00f3jne cewki siatkowe 0,5\u03a9, pojemno\u015b\u0107 32 ml e-liquidu oraz responsywny wy\u015bwietlacz oleju i mocy, urz\u0105dzenie to zapewnia g\u0142adkie chmury i sp\u00f3jne uderzenia - a wszystko to w eleganckim, nowoczesnym designie.<\/p>\n<p><img loading=\"lazy\" decoding=\"async\" class=\"alignnone size-full wp-image-3258\" src=\"https:\/\/bangvapeofficial.com\/wp-content\/uploads\/2025\/09\/Bang-32000-Puffs-Vape.webp\" width=\"1339\" height=\"2560\" alt=\"Bang-32000-Puffs-Vape\" title=\"Bang-32000-Puffs-Vape\" srcset=\"https:\/\/bangvapeofficial.com\/wp-content\/uploads\/2025\/09\/Bang-32000-Puffs-Vape.webp 1339w, https:\/\/bangvapeofficial.com\/wp-content\/uploads\/2025\/09\/Bang-32000-Puffs-Vape-157x300.webp 157w, https:\/\/bangvapeofficial.com\/wp-content\/uploads\/2025\/09\/Bang-32000-Puffs-Vape-536x1024.webp 536w, https:\/\/bangvapeofficial.com\/wp-content\/uploads\/2025\/09\/Bang-32000-Puffs-Vape-768x1468.webp 768w, https:\/\/bangvapeofficial.com\/wp-content\/uploads\/2025\/09\/Bang-32000-Puffs-Vape-803x1536.webp 803w, https:\/\/bangvapeofficial.com\/wp-content\/uploads\/2025\/09\/Bang-32000-Puffs-Vape-1071x2048.webp 1071w, https:\/\/bangvapeofficial.com\/wp-content\/uploads\/2025\/09\/Bang-32000-Puffs-Vape-600x1147.webp 600w\" sizes=\"auto, (max-width: 1339px) 100vw, 1339px\" \/><\/p>\n<h3>Kluczowe cechy<\/h3>\n<ul>\n<li>Oko\u0142o 32 000 zaci\u0105gni\u0119\u0107 - zbudowany z my\u015bl\u0105 o wytrzyma\u0142o\u015bci, idealny do intensywnego lub d\u0142ugotrwa\u0142ego u\u017cytkowania<\/li>\n<li>32 ml wst\u0119pnie nape\u0142nionego p\u0142ynu E-Liquid - bez k\u0142opot\u00f3w z uzupe\u0142nianiem, po prostu nieprzerwana przyjemno\u015b\u0107<\/li>\n<li>Podw\u00f3jne cewki siatkowe 0,5\u03a9 - lepsza para i smak od pierwszego do ostatniego zaci\u0105gni\u0119cia si\u0119<\/li>\n<li>Opcje nikotyny - 0%, 2%, 3% i 5% dla wszystkich typ\u00f3w u\u017cytkownik\u00f3w<\/li>\n<li>Regulowana moc - dostosuj moc wyj\u015bciow\u0105, aby uzyska\u0107 mocniejsze uderzenia lub \u0142agodniejszy smak<\/li>\n<li>Akumulator o pojemno\u015bci 650 mAh - szybkie \u0142adowanie przez USB typu C zapewniaj\u0105ce szybki czas pracy<\/li>\n<li>Wy\u015bwietlacz oleju i zasilania - monitorowanie poziomu cieczy i akumulatora w czasie rzeczywistym<\/li>\n<\/ul>\n<h3>Opcje smakowe obejmuj\u0105<\/h3>\n<ul>\n<li>Bor\u00f3wka Malina<\/li>\n<li>Arbuz Wi\u015bnia<\/li>\n<li>L\u00f3d jagodowy<\/li>\n<li>Arbuzowy l\u00f3d<\/li>\n<li>Arbuz truskawkowy<\/li>\n<li>Truskawka Kiwi<\/li>\n<li>Red Bull<\/li>\n<li>Arbuz Bubblegum<\/li>\n<li>L\u00f3d winogronowy<\/li>\n<li>Brzoskwinia Mango<\/li>\n<li>L\u00f3d brzoskwiniowy<\/li>\n<li>Owoce mieszane<\/li>\n<\/ul>\n<h3>Dlaczego warto wybra\u0107 Bang 32000?<\/h3>\n<p>To nie jest zwyk\u0142y jednorazowy papieros - to najwy\u017cszej jako\u015bci waporyzator. Regulowana moc zapewnia kontrol\u0119. Wy\u015bwietlacz mocy i oleju zapewnia wgl\u0105d. A du\u017ca pojemno\u015b\u0107 oznacza mniejsz\u0105 liczb\u0119 wymian i wi\u0119ksz\u0105 warto\u015b\u0107. Niezale\u017cnie od tego, czy chodzi o smak, elastyczno\u015b\u0107 czy czyst\u0105 wydajno\u015b\u0107, Bang 32000 ma to wszystko.<\/p>","protected":false},"excerpt":{"rendered":"<p>Bang 32000 Puffs Vape z 32 ml e-liquidu, podw\u00f3jnymi cewkami siatkowymi 0,5 \u03a9, regulowan\u0105 moc\u0105 oraz pe\u0142nym wy\u015bwietlaczem oleju i baterii. Mo\u017cliwo\u015b\u0107 \u0142adowania. Dost\u0119pnych 12 smak\u00f3w.<\/p>","protected":false},"featured_media":219,"comment_status":"open","ping_status":"closed","template":"","meta":{"_acf_changed":false,"bwfblock_default_font":""},"product_brand":[],"product_cat":[17],"product_tag":[41,268,20],"class_list":{"0":"post-103","1":"product","2":"type-product","3":"status-publish","4":"has-post-thumbnail","6":"product_cat-bang-vapes","7":"product_tag-32k-puffs","8":"product_tag-mouth-to-lung","9":"product_tag-smart-screen","11":"first","12":"instock","13":"sale","14":"shipping-taxable","15":"purchasable","16":"product-type-variable"},"acf":[],"_links":{"self":[{"href":"https:\/\/bangvapeofficial.com\/pl\/wp-json\/wp\/v2\/product\/103","targetHints":{"allow":["GET"]}}],"collection":[{"href":"https:\/\/bangvapeofficial.com\/pl\/wp-json\/wp\/v2\/product"}],"about":[{"href":"https:\/\/bangvapeofficial.com\/pl\/wp-json\/wp\/v2\/types\/product"}],"replies":[{"embeddable":true,"href":"https:\/\/bangvapeofficial.com\/pl\/wp-json\/wp\/v2\/comments?post=103"}],"wp:featuredmedia":[{"embeddable":true,"href":"https:\/\/bangvapeofficial.com\/pl\/wp-json\/wp\/v2\/media\/219"}],"wp:attachment":[{"href":"https:\/\/bangvapeofficial.com\/pl\/wp-json\/wp\/v2\/media?parent=103"}],"wp:term":[{"taxonomy":"product_brand","embeddable":true,"href":"https:\/\/bangvapeofficial.com\/pl\/wp-json\/wp\/v2\/product_brand?post=103"},{"taxonomy":"product_cat","embeddable":true,"href":"https:\/\/bangvapeofficial.com\/pl\/wp-json\/wp\/v2\/product_cat?post=103"},{"taxonomy":"product_tag","embeddable":true,"href":"https:\/\/bangvapeofficial.com\/pl\/wp-json\/wp\/v2\/product_tag?post=103"}],"curies":[{"name":"wp","href":"https:\/\/api.w.org\/{rel}","templated":true}]}}