{"id":104,"date":"2025-09-28T09:08:47","date_gmt":"2025-09-28T09:08:47","guid":{"rendered":"https:\/\/bangvapeofficial.com\/?post_type=product&#038;p=104"},"modified":"2025-10-05T09:23:49","modified_gmt":"2025-10-05T09:23:49","slug":"bang-36000-power","status":"publish","type":"product","link":"https:\/\/bangvapeofficial.com\/pl\/product\/bang-36000-power\/","title":{"rendered":"Bang 36000 Power - najbardziej inteligentny Vape o du\u017cej pojemno\u015bci"},"content":{"rendered":"<h2>Moc Bang 36000<\/h2>\n<h3>36 000 zaci\u0105gni\u0119\u0107 | 36 ml e-p\u0142ynu | sterowanie dotykowe | wy\u015bwietlacz pe\u0142noekranowy | regulowane tryby zasilania<\/h3>\n<p>Masz do\u015b\u0107 jednorazowych waporyzator\u00f3w, kt\u00f3re zbyt szybko wysychaj\u0105, zapewniaj\u0105 s\u0142abe uderzenia lub nie nad\u0105\u017caj\u0105 za Twoim tempem? Poznaj Bang 36000 Power. Zaprojektowane z my\u015bl\u0105 o powa\u017cnych vaperach, urz\u0105dzenie to \u0142\u0105czy w sobie najnowocze\u015bniejsz\u0105 technologi\u0119, ogromn\u0105 pojemno\u015b\u0107 i konfigurowaln\u0105 wydajno\u015b\u0107 w eleganckim, sterowanym dotykowo korpusie. Niezale\u017cnie od tego, czy jeste\u015b w trybie chill, czy te\u017c gonisz za odwa\u017cnym smakiem, ten vape dostosowuje si\u0119 do twojego rytmu - bez kompromis\u00f3w.<\/p>\n<p><img loading=\"lazy\" decoding=\"async\" class=\"alignnone size-full wp-image-3243\" src=\"https:\/\/bangvapeofficial.com\/wp-content\/uploads\/2025\/09\/Bang-36000-Power.webp\" width=\"1180\" height=\"1950\" alt=\"Bang-36000-Power\" title=\"Bang-36000-Power\" srcset=\"https:\/\/bangvapeofficial.com\/wp-content\/uploads\/2025\/09\/Bang-36000-Power.webp 1180w, https:\/\/bangvapeofficial.com\/wp-content\/uploads\/2025\/09\/Bang-36000-Power-182x300.webp 182w, https:\/\/bangvapeofficial.com\/wp-content\/uploads\/2025\/09\/Bang-36000-Power-620x1024.webp 620w, https:\/\/bangvapeofficial.com\/wp-content\/uploads\/2025\/09\/Bang-36000-Power-768x1269.webp 768w, https:\/\/bangvapeofficial.com\/wp-content\/uploads\/2025\/09\/Bang-36000-Power-929x1536.webp 929w, https:\/\/bangvapeofficial.com\/wp-content\/uploads\/2025\/09\/Bang-36000-Power-600x992.webp 600w\" sizes=\"auto, (max-width: 1180px) 100vw, 1180px\" \/><\/p>\n<h3>Kluczowe cechy<\/h3>\n<ul>\n<li>36 000 zaci\u0105gni\u0119\u0107 - Zbudowany z my\u015bl\u0105 o wytrzyma\u0142o\u015bci. Vape d\u0142u\u017cej, \u0142aduj mniej.<\/li>\n<li>36 ml wst\u0119pnie nape\u0142nionego p\u0142ynu E-Liquid - nie wymaga uzupe\u0142niania. Po prostu ciesz si\u0119 jazd\u0105.<\/li>\n<li>Dotykowy panel sterowania - z \u0142atwo\u015bci\u0105 poruszaj si\u0119 po ustawieniach.<\/li>\n<li>Konfigurowalne tryby zasilania - P1 (Niski), P2 (\u015aredni), P3 (Wysoki) w celu dostosowania intensywno\u015bci.<\/li>\n<li>Wy\u015bwietlacz pe\u0142noekranowy - Podgl\u0105d liczby zaci\u0105gni\u0119\u0107, poziomu mocy, baterii i oleju w czasie rzeczywistym<\/li>\n<li>Akumulator o pojemno\u015bci 650 mAh - szybkie \u0142adowanie typu C zapewniaj\u0105ce szybki czas pracy<\/li>\n<li>Inteligentne funkcje bezpiecze\u0144stwa - obejmuj\u0105 zabezpieczenie przed przepi\u0119ciem, zwarciem i niskim napi\u0119ciem.<\/li>\n<li>System Draw-Activated - po prostu wdech i gotowe - bez przycisk\u00f3w, bez konfiguracji<\/li>\n<\/ul>\n<h3>Popularne smaki obejmuj\u0105<\/h3>\n<ul>\n<li>Brzoskwinia Mango Arbuz<\/li>\n<li>L\u00f3d winogronowy<\/li>\n<li>Banan truskawkowy<\/li>\n<li>Arbuzowy l\u00f3d<\/li>\n<li>Triple Berry<\/li>\n<li>Black Dragon Ice<em>(...i nie tylko!)<\/em><\/li>\n<\/ul>\n<h3>Dlaczego warto wybra\u0107 Bang 36000 Power?<\/h3>\n<p>Je\u015bli jeste\u015b intensywnym waperem lub po prostu nienawidzisz by\u0107 przerywany przez roz\u0142adowane baterie i s\u0142aby smak, Bang 36000 Power daje Ci pe\u0142n\u0105 kontrol\u0119. Dzi\u0119ki statystykom w czasie rzeczywistym, konfigurowalnej mocy wyj\u015bciowej i niezr\u00f3wnanej trwa\u0142o\u015bci, jest to najlepszy inteligentny system vape - wszystko to w jednym eleganckim, responsywnym urz\u0105dzeniu.<\/p>\n<h2><\/h2>","protected":false},"excerpt":{"rendered":"<p class=\"\" data-start=\"2151\" data-end=\"2316\">Bang 36000 Power zapewnia 36 tys. zaci\u0105gni\u0119\u0107, 36 ml e-liquidu, regulowan\u0105 moc (P1\/P2\/P3), pe\u0142noekranowy wy\u015bwietlacz i inteligentne funkcje bezpiecze\u0144stwa. \u0141adowanie typu C. Sterowanie dotykowe.<\/p>","protected":false},"featured_media":2686,"comment_status":"open","ping_status":"closed","template":"","meta":{"_acf_changed":false,"bwfblock_default_font":""},"product_brand":[],"product_cat":[17],"product_tag":[30,42,268,20],"class_list":{"0":"post-104","1":"product","2":"type-product","3":"status-publish","4":"has-post-thumbnail","6":"product_cat-bang-vapes","7":"product_tag-36k-puffs","8":"product_tag-hugo-vapor","9":"product_tag-mouth-to-lung","10":"product_tag-smart-screen","12":"first","13":"instock","14":"sale","15":"shipping-taxable","16":"purchasable","17":"product-type-variable"},"acf":[],"_links":{"self":[{"href":"https:\/\/bangvapeofficial.com\/pl\/wp-json\/wp\/v2\/product\/104","targetHints":{"allow":["GET"]}}],"collection":[{"href":"https:\/\/bangvapeofficial.com\/pl\/wp-json\/wp\/v2\/product"}],"about":[{"href":"https:\/\/bangvapeofficial.com\/pl\/wp-json\/wp\/v2\/types\/product"}],"replies":[{"embeddable":true,"href":"https:\/\/bangvapeofficial.com\/pl\/wp-json\/wp\/v2\/comments?post=104"}],"wp:featuredmedia":[{"embeddable":true,"href":"https:\/\/bangvapeofficial.com\/pl\/wp-json\/wp\/v2\/media\/2686"}],"wp:attachment":[{"href":"https:\/\/bangvapeofficial.com\/pl\/wp-json\/wp\/v2\/media?parent=104"}],"wp:term":[{"taxonomy":"product_brand","embeddable":true,"href":"https:\/\/bangvapeofficial.com\/pl\/wp-json\/wp\/v2\/product_brand?post=104"},{"taxonomy":"product_cat","embeddable":true,"href":"https:\/\/bangvapeofficial.com\/pl\/wp-json\/wp\/v2\/product_cat?post=104"},{"taxonomy":"product_tag","embeddable":true,"href":"https:\/\/bangvapeofficial.com\/pl\/wp-json\/wp\/v2\/product_tag?post=104"}],"curies":[{"name":"wp","href":"https:\/\/api.w.org\/{rel}","templated":true}]}}