{"id":107,"date":"2025-09-28T09:08:50","date_gmt":"2025-09-28T09:08:50","guid":{"rendered":"https:\/\/bangvapeofficial.com\/?post_type=product&#038;p=107"},"modified":"2025-10-05T06:50:43","modified_gmt":"2025-10-05T06:50:43","slug":"bang-king-18000-disposable-vape","status":"publish","type":"product","link":"https:\/\/bangvapeofficial.com\/pl\/product\/bang-king-18000-disposable-vape\/","title":{"rendered":"Bang King 18000 jednorazowe Vape - rozszerzona moc, elitarny smak"},"content":{"rendered":"<h2>Bang King 18000 Vape jednorazowego u\u017cytku<\/h2>\n<p>Bang King 18000 Puffs to wysokowydajny jednorazowy waporyzator zaprojektowany z my\u015bl\u0105 o d\u0142ugotrwa\u0142ym u\u017cytkowaniu i dostarczaniu najwy\u017cszej jako\u015bci smaku. Dzi\u0119ki ogromnej pojemno\u015bci 24 ml e-liquidu, pot\u0119\u017cnemu akumulatorowi 850 mAh i technologii podw\u00f3jnej cewki siatkowej, urz\u0105dzenie to zapewnia do 18 000 g\u0142adkich, aromatycznych zaci\u0105gni\u0119\u0107, co czyni go najlepszym wyborem dla vaper\u00f3w wymagaj\u0105cych wydajno\u015bci i niezawodno\u015bci.<\/p>\n<h3>Kluczowe cechy<\/h3>\n<ul>\n<li>Pojemno\u015b\u0107 18 000 zaci\u0105gni\u0119\u0107: Wyd\u0142u\u017cona \u017cywotno\u015b\u0107 dla sp\u00f3jnych, nieprzerwanych sesji<\/li>\n<li>Wst\u0119pnie nape\u0142niony p\u0142yn E-Liquid o pojemno\u015bci 24 ml: Du\u017ca pojemno\u015b\u0107 dla mniejszej liczby wymian<\/li>\n<li>Akumulator typu C o pojemno\u015bci 850 mAh: Szybkie, wydajne \u0142adowanie<\/li>\n<li>Podw\u00f3jna cewka siatkowa: G\u0142adka para i zwi\u0119kszona moc aromatu<\/li>\n<li>Wy\u015bwietlacz LED: Liczba zaci\u0105gni\u0119\u0107 i stan baterii w czasie rzeczywistym na pierwszy rzut oka<\/li>\n<li>Niestandardowa moc nikotyny: dost\u0119pna w opcjach 2%, 3% i 5%.<\/li>\n<li>Aktywowany rysowaniem: \u0141atwy w u\u017cyciu; nie wymaga przycisk\u00f3w ani konfiguracji<\/li>\n<\/ul>\n<p><img loading=\"lazy\" decoding=\"async\" class=\"alignnone size-full wp-image-3240\" src=\"https:\/\/bangvapeofficial.com\/wp-content\/uploads\/2025\/09\/Bang-King-18000-Disposable-Vape-2-scaled-1.webp\" width=\"1680\" height=\"2560\" alt=\"Bang-King-18000-Disposable-Vape-2-scaled-1\" title=\"Bang-King-18000-Disposable-Vape-2-scaled-1\" srcset=\"https:\/\/bangvapeofficial.com\/wp-content\/uploads\/2025\/09\/Bang-King-18000-Disposable-Vape-2-scaled-1.webp 1680w, https:\/\/bangvapeofficial.com\/wp-content\/uploads\/2025\/09\/Bang-King-18000-Disposable-Vape-2-scaled-1-197x300.webp 197w, https:\/\/bangvapeofficial.com\/wp-content\/uploads\/2025\/09\/Bang-King-18000-Disposable-Vape-2-scaled-1-672x1024.webp 672w, https:\/\/bangvapeofficial.com\/wp-content\/uploads\/2025\/09\/Bang-King-18000-Disposable-Vape-2-scaled-1-768x1170.webp 768w, https:\/\/bangvapeofficial.com\/wp-content\/uploads\/2025\/09\/Bang-King-18000-Disposable-Vape-2-scaled-1-1008x1536.webp 1008w, https:\/\/bangvapeofficial.com\/wp-content\/uploads\/2025\/09\/Bang-King-18000-Disposable-Vape-2-scaled-1-1344x2048.webp 1344w, https:\/\/bangvapeofficial.com\/wp-content\/uploads\/2025\/09\/Bang-King-18000-Disposable-Vape-2-scaled-1-600x914.webp 600w\" sizes=\"auto, (max-width: 1680px) 100vw, 1680px\" \/><\/p>\n<h3>Popularne smaki<\/h3>\n<ol>\n<li>Black Dragon Ice - odwa\u017cny, egzotyczny, z ch\u0142odnym wyko\u0144czeniem<\/li>\n<li>Peach Ice - owocowa s\u0142odycz z orze\u017awiaj\u0105cym ch\u0142odem<\/li>\n<li>Blueberry Ice - soczyste jagody w po\u0142\u0105czeniu z lodowymi nutami<\/li>\n<li>Double Apples - chrupi\u0105ce, s\u0142odkie po\u0142\u0105czenie jab\u0142ek<\/li>\n<li>Grape Ice - bogaty smak winogron z ch\u0142odnym akcentem<\/li>\n<li>Blueberry Lemon - S\u0142odki i pikantny z cytrusow\u0105 sk\u00f3rk\u0105<\/li>\n<li>Watermelon Ice - klasyczne letnie orze\u017awienie z ch\u0142odnym wydechem<\/li>\n<li>Strawberry Kiwi - zr\u00f3wnowa\u017cone po\u0142\u0105czenie s\u0142odyczy i cierpko\u015bci<\/li>\n<\/ol>\n<h3>Dla kogo<\/h3>\n<ul>\n<li>Frequent Vapers - idealny dla u\u017cytkownik\u00f3w o du\u017cej obj\u0119to\u015bci, kt\u00f3rym zale\u017cy na trwa\u0142o\u015bci i rzadszych wymianach.<\/li>\n<li>U\u017cytkownicy mobilni - przeno\u015bny, \u0142adowalny i \u0142atwy w utrzymaniu<\/li>\n<li>Poszukiwacze elastyczno\u015bci nikotynowej - wybieraj spo\u015br\u00f3d wielu opcji mocy, w tym bez nikotyny<\/li>\n<\/ul>\n<h3>Dlaczego si\u0119 wyr\u00f3\u017cnia<\/h3>\n<p>Dzi\u0119ki du\u017cej liczbie zaci\u0105gni\u0119\u0107, nowoczesnemu wy\u015bwietlaczowi LED i zaawansowanej technologii cewek, Bang King 18000 przewy\u017csza typowe urz\u0105dzenia jednorazowe. Niezale\u017cnie od tego, czy szukasz wyrazistego smaku, p\u0142ynniejszego uderzenia, czy po prostu chcesz, aby urz\u0105dzenie by\u0142o trwa\u0142e - ten waporyzator to zapewnia.<\/p>","protected":false},"excerpt":{"rendered":"<p>Bang King 18000 Disposable Vape to jednorazowy vape o du\u017cej pojemno\u015bci, oferuj\u0105cy 18 000 zaci\u0105gni\u0119\u0107, 24 ml e-liquidu, podw\u00f3jne cewki siatkowe i akumulator 850 mAh z wy\u015bwietlaczem LED.<\/p>","protected":false},"featured_media":244,"comment_status":"open","ping_status":"closed","template":"","meta":{"_acf_changed":false,"bwfblock_default_font":""},"product_brand":[],"product_cat":[17],"product_tag":[44,45,268],"class_list":{"0":"post-107","1":"product","2":"type-product","3":"status-publish","4":"has-post-thumbnail","6":"product_cat-bang-vapes","7":"product_tag-18k-puffs","8":"product_tag-leather-with-screen","9":"product_tag-mouth-to-lung","11":"first","12":"instock","13":"sale","14":"shipping-taxable","15":"purchasable","16":"product-type-variable"},"acf":[],"_links":{"self":[{"href":"https:\/\/bangvapeofficial.com\/pl\/wp-json\/wp\/v2\/product\/107","targetHints":{"allow":["GET"]}}],"collection":[{"href":"https:\/\/bangvapeofficial.com\/pl\/wp-json\/wp\/v2\/product"}],"about":[{"href":"https:\/\/bangvapeofficial.com\/pl\/wp-json\/wp\/v2\/types\/product"}],"replies":[{"embeddable":true,"href":"https:\/\/bangvapeofficial.com\/pl\/wp-json\/wp\/v2\/comments?post=107"}],"wp:featuredmedia":[{"embeddable":true,"href":"https:\/\/bangvapeofficial.com\/pl\/wp-json\/wp\/v2\/media\/244"}],"wp:attachment":[{"href":"https:\/\/bangvapeofficial.com\/pl\/wp-json\/wp\/v2\/media?parent=107"}],"wp:term":[{"taxonomy":"product_brand","embeddable":true,"href":"https:\/\/bangvapeofficial.com\/pl\/wp-json\/wp\/v2\/product_brand?post=107"},{"taxonomy":"product_cat","embeddable":true,"href":"https:\/\/bangvapeofficial.com\/pl\/wp-json\/wp\/v2\/product_cat?post=107"},{"taxonomy":"product_tag","embeddable":true,"href":"https:\/\/bangvapeofficial.com\/pl\/wp-json\/wp\/v2\/product_tag?post=107"}],"curies":[{"name":"wp","href":"https:\/\/api.w.org\/{rel}","templated":true}]}}