{"id":108,"date":"2025-09-28T09:08:51","date_gmt":"2025-09-28T09:08:51","guid":{"rendered":"https:\/\/bangvapeofficial.com\/?post_type=product&#038;p=108"},"modified":"2025-10-05T09:23:45","modified_gmt":"2025-10-05T09:23:45","slug":"bang-king-double-crystal-20000","status":"publish","type":"product","link":"https:\/\/bangvapeofficial.com\/pl\/product\/bang-king-double-crystal-20000\/","title":{"rendered":"Bang King Double Crystal 20000 - p\u0142ynne, d\u0142ugotrwa\u0142e dzia\u0142anie"},"content":{"rendered":"<h2>Bang King Double Crystal 20000<\/h2>\n<h3>20 000 zaci\u0105gni\u0119\u0107 | 25 ml e-p\u0142ynu | bateria 650 mAh | \u0142adowanie typu C<\/h3>\n<p>Bang King Double Crystal 20000 zosta\u0142 zaprojektowany z my\u015bl\u0105 o entuzjastach waporyzacji, kt\u00f3rzy ceni\u0105 sobie sp\u00f3jno\u015b\u0107, r\u00f3\u017cnorodno\u015b\u0107 i zwi\u0119kszon\u0105 wydajno\u015b\u0107. Oferuj\u0105c do 20 000 zaci\u0105gni\u0119\u0107, ten jednorazowy waporyzator \u0142\u0105czy w sobie p\u0142ynn\u0105 rezystancj\u0119 cewki, pojemno\u015b\u0107 25 ml e-liquidu i szybkie \u0142adowanie typu C w jednym eleganckim, trwa\u0142ym urz\u0105dzeniu. Dzi\u0119ki poziomom nikotyny od 0% do 5%, zapewnia on konfigurowaln\u0105 intensywno\u015b\u0107 dla wszystkich typ\u00f3w u\u017cytkownik\u00f3w.<\/p>\n<p><img loading=\"lazy\" decoding=\"async\" class=\"alignnone size-full wp-image-3241\" src=\"https:\/\/bangvapeofficial.com\/wp-content\/uploads\/2025\/09\/Bang-King-Double-Crystal-20000-.webp\" width=\"1200\" height=\"2280\" alt=\"Bang-King-Double-Crystal-20000-\" title=\"Bang-King-Double-Crystal-20000-\" srcset=\"https:\/\/bangvapeofficial.com\/wp-content\/uploads\/2025\/09\/Bang-King-Double-Crystal-20000-.webp 1200w, https:\/\/bangvapeofficial.com\/wp-content\/uploads\/2025\/09\/Bang-King-Double-Crystal-20000--158x300.webp 158w, https:\/\/bangvapeofficial.com\/wp-content\/uploads\/2025\/09\/Bang-King-Double-Crystal-20000--539x1024.webp 539w, https:\/\/bangvapeofficial.com\/wp-content\/uploads\/2025\/09\/Bang-King-Double-Crystal-20000--768x1459.webp 768w, https:\/\/bangvapeofficial.com\/wp-content\/uploads\/2025\/09\/Bang-King-Double-Crystal-20000--808x1536.webp 808w, https:\/\/bangvapeofficial.com\/wp-content\/uploads\/2025\/09\/Bang-King-Double-Crystal-20000--1078x2048.webp 1078w, https:\/\/bangvapeofficial.com\/wp-content\/uploads\/2025\/09\/Bang-King-Double-Crystal-20000--600x1140.webp 600w\" sizes=\"auto, (max-width: 1200px) 100vw, 1200px\" \/><\/p>\n<h3>Najwa\u017cniejsze cechy produktu<\/h3>\n<ul>\n<li>20 000 zaci\u0105gni\u0119\u0107 - stworzony do d\u0142ugotrwa\u0142ego u\u017cytkowania bez konieczno\u015bci cz\u0119stej wymiany.<\/li>\n<li>25ML E-Liquid - du\u017ca obj\u0119to\u015b\u0107 dla d\u0142u\u017cszych sesji<\/li>\n<li>Moc nikotyny - do wyboru 0%, 2%, 3% lub 5%<\/li>\n<li>Siatkowa cewka 1,0\u03a9 - zapewnia g\u0142adki, bogaty smak przy ka\u017cdym wdechu.<\/li>\n<li>Bateria 650 mAh - niezawodna i \u0142adowana przez port Type-C<\/li>\n<li>Bezp\u0142atna wysy\u0142ka i odprawa celna - dostawa bezpo\u015brednio do domu bez ukrytych op\u0142at<\/li>\n<\/ul>\n<h3>Dost\u0119pne smaki<\/h3>\n<ol>\n<li>Kwa\u015bne jab\u0142ko malina<\/li>\n<li>L\u00f3d brzoskwiniowy<\/li>\n<li>Owoce mieszane<\/li>\n<li>Arbuz truskawkowy<\/li>\n<li>Arbuzowy l\u00f3d<\/li>\n<li>L\u00f3d winogronowy<\/li>\n<li>L\u00f3d jagodowy<\/li>\n<li>Blue Razz Ice<\/li>\n<li>Mango truskawkowe<\/li>\n<li>Kiwi Granat<\/li>\n<li>Nap\u00f3j energetyczny<\/li>\n<li>Truskawka Kiwi<\/li>\n<\/ol>\n<h3>Dlaczego warto wybra\u0107 Bang King Double Crystal 20000?<\/h3>\n<p>To urz\u0105dzenie \u0142\u0105czy w sobie wyj\u0105tkow\u0105 pojemno\u015b\u0107, konfigurowaln\u0105 nikotyn\u0119 i wysokiej jako\u015bci wydajno\u015b\u0107 cewki w kompaktowej i stylowej formie. Dzi\u0119ki 12 wyr\u00f3\u017cniaj\u0105cym si\u0119 smakom i wytrzyma\u0142ej baterii, jest to idealne rozwi\u0105zanie dla u\u017cytkownik\u00f3w, kt\u00f3rzy chc\u0105 wapowa\u0107 przez ca\u0142y dzie\u0144 bez przerw.<\/p>","protected":false},"excerpt":{"rendered":"<p>Bang King Double Crystal 20000 oferuje 25 ml e-liquidu, bateri\u0119 650 mAh typu C, cewk\u0119 siatkow\u0105 1,0 \u03a9 i do 20 000 zaci\u0105gni\u0119\u0107. Dost\u0119pny w 12 smakach i 4 mocach nikotyny.<\/p>","protected":false},"featured_media":252,"comment_status":"open","ping_status":"closed","template":"","meta":{"_acf_changed":false,"bwfblock_default_font":""},"product_brand":[],"product_cat":[17],"product_tag":[46,268,20],"class_list":{"0":"post-108","1":"product","2":"type-product","3":"status-publish","4":"has-post-thumbnail","6":"product_cat-bang-vapes","7":"product_tag-20k-puffs","8":"product_tag-mouth-to-lung","9":"product_tag-smart-screen","11":"first","12":"instock","13":"sale","14":"shipping-taxable","15":"purchasable","16":"product-type-variable"},"acf":[],"_links":{"self":[{"href":"https:\/\/bangvapeofficial.com\/pl\/wp-json\/wp\/v2\/product\/108","targetHints":{"allow":["GET"]}}],"collection":[{"href":"https:\/\/bangvapeofficial.com\/pl\/wp-json\/wp\/v2\/product"}],"about":[{"href":"https:\/\/bangvapeofficial.com\/pl\/wp-json\/wp\/v2\/types\/product"}],"replies":[{"embeddable":true,"href":"https:\/\/bangvapeofficial.com\/pl\/wp-json\/wp\/v2\/comments?post=108"}],"wp:featuredmedia":[{"embeddable":true,"href":"https:\/\/bangvapeofficial.com\/pl\/wp-json\/wp\/v2\/media\/252"}],"wp:attachment":[{"href":"https:\/\/bangvapeofficial.com\/pl\/wp-json\/wp\/v2\/media?parent=108"}],"wp:term":[{"taxonomy":"product_brand","embeddable":true,"href":"https:\/\/bangvapeofficial.com\/pl\/wp-json\/wp\/v2\/product_brand?post=108"},{"taxonomy":"product_cat","embeddable":true,"href":"https:\/\/bangvapeofficial.com\/pl\/wp-json\/wp\/v2\/product_cat?post=108"},{"taxonomy":"product_tag","embeddable":true,"href":"https:\/\/bangvapeofficial.com\/pl\/wp-json\/wp\/v2\/product_tag?post=108"}],"curies":[{"name":"wp","href":"https:\/\/api.w.org\/{rel}","templated":true}]}}