{"id":111,"date":"2025-09-28T09:08:54","date_gmt":"2025-09-28T09:08:54","guid":{"rendered":"https:\/\/bangvapeofficial.com\/?post_type=product&#038;p=111"},"modified":"2025-10-05T06:50:19","modified_gmt":"2025-10-05T06:50:19","slug":"bang-king-25000-disposable-vape","status":"publish","type":"product","link":"https:\/\/bangvapeofficial.com\/pl\/product\/bang-king-25000-disposable-vape\/","title":{"rendered":"Bang King 25000 Jednorazowy Vape - Podw\u00f3jna kapsu\u0142ka, moc zaci\u0105gni\u0119cia 25 tys."},"content":{"rendered":"<h2>Bang King 25000 Vape jednorazowego u\u017cytku<\/h2>\n<h3>Maksymalny smak. Maksymalna wygoda.<\/h3>\n<p>Bang King 25000 to jednorazowy waporyzator nowej generacji zaprojektowany z my\u015bl\u0105 o wydajno\u015bci, przeno\u015bno\u015bci i czystej satysfakcji. Dzi\u0119ki nawet 25 000 zaci\u0105gni\u0119\u0107, ogromnej pojemno\u015bci 46 ml e-liquidu i pot\u0119\u017cnemu akumulatorowi 650 mAh typu C, zosta\u0142 zaprojektowany tak, aby zapewni\u0107 p\u0142ynne wra\u017cenia w dowolnym miejscu. Dzi\u0119ki systemowi podw\u00f3jnych kapsu\u0142ek mo\u017cna b\u0142yskawicznie prze\u0142\u0105cza\u0107 smaki i przed\u0142u\u017ca\u0107 sesje bez utraty rytmu.<\/p>\n<h3>Kluczowe cechy<\/h3>\n<ul>\n<li>Pojemno\u015b\u0107 25 000 zaci\u0105gni\u0119\u0107 - dwie kapsu\u0142ki o pojemno\u015bci 12 500 zaci\u0105gni\u0119\u0107 dla d\u0142u\u017cszego u\u017cytkowania<\/li>\n<li>46 ml p\u0142ynu E-Liquid - ogromna obj\u0119to\u015b\u0107 umo\u017cliwiaj\u0105ca nieprzerwan\u0105 waporyzacj\u0119<\/li>\n<li>Opcje nikotyny: 0%, 2%, 3%, 5% - Wybierz preferowan\u0105 moc<\/li>\n<li>Akumulator 650 mAh - \u0142adowanie typu C zapewnia szybkie zasilanie<\/li>\n<li>Siatkowa cewka 1,0\u03a9 z regulowanym przep\u0142ywem powietrza - zr\u00f3wnowa\u017cona wydajno\u015b\u0107 DTL i kontrola smaku<\/li>\n<li>Konstrukcja z dwoma kapsu\u0142kami - natychmiastowa zamiana smak\u00f3w dzi\u0119ki dw\u00f3m fabrycznie nape\u0142nionym kapsu\u0142kom<\/li>\n<li>Elegancki i przeno\u015bny - \u017cywe wyko\u0144czenie, ergonomiczne dopasowanie i przyjazny dla kieszeni profil<\/li>\n<\/ul>\n<p><img loading=\"lazy\" decoding=\"async\" class=\"alignnone size-full wp-image-3237\" src=\"https:\/\/bangvapeofficial.com\/wp-content\/uploads\/2025\/09\/Bang-King-25000-Disposable-Vape.webp\" width=\"800\" height=\"800\" alt=\"Bang-King-25000-Disposable-Vape\" title=\"Bang-King-25000-Disposable-Vape\" srcset=\"https:\/\/bangvapeofficial.com\/wp-content\/uploads\/2025\/09\/Bang-King-25000-Disposable-Vape.webp 800w, https:\/\/bangvapeofficial.com\/wp-content\/uploads\/2025\/09\/Bang-King-25000-Disposable-Vape-300x300.webp 300w, https:\/\/bangvapeofficial.com\/wp-content\/uploads\/2025\/09\/Bang-King-25000-Disposable-Vape-150x150.webp 150w, https:\/\/bangvapeofficial.com\/wp-content\/uploads\/2025\/09\/Bang-King-25000-Disposable-Vape-768x768.webp 768w, https:\/\/bangvapeofficial.com\/wp-content\/uploads\/2025\/09\/Bang-King-25000-Disposable-Vape-600x600.webp 600w, https:\/\/bangvapeofficial.com\/wp-content\/uploads\/2025\/09\/Bang-King-25000-Disposable-Vape-100x100.webp 100w, https:\/\/bangvapeofficial.com\/wp-content\/uploads\/2025\/09\/Bang-King-25000-Disposable-Vape-50x50.webp 50w\" sizes=\"auto, (max-width: 800px) 100vw, 800px\" \/><\/p>\n<h3>Dlaczego warto wybra\u0107 Bang King 25000?<\/h3>\n<p>To urz\u0105dzenie zosta\u0142o stworzone dla waper\u00f3w, kt\u00f3rzy oczekuj\u0105 najwy\u017cszej wydajno\u015bci bez kompromis\u00f3w. Podw\u00f3jny system kapsu\u0142ek zwi\u0119ksza elastyczno\u015b\u0107, kontrola przep\u0142ywu powietrza dostosowuje ka\u017cde zaci\u0105gni\u0119cie, a du\u017ca pojemno\u015b\u0107 p\u0142ynu zapewnia d\u0142u\u017csz\u0105 prac\u0119. Niezale\u017cnie od tego, czy gonisz za chmurami, czy chcesz ograniczy\u0107 nikotyn\u0119, Bang King 25000 daje ci opcje i zapewnia sta\u0142\u0105 satysfakcj\u0119.<\/p>","protected":false},"excerpt":{"rendered":"<p>Bang King 25000 Disposable Vape jest wyposa\u017cony w podw\u00f3jne kapsu\u0142ki o pojemno\u015bci 12 500 puff\u00f3w, 46 ml e-liquidu, cewk\u0119 siatkow\u0105 z kontrol\u0105 przep\u0142ywu powietrza i bateri\u0119 650 mAh. Akumulator typu C. Dost\u0119pny w wersjach nikotynowych 0%-5%.<\/p>","protected":false},"featured_media":261,"comment_status":"open","ping_status":"closed","template":"","meta":{"_acf_changed":false,"bwfblock_default_font":""},"product_brand":[],"product_cat":[17],"product_tag":[48,50,22,268],"class_list":{"0":"post-111","1":"product","2":"type-product","3":"status-publish","4":"has-post-thumbnail","6":"product_cat-bang-vapes","7":"product_tag-25k-puffs","8":"product_tag-dual-cups","9":"product_tag-hot-selling","10":"product_tag-mouth-to-lung","12":"first","13":"instock","14":"sale","15":"shipping-taxable","16":"purchasable","17":"product-type-variable"},"acf":[],"_links":{"self":[{"href":"https:\/\/bangvapeofficial.com\/pl\/wp-json\/wp\/v2\/product\/111","targetHints":{"allow":["GET"]}}],"collection":[{"href":"https:\/\/bangvapeofficial.com\/pl\/wp-json\/wp\/v2\/product"}],"about":[{"href":"https:\/\/bangvapeofficial.com\/pl\/wp-json\/wp\/v2\/types\/product"}],"replies":[{"embeddable":true,"href":"https:\/\/bangvapeofficial.com\/pl\/wp-json\/wp\/v2\/comments?post=111"}],"wp:featuredmedia":[{"embeddable":true,"href":"https:\/\/bangvapeofficial.com\/pl\/wp-json\/wp\/v2\/media\/261"}],"wp:attachment":[{"href":"https:\/\/bangvapeofficial.com\/pl\/wp-json\/wp\/v2\/media?parent=111"}],"wp:term":[{"taxonomy":"product_brand","embeddable":true,"href":"https:\/\/bangvapeofficial.com\/pl\/wp-json\/wp\/v2\/product_brand?post=111"},{"taxonomy":"product_cat","embeddable":true,"href":"https:\/\/bangvapeofficial.com\/pl\/wp-json\/wp\/v2\/product_cat?post=111"},{"taxonomy":"product_tag","embeddable":true,"href":"https:\/\/bangvapeofficial.com\/pl\/wp-json\/wp\/v2\/product_tag?post=111"}],"curies":[{"name":"wp","href":"https:\/\/api.w.org\/{rel}","templated":true}]}}