{"id":113,"date":"2025-09-28T09:08:55","date_gmt":"2025-09-28T09:08:55","guid":{"rendered":"https:\/\/bangvapeofficial.com\/?post_type=product&#038;p=113"},"modified":"2025-10-05T06:50:14","modified_gmt":"2025-10-05T06:50:14","slug":"bang-tornado-12000-disposable-vape","status":"publish","type":"product","link":"https:\/\/bangvapeofficial.com\/pl\/product\/bang-tornado-12000-disposable-vape\/","title":{"rendered":"Vape jednorazowe Bang Tornado 12000 - podnie\u015b ka\u017cdy zaci\u0105g"},"content":{"rendered":"<h2>Bang Tornado 12000 Vape jednorazowego u\u017cytku<\/h2>\n<p>Bang Tornado 12000 zosta\u0142 zaprojektowany dla vaper\u00f3w, kt\u00f3rzy wymagaj\u0105 najwy\u017cszej wydajno\u015bci, odwa\u017cnego smaku i d\u0142ugotrwa\u0142ej satysfakcji. Zaprojektowany z my\u015bl\u0105 o innowacyjno\u015bci i intensywno\u015bci, ten jednorazowy waporyzator zapewnia do 12 000 zaci\u0105gni\u0119\u0107, zasilany solidnym jednorazowym waporyzatorem Bang Tornado 12000 - Elevate Every Puff i ulepszony technologi\u0105 cewki siatkowej dla sp\u00f3jnego, p\u0142ynnego zaci\u0105gania.<\/p>\n<h3>Tornado 12000 <strong>Kluczowe cechy:<\/strong><\/h3>\n<ul>\n<li>Bateria o du\u017cej pojemno\u015bci 650 mAh: Mo\u017cliwo\u015b\u0107 \u0142adowania przez Type-C dla nieprzerwanych sesji.<\/li>\n<li>12 000 zaci\u0105gni\u0119\u0107: Wyd\u0142u\u017cona \u017cywotno\u015b\u0107 zapewniaj\u0105ca d\u0142u\u017csze wapowanie bez kompromis\u00f3w.<\/li>\n<li>Siatkowy system cewek: Zapewnia optymaln\u0105 produkcj\u0119 pary i dostarczanie aromatu.<\/li>\n<li>Wst\u0119pnie nape\u0142niony p\u0142yn do papieros\u00f3w E-Liquid o pojemno\u015bci 20 ml: Obfite nape\u0142nienie zapewnia bogate, d\u0142ugotrwa\u0142e doznania.<\/li>\n<li>Niestandardowa moc nikotyny: Wybierz nikotyn\u0119 0%, 2%, 3% lub 5%, aby dopasowa\u0107 j\u0105 do swojego stylu.<\/li>\n<li>Kolorowy wy\u015bwietlacz LED: Przyci\u0105gaj\u0105ce wzrok pod\u015bwietlenie dodaje uroku ka\u017cdemu zaci\u0105gni\u0119ciu.<\/li>\n<li>Eksplozja smak\u00f3w: Dost\u0119pny w 20 rewelacyjnych smakach, kt\u00f3re rozpal\u0105 Twoje kubki smakowe.<\/li>\n<\/ul>\n<p><img loading=\"lazy\" decoding=\"async\" class=\"alignnone size-full wp-image-3256\" src=\"https:\/\/bangvapeofficial.com\/wp-content\/uploads\/2025\/09\/Bang-Tornado-12000-Disposable-Vape.webp\" width=\"2236\" height=\"2560\" alt=\"Bang-Tornado-12000-Disposable-Vape\" title=\"Bang-Tornado-12000-Disposable-Vape\" srcset=\"https:\/\/bangvapeofficial.com\/wp-content\/uploads\/2025\/09\/Bang-Tornado-12000-Disposable-Vape.webp 2236w, https:\/\/bangvapeofficial.com\/wp-content\/uploads\/2025\/09\/Bang-Tornado-12000-Disposable-Vape-262x300.webp 262w, https:\/\/bangvapeofficial.com\/wp-content\/uploads\/2025\/09\/Bang-Tornado-12000-Disposable-Vape-894x1024.webp 894w, https:\/\/bangvapeofficial.com\/wp-content\/uploads\/2025\/09\/Bang-Tornado-12000-Disposable-Vape-768x879.webp 768w, https:\/\/bangvapeofficial.com\/wp-content\/uploads\/2025\/09\/Bang-Tornado-12000-Disposable-Vape-1342x1536.webp 1342w, https:\/\/bangvapeofficial.com\/wp-content\/uploads\/2025\/09\/Bang-Tornado-12000-Disposable-Vape-1789x2048.webp 1789w, https:\/\/bangvapeofficial.com\/wp-content\/uploads\/2025\/09\/Bang-Tornado-12000-Disposable-Vape-600x687.webp 600w\" sizes=\"auto, (max-width: 2236px) 100vw, 2236px\" \/><\/p>\n<h3><strong>Dost\u0119pne smaki:<\/strong><\/h3>\n<ol>\n<li>Banan truskawkowy<\/li>\n<li>Kiwi Passion Fruit Guava<\/li>\n<li>Truskawka Kiwi<\/li>\n<li>Blue Razz Ice<\/li>\n<li>Kwa\u015bne jab\u0142ko malina<\/li>\n<li>Arbuz Bubblegum<\/li>\n<li>Arbuz truskawkowy<\/li>\n<li>Sok truskawkowy<\/li>\n<li>Black Dragon Ice<\/li>\n<li>Arbuzowy l\u00f3d<\/li>\n<li>L\u00f3d jagodowy<\/li>\n<li>Brzoskwinia Mango Arbuz<\/li>\n<li>L\u00f3d winogronowy<\/li>\n<li>Owoce mieszane<\/li>\n<li>Liczi truskawkowe<\/li>\n<li>Mi\u0119towy l\u00f3d<\/li>\n<li>Arbuz malinowy<\/li>\n<li>L\u00f3d truskawkowy<\/li>\n<li>L\u00f3d brzoskwiniowy<\/li>\n<li>Mango truskawkowe<\/li>\n<\/ol>\n<h3><strong>Dlaczego warto wybra\u0107 Bang Tornado 12000?<\/strong><\/h3>\n<p>Uwolnij intensywny smak przy ka\u017cdym wdechu. Niezale\u017cnie od tego, czy przechodzisz od tradycyjnego palenia, czy jeste\u015b do\u015bwiadczonym waperem szukaj\u0105cym pot\u0119\u017cnego urz\u0105dzenia, Bang Tornado 12000 oferuje idealn\u0105 r\u00f3wnowag\u0119 mi\u0119dzy wydajno\u015bci\u0105, dostosowaniem i r\u00f3\u017cnorodno\u015bci\u0105 smak\u00f3w. \u017badnych skomplikowanych ustawie\u0144. Po prostu \u0142aduj i zaci\u0105gaj si\u0119, ciesz\u0105c si\u0119 pysznymi, g\u0119stymi chmurami w dowolnym miejscu i czasie.<\/p>\n<h3><strong>Podnie\u015b poziom wapowania. Own the Storm.<\/strong><\/h3>\n<p>Do\u0142\u0105cz do tysi\u0119cy os\u00f3b, kt\u00f3re dokona\u0142y zmiany. Bang Tornado 12000 to nie tylko jednorazowy vape - to rewolucja w d\u0142oni.<\/p>","protected":false},"excerpt":{"rendered":"<p>Bang Tornado 12000 Disposable Vape zapewnia 12 000 zaci\u0105gni\u0119\u0107 dzi\u0119ki baterii 650 mAh, dostosowywanej nikotynie (0%-5%) i wielu opcjom smakowym. P\u0142ynne dzia\u0142anie w eleganckiej obudowie.<\/p>","protected":false},"featured_media":268,"comment_status":"open","ping_status":"closed","template":"","meta":{"_acf_changed":false,"bwfblock_default_font":""},"product_brand":[],"product_cat":[17],"product_tag":[40,22,268,269],"class_list":{"0":"post-113","1":"product","2":"type-product","3":"status-publish","4":"has-post-thumbnail","6":"product_cat-bang-vapes","7":"product_tag-12k-puffs","8":"product_tag-hot-selling","9":"product_tag-mouth-to-lung","10":"product_tag-pen-design","12":"first","13":"instock","14":"sale","15":"shipping-taxable","16":"purchasable","17":"product-type-variable"},"acf":[],"_links":{"self":[{"href":"https:\/\/bangvapeofficial.com\/pl\/wp-json\/wp\/v2\/product\/113","targetHints":{"allow":["GET"]}}],"collection":[{"href":"https:\/\/bangvapeofficial.com\/pl\/wp-json\/wp\/v2\/product"}],"about":[{"href":"https:\/\/bangvapeofficial.com\/pl\/wp-json\/wp\/v2\/types\/product"}],"replies":[{"embeddable":true,"href":"https:\/\/bangvapeofficial.com\/pl\/wp-json\/wp\/v2\/comments?post=113"}],"wp:featuredmedia":[{"embeddable":true,"href":"https:\/\/bangvapeofficial.com\/pl\/wp-json\/wp\/v2\/media\/268"}],"wp:attachment":[{"href":"https:\/\/bangvapeofficial.com\/pl\/wp-json\/wp\/v2\/media?parent=113"}],"wp:term":[{"taxonomy":"product_brand","embeddable":true,"href":"https:\/\/bangvapeofficial.com\/pl\/wp-json\/wp\/v2\/product_brand?post=113"},{"taxonomy":"product_cat","embeddable":true,"href":"https:\/\/bangvapeofficial.com\/pl\/wp-json\/wp\/v2\/product_cat?post=113"},{"taxonomy":"product_tag","embeddable":true,"href":"https:\/\/bangvapeofficial.com\/pl\/wp-json\/wp\/v2\/product_tag?post=113"}],"curies":[{"name":"wp","href":"https:\/\/api.w.org\/{rel}","templated":true}]}}