{"id":115,"date":"2025-09-28T09:08:56","date_gmt":"2025-09-28T09:08:56","guid":{"rendered":"https:\/\/bangvapeofficial.com\/?post_type=product&#038;p=115"},"modified":"2025-10-05T07:08:09","modified_gmt":"2025-10-05T07:08:09","slug":"bang-36000-disposable-vape","status":"publish","type":"product","link":"https:\/\/bangvapeofficial.com\/pl\/product\/bang-36000-disposable-vape\/","title":{"rendered":"Vape jednorazowe Bang 36000 - uwolnij besti\u0119 w ka\u017cdym zaci\u0105gni\u0119ciu"},"content":{"rendered":"<h2>Bang 36000 Vape jednorazowego u\u017cytku<\/h2>\n<h3>Do 36 000 zaci\u0105gni\u0119\u0107 z niezr\u00f3wnan\u0105 moc\u0105, stylem i satysfakcj\u0105<\/h3>\n<p>Przedstawiamy Bang 36000, najnowocze\u015bniejszy jednorazowy vape stworzony dla odwa\u017cnych vaper\u00f3w, kt\u00f3rzy pragn\u0105 maksymalnej wydajno\u015bci, trwa\u0142ego smaku i niepowtarzalnego designu. Oferuj\u0105c do 36 000 zaci\u0105gni\u0119\u0107, cewk\u0119 siatkow\u0105 0,60 \u03a9 i akumulator 650 mAh, urz\u0105dzenie to zapewnia wra\u017cenia Direct-to-Lung (DTL) na najwy\u017cszym poziomie, opakowane w dynamiczn\u0105 estetyk\u0119 fajerwerk\u00f3w Gatling Gun.<\/p>\n<h3>Kluczowe cechy<\/h3>\n<ul>\n<li>Pojemno\u015b\u0107 36 000 puff\u00f3w - stworzona z my\u015bl\u0105 o wytrzyma\u0142o\u015bci i d\u0142ugotrwa\u0142ej satysfakcji<\/li>\n<li>Kartrid\u017c z p\u0142ynem E o du\u017cej pojemno\u015bci - zmniejsza liczb\u0119 uzupe\u0142nie\u0144 i umo\u017cliwia d\u0142u\u017csze u\u017cytkowanie.<\/li>\n<li>Konfigurowalna moc nikotyny - dost\u0119pna w wersjach 0%, 2%, 3% i 5% dla elastycznej satysfakcji.<\/li>\n<li>Akumulator 650 mAh - d\u0142ugotrwa\u0142a moc z szybkim \u0142adowaniem przez USB typu C<\/li>\n<li>Zaawansowana cewka siatkowa 0,60\u03a9 - g\u0142adka, jednolita para o bogatym aromacie<\/li>\n<li>Uderzaj\u0105cy design Gatling Gun Fireworks - efektowny wygl\u0105d dla tych, kt\u00f3rzy waporyzuj\u0105 g\u0142o\u015bno.<\/li>\n<\/ul>\n<h3><img loading=\"lazy\" decoding=\"async\" class=\"alignnone size-full wp-image-3236\" src=\"https:\/\/bangvapeofficial.com\/wp-content\/uploads\/2025\/09\/Bang-36000-Disposable-Vape.webp\" width=\"850\" height=\"2560\" alt=\"Bang-36000-Disposable-Vape\" title=\"Bang-36000-Disposable-Vape\" srcset=\"https:\/\/bangvapeofficial.com\/wp-content\/uploads\/2025\/09\/Bang-36000-Disposable-Vape.webp 850w, https:\/\/bangvapeofficial.com\/wp-content\/uploads\/2025\/09\/Bang-36000-Disposable-Vape-100x300.webp 100w, https:\/\/bangvapeofficial.com\/wp-content\/uploads\/2025\/09\/Bang-36000-Disposable-Vape-340x1024.webp 340w, https:\/\/bangvapeofficial.com\/wp-content\/uploads\/2025\/09\/Bang-36000-Disposable-Vape-768x2313.webp 768w, https:\/\/bangvapeofficial.com\/wp-content\/uploads\/2025\/09\/Bang-36000-Disposable-Vape-510x1536.webp 510w, https:\/\/bangvapeofficial.com\/wp-content\/uploads\/2025\/09\/Bang-36000-Disposable-Vape-680x2048.webp 680w, https:\/\/bangvapeofficial.com\/wp-content\/uploads\/2025\/09\/Bang-36000-Disposable-Vape-600x1807.webp 600w\" sizes=\"auto, (max-width: 850px) 100vw, 850px\" \/><\/h3>\n<h3>Dlaczego warto wybra\u0107 Bang 36000?<\/h3>\n<p>To urz\u0105dzenie \u0142\u0105czy w sobie surow\u0105 moc, wyrafinowane dostarczanie pary i niepowtarzalny design, aby zapewni\u0107 wra\u017cenia z waporyzacji niepodobne do niczego innego. Niezale\u017cnie od tego, czy jeste\u015b do\u015bwiadczonym poszukiwaczem chmur, czy po prostu chcesz najlepszej wydajno\u015bci i stylu, Bang 36000 zosta\u0142 stworzony, aby przewy\u017csza\u0107.<\/p>\n<h3>Idealny dla:<\/h3>\n<ul>\n<li>Du\u017ca liczba codziennych u\u017cytkownik\u00f3w<\/li>\n<li>Fani odwa\u017cnego waporyzowania bezpo\u015brednio do p\u0142uc (DTL)<\/li>\n<li>Zorientowani na styl vaperzy, kt\u00f3rzy chc\u0105 si\u0119 wyr\u00f3\u017cnia\u0107<\/li>\n<li>Ka\u017cdy, kto potrzebuje d\u0142ugotrwa\u0142ego rozwi\u0105zania jednorazowego u\u017cytku<\/li>\n<\/ul>","protected":false},"excerpt":{"rendered":"<p>Bang 36000 Disposable Vape zapewnia do 36 000 zaci\u0105gni\u0119\u0107 dzi\u0119ki cewce siatkowej, baterii 650 mAh i wydajno\u015bci DTL - opakowanej w odwa\u017cny design fajerwerk\u00f3w Gatling Gun.<\/p>","protected":false},"featured_media":2683,"comment_status":"open","ping_status":"closed","template":"","meta":{"_acf_changed":false,"bwfblock_default_font":""},"product_brand":[],"product_cat":[17],"product_tag":[30,34,42,268],"class_list":{"0":"post-115","1":"product","2":"type-product","3":"status-publish","4":"has-post-thumbnail","6":"product_cat-bang-vapes","7":"product_tag-36k-puffs","8":"product_tag-direct-to-lung-dtl","9":"product_tag-hugo-vapor","10":"product_tag-mouth-to-lung","12":"first","13":"instock","14":"sale","15":"shipping-taxable","16":"purchasable","17":"product-type-variable"},"acf":[],"_links":{"self":[{"href":"https:\/\/bangvapeofficial.com\/pl\/wp-json\/wp\/v2\/product\/115","targetHints":{"allow":["GET"]}}],"collection":[{"href":"https:\/\/bangvapeofficial.com\/pl\/wp-json\/wp\/v2\/product"}],"about":[{"href":"https:\/\/bangvapeofficial.com\/pl\/wp-json\/wp\/v2\/types\/product"}],"replies":[{"embeddable":true,"href":"https:\/\/bangvapeofficial.com\/pl\/wp-json\/wp\/v2\/comments?post=115"}],"wp:featuredmedia":[{"embeddable":true,"href":"https:\/\/bangvapeofficial.com\/pl\/wp-json\/wp\/v2\/media\/2683"}],"wp:attachment":[{"href":"https:\/\/bangvapeofficial.com\/pl\/wp-json\/wp\/v2\/media?parent=115"}],"wp:term":[{"taxonomy":"product_brand","embeddable":true,"href":"https:\/\/bangvapeofficial.com\/pl\/wp-json\/wp\/v2\/product_brand?post=115"},{"taxonomy":"product_cat","embeddable":true,"href":"https:\/\/bangvapeofficial.com\/pl\/wp-json\/wp\/v2\/product_cat?post=115"},{"taxonomy":"product_tag","embeddable":true,"href":"https:\/\/bangvapeofficial.com\/pl\/wp-json\/wp\/v2\/product_tag?post=115"}],"curies":[{"name":"wp","href":"https:\/\/api.w.org\/{rel}","templated":true}]}}