{"id":1164,"date":"2025-09-29T03:10:25","date_gmt":"2025-09-29T03:10:25","guid":{"rendered":"https:\/\/bangvapeofficial.com\/?post_type=product&#038;p=1164"},"modified":"2025-10-07T04:21:42","modified_gmt":"2025-10-07T04:21:42","slug":"bang-blaze-60000-puffs-4-in-1-flavors-disposable-vape","status":"publish","type":"product","link":"https:\/\/bangvapeofficial.com\/pl\/product\/bang-blaze-60000-puffs-4-in-1-flavors-disposable-vape\/","title":{"rendered":"Bang Blaze 60000 Puff\u00f3w 4 w 1 Smaki Vape Jednorazowy Elektroniczny Papieros Puff Bang King 60K Vape"},"content":{"rendered":"<h2>Bang Blaze 60000 Puffs 4 w 1 Smaki<\/h2>\n<p>Vape Pen zapewnia do 60 000 zaci\u0105gni\u0119\u0107 dzi\u0119ki unikalnemu systemowi czterech zbiornik\u00f3w, umo\u017cliwiaj\u0105c u\u017cytkownikom \u0142atwe prze\u0142\u0105czanie mi\u0119dzy czterema smakami. Dzi\u0119ki eleganckiemu ekranowi LED i 10 konfigurowalnym smakom owoc\u00f3w (w tym opcjom OEM), jest idealny zar\u00f3wno dla nowych, jak i do\u015bwiadczonych vaper\u00f3w. Dost\u0119pny w naszym magazynie Puff china, zapewniaj\u0105cym szybk\u0105 i niezawodn\u0105 wysy\u0142k\u0119.<\/p>\n<p><img loading=\"lazy\" decoding=\"async\" class=\"alignnone size-full wp-image-3233\" title=\"Bang-Blaze-Disposable-Vape-60000-Puffs-scaled-1\" src=\"https:\/\/bangvapeofficial.com\/wp-content\/uploads\/2025\/09\/Bang-Blaze-Disposable-Vape-60000-Puffs-scaled-1.webp\" alt=\"Bang-Blaze-Disposable-Vape-60000-Puffs-scaled-1\" width=\"2560\" height=\"1280\" srcset=\"https:\/\/bangvapeofficial.com\/wp-content\/uploads\/2025\/09\/Bang-Blaze-Disposable-Vape-60000-Puffs-scaled-1.webp 2560w, https:\/\/bangvapeofficial.com\/wp-content\/uploads\/2025\/09\/Bang-Blaze-Disposable-Vape-60000-Puffs-scaled-1-300x150.webp 300w, https:\/\/bangvapeofficial.com\/wp-content\/uploads\/2025\/09\/Bang-Blaze-Disposable-Vape-60000-Puffs-scaled-1-1024x512.webp 1024w, https:\/\/bangvapeofficial.com\/wp-content\/uploads\/2025\/09\/Bang-Blaze-Disposable-Vape-60000-Puffs-scaled-1-768x384.webp 768w, https:\/\/bangvapeofficial.com\/wp-content\/uploads\/2025\/09\/Bang-Blaze-Disposable-Vape-60000-Puffs-scaled-1-1536x768.webp 1536w, https:\/\/bangvapeofficial.com\/wp-content\/uploads\/2025\/09\/Bang-Blaze-Disposable-Vape-60000-Puffs-scaled-1-2048x1024.webp 2048w, https:\/\/bangvapeofficial.com\/wp-content\/uploads\/2025\/09\/Bang-Blaze-Disposable-Vape-60000-Puffs-scaled-1-600x300.webp 600w\" sizes=\"auto, (max-width: 2560px) 100vw, 2560px\" \/><\/p>\n<h3>Kluczowe cechy<\/h3>\n<ul>\n<li>Pojemno\u015b\u0107 zaci\u0105gni\u0119cia: Do 60 000 zaci\u0105gni\u0119\u0107 dla d\u0142ugotrwa\u0142ej wydajno\u015bci<\/li>\n<\/ul>\n<h3>Wyb\u00f3r smak\u00f3w (12 opcji)<\/h3>\n<ol>\n<li>l\u00f3d arbuzowy\/mi\u0119ta jagodowa\/l\u00f3d fuii\/romans limonkowy<\/li>\n<li>l\u00f3d arbuzowy\/wi\u015bnia jagodowa\/czas letni\/kwa\u015bny ananas mango<\/li>\n<li>l\u00f3d jagodowy\/l\u00f3d brzoskwiniowy\/cukierki t\u0119czowe\/cytryna kwa\u015bna pomara\u0144cza<\/li>\n<li>l\u00f3d jagodowy\/brzoskwinia mango arbuz\/passion kiss\/jab\u0142ko melon<\/li>\n<li>jagoda malina\/mieszanka jag\u00f3d\/wi\u015bnia kalifornijska\/owoc m\u0119czennicy mango<\/li>\n<li>bor\u00f3wka malina\/l\u00f3d winogronowy\/l\u00f3d jagodowy\/aloes mango melon<\/li>\n<li>nap\u00f3j energetyczny \/ truskawka banan \/ mango brzoskwinia morela \/ marakuja kiwi limonka<\/li>\n<li>nap\u00f3j energetyczny jagoda arbuz\/kwa\u015bne jab\u0142ko malina\/gumny mi\u015b<\/li>\n<li>truskawka mango\/ arbuz guma balonowa\/ czerwone mojito\/love66<\/li>\n<li>truskawka mango\/truskawka kiwi\/jab\u0142ko winogrono\/arbuz dragon frui<\/li>\n<li>arbuz truskawkowy\/czarny l\u00f3d\/trzynasty melon\/\u017curawina winogronowa<\/li>\n<li>truskawka arbuz\/kiwi marakuja guawa\/mango l\u00f3d\/arbuz kwa\u015bna brzoskwinia<\/li>\n<\/ol>\n<p><em>Uwaga: zawiera 1 butelk\u0119 uzupe\u0142niaj\u0105c\u0105. Uzupe\u0142nianie jest proste i bezproblemowe.<\/em><\/p>\n<h3>Dlaczego warto wybra\u0107 Bang 60000?<\/h3>\n<ul>\n<li>Zbiornik wielokrotnego nape\u0142niania = mniej odpad\u00f3w, wi\u0119cej mo\u017cliwo\u015bci personalizacji<\/li>\n<li>Monitorowanie w czasie rzeczywistym za pomoc\u0105 inteligentnego wy\u015bwietlacza LED<\/li>\n<li>Bezpiecze\u0144stwo przede wszystkim dzi\u0119ki blokadzie przed dzie\u0107mi<\/li>\n<li>Wybierz mi\u0119dzy relaksuj\u0105cym wyj\u015bciem MTL lub pot\u0119\u017cnym DTL<\/li>\n<li>Idealny dla d\u0142ugotrwa\u0142ych u\u017cytkownik\u00f3w i vaper\u00f3w o du\u017cej obj\u0119to\u015bci<\/li>\n<\/ul>","protected":false},"excerpt":{"rendered":"<p>Bang Blaze 60000 4-in-1 \u0142\u0105czy w sobie innowacyjno\u015b\u0107 i wydajno\u015b\u0107 w jednorazowym urz\u0105dzeniu vape o du\u017cej pojemno\u015bci. Posiada ono cztery niezale\u017cne zbiorniki, pozwalaj\u0105ce na natychmiastowe prze\u0142\u0105czanie si\u0119 pomi\u0119dzy czterema r\u00f3\u017cnymi smakami - idealne rozwi\u0105zanie dla u\u017cytkownik\u00f3w spragnionych r\u00f3\u017cnorodno\u015bci. Dzi\u0119ki ogromnej pojemno\u015bci 60 ml e-liquidu i do 60 000 zaci\u0105gni\u0119\u0107, urz\u0105dzenie to zosta\u0142o zaprojektowane z my\u015bl\u0105 o d\u0142ugotrwa\u0142ym u\u017cytkowaniu.<\/p>","protected":false},"featured_media":1194,"comment_status":"open","ping_status":"closed","template":"","meta":{"_acf_changed":false,"bwfblock_default_font":""},"product_brand":[],"product_cat":[17],"product_tag":[272,332,268,20],"class_list":{"0":"post-1164","1":"product","2":"type-product","3":"status-publish","4":"has-post-thumbnail","6":"product_cat-bang-vapes","7":"product_tag-4-in-1","8":"product_tag-60k-puffs","9":"product_tag-mouth-to-lung","10":"product_tag-smart-screen","12":"first","13":"instock","14":"shipping-taxable","15":"purchasable","16":"product-type-variable"},"acf":[],"_links":{"self":[{"href":"https:\/\/bangvapeofficial.com\/pl\/wp-json\/wp\/v2\/product\/1164","targetHints":{"allow":["GET"]}}],"collection":[{"href":"https:\/\/bangvapeofficial.com\/pl\/wp-json\/wp\/v2\/product"}],"about":[{"href":"https:\/\/bangvapeofficial.com\/pl\/wp-json\/wp\/v2\/types\/product"}],"replies":[{"embeddable":true,"href":"https:\/\/bangvapeofficial.com\/pl\/wp-json\/wp\/v2\/comments?post=1164"}],"wp:featuredmedia":[{"embeddable":true,"href":"https:\/\/bangvapeofficial.com\/pl\/wp-json\/wp\/v2\/media\/1194"}],"wp:attachment":[{"href":"https:\/\/bangvapeofficial.com\/pl\/wp-json\/wp\/v2\/media?parent=1164"}],"wp:term":[{"taxonomy":"product_brand","embeddable":true,"href":"https:\/\/bangvapeofficial.com\/pl\/wp-json\/wp\/v2\/product_brand?post=1164"},{"taxonomy":"product_cat","embeddable":true,"href":"https:\/\/bangvapeofficial.com\/pl\/wp-json\/wp\/v2\/product_cat?post=1164"},{"taxonomy":"product_tag","embeddable":true,"href":"https:\/\/bangvapeofficial.com\/pl\/wp-json\/wp\/v2\/product_tag?post=1164"}],"curies":[{"name":"wp","href":"https:\/\/api.w.org\/{rel}","templated":true}]}}