{"id":1165,"date":"2025-09-29T03:10:25","date_gmt":"2025-09-29T03:10:25","guid":{"rendered":"https:\/\/bangvapeofficial.com\/?post_type=product&#038;p=1165"},"modified":"2025-10-07T04:21:30","modified_gmt":"2025-10-07T04:21:30","slug":"bang-75000-puffs-3in1-flavors-disposable-vape","status":"publish","type":"product","link":"https:\/\/bangvapeofficial.com\/pl\/product\/bang-75000-puffs-3in1-flavors-disposable-vape\/","title":{"rendered":"Zestaw Vape Bang 75000 Puffs 3 w 1 Smaki Jednorazowy E-Cig Bang King Balze 75K Vape Kit"},"content":{"rendered":"<h2>Bang 75000 Puffs 3w1 Smaki<\/h2>\n<p>Ciesz si\u0119 nawet 75 000 zaci\u0105gni\u0119\u0107 dzi\u0119ki systemowi smakowemu Bang 3w1, \u0142\u0105cz\u0105cemu potr\u00f3jny smak w jednym urz\u0105dzeniu. Wyposa\u017cony w ogromn\u0105 pojemno\u015b\u0107 63 ml e-liquidu, akumulator 600 mAh i potr\u00f3jne cewki siatkowe (1,0 \u03a9), zapewnia sp\u00f3jny smak i g\u0119st\u0105 par\u0119. Wyposa\u017cony w szybki port \u0142adowania typu C i w pe\u0142ni obs\u0142uguje personalizacj\u0119 OEM\/ODM.<\/p>\n<h3>Kluczowe cechy<\/h3>\n<ul>\n<li>75 000 zaci\u0105gni\u0119\u0107 - wyd\u0142u\u017cony czas u\u017cytkowania, idealny do ca\u0142odziennego, d\u0142ugotrwa\u0142ego u\u017cytkowania<\/li>\n<li>45ML Dual Flavor E-Liquid - ciesz si\u0119 dwoma r\u00f3\u017cnymi smakami na jednym urz\u0105dzeniu<\/li>\n<li>Moc nikotyny: Dost\u0119pne w wersjach 0%, 2%, 3% i 5%.<\/li>\n<li>Akumulator 650 mAh - Sta\u0142a moc dzi\u0119ki szybkiemu \u0142adowaniu typu C<\/li>\n<li>Port \u0142adowania typu C - szybkie i wydajne \u0142adowanie w podr\u00f3\u017cy<\/li>\n<li>Gliceryna ro\u015blinna, glikol propylenowy, naturalne i sztuczne aromaty<\/li>\n<\/ul>\n<p><img loading=\"lazy\" decoding=\"async\" class=\"alignnone size-full wp-image-3232\" title=\"Bang-75000-Puffs-3in1-Flavors-1\" src=\"https:\/\/bangvapeofficial.com\/wp-content\/uploads\/2025\/09\/Bang-75000-Puffs-3in1-Flavors-1.webp\" alt=\"Bang-75000-Puffs-3in1-Flavors-1\" width=\"1536\" height=\"2560\" srcset=\"https:\/\/bangvapeofficial.com\/wp-content\/uploads\/2025\/09\/Bang-75000-Puffs-3in1-Flavors-1.webp 1536w, https:\/\/bangvapeofficial.com\/wp-content\/uploads\/2025\/09\/Bang-75000-Puffs-3in1-Flavors-1-180x300.webp 180w, https:\/\/bangvapeofficial.com\/wp-content\/uploads\/2025\/09\/Bang-75000-Puffs-3in1-Flavors-1-614x1024.webp 614w, https:\/\/bangvapeofficial.com\/wp-content\/uploads\/2025\/09\/Bang-75000-Puffs-3in1-Flavors-1-768x1280.webp 768w, https:\/\/bangvapeofficial.com\/wp-content\/uploads\/2025\/09\/Bang-75000-Puffs-3in1-Flavors-1-922x1536.webp 922w, https:\/\/bangvapeofficial.com\/wp-content\/uploads\/2025\/09\/Bang-75000-Puffs-3in1-Flavors-1-1229x2048.webp 1229w, https:\/\/bangvapeofficial.com\/wp-content\/uploads\/2025\/09\/Bang-75000-Puffs-3in1-Flavors-1-600x1000.webp 600w\" sizes=\"auto, (max-width: 1536px) 100vw, 1536px\" \/><\/p>\n<h3>Dost\u0119pne kombinacje smak\u00f3w (12 opcji o podw\u00f3jnym smaku)<\/h3>\n<p>1. arbuz\/czerwony byk\/truskawka kiwi<br \/>\n2. l\u00f3d cytrynowo-limonkowy\/truskawkowo-arbuzowy\/jagodowy<br \/>\n3. banan truskawkowy\/malinowy arbuz\/r\u00f3\u017cowa lemoniada<br \/>\n4.blue razz cherry\/cool mint\/peach mango<br \/>\n5. owoce tropikalne \/ truskawka \/ arbuz \/ brzoskwinia cytrynowa<br \/>\n6.ananasowo-kokosowo-truskawkowo-bananowo-niebieski razz<br \/>\n7. arbuz truskawkowy\/potr\u00f3jny melon\/l\u00f3d truskawkowy<br \/>\n8. mieszanka owoc\u00f3w \/ brzoskwinia z mango \/ l\u00f3d winogronowy<br \/>\n9.truskawkowa cola waniliowa\/l\u00f3d brzoskwiniowy\/l\u00f3d Black Dragon<br \/>\n10.lush l\u00f3d\/kiwi marakuja guawa\/s\u0142omiane mango<br \/>\n11. arbuz truskawkowy\/arbuz\/niebieski l\u00f3d razowy<br \/>\n12.berry lemonade\/starawberry red bull\/strawberry pomp<br \/>\n13.double apple\/fruity fusion\/pineapple ice<br \/>\n14.cola ice\/mr blue\/cherry cola<br \/>\n15.truskawkowy p\u0105czek\/bananowy l\u00f3d\/love66<br \/>\n16.ice tea lemon ice\/mango on ice\/lychee iceDual Flavor Design - Bez wysi\u0142ku prze\u0142\u0105czaj smaki za pomoc\u0105 prostego mechanizmu suwakowego lub prze\u0142\u0105czaj\u0105cego (w zale\u017cno\u015bci od modelu).<\/p>\n<h3>Dlaczego warto wybra\u0107 Bang King 35000?<\/h3>\n<ul>\n<li>Trzy smaki, jedno urz\u0105dzenie - koniec z noszeniem kilku waporyzator\u00f3w<\/li>\n<li>Ogromna pojemno\u015b\u0107 soku - 45 ml dla bezproblemowego u\u017cytkowania<\/li>\n<li>Konfigurowalna nikotyna - wybierz moc, kt\u00f3ra Ci odpowiada<\/li>\n<li>Wygoda \u0142adowania - Type-C zapewnia szybsze \u0142adowanie<\/li>\n<li>Gotowe do sprzeda\u017cy hurtowej - pude\u0142ko ekspozycyjne 10 sztuk, idealne do odsprzeda\u017cy<\/li>\n<\/ul>","protected":false},"excerpt":{"rendered":"<p>Bang 75000 Puffs 3in1 Flavors oferuje rewolucyjne doznania potr\u00f3jnego smaku z 63 ml e-liquidu, akumulatorem 600 mAh i potr\u00f3jnymi cewkami siatkowymi.<\/p>","protected":false},"featured_media":1195,"comment_status":"open","ping_status":"closed","template":"","meta":{"_acf_changed":false,"bwfblock_default_font":""},"product_brand":[],"product_cat":[17],"product_tag":[273,337,268,20],"class_list":{"0":"post-1165","1":"product","2":"type-product","3":"status-publish","4":"has-post-thumbnail","6":"product_cat-bang-vapes","7":"product_tag-3-in-1","8":"product_tag-75k-puffs","9":"product_tag-mouth-to-lung","10":"product_tag-smart-screen","12":"first","13":"instock","14":"sale","15":"featured","16":"shipping-taxable","17":"purchasable","18":"product-type-variable"},"acf":[],"_links":{"self":[{"href":"https:\/\/bangvapeofficial.com\/pl\/wp-json\/wp\/v2\/product\/1165","targetHints":{"allow":["GET"]}}],"collection":[{"href":"https:\/\/bangvapeofficial.com\/pl\/wp-json\/wp\/v2\/product"}],"about":[{"href":"https:\/\/bangvapeofficial.com\/pl\/wp-json\/wp\/v2\/types\/product"}],"replies":[{"embeddable":true,"href":"https:\/\/bangvapeofficial.com\/pl\/wp-json\/wp\/v2\/comments?post=1165"}],"wp:featuredmedia":[{"embeddable":true,"href":"https:\/\/bangvapeofficial.com\/pl\/wp-json\/wp\/v2\/media\/1195"}],"wp:attachment":[{"href":"https:\/\/bangvapeofficial.com\/pl\/wp-json\/wp\/v2\/media?parent=1165"}],"wp:term":[{"taxonomy":"product_brand","embeddable":true,"href":"https:\/\/bangvapeofficial.com\/pl\/wp-json\/wp\/v2\/product_brand?post=1165"},{"taxonomy":"product_cat","embeddable":true,"href":"https:\/\/bangvapeofficial.com\/pl\/wp-json\/wp\/v2\/product_cat?post=1165"},{"taxonomy":"product_tag","embeddable":true,"href":"https:\/\/bangvapeofficial.com\/pl\/wp-json\/wp\/v2\/product_tag?post=1165"}],"curies":[{"name":"wp","href":"https:\/\/api.w.org\/{rel}","templated":true}]}}