{"id":117,"date":"2025-09-28T09:08:57","date_gmt":"2025-09-28T09:08:57","guid":{"rendered":"https:\/\/bangvapeofficial.com\/?post_type=product&#038;p=117"},"modified":"2025-10-05T08:33:58","modified_gmt":"2025-10-05T08:33:58","slug":"bang-king-13000-puff","status":"publish","type":"product","link":"https:\/\/bangvapeofficial.com\/pl\/product\/bang-king-13000-puff\/","title":{"rendered":"Bang King 13000 Puff - smuk\u0142y, przeno\u015bny i pe\u0142en smaku"},"content":{"rendered":"<h2>Bang King 13000 Puff<\/h2>\n<h3>13 000 zaci\u0105gni\u0119\u0107 | Siatkowa cewka | Konstrukcja w stylu d\u0142ugopisu | Bateria 650 mAh<\/h3>\n<p>Do\u015bwiadcz niezawodnej wydajno\u015bci i wyrafinowanej przeno\u015bno\u015bci dzi\u0119ki Bang King 13000 Puff. Ten jednorazowy vape w kszta\u0142cie d\u0142ugopisu zapewnia do 13 000 p\u0142ynnych zaci\u0105gni\u0119\u0107, zasilany przez wysokowydajn\u0105 cewk\u0119 siatkow\u0105 i trwa\u0142y akumulator 650 mAh. Kompaktowy, ale wytrzyma\u0142y, jest idealnym wyborem dla vaper\u00f3w, kt\u00f3rzy chc\u0105 maksymalnego smaku i wygody w dyskretnej konstrukcji. Dost\u0119pny w 16 odwa\u017cnych smakach, Bang King 13000 jest idealny do codziennego u\u017cytku, podr\u00f3\u017cy lub sprzedawc\u00f3w, kt\u00f3rzy chc\u0105 zaoferowa\u0107 wszechstronny, d\u0142ugotrwa\u0142y produkt.<\/p>\n<h3><img loading=\"lazy\" decoding=\"async\" class=\"alignnone size-full wp-image-3234\" src=\"https:\/\/bangvapeofficial.com\/wp-content\/uploads\/2025\/09\/Bang-King-13000-Puff.webp\" width=\"1261\" height=\"2560\" alt=\"Bang-King-13000-Puff\" title=\"Bang-King-13000-Puff\" \/><\/h3>\n<h3>Kluczowe cechy<\/h3>\n<ul>\n<li>13,000 Puffs - D\u0142ugotrwa\u0142e u\u017cytkowanie bez konieczno\u015bci ci\u0105g\u0142ej wymiany.<\/li>\n<li>Technologia Mesh Coil - sp\u00f3jne rozprowadzanie ciep\u0142a dla czystego, bogatego smaku.<\/li>\n<li>Bateria 650 mAh - niezawodne zasilanie zapewniaj\u0105ce d\u0142ugotrwa\u0142\u0105 wydajno\u015b\u0107<\/li>\n<li>Konstrukcja w stylu d\u0142ugopisu - elegancka, ergonomiczna i \u0142atwa do przenoszenia<\/li>\n<li>16 opcji smakowych - od owocowych po klasyczne, co\u015b na ka\u017cdy gust<\/li>\n<li>10 urz\u0105dze\u0144 w pude\u0142ku - idealne dla odbiorc\u00f3w hurtowych lub do wystaw sklepowych<\/li>\n<\/ul>\n<h3>Dlaczego warto wybra\u0107 Bang King 13000?<\/h3>\n<p>Niezale\u017cnie od tego, czy uzupe\u0142niasz zapasy w swoim sklepie, czy dodajesz je do osobistych zapas\u00f3w, Bang King 13000 Puff zapewnia styl, tre\u015b\u0107 i satysfakcj\u0119. Dzi\u0119ki kompaktowej budowie, mocnej cewce i szerokiemu wyborowi smak\u00f3w, jest on przeznaczony dla powa\u017cnych waper\u00f3w, kt\u00f3rzy chc\u0105 wydajno\u015bci i przeno\u015bno\u015bci w jednym.<\/p>","protected":false},"excerpt":{"rendered":"<p>Bang King 13000 Puff zapewnia 13 000 zaci\u0105gni\u0119\u0107 dzi\u0119ki technologii cewki siatkowej, eleganckiej konstrukcji w stylu pi\u00f3ra, baterii 650 mAh i 16 opcjom smakowym. Kompaktowy i pe\u0142en mocy.<\/p>","protected":false},"featured_media":282,"comment_status":"open","ping_status":"closed","template":"","meta":{"_acf_changed":false,"bwfblock_default_font":""},"product_brand":[],"product_cat":[17],"product_tag":[51,268,269],"class_list":{"0":"post-117","1":"product","2":"type-product","3":"status-publish","4":"has-post-thumbnail","6":"product_cat-bang-vapes","7":"product_tag-13k-puffs","8":"product_tag-mouth-to-lung","9":"product_tag-pen-design","11":"first","12":"instock","13":"sale","14":"shipping-taxable","15":"purchasable","16":"product-type-variable"},"acf":[],"_links":{"self":[{"href":"https:\/\/bangvapeofficial.com\/pl\/wp-json\/wp\/v2\/product\/117","targetHints":{"allow":["GET"]}}],"collection":[{"href":"https:\/\/bangvapeofficial.com\/pl\/wp-json\/wp\/v2\/product"}],"about":[{"href":"https:\/\/bangvapeofficial.com\/pl\/wp-json\/wp\/v2\/types\/product"}],"replies":[{"embeddable":true,"href":"https:\/\/bangvapeofficial.com\/pl\/wp-json\/wp\/v2\/comments?post=117"}],"wp:featuredmedia":[{"embeddable":true,"href":"https:\/\/bangvapeofficial.com\/pl\/wp-json\/wp\/v2\/media\/282"}],"wp:attachment":[{"href":"https:\/\/bangvapeofficial.com\/pl\/wp-json\/wp\/v2\/media?parent=117"}],"wp:term":[{"taxonomy":"product_brand","embeddable":true,"href":"https:\/\/bangvapeofficial.com\/pl\/wp-json\/wp\/v2\/product_brand?post=117"},{"taxonomy":"product_cat","embeddable":true,"href":"https:\/\/bangvapeofficial.com\/pl\/wp-json\/wp\/v2\/product_cat?post=117"},{"taxonomy":"product_tag","embeddable":true,"href":"https:\/\/bangvapeofficial.com\/pl\/wp-json\/wp\/v2\/product_tag?post=117"}],"curies":[{"name":"wp","href":"https:\/\/api.w.org\/{rel}","templated":true}]}}