{"id":2483,"date":"2025-10-05T06:13:24","date_gmt":"2025-10-05T06:13:24","guid":{"rendered":"https:\/\/bangvapeofficial.com\/?post_type=product&#038;p=2483"},"modified":"2025-10-07T04:20:59","modified_gmt":"2025-10-07T04:20:59","slug":"bang-blaze-50k-disposable-vape","status":"publish","type":"product","link":"https:\/\/bangvapeofficial.com\/pl\/product\/bang-blaze-50k-disposable-vape\/","title":{"rendered":"Bang Blaze 50K Jednorazowe Vape\uff5c 50 000 zaci\u0105gni\u0119\u0107 | Starry Twist"},"content":{"rendered":"<p>Przygotuj si\u0119 na podkr\u0119cenie temperatury dzi\u0119ki Bang Blaze 50K, odwa\u017cnemu, wysokowydajnemu jednorazowemu waporyzatorowi zaprojektowanemu dla tych, kt\u00f3rzy pragn\u0105 ogromnych chmur, warstwowych smak\u00f3w i d\u0142ugotrwa\u0142ych wra\u017ce\u0144. Dzi\u0119ki nawet 50 000 zaci\u0105gni\u0119\u0107, pot\u0119\u017cnej cewce DE Mesh Coil i akumulatorowi typu C, Blaze jest zbudowany tak, aby pokonywa\u0107 du\u017ce odleg\u0142o\u015bci - bez uzupe\u0142niania, bez przestoj\u00f3w.<\/p>\n<p>Stworzony z my\u015bl\u0105 o trendsetterach i poszukiwaczach chmur, Blaze 50K mo\u017ce pochwali\u0107 si\u0119 ostrym pier\u015bcieniem LED, regulowanym przep\u0142ywem powietrza i gam\u0105 12 ognistych mieszanek smakowych, kt\u00f3re nie s\u0105 niczym zwyczajnym. Niezale\u017cnie od tego, czy jeste\u015b w ruchu, czy roz\u015bwietlasz noc, Bang Blaze zapewnia mocny smak.<\/p>\n<h3>Kluczowe cechy Bang Blaze 50K<\/h3>\n<ul>\n<li>PUFFS: 50000<\/li>\n<li>Bateria: 550 mAh<\/li>\n<li>Op\u00f3r: 1,0ohm<\/li>\n<li>Serwis OEM\/ODl<\/li>\n<\/ul>\n<h3>12 Flavors of Bang Blaze 50K<\/h3>\n<ul>\n<li>Arbuz<br \/>\nKlasyczny i soczysty smak s\u0142odkiego arbuza jest \u0142agodny i orze\u017awiaj\u0105cy od pierwszego do ostatniego zaci\u0105gni\u0119cia.<\/li>\n<li>Arbuz truskawkowy<br \/>\nZalotne po\u0142\u0105czenie s\u0142odkich truskawek i przepysznego arbuza zapewnia letnie wibracje przy ka\u017cdym uderzeniu.<\/li>\n<li>L\u00f3d jagodowy<br \/>\nCh\u0142odna, rze\u015bka i lekko s\u0142odka jagoda z mentolow\u0105 nut\u0105, kt\u00f3ra zapewnia \u015bwie\u017co\u015b\u0107 i mr\u00f3z.<\/li>\n<li>Bor\u00f3wka Malina<br \/>\nDoskona\u0142a r\u00f3wnowaga jag\u00f3d - cierpka malina \u0142\u0105czy si\u0119 z dojrza\u0142\u0105 jagod\u0105, tworz\u0105c odwa\u017cny i owocowy smak.<\/li>\n<li>Love66<br \/>\nKultowa mieszanka s\u0142odkiego arbuza, mieszanych jag\u00f3d i lodowatej \u015bwie\u017co\u015bci - tajemnicza, owocowa i uzale\u017cniaj\u0105co g\u0142adka.<\/li>\n<li>L\u00f3d \u017curawinowo-winogronowy<br \/>\nOdwa\u017cna cierpko\u015b\u0107 \u017curawiny po\u0142\u0105czona z soczystym winogronem i czystym, lodowatym finiszem - ostrym, s\u0142odkim i orze\u017awiaj\u0105cym.<\/li>\n<li>L\u00f3d brzoskwiniowy<br \/>\nAromat dojrza\u0142ej w s\u0142o\u0144cu brzoskwini z ch\u0142odnym wydechem - g\u0142adki, \u0142agodny i lodowato \u015bwie\u017cy.<\/li>\n<li>Mango truskawkowe<br \/>\nBujna truskawka \u0142\u0105czy si\u0119 z tropikalnym mango w tym soczystym, egzotycznym smaku stworzonym do ca\u0142odziennej waporyzacji.<\/li>\n<li>Triple Berry<br \/>\nPotr\u00f3jna dawka truskawek, jag\u00f3d i malin - bogata, wielowarstwowa i pe\u0142na jag\u00f3d.<\/li>\n<li>Mango Brzoskwinia<br \/>\nS\u0142odkie mango i jedwabista brzoskwinia wiruj\u0105 razem w fuzji owoc\u00f3w tropikalnych, kt\u00f3ra jest g\u0142adka i soczysta.<\/li>\n<li>Czas letni<br \/>\nTajemnicza letnia mieszanka - jasne owoce, odrobina ch\u0142odu i s\u0142o\u0144ce w ka\u017cdej chmurze.<\/li>\n<li>Ananas Kokos<br \/>\nKremowy kokos i pikantne ananasowe wibracje \u0142\u0105cz\u0105 si\u0119 w pla\u017cowym ptysiu pi\u00f1a colada.<\/li>\n<\/ul>\n<h3>Najcz\u0119\u015bciej zadawane pytania dotycz\u0105ce jednorazowych urz\u0105dze\u0144 Vape Bang Blaze 50K<\/h3>\n<p>P1: Ile zaci\u0105gni\u0119\u0107 zapewnia Bang Blaze 50K?<br \/>\nO: Bang Blaze 50K oferuje do 50 000 zaci\u0105gni\u0119\u0107, zapewniaj\u0105c bardzo d\u0142ugie u\u017cytkowanie bez konieczno\u015bci uzupe\u0142niania lub cz\u0119stej wymiany.<\/p>\n<p>P2: Czy Bang Blaze 50K mo\u017cna \u0142adowa\u0107?<br \/>\nTak. Jest wyposa\u017cony w akumulator typu C, kt\u00f3ry umo\u017cliwia \u0142atwe \u0142adowanie urz\u0105dzenia i korzystanie z niego przez ca\u0142y czas.<\/p>\n<p>P3: Jakiego rodzaju cewka jest u\u017cywana?<br \/>\nBlaze 50K jest zasilany przez cewk\u0119 DE Mesh Coil, zapewniaj\u0105c sta\u0142e ciep\u0142o, mocny smak i g\u0119st\u0105 produkcj\u0119 pary.<\/p>\n<p>P4: Czy mog\u0119 regulowa\u0107 przep\u0142yw powietrza?<br \/>\nTak! Bang Blaze 50K posiada regulowany przep\u0142yw powietrza, pozwalaj\u0105cy na prze\u0142\u0105czanie mi\u0119dzy ciasnym zaci\u0105ganiem si\u0119 a bardziej otwartym uderzeniem w chmur\u0119.<\/p>\n<p>P5: Czy mo\u017cna go ponownie nape\u0142ni\u0107?<br \/>\nBang Blaze 50K to wst\u0119pnie nape\u0142niony, jednorazowy waporyzator bez mo\u017cliwo\u015bci ponownego nape\u0142nienia, zaprojektowany z my\u015bl\u0105 o bezproblemowej wygodzie i maksymalnej \u0142atwo\u015bci u\u017cytkowania.<\/p>\n<p>P6: Ile smak\u00f3w jest dost\u0119pnych?<br \/>\nO: Dost\u0119pnych jest 12 unikalnych smak\u00f3w, od owocowych przez lodowe po tropikalne - w tym ulubione, takie jak Love66, Peach Ice i Pineapple Coconut.<\/p>\n<p>P7: Czy to urz\u0105dzenie jest odpowiednie dla pocz\u0105tkuj\u0105cych?<br \/>\nOczywi\u015bcie. Bang Blaze 50K jest gotowy do u\u017cycia od razu po wyj\u0119ciu z pude\u0142ka, bez \u017cadnych przycisk\u00f3w ani konfiguracji - po prostu wdychaj i ciesz si\u0119.<\/p>\n<p>P8: Czym wyr\u00f3\u017cnia si\u0119 Bang Blaze 50K?<br \/>\nA:<\/p>\n<ul>\n<li>D\u0142ugotrwa\u0142a wydajno\u015b\u0107 50 000 zaci\u0105gni\u0119\u0107<\/li>\n<li>Akumulator typu C<\/li>\n<li>G\u0142adka, bogata para z cewki DE Mesh Coil<\/li>\n<li>Stylowy pier\u015bcie\u0144 LED i nowoczesny design<\/li>\n<li>Szeroki wyb\u00f3r modnych smak\u00f3w<\/li>\n<\/ul>","protected":false},"excerpt":{"rendered":"<p>Przygotuj si\u0119 na podkr\u0119cenie temperatury dzi\u0119ki Bang Blaze 50K, odwa\u017cnemu, wysokowydajnemu jednorazowemu waporyzatorowi zaprojektowanemu dla tych, kt\u00f3rzy pragn\u0105 ogromnych chmur, warstwowych smak\u00f3w i d\u0142ugotrwa\u0142ych wra\u017ce\u0144.<\/p>","protected":false},"featured_media":2573,"comment_status":"open","ping_status":"closed","template":"","meta":{"_acf_changed":false,"bwfblock_default_font":""},"product_brand":[],"product_cat":[17],"product_tag":[18,268,20],"class_list":{"0":"post-2483","1":"product","2":"type-product","3":"status-publish","4":"has-post-thumbnail","6":"product_cat-bang-vapes","7":"product_tag-50k-puffs","8":"product_tag-mouth-to-lung","9":"product_tag-smart-screen","11":"first","12":"instock","13":"sale","14":"shipping-taxable","15":"purchasable","16":"product-type-variable"},"acf":[],"_links":{"self":[{"href":"https:\/\/bangvapeofficial.com\/pl\/wp-json\/wp\/v2\/product\/2483","targetHints":{"allow":["GET"]}}],"collection":[{"href":"https:\/\/bangvapeofficial.com\/pl\/wp-json\/wp\/v2\/product"}],"about":[{"href":"https:\/\/bangvapeofficial.com\/pl\/wp-json\/wp\/v2\/types\/product"}],"replies":[{"embeddable":true,"href":"https:\/\/bangvapeofficial.com\/pl\/wp-json\/wp\/v2\/comments?post=2483"}],"wp:featuredmedia":[{"embeddable":true,"href":"https:\/\/bangvapeofficial.com\/pl\/wp-json\/wp\/v2\/media\/2573"}],"wp:attachment":[{"href":"https:\/\/bangvapeofficial.com\/pl\/wp-json\/wp\/v2\/media?parent=2483"}],"wp:term":[{"taxonomy":"product_brand","embeddable":true,"href":"https:\/\/bangvapeofficial.com\/pl\/wp-json\/wp\/v2\/product_brand?post=2483"},{"taxonomy":"product_cat","embeddable":true,"href":"https:\/\/bangvapeofficial.com\/pl\/wp-json\/wp\/v2\/product_cat?post=2483"},{"taxonomy":"product_tag","embeddable":true,"href":"https:\/\/bangvapeofficial.com\/pl\/wp-json\/wp\/v2\/product_tag?post=2483"}],"curies":[{"name":"wp","href":"https:\/\/api.w.org\/{rel}","templated":true}]}}