{"id":89,"date":"2025-09-28T09:08:31","date_gmt":"2025-09-28T09:08:31","guid":{"rendered":"https:\/\/bangvapeofficial.com\/?post_type=product&#038;p=89"},"modified":"2025-10-05T09:24:02","modified_gmt":"2025-10-05T09:24:02","slug":"bang-king-50k-disposable-vape","status":"publish","type":"product","link":"https:\/\/bangvapeofficial.com\/pl\/product\/bang-king-50k-disposable-vape\/","title":{"rendered":"BANG KING 50K - 50 000 zaci\u0105gni\u0119\u0107 z podw\u00f3jnym mistrzostwem smaku"},"content":{"rendered":"<h2>BANG KING 50K<\/h2>\n<h3>50 ml e-p\u0142ynu | bateria 850 mAh | \u0142adowanie typu C | regulowany przep\u0142yw powietrza<\/h3>\n<p>Masz do\u015b\u0107 waporyzator\u00f3w, kt\u00f3re ko\u0144cz\u0105 si\u0119 zbyt szybko lub ograniczaj\u0105 Ci\u0119 do jednego smaku? BANG KING 50K jest tutaj, aby zapewni\u0107 to, czego inni nie mog\u0105: ultra-premium do\u015bwiadczenie waporyzacji z ogromn\u0105 pojemno\u015bci\u0105 50 000 zaci\u0105gni\u0119\u0107 i elastyczno\u015bci\u0105 dw\u00f3ch smak\u00f3w. Zbudowany z 50-mililitrowego zbiornika o du\u017cej pojemno\u015bci, ogniwa baterii 17350 (850 mAh) i dolnej kontroli przep\u0142ywu powietrza, jest to proste waporyzowanie o wysokiej wydajno\u015bci.Zapomnij o sztuczkach. Ten waporyzator zosta\u0142 zaprojektowany z my\u015bl\u0105 o niezawodno\u015bci, prze\u0142\u0105czaniu smak\u00f3w i przyjemno\u015bci na d\u0142ugich dystansach w jednym eleganckim, przyjaznym w podr\u00f3\u017cy urz\u0105dzeniu.<\/p>\n<p><img loading=\"lazy\" decoding=\"async\" class=\"alignnone size-full wp-image-3254\" src=\"https:\/\/bangvapeofficial.com\/wp-content\/uploads\/2025\/09\/BANG-KING-50K-6.webp\" width=\"2560\" height=\"1440\" alt=\"BANG-KING-50K-6\" title=\"BANG-KING-50K-6\" srcset=\"https:\/\/bangvapeofficial.com\/wp-content\/uploads\/2025\/09\/BANG-KING-50K-6.webp 2560w, https:\/\/bangvapeofficial.com\/wp-content\/uploads\/2025\/09\/BANG-KING-50K-6-300x169.webp 300w, https:\/\/bangvapeofficial.com\/wp-content\/uploads\/2025\/09\/BANG-KING-50K-6-1024x576.webp 1024w, https:\/\/bangvapeofficial.com\/wp-content\/uploads\/2025\/09\/BANG-KING-50K-6-768x432.webp 768w, https:\/\/bangvapeofficial.com\/wp-content\/uploads\/2025\/09\/BANG-KING-50K-6-1536x864.webp 1536w, https:\/\/bangvapeofficial.com\/wp-content\/uploads\/2025\/09\/BANG-KING-50K-6-2048x1152.webp 2048w, https:\/\/bangvapeofficial.com\/wp-content\/uploads\/2025\/09\/BANG-KING-50K-6-600x338.webp 600w\" sizes=\"auto, (max-width: 2560px) 100vw, 2560px\" \/><\/p>\n<h3>Kluczowe cechy<\/h3>\n<ul>\n<li>50,000 Puffs - Zbudowany, aby przetrwa\u0107 wszystko inne na p\u00f3\u0142ce<\/li>\n<li>Pojemno\u015b\u0107 50ML E-Liquid - Wi\u0119kszy zbiornik, mniej wymian<\/li>\n<li>Funkcja Dual Flavor - dwa r\u00f3\u017cne smaki w jednym urz\u0105dzeniu<\/li>\n<li>Akumulator 850 mAh (ogniwo 17350) - d\u0142ugotrwa\u0142a moc i sp\u00f3jno\u015b\u0107<\/li>\n<li>Cewka siatkowa 1,0\u03a9 - p\u0142ynne, r\u00f3wnomierne podgrzewanie dla maksymalnego aromatu<\/li>\n<li>Port \u0142adowania typu C - szybsze, nowoczesne \u0142adowanie<\/li>\n<li>Regulowany dolny przep\u0142yw powietrza - dostosuj sw\u00f3j wdech dok\u0142adnie tak, jak lubisz<\/li>\n<li>Lekkie i wytrzyma\u0142e - 131 g na urz\u0105dzenie; stworzone z my\u015bl\u0105 o przeno\u015bno\u015bci<\/li>\n<\/ul>\n<h3>Kombinacje smakowe (podw\u00f3jny smak w ka\u017cdym urz\u0105dzeniu)<\/h3>\n<ol>\n<li>L\u00f3d arbuzowy \/ Mi\u0119ta jagodowa<\/li>\n<li>Arbuz \/ jagoda \/ wi\u015bnia<\/li>\n<li>L\u00f3d jagodowy \/ Brzoskwinia Mango Arbuz<\/li>\n<li>L\u00f3d jagodowy \/ l\u00f3d brzoskwiniowy<\/li>\n<li>Blueberry Raspberry \/ Mixed Berry<\/li>\n<li>Blueberry Raspberry \/ Grape Ice<\/li>\n<li>Red Bull \/ Strawberry Banana<\/li>\n<li>Red Bull \/ Blueberry Watermelon<\/li>\n<li>Truskawkowe mango \/ arbuzowa guma balonowa<\/li>\n<li>Truskawka Mango \/ Truskawka Kiwi<\/li>\n<li>Arbuz truskawkowy \/ Black Dragon Ice<\/li>\n<li>Truskawka Arbuz \/ Kiwi Marakuja Guawa<\/li>\n<\/ol>\n<h3>Dlaczego warto wybra\u0107 BANG KING 50K?<\/h3>\n<ul>\n<li>Prze\u0142\u0105czanie smak\u00f3w bez prze\u0142\u0105czania urz\u0105dze\u0144<\/li>\n<li>50000 zaci\u0105gni\u0119\u0107 = tygodnie u\u017cytkowania<\/li>\n<li>Szybkie \u0142adowanie i niezawodne zasilanie<\/li>\n<li>Przep\u0142yw powietrza, kt\u00f3ry dostosowuje si\u0119 do u\u017cytkownika<\/li>\n<li>Ch\u0142odne, owocowe i wyraziste opcje smakowe<\/li>\n<li>Gotowy do u\u017cycia w dowolnym miejscu i czasie<\/li>\n<\/ul>\n<p>Idealny dla powa\u017cnych vaper\u00f3w, fan\u00f3w smaku i nabywc\u00f3w hurtowych, kt\u00f3rzy potrzebuj\u0105 ilo\u015bci i jako\u015bci.<\/p>","protected":false},"excerpt":{"rendered":"<p class=\"\" data-start=\"2575\" data-end=\"2747\">BANG KING 50K zapewnia 50 000 zaci\u0105gni\u0119\u0107 z dwoma smakami, zbiornikiem 50 ml, bateri\u0105 850 mAh, cewk\u0105 siatkow\u0105, kontrol\u0105 przep\u0142ywu powietrza i szybkim \u0142adowaniem typu C. Kompaktowy, mocny i trwa\u0142y.<\/p>","protected":false},"featured_media":124,"comment_status":"open","ping_status":"closed","template":"","meta":{"_acf_changed":false,"bwfblock_default_font":""},"product_brand":[],"product_cat":[17],"product_tag":[274,18,21,22,20],"class_list":{"0":"post-89","1":"product","2":"type-product","3":"status-publish","4":"has-post-thumbnail","6":"product_cat-bang-vapes","7":"product_tag-2-in-1","8":"product_tag-50k-puffs","9":"product_tag-double-flavors","10":"product_tag-hot-selling","11":"product_tag-smart-screen","13":"first","14":"instock","15":"sale","16":"featured","17":"shipping-taxable","18":"purchasable","19":"product-type-variable"},"acf":[],"_links":{"self":[{"href":"https:\/\/bangvapeofficial.com\/pl\/wp-json\/wp\/v2\/product\/89","targetHints":{"allow":["GET"]}}],"collection":[{"href":"https:\/\/bangvapeofficial.com\/pl\/wp-json\/wp\/v2\/product"}],"about":[{"href":"https:\/\/bangvapeofficial.com\/pl\/wp-json\/wp\/v2\/types\/product"}],"replies":[{"embeddable":true,"href":"https:\/\/bangvapeofficial.com\/pl\/wp-json\/wp\/v2\/comments?post=89"}],"wp:featuredmedia":[{"embeddable":true,"href":"https:\/\/bangvapeofficial.com\/pl\/wp-json\/wp\/v2\/media\/124"}],"wp:attachment":[{"href":"https:\/\/bangvapeofficial.com\/pl\/wp-json\/wp\/v2\/media?parent=89"}],"wp:term":[{"taxonomy":"product_brand","embeddable":true,"href":"https:\/\/bangvapeofficial.com\/pl\/wp-json\/wp\/v2\/product_brand?post=89"},{"taxonomy":"product_cat","embeddable":true,"href":"https:\/\/bangvapeofficial.com\/pl\/wp-json\/wp\/v2\/product_cat?post=89"},{"taxonomy":"product_tag","embeddable":true,"href":"https:\/\/bangvapeofficial.com\/pl\/wp-json\/wp\/v2\/product_tag?post=89"}],"curies":[{"name":"wp","href":"https:\/\/api.w.org\/{rel}","templated":true}]}}