{"id":91,"date":"2025-09-28T09:08:33","date_gmt":"2025-09-28T09:08:33","guid":{"rendered":"https:\/\/bangvapeofficial.com\/?post_type=product&#038;p=91"},"modified":"2025-10-05T09:23:36","modified_gmt":"2025-10-05T09:23:36","slug":"bang-king-30k","status":"publish","type":"product","link":"https:\/\/bangvapeofficial.com\/pl\/product\/bang-king-30k\/","title":{"rendered":"Bang King 30K - podw\u00f3jny smak. Maksymalna moc. Ca\u0142y dzie\u0144."},"content":{"rendered":"<h2>Bang King 30K<\/h2>\n<h3>30 000 zaci\u0105gni\u0119\u0107 | 36 ml E-Liquidu | Siatkowa cewka | Podw\u00f3jny prze\u0142\u0105cznik smaku<\/h3>\n<p>Masz do\u015b\u0107 nudnych waporyzator\u00f3w, kt\u00f3re szybko si\u0119 wypalaj\u0105? Poznaj Bang King 30K - pot\u0119\u017cny jednorazowy waporyzator, kt\u00f3ry zapewnia do 30 000 zaci\u0105gni\u0119\u0107, rotacj\u0119 dw\u00f3ch smak\u00f3w i eleganck\u0105, ulepszon\u0105 konstrukcj\u0119, kt\u00f3ra przy\u0107miewa oryginalny Bang 30000. Niezale\u017cnie od tego, czy jeste\u015b na imprezie, czy w podr\u00f3\u017cy, to urz\u0105dzenie jest zbudowane z my\u015bl\u0105 o trwa\u0142o\u015bci i \u015bwie\u017co\u015bci.<\/p>\n<p><img loading=\"lazy\" decoding=\"async\" class=\"alignnone size-full wp-image-3253\" src=\"https:\/\/bangvapeofficial.com\/wp-content\/uploads\/2025\/09\/Bang-King-30K-5.webp\" width=\"985\" height=\"2560\" alt=\"Bang-King-30K-5\" title=\"Bang-King-30K-5\" srcset=\"https:\/\/bangvapeofficial.com\/wp-content\/uploads\/2025\/09\/Bang-King-30K-5.webp 985w, https:\/\/bangvapeofficial.com\/wp-content\/uploads\/2025\/09\/Bang-King-30K-5-115x300.webp 115w, https:\/\/bangvapeofficial.com\/wp-content\/uploads\/2025\/09\/Bang-King-30K-5-394x1024.webp 394w, https:\/\/bangvapeofficial.com\/wp-content\/uploads\/2025\/09\/Bang-King-30K-5-768x1996.webp 768w, https:\/\/bangvapeofficial.com\/wp-content\/uploads\/2025\/09\/Bang-King-30K-5-591x1536.webp 591w, https:\/\/bangvapeofficial.com\/wp-content\/uploads\/2025\/09\/Bang-King-30K-5-788x2048.webp 788w, https:\/\/bangvapeofficial.com\/wp-content\/uploads\/2025\/09\/Bang-King-30K-5-600x1559.webp 600w\" sizes=\"auto, (max-width: 985px) 100vw, 985px\" \/><\/p>\n<h3>Dlaczego si\u0119 wyr\u00f3\u017cnia<\/h3>\n<ul>\n<li>Pojemno\u015b\u0107 30 000 zaci\u0105gni\u0119\u0107 - niezr\u00f3wnana wytrzyma\u0142o\u015b\u0107 jednorazowego urz\u0105dzenia vape<\/li>\n<li>36 ml wst\u0119pnie nape\u0142nionego p\u0142ynu E-Liquid - d\u0142ugie sesje, zero uzupe\u0142nie\u0144<\/li>\n<li>Akumulator 550 mAh typu C - szybkie \u0142adowanie, wydajno\u015b\u0107 przez ca\u0142y dzie\u0144<\/li>\n<li>Siatkowa cewka 1,2\u03a9 - g\u0142adka para i wyrazisty smak od pierwszego do ostatniego zaci\u0105gni\u0119cia.<\/li>\n<li>Prze\u0142\u0105cznik Dual Flavor Twist Switch - natychmiastowa zmiana mi\u0119dzy dwoma smakami<\/li>\n<li>Lekka konstrukcja - wa\u017cy zaledwie 0,12 kg, co u\u0142atwia przenoszenie.<\/li>\n<\/ul>\n<h3>Kombinacje smakowe, kt\u00f3re mocno uderzaj\u0105<\/h3>\n<p>Dzi\u0119ki 12 niesamowitym kombinacjom dw\u00f3ch smak\u00f3w nigdy nie b\u0119dziesz si\u0119 nudzi\u0107. Niekt\u00f3re z najlepszych opcji obejmuj\u0105:<\/p>\n<ol>\n<li>Arbuzowy l\u00f3d + jagodowa mi\u0119ta - \u015bwie\u017co\u015b\u0107 i och\u0142oda<\/li>\n<li>Strawberry Watermelon + Kiwi Passion Fruit Guava - S\u0142odka tropikalna mieszanka<\/li>\n<li>Red Bull + Blueberry Watermelon - owocowy nap\u00f3j energetyzuj\u0105cy z dodatkami<\/li>\n<li>Blueberry Ice + Black Dragon Ice - l\u00f3d z mroczn\u0105 nut\u0105<\/li>\n<li>Truskawka Kiwi + Kwa\u015bne Jab\u0142ko Malina - wyraziste, pikantne i syc\u0105ce.<\/li>\n<\/ol>\n<p><em>Ka\u017cda jednostka zawiera prze\u0142\u0105cznik obrotowy do szybkiej zmiany smaku w locie.<\/em><\/p>\n<h3>Opcje opakowa\u0144 zbiorczych<\/h3>\n<ul>\n<li>Opakowanie 10 sztuk - 1,2 kg<\/li>\n<li>Karton zbiorczy 100 sztuk - 12,6 kg (605\u00d7332\u00d7140 mm)<\/li>\n<li>Skrzynia na 180 jednostek - 22,2 kg (490\u00d7370\u00d7260 mm)<\/li>\n<\/ul>\n<p>Idealny zar\u00f3wno dla u\u017cytkownik\u00f3w indywidualnych, jak i sprzedawc\u00f3w.<\/p>","protected":false},"excerpt":{"rendered":"<p>Bang King 30K oferuje 30 000 zaci\u0105gni\u0119\u0107, podw\u00f3jne prze\u0142\u0105czanie smak\u00f3w, 36 ml e-liquidu, technologi\u0119 cewki siatkowej i szybkie \u0142adowanie typu C. D\u0142ugotrwa\u0142y, aromatyczny i przyjemny w u\u017cyciu.<\/p>","protected":false},"featured_media":138,"comment_status":"open","ping_status":"closed","template":"","meta":{"_acf_changed":false,"bwfblock_default_font":""},"product_brand":[],"product_cat":[17],"product_tag":[274,24,21,22,268,20],"class_list":{"0":"post-91","1":"product","2":"type-product","3":"status-publish","4":"has-post-thumbnail","6":"product_cat-bang-vapes","7":"product_tag-2-in-1","8":"product_tag-30k-puffs","9":"product_tag-double-flavors","10":"product_tag-hot-selling","11":"product_tag-mouth-to-lung","12":"product_tag-smart-screen","14":"first","15":"instock","16":"sale","17":"featured","18":"shipping-taxable","19":"purchasable","20":"product-type-variable"},"acf":[],"_links":{"self":[{"href":"https:\/\/bangvapeofficial.com\/pl\/wp-json\/wp\/v2\/product\/91","targetHints":{"allow":["GET"]}}],"collection":[{"href":"https:\/\/bangvapeofficial.com\/pl\/wp-json\/wp\/v2\/product"}],"about":[{"href":"https:\/\/bangvapeofficial.com\/pl\/wp-json\/wp\/v2\/types\/product"}],"replies":[{"embeddable":true,"href":"https:\/\/bangvapeofficial.com\/pl\/wp-json\/wp\/v2\/comments?post=91"}],"wp:featuredmedia":[{"embeddable":true,"href":"https:\/\/bangvapeofficial.com\/pl\/wp-json\/wp\/v2\/media\/138"}],"wp:attachment":[{"href":"https:\/\/bangvapeofficial.com\/pl\/wp-json\/wp\/v2\/media?parent=91"}],"wp:term":[{"taxonomy":"product_brand","embeddable":true,"href":"https:\/\/bangvapeofficial.com\/pl\/wp-json\/wp\/v2\/product_brand?post=91"},{"taxonomy":"product_cat","embeddable":true,"href":"https:\/\/bangvapeofficial.com\/pl\/wp-json\/wp\/v2\/product_cat?post=91"},{"taxonomy":"product_tag","embeddable":true,"href":"https:\/\/bangvapeofficial.com\/pl\/wp-json\/wp\/v2\/product_tag?post=91"}],"curies":[{"name":"wp","href":"https:\/\/api.w.org\/{rel}","templated":true}]}}