{"id":92,"date":"2025-09-28T09:08:34","date_gmt":"2025-09-28T09:08:34","guid":{"rendered":"https:\/\/bangvapeofficial.com\/?post_type=product&#038;p=92"},"modified":"2025-10-05T08:33:11","modified_gmt":"2025-10-05T08:33:11","slug":"bang-king-35000","status":"publish","type":"product","link":"https:\/\/bangvapeofficial.com\/pl\/product\/bang-king-35000\/","title":{"rendered":"Bang King 35000 - Podw\u00f3jny smak. Podw\u00f3jna satysfakcja. 35 tys. zaci\u0105gni\u0119\u0107."},"content":{"rendered":"<h2>Bang King 35000 - Podw\u00f3jny smak. Podw\u00f3jna satysfakcja. 35 tys. zaci\u0105gni\u0119\u0107.<\/h2>\n<h3>35,000 Puff\u00f3w | 36ML E-Liquid | Podw\u00f3jny smak w jednym urz\u0105dzeniu | Akumulator typu C<\/h3>\n<p>Bang King 35000 Dual Flavors Disposable Vape jest przeznaczony dla mi\u0142o\u015bnik\u00f3w smak\u00f3w, kt\u00f3rzy chc\u0105 d\u0142ugotrwa\u0142ego u\u017cytkowania i swobody prze\u0142\u0105czania si\u0119 mi\u0119dzy dwoma profilami smakowymi premium - bez zmiany urz\u0105dzenia. Dzi\u0119ki ogromnej pojemno\u015bci 36 ml e-liquidu, 35 000 zaci\u0105gni\u0119\u0107 i akumulatorowi 650 mAh, urz\u0105dzenie to \u0142\u0105czy w sobie wytrzyma\u0142o\u015b\u0107 i wszechstronno\u015b\u0107 jak \u017cadne inne. Niezale\u017cnie od tego, czy szukasz zerowej zawarto\u015bci nikotyny, czy odwa\u017cnego uderzenia 5%, Bang King 35000 zapewnia dostosowane, satysfakcjonuj\u0105ce doznania z waporyzacji dla ka\u017cdego typu u\u017cytkownika.<\/p>\n<p><img loading=\"lazy\" decoding=\"async\" class=\"alignnone size-full wp-image-3252\" src=\"https:\/\/bangvapeofficial.com\/wp-content\/uploads\/2025\/09\/Bang-King-35000-5-1.webp\" width=\"853\" height=\"2560\" alt=\"Bang-King-35000-5-1\" title=\"Bang-King-35000-5-1\" srcset=\"https:\/\/bangvapeofficial.com\/wp-content\/uploads\/2025\/09\/Bang-King-35000-5-1.webp 853w, https:\/\/bangvapeofficial.com\/wp-content\/uploads\/2025\/09\/Bang-King-35000-5-1-100x300.webp 100w, https:\/\/bangvapeofficial.com\/wp-content\/uploads\/2025\/09\/Bang-King-35000-5-1-341x1024.webp 341w, https:\/\/bangvapeofficial.com\/wp-content\/uploads\/2025\/09\/Bang-King-35000-5-1-768x2305.webp 768w, https:\/\/bangvapeofficial.com\/wp-content\/uploads\/2025\/09\/Bang-King-35000-5-1-512x1536.webp 512w, https:\/\/bangvapeofficial.com\/wp-content\/uploads\/2025\/09\/Bang-King-35000-5-1-682x2048.webp 682w, https:\/\/bangvapeofficial.com\/wp-content\/uploads\/2025\/09\/Bang-King-35000-5-1-600x1801.webp 600w\" sizes=\"auto, (max-width: 853px) 100vw, 853px\" \/><\/p>\n<h3>Kluczowe cechy<\/h3>\n<ul>\n<li>35 000 zaci\u0105gni\u0119\u0107 - wyd\u0142u\u017cone u\u017cytkowanie, idealne do ca\u0142odziennego, d\u0142ugotrwa\u0142ego u\u017cytkowania<\/li>\n<li>36ML Dual Flavor E-Liquid - ciesz si\u0119 dwoma r\u00f3\u017cnymi smakami na urz\u0105dzenie<\/li>\n<li>Moc nikotyny: Dost\u0119pne w wersjach 0%, 2%, 3% i 5%.<\/li>\n<li>Akumulator 650 mAh - Sta\u0142a moc dzi\u0119ki szybkiemu \u0142adowaniu typu C<\/li>\n<li>Port \u0142adowania typu C - szybkie i wydajne \u0142adowanie w podr\u00f3\u017cy<\/li>\n<li>Display Box: 10 sztuk w opakowaniu detalicznym, idealne do sprzeda\u017cy hurtowej lub odsprzeda\u017cy<\/li>\n<\/ul>\n<h3>Dost\u0119pne kombinacje smak\u00f3w (12 opcji o podw\u00f3jnym smaku)<\/h3>\n<ol>\n<li>Blue Razz Ice i Juicy Peach Ice<\/li>\n<li>Arbuz truskawkowy i l\u00f3d arbuzowy<\/li>\n<li>Truskawka, banan i podw\u00f3jne jab\u0142ko<\/li>\n<li>Potr\u00f3jny l\u00f3d jagodowy i owoce tropikalne<\/li>\n<li>Wi\u015bniowa bomba i l\u00f3d winogronowy<\/li>\n<li>Mango brzoskwiniowe i mango truskawkowe<\/li>\n<li>Mango On Lime &amp; Cool Mint<\/li>\n<li>Cherry Pop &amp; Mr Blue<\/li>\n<li>Black Dragon Ice &amp; Strawberry Kiwi<\/li>\n<li>Red Bull &amp; Peach Berry<\/li>\n<li>Pink Lemon &amp; Mr Blue<\/li>\n<li>Kiwi Passion Fruit Guava &amp; Blue Cherry Lemon<\/li>\n<\/ol>\n<p>Dual Flavor Design - bez wysi\u0142ku prze\u0142\u0105czaj smaki za pomoc\u0105 prostego mechanizmu suwakowego lub prze\u0142\u0105czaj\u0105cego (w zale\u017cno\u015bci od modelu).<\/p>\n<h3>Dlaczego warto wybra\u0107 Bang King 35000?<\/h3>\n<ul>\n<li>Dwa smaki, jedno urz\u0105dzenie - koniec z noszeniem kilku waporyzator\u00f3w<\/li>\n<li>Ogromna pojemno\u015b\u0107 soku - 36 ml dla bezproblemowego u\u017cytkowania<\/li>\n<li>Konfigurowalna nikotyna - wybierz moc, kt\u00f3ra Ci odpowiada<\/li>\n<li>Wygoda \u0142adowania - Type-C zapewnia szybsze \u0142adowanie<\/li>\n<li>Gotowe do sprzeda\u017cy hurtowej - pude\u0142ko ekspozycyjne 10 sztuk, idealne do odsprzeda\u017cy<\/li>\n<\/ul>","protected":false},"excerpt":{"rendered":"<p>Bang King 35000 zapewnia 35 000 zaci\u0105gni\u0119\u0107 z 36 ml e-liquidu o dw\u00f3ch smakach, bateri\u0105 650 mAh i \u0142adowaniem typu C. Dost\u0119pne w wersjach nikotynowych 0%-5%. Sprzedawane w 10-cz\u0119\u015bciowych pude\u0142kach ekspozycyjnych.<\/p>","protected":false},"featured_media":2996,"comment_status":"open","ping_status":"closed","template":"","meta":{"_acf_changed":false,"bwfblock_default_font":""},"product_brand":[],"product_cat":[17],"product_tag":[274,25,21,22,268],"class_list":{"0":"post-92","1":"product","2":"type-product","3":"status-publish","4":"has-post-thumbnail","6":"product_cat-bang-vapes","7":"product_tag-2-in-1","8":"product_tag-35k-puffs","9":"product_tag-double-flavors","10":"product_tag-hot-selling","11":"product_tag-mouth-to-lung","13":"first","14":"instock","15":"sale","16":"shipping-taxable","17":"purchasable","18":"product-type-variable"},"acf":[],"_links":{"self":[{"href":"https:\/\/bangvapeofficial.com\/pl\/wp-json\/wp\/v2\/product\/92","targetHints":{"allow":["GET"]}}],"collection":[{"href":"https:\/\/bangvapeofficial.com\/pl\/wp-json\/wp\/v2\/product"}],"about":[{"href":"https:\/\/bangvapeofficial.com\/pl\/wp-json\/wp\/v2\/types\/product"}],"replies":[{"embeddable":true,"href":"https:\/\/bangvapeofficial.com\/pl\/wp-json\/wp\/v2\/comments?post=92"}],"wp:featuredmedia":[{"embeddable":true,"href":"https:\/\/bangvapeofficial.com\/pl\/wp-json\/wp\/v2\/media\/2996"}],"wp:attachment":[{"href":"https:\/\/bangvapeofficial.com\/pl\/wp-json\/wp\/v2\/media?parent=92"}],"wp:term":[{"taxonomy":"product_brand","embeddable":true,"href":"https:\/\/bangvapeofficial.com\/pl\/wp-json\/wp\/v2\/product_brand?post=92"},{"taxonomy":"product_cat","embeddable":true,"href":"https:\/\/bangvapeofficial.com\/pl\/wp-json\/wp\/v2\/product_cat?post=92"},{"taxonomy":"product_tag","embeddable":true,"href":"https:\/\/bangvapeofficial.com\/pl\/wp-json\/wp\/v2\/product_tag?post=92"}],"curies":[{"name":"wp","href":"https:\/\/api.w.org\/{rel}","templated":true}]}}