{"id":93,"date":"2025-09-28T09:08:35","date_gmt":"2025-09-28T09:08:35","guid":{"rendered":"https:\/\/bangvapeofficial.com\/?post_type=product&#038;p=93"},"modified":"2025-10-05T09:23:40","modified_gmt":"2025-10-05T09:23:40","slug":"bang-40000-refillable-vape-40k-puffs","status":"publish","type":"product","link":"https:\/\/bangvapeofficial.com\/pl\/product\/bang-40000-refillable-vape-40k-puffs\/","title":{"rendered":"Bang 40000 Vape wielokrotnego nape\u0142niania - 40 tysi\u0119cy zaci\u0105gni\u0119\u0107, wy\u015bwietlacz LED i pe\u0142na kontrola"},"content":{"rendered":"<h2>Bang 40000 Vape wielokrotnego nape\u0142niania - 40 tysi\u0119cy zaci\u0105gni\u0119\u0107, wy\u015bwietlacz LED i pe\u0142na kontrola<\/h2>\n<h3>40 000 zaci\u0105gni\u0119\u0107 | 10 ml zbiornik wielokrotnego nape\u0142niania | podw\u00f3jna cewka siatkowa | tryby MTL i DTL | inteligentny wy\u015bwietlacz<\/h3>\n<p>Bang 40000 Puffs Refillable Vape wyznacza nowy punkt odniesienia w dziedzinie waporyzacji o wysokiej wydajno\u015bci. Oferuj\u0105c do 40 000 zaci\u0105gni\u0119\u0107, dwa tryby waporyzacji, zbiornik 10 ml wielokrotnego nape\u0142niania i cyfrowy ekran LED, urz\u0105dzenie to zapewnia zar\u00f3wno moc, jak i precyzj\u0119. Niezale\u017cnie od tego, czy jeste\u015b zwyk\u0142ym u\u017cytkownikiem MTL, czy entuzjast\u0105 DTL, Bang 40000 dostosowuje si\u0119 do Twojego stylu.<\/p>\n<p><img loading=\"lazy\" decoding=\"async\" class=\"alignnone size-full wp-image-3251\" src=\"https:\/\/bangvapeofficial.com\/wp-content\/uploads\/2025\/09\/Bang-40000-Refillable-Vape.webp\" width=\"2275\" height=\"1280\" alt=\"Bang-40000-Refillable-Vape\" title=\"Bang-40000-Refillable-Vape\" srcset=\"https:\/\/bangvapeofficial.com\/wp-content\/uploads\/2025\/09\/Bang-40000-Refillable-Vape.webp 2275w, https:\/\/bangvapeofficial.com\/wp-content\/uploads\/2025\/09\/Bang-40000-Refillable-Vape-300x169.webp 300w, https:\/\/bangvapeofficial.com\/wp-content\/uploads\/2025\/09\/Bang-40000-Refillable-Vape-1024x576.webp 1024w, https:\/\/bangvapeofficial.com\/wp-content\/uploads\/2025\/09\/Bang-40000-Refillable-Vape-768x432.webp 768w, https:\/\/bangvapeofficial.com\/wp-content\/uploads\/2025\/09\/Bang-40000-Refillable-Vape-1536x864.webp 1536w, https:\/\/bangvapeofficial.com\/wp-content\/uploads\/2025\/09\/Bang-40000-Refillable-Vape-2048x1152.webp 2048w, https:\/\/bangvapeofficial.com\/wp-content\/uploads\/2025\/09\/Bang-40000-Refillable-Vape-600x338.webp 600w\" sizes=\"auto, (max-width: 2275px) 100vw, 2275px\" \/><\/p>\n<h3>Kluczowe cechy<\/h3>\n<ul>\n<li>Pojemno\u015b\u0107 zaci\u0105gni\u0119cia: Do 40 000 zaci\u0105gni\u0119\u0107 dla d\u0142ugotrwa\u0142ej wydajno\u015bci<\/li>\n<li>Zbiornik 10 ml do wielokrotnego nape\u0142niania: Zawiera buteleczk\u0119 do \u0142atwego uzupe\u0142niania.<\/li>\n<li>Akumulator o pojemno\u015bci 750 mAh: Zapewnia stabiln\u0105 moc dzi\u0119ki szybkiemu \u0142adowaniu typu C<\/li>\n<li>Podw\u00f3jna cewka siatkowa 1,0\u03a9: Bogaty smak i p\u0142ynniejsze zaci\u0105ganie<\/li>\n<li>Dwa tryby wapowania: MTL (12W) i DTL (24W) dla dopasowanego u\u017cytkowania<\/li>\n<li>Inteligentny wy\u015bwietlacz LED: Bie\u017c\u0105ce aktualizacje poziomu na\u0142adowania akumulatora i oleju<\/li>\n<li>Funkcja blokady przed dzie\u0107mi: Dodatkowe bezpiecze\u0144stwo dzi\u0119ki bezpiecznej aktywacji<\/li>\n<li>Regulowany przep\u0142yw powietrza: Wybierz preferowany op\u00f3r i styl ci\u0105gni\u0119cia<\/li>\n<li>Moc nikotyny: Dost\u0119pne w wersjach 0%, 2%, 3% i 5%.<\/li>\n<li>Wysy\u0142ka i odprawa celna: Bezproblemowa dostawa globalna z pe\u0142n\u0105 odpraw\u0105 celn\u0105<\/li>\n<\/ul>\n<h3>Wyb\u00f3r smak\u00f3w (12 opcji)<\/h3>\n<ul>\n<li>Arbuzowy l\u00f3d<\/li>\n<li>Mango truskawkowe<\/li>\n<li>Arbuz truskawkowy<\/li>\n<li>L\u00f3d winogronowy<\/li>\n<li>Brzoskwinia Mango Arbuz<\/li>\n<li>Bor\u00f3wka Malina<\/li>\n<li>L\u00f3d jagodowy<\/li>\n<li>Banan truskawkowy<\/li>\n<li>Arbuz jagodowy<\/li>\n<li>Red Bull<\/li>\n<li>Truskawka Kiwi<\/li>\n<li>Mieszanka sple\u015bnia\u0142ych owoc\u00f3w<\/li>\n<\/ul>\n<p><em>Uwaga: zawiera 1 butelk\u0119 uzupe\u0142niaj\u0105c\u0105. Uzupe\u0142nianie jest proste i bezproblemowe.<\/em><\/p>\n<h3>Dlaczego warto wybra\u0107 Bang 40000?<\/h3>\n<ul>\n<li>Zbiornik wielokrotnego nape\u0142niania = mniej odpad\u00f3w, wi\u0119cej mo\u017cliwo\u015bci personalizacji<\/li>\n<li>Monitorowanie w czasie rzeczywistym za pomoc\u0105 inteligentnego wy\u015bwietlacza LED<\/li>\n<li>Bezpiecze\u0144stwo przede wszystkim dzi\u0119ki blokadzie przed dzie\u0107mi<\/li>\n<li>Wybierz mi\u0119dzy relaksuj\u0105cym wyj\u015bciem MTL lub pot\u0119\u017cnym DTL<\/li>\n<li>Idealny dla d\u0142ugotrwa\u0142ych u\u017cytkownik\u00f3w i vaper\u00f3w o du\u017cej obj\u0119to\u015bci<\/li>\n<\/ul>","protected":false},"excerpt":{"rendered":"<p>Bang 40000 Refillable vape zapewnia 40 000 zaci\u0105gni\u0119\u0107 dzi\u0119ki zbiornikowi 10 ml wielokrotnego nape\u0142niania, wy\u015bwietlaczowi LED, dw\u00f3m trybom waporyzacji (MTL\/DTL), blokadzie przed dzie\u0107mi i baterii 750 mAh. Szybkie \u0142adowanie typu C.<\/p>","protected":false},"featured_media":150,"comment_status":"open","ping_status":"closed","template":"","meta":{"_acf_changed":false,"bwfblock_default_font":""},"product_brand":[],"product_cat":[17],"product_tag":[23,26,268,266,20,27],"class_list":{"0":"post-93","1":"product","2":"type-product","3":"status-publish","4":"has-post-thumbnail","6":"product_cat-bang-vapes","7":"product_tag-40k-puffs","8":"product_tag-adjust-gas-at-the-bottom","9":"product_tag-mouth-to-lung","10":"product_tag-refillable","11":"product_tag-smart-screen","12":"product_tag-with-liquild","14":"first","15":"instock","16":"sale","17":"shipping-taxable","18":"purchasable","19":"product-type-variable"},"acf":[],"_links":{"self":[{"href":"https:\/\/bangvapeofficial.com\/pl\/wp-json\/wp\/v2\/product\/93","targetHints":{"allow":["GET"]}}],"collection":[{"href":"https:\/\/bangvapeofficial.com\/pl\/wp-json\/wp\/v2\/product"}],"about":[{"href":"https:\/\/bangvapeofficial.com\/pl\/wp-json\/wp\/v2\/types\/product"}],"replies":[{"embeddable":true,"href":"https:\/\/bangvapeofficial.com\/pl\/wp-json\/wp\/v2\/comments?post=93"}],"wp:featuredmedia":[{"embeddable":true,"href":"https:\/\/bangvapeofficial.com\/pl\/wp-json\/wp\/v2\/media\/150"}],"wp:attachment":[{"href":"https:\/\/bangvapeofficial.com\/pl\/wp-json\/wp\/v2\/media?parent=93"}],"wp:term":[{"taxonomy":"product_brand","embeddable":true,"href":"https:\/\/bangvapeofficial.com\/pl\/wp-json\/wp\/v2\/product_brand?post=93"},{"taxonomy":"product_cat","embeddable":true,"href":"https:\/\/bangvapeofficial.com\/pl\/wp-json\/wp\/v2\/product_cat?post=93"},{"taxonomy":"product_tag","embeddable":true,"href":"https:\/\/bangvapeofficial.com\/pl\/wp-json\/wp\/v2\/product_tag?post=93"}],"curies":[{"name":"wp","href":"https:\/\/api.w.org\/{rel}","templated":true}]}}