{"id":98,"date":"2025-09-28T09:08:40","date_gmt":"2025-09-28T09:08:40","guid":{"rendered":"https:\/\/bangvapeofficial.com\/?post_type=product&#038;p=98"},"modified":"2025-10-05T07:05:50","modified_gmt":"2025-10-05T07:05:50","slug":"bang-28k-disposable-vape","status":"publish","type":"product","link":"https:\/\/bangvapeofficial.com\/pl\/product\/bang-28k-disposable-vape\/","title":{"rendered":"Bang 28K Puffs - konfigurowalny jednorazowy Vape z kontrol\u0105 lodu"},"content":{"rendered":"<h2>Bang 28k Puffs - konfigurowalny jednorazowy Vape z kontrol\u0105 lodu<\/h2>\n<h3>Do 28 000 zaci\u0105gni\u0119\u0107 | Wyb\u00f3r poziomu lodu | 30 ml e-p\u0142ynu | Bateria 650 mAh<\/h3>\n<p>Smak. Ch\u0142odzenie. Kontrola. Jednorazowy waporyzator Bang 28K Puffs wprowadza nowy poziom personalizacji do \u015bwiata produkt\u00f3w jednorazowych. Dzi\u0119ki trzem regulowanym poziomom lodu, do 28 000 zaci\u0105gni\u0119\u0107 i szerokiej gamie smak\u00f3w premium, jest przeznaczony dla vaper\u00f3w, kt\u00f3rzy chc\u0105 mie\u0107 pe\u0142n\u0105 kontrol\u0119 nad swoimi doznaniami - od intensywno\u015bci po ch\u0142\u00f3d. To co\u015b wi\u0119cej ni\u017c tylko d\u0142ugotrwa\u0142e urz\u0105dzenie - to inteligentny, stylowy towarzysz stworzony, aby dopasowa\u0107 si\u0119 do Twojego nastroju.<\/p>\n<p><img loading=\"lazy\" decoding=\"async\" class=\"alignnone size-full wp-image-3247\" src=\"https:\/\/bangvapeofficial.com\/wp-content\/uploads\/2025\/09\/Bang-28K-Puffs.webp\" width=\"800\" height=\"2250\" alt=\"Bang-28K-Puffs\" title=\"Bang-28K-Puffs\" srcset=\"https:\/\/bangvapeofficial.com\/wp-content\/uploads\/2025\/09\/Bang-28K-Puffs.webp 800w, https:\/\/bangvapeofficial.com\/wp-content\/uploads\/2025\/09\/Bang-28K-Puffs-107x300.webp 107w, https:\/\/bangvapeofficial.com\/wp-content\/uploads\/2025\/09\/Bang-28K-Puffs-364x1024.webp 364w, https:\/\/bangvapeofficial.com\/wp-content\/uploads\/2025\/09\/Bang-28K-Puffs-768x2160.webp 768w, https:\/\/bangvapeofficial.com\/wp-content\/uploads\/2025\/09\/Bang-28K-Puffs-546x1536.webp 546w, https:\/\/bangvapeofficial.com\/wp-content\/uploads\/2025\/09\/Bang-28K-Puffs-728x2048.webp 728w, https:\/\/bangvapeofficial.com\/wp-content\/uploads\/2025\/09\/Bang-28K-Puffs-600x1688.webp 600w\" sizes=\"auto, (max-width: 800px) 100vw, 800px\" \/><\/p>\n<h3>Kluczowe cechy<\/h3>\n<p>Pojemno\u015b\u0107 28 000 dmuchni\u0119\u0107 - d\u0142ugotrwa\u0142a wydajno\u015b\u0107<br \/>\n30ML E-Liquid Tank - zero uzupe\u0142nie\u0144, pe\u0142na satysfakcja<br \/>\nPrzycisk Ice Control - Prze\u0142\u0105czanie mi\u0119dzy 3 poziomami ch\u0142odzenia:<\/p>\n<ul>\n<li>Zielony - Maksymalny l\u00f3d<\/li>\n<li>Niebieski - jasny l\u00f3d<\/li>\n<li>\u017b\u00f3\u0142ty - brak lodu<\/li>\n<\/ul>\n<p>Akumulator 650 mAh - szybkie \u0142adowanie typu C<br \/>\nElastyczno\u015b\u0107 nikotyny - do wyboru 0%, 2%, 3% lub 5%<br \/>\nDraw-Activated Firing - brak przycisk\u00f3w do waporyzacji; po prostu wdychaj<br \/>\nWska\u017anik LED poziomu lodu - natychmiastowa informacja o ustawieniach<\/p>\n<h3>Sk\u0142ad smak\u00f3w<\/h3>\n<ol>\n<li>Truskawkowy l\u00f3d arbuzowy<\/li>\n<li>L\u00f3d jagodowy<\/li>\n<li>Krew i piasek<\/li>\n<li>Ananas Kokos<\/li>\n<li>Banan truskawkowy<\/li>\n<li>Owoce mieszane<\/li>\n<li>Jagody Maliny<\/li>\n<li>L\u00f3d brzoskwiniowy<\/li>\n<li>Mango Brzoskwinia<\/li>\n<li>Arbuz<\/li>\n<li>L\u00f3d winogronowy<\/li>\n<li>Truskawka Kiwi<\/li>\n<\/ol>\n<h3>Dlaczego warto wybra\u0107 Bang 28K?<\/h3>\n<ul>\n<li>Kontroluj ch\u0142\u00f3d - dostosuj intensywno\u015b\u0107 ch\u0142odzenia w dowolnym momencie<\/li>\n<li>Trwa\u0142y smak - 30 ml p\u0142ynu zapewnia wyrazisty smak a\u017c do ostatniego zaci\u0105gni\u0119cia.<\/li>\n<li>Bez stresu, po prostu waporyzuj - \u0142adowalny i jednorazowy dla ca\u0142kowitej wygody<\/li>\n<li>Elastyczna moc nikotyny - opcje dla ka\u017cdego poziomu u\u017cytkownika<\/li>\n<\/ul>","protected":false},"excerpt":{"rendered":"<p>Bang 28K oferuje do 28 000 zaci\u0105gni\u0119\u0107 z 30 ml e-liquidu, akumulatorem 650 mAh i 3-poziomowym prze\u0142\u0105cznikiem kontroli lodu. Dost\u0119pny w wersjach 0%-5% i 12 smakach.<\/p>","protected":false},"featured_media":2680,"comment_status":"open","ping_status":"closed","template":"","meta":{"_acf_changed":false,"bwfblock_default_font":""},"product_brand":[],"product_cat":[17],"product_tag":[38,39,267,268],"class_list":{"0":"post-98","1":"product","2":"type-product","3":"status-publish","4":"has-post-thumbnail","6":"product_cat-bang-vapes","7":"product_tag-28k-puffs","8":"product_tag-airflow-dtl","9":"product_tag-ice-level-adjustment","10":"product_tag-mouth-to-lung","12":"first","13":"instock","14":"sale","15":"shipping-taxable","16":"purchasable","17":"product-type-variable"},"acf":[],"_links":{"self":[{"href":"https:\/\/bangvapeofficial.com\/pl\/wp-json\/wp\/v2\/product\/98","targetHints":{"allow":["GET"]}}],"collection":[{"href":"https:\/\/bangvapeofficial.com\/pl\/wp-json\/wp\/v2\/product"}],"about":[{"href":"https:\/\/bangvapeofficial.com\/pl\/wp-json\/wp\/v2\/types\/product"}],"replies":[{"embeddable":true,"href":"https:\/\/bangvapeofficial.com\/pl\/wp-json\/wp\/v2\/comments?post=98"}],"wp:featuredmedia":[{"embeddable":true,"href":"https:\/\/bangvapeofficial.com\/pl\/wp-json\/wp\/v2\/media\/2680"}],"wp:attachment":[{"href":"https:\/\/bangvapeofficial.com\/pl\/wp-json\/wp\/v2\/media?parent=98"}],"wp:term":[{"taxonomy":"product_brand","embeddable":true,"href":"https:\/\/bangvapeofficial.com\/pl\/wp-json\/wp\/v2\/product_brand?post=98"},{"taxonomy":"product_cat","embeddable":true,"href":"https:\/\/bangvapeofficial.com\/pl\/wp-json\/wp\/v2\/product_cat?post=98"},{"taxonomy":"product_tag","embeddable":true,"href":"https:\/\/bangvapeofficial.com\/pl\/wp-json\/wp\/v2\/product_tag?post=98"}],"curies":[{"name":"wp","href":"https:\/\/api.w.org\/{rel}","templated":true}]}}